{"id":2066,"date":"2021-01-29T13:34:45","date_gmt":"2021-01-29T12:34:45","guid":{"rendered":"\/lettres-histoire\/?page_id=2066"},"modified":"2023-07-08T17:51:02","modified_gmt":"2023-07-08T16:51:02","slug":"caplp","status":"publish","type":"page","link":"https:\/\/site.ac-martinique.fr\/lettres-histoire\/?page_id=2066","title":{"rendered":"CAPLP"},"content":{"rendered":"\n<div class=\"wp-block-group\"><div class=\"wp-block-group__inner-container is-layout-constrained wp-block-group-is-layout-constrained\">\n<ul>\n<li><a href=\"https:\/\/geoconfluences.ens-lyon.fr\/programmes\/concours\/ressources-concours\" target=\"_blank\" rel=\"noopener\"><strong><span style=\"color: #ff0000;\">Pr\u00e9parer le CAPLP avec les ressources du site <em>G\u00e9oconfluences<\/em>.<\/span><\/strong><\/a><\/li>\n<\/ul>\n<p>Retrouvez <a href=\"https:\/\/geoconfluences.ens-lyon.fr\/programmes\/concours\/ressources-concours\" target=\"_blank\" rel=\"noopener\">ici<\/a> toute une s\u00e9lection de ressources de G\u00e9oconfluences class\u00e9es par question pour chaque programme de concours.\u00a0<\/p>\n<ul>\n<li><span style=\"color: #ff0000;\"><strong>\u00a0CAPLP 2022<\/strong><\/span><\/li>\n<\/ul>\n<p>Retrouvez en cliquant\u00a0<a href=\"\/lettres-histoire\/wp-content\/uploads\/sites\/17\/2021\/01\/CAPLP-LHG-202222688.pdf\" target=\"_blank\" rel=\"noopener\">ici\u00a0<\/a>l\u2019arr\u00eat\u00e9 concernant les nouvelles modalit\u00e9s\u00a0d\u2019organisation du\u00a0<strong>CAPLP Lettres-Histoire<\/strong>\u00a0<em>(surbrillance en violet)<\/em>\u00a0\u00e0 compter du\u00a0<strong>1er Septembre 2021.\u00a0<\/strong><\/p>\n<\/div><\/div>\n","protected":false},"excerpt":{"rendered":"<p>Pr\u00e9parer le CAPLP avec les ressources du site G\u00e9oconfluences. Retrouvez ici toute une s\u00e9lection de ressources de G\u00e9oconfluences class\u00e9es par question pour chaque programme de concours.\u00a0 \u00a0CAPLP 2022 Retrouvez en cliquant\u00a0ici\u00a0l\u2019arr\u00eat\u00e9 concernant les nouvelles modalit\u00e9s\u00a0d\u2019organisation du\u00a0CAPLP Lettres-Histoire\u00a0(surbrillance en violet)\u00a0\u00e0 compter du\u00a01er Septembre 2021.\u00a0<\/p>\n","protected":false},"author":73,"featured_media":0,"parent":384,"menu_order":0,"comment_status":"closed","ping_status":"closed","template":"","meta":{"footnotes":""},"class_list":["post-2066","page","type-page","status-publish","hentry"],"_links":{"self":[{"href":"https:\/\/site.ac-martinique.fr\/lettres-histoire\/index.php?rest_route=\/wp\/v2\/pages\/2066","targetHints":{"allow":["GET"]}}],"collection":[{"href":"https:\/\/site.ac-martinique.fr\/lettres-histoire\/index.php?rest_route=\/wp\/v2\/pages"}],"about":[{"href":"https:\/\/site.ac-martinique.fr\/lettres-histoire\/index.php?rest_route=\/wp\/v2\/types\/page"}],"author":[{"embeddable":true,"href":"https:\/\/site.ac-martinique.fr\/lettres-histoire\/index.php?rest_route=\/wp\/v2\/users\/73"}],"replies":[{"embeddable":true,"href":"https:\/\/site.ac-martinique.fr\/lettres-histoire\/index.php?rest_route=%2Fwp%2Fv2%2Fcomments&post=2066"}],"version-history":[{"count":4,"href":"https:\/\/site.ac-martinique.fr\/lettres-histoire\/index.php?rest_route=\/wp\/v2\/pages\/2066\/revisions"}],"predecessor-version":[{"id":3274,"href":"https:\/\/site.ac-martinique.fr\/lettres-histoire\/index.php?rest_route=\/wp\/v2\/pages\/2066\/revisions\/3274"}],"up":[{"embeddable":true,"href":"https:\/\/site.ac-martinique.fr\/lettres-histoire\/index.php?rest_route=\/wp\/v2\/pages\/384"}],"wp:attachment":[{"href":"https:\/\/site.ac-martinique.fr\/lettres-histoire\/index.php?rest_route=%2Fwp%2Fv2%2Fmedia&parent=2066"}],"curies":[{"name":"wp","href":"https:\/\/api.w.org\/{rel}","templated":true}]}}