{"id":2633,"date":"2021-06-15T16:55:11","date_gmt":"2021-06-15T15:55:11","guid":{"rendered":"https:\/\/site.ac-martinique.fr\/lettres-histoire\/?page_id=2633"},"modified":"2022-06-16T20:10:28","modified_gmt":"2022-06-16T19:10:28","slug":"2nde-bac-pro","status":"publish","type":"page","link":"https:\/\/site.ac-martinique.fr\/lettres-histoire\/?page_id=2633","title":{"rendered":"2nde BAC PRO"},"content":{"rendered":"\n<p><\/p>\n\n\n\n<h4 class=\"has-text-align-center wp-block-heading\"><mark style=\"background-color:rgba(0, 0, 0, 0);color:#a80008\" class=\"has-inline-color\">DOCUMENTS ACADEMIQUES <\/mark><\/h4>\n\n\n\n<p><\/p>\n\n\n\n<p><a rel=\"noreferrer noopener\" href=\"https:\/\/site.ac-martinique.fr\/lettres-histoire\/wp-content\/uploads\/sites\/17\/2022\/01\/PROGRESSION-devenir-soi-REGINA.pdf\" data-type=\"URL\" data-id=\"https:\/\/site.ac-martinique.fr\/lettres-histoire\/wp-content\/uploads\/sites\/17\/2022\/01\/PROGRESSION-devenir-soi-REGINA.pdf\" target=\"_blank\">Proposition de s\u00e9quence intitul\u00e9e <em><strong>\u00ab\u00a0Le palimpseste de ma vie\u00a0\u00bb<\/strong><\/em> autour de l&rsquo;objet d&rsquo;\u00e9tude \u00ab\u00a0Devenir soi : \u00e9critures autobiographiques\u00a0\u00bb. <em>(Propos\u00e9 par Mme REGINA, LP Dumas Jean-Joseph).<\/em><\/a><\/p>\n\n\n\n<p>Pr\u00e9sente-toi avec QWIQR : <a rel=\"noreferrer noopener\" href=\"https:\/\/site.ac-martinique.fr\/lettres-histoire\/wp-content\/uploads\/sites\/17\/2022\/06\/marche-a-suivre_qwiqr.pdf\" data-type=\"URL\" data-id=\"https:\/\/site.ac-martinique.fr\/lettres-histoire\/wp-content\/uploads\/sites\/17\/2022\/06\/marche-a-suivre_qwiqr.pdf\" target=\"_blank\">marche \u00e0 suivre<\/a>, <a rel=\"noreferrer noopener\" href=\"https:\/\/site.ac-martinique.fr\/lettres-histoire\/wp-content\/uploads\/sites\/17\/2022\/06\/TUTORIEL-ELEVEb.pdf\" data-type=\"URL\" data-id=\"https:\/\/site.ac-martinique.fr\/lettres-histoire\/wp-content\/uploads\/sites\/17\/2022\/06\/TUTORIEL-ELEVEb.pdf\" target=\"_blank\">tutoriel \u00e9l\u00e8ve<\/a> et <a href=\"https:\/\/site.ac-martinique.fr\/lettres-histoire\/wp-content\/uploads\/sites\/17\/2022\/06\/TUTORIEL-professeur.pdf\" data-type=\"URL\" data-id=\"https:\/\/site.ac-martinique.fr\/lettres-histoire\/wp-content\/uploads\/sites\/17\/2022\/06\/TUTORIEL-professeur.pdf\" target=\"_blank\" rel=\"noreferrer noopener\">tutoriel professeur<\/a> <em>( activit\u00e9 con\u00e7ue par Mme REGINA, LP Dumas Jean-Joseph)<\/em><\/p>\n\n\n\n<h4 class=\"has-text-align-center wp-block-heading\"><mark style=\"background-color:rgba(0, 0, 0, 0);color:#a30900\" class=\"has-inline-color\"><strong>DOCUMENTS RESSOURCES<\/strong> <strong>EDUSCOL<\/strong><\/mark><\/h4>\n\n\n\n<p><\/p>\n\n\n\n<h5 class=\"has-text-align-center wp-block-heading\" id=\"summary-item-2\"><em><span style=\"color:#0029a3\" class=\"has-inline-color\">Objet d&rsquo;\u00e9tude : Devenir soi&nbsp;: \u00e9critures autobiographiques<\/span><\/em><\/h5>\n\n\n\n<ul class=\"wp-block-list\"><li><a href=\"https:\/\/cache.media.eduscol.education.fr\/file\/Francais\/54\/9\/RA20_Lycee_P_2_FRA_devenir-soi_Ecritures-autobiographiques_1331549.pdf\" target=\"_blank\" rel=\"noreferrer noopener\">Pr\u00e9sentation g\u00e9n\u00e9rale<\/a><\/li><li><a href=\"https:\/\/cache.media.eduscol.education.fr\/file\/Francais\/55\/1\/RA20_Lycee_P_2_FRA_devenir-soi_Ecritures-autobiographiques-references_1331551.pdf\" target=\"_blank\" rel=\"noreferrer noopener\">Propositions bibliographiques<\/a><\/li><\/ul>\n\n\n\n<p>Proposition de&nbsp;s\u00e9quence autour d&rsquo;un groupement de textes :<\/p>\n\n\n\n<ul class=\"wp-block-list\"><li><a href=\"https:\/\/eduscol.education.fr\/document\/6054\/download\" target=\"_blank\" rel=\"noreferrer noopener\">Pr\u00e9sentation de la s\u00e9quence<\/a><ul><li><a href=\"https:\/\/eduscol.education.fr\/document\/6067\/download\" target=\"_blank\" rel=\"noreferrer noopener\">S\u00e9ance n\u00b0 1 : La d\u00e9couverte de la n\u00e9cessit\u00e9 de se d\u00e9finir<\/a><\/li><li><a href=\"https:\/\/eduscol.education.fr\/document\/6068\/download\" target=\"_blank\" rel=\"noreferrer noopener\">S\u00e9ance n\u00b0 2 : Poursuivre ses \u00e9crits intimes<\/a><\/li><li><a href=\"https:\/\/eduscol.education.fr\/document\/6070\/download\" target=\"_blank\" rel=\"noreferrer noopener\">S\u00e9ance n\u00b0 3 : Qu\u2019est-ce que l\u2019identit\u00e9 : comment la saisir et s\u2019en dessaisir ?<\/a><\/li><li><a href=\"https:\/\/eduscol.education.fr\/document\/6072\/download\" target=\"_blank\" rel=\"noreferrer noopener\">S\u00e9ance n\u00b0 4 : Que partager de son identit\u00e9 ?<\/a><\/li><li><a href=\"https:\/\/eduscol.education.fr\/document\/6074\/download\" target=\"_blank\" rel=\"noreferrer noopener\">S\u00e9ance n\u00b0 5 : \u00c9crire, garder trace de son pass\u00e9 pour mieux appr\u00e9hender le pr\u00e9sent ?<\/a><\/li><\/ul><\/li><\/ul>\n","protected":false},"excerpt":{"rendered":"<p>DOCUMENTS ACADEMIQUES Proposition de s\u00e9quence intitul\u00e9e \u00ab\u00a0Le palimpseste de ma vie\u00a0\u00bb autour de l&rsquo;objet d&rsquo;\u00e9tude \u00ab\u00a0Devenir soi : \u00e9critures autobiographiques\u00a0\u00bb. (Propos\u00e9 par Mme REGINA, LP Dumas Jean-Joseph). Pr\u00e9sente-toi avec QWIQR : marche \u00e0 suivre, tutoriel \u00e9l\u00e8ve et tutoriel professeur ( activit\u00e9 con\u00e7ue par Mme REGINA, LP Dumas Jean-Joseph) DOCUMENTS RESSOURCES EDUSCOL Objet d&rsquo;\u00e9tude : Devenir &hellip; <a href=\"https:\/\/site.ac-martinique.fr\/lettres-histoire\/?page_id=2633\" class=\"more-link\">Continuer la lecture de <span class=\"screen-reader-text\">2nde BAC PRO<\/span>  <span class=\"meta-nav\">&rarr;<\/span><\/a><\/p>\n","protected":false},"author":73,"featured_media":0,"parent":0,"menu_order":0,"comment_status":"closed","ping_status":"closed","template":"","meta":{"footnotes":""},"class_list":["post-2633","page","type-page","status-publish","hentry"],"_links":{"self":[{"href":"https:\/\/site.ac-martinique.fr\/lettres-histoire\/index.php?rest_route=\/wp\/v2\/pages\/2633","targetHints":{"allow":["GET"]}}],"collection":[{"href":"https:\/\/site.ac-martinique.fr\/lettres-histoire\/index.php?rest_route=\/wp\/v2\/pages"}],"about":[{"href":"https:\/\/site.ac-martinique.fr\/lettres-histoire\/index.php?rest_route=\/wp\/v2\/types\/page"}],"author":[{"embeddable":true,"href":"https:\/\/site.ac-martinique.fr\/lettres-histoire\/index.php?rest_route=\/wp\/v2\/users\/73"}],"replies":[{"embeddable":true,"href":"https:\/\/site.ac-martinique.fr\/lettres-histoire\/index.php?rest_route=%2Fwp%2Fv2%2Fcomments&post=2633"}],"version-history":[{"count":8,"href":"https:\/\/site.ac-martinique.fr\/lettres-histoire\/index.php?rest_route=\/wp\/v2\/pages\/2633\/revisions"}],"predecessor-version":[{"id":3005,"href":"https:\/\/site.ac-martinique.fr\/lettres-histoire\/index.php?rest_route=\/wp\/v2\/pages\/2633\/revisions\/3005"}],"wp:attachment":[{"href":"https:\/\/site.ac-martinique.fr\/lettres-histoire\/index.php?rest_route=%2Fwp%2Fv2%2Fmedia&parent=2633"}],"curies":[{"name":"wp","href":"https:\/\/api.w.org\/{rel}","templated":true}]}}