{"id":2635,"date":"2021-06-15T16:55:41","date_gmt":"2021-06-15T15:55:41","guid":{"rendered":"https:\/\/site.ac-martinique.fr\/lettres-histoire\/?page_id=2635"},"modified":"2022-03-19T19:24:52","modified_gmt":"2022-03-19T18:24:52","slug":"1ere-bac-pro","status":"publish","type":"page","link":"https:\/\/site.ac-martinique.fr\/lettres-histoire\/?page_id=2635","title":{"rendered":"1\u00e8re BAC PRO"},"content":{"rendered":"\n<h5 class=\"has-text-align-center wp-block-heading\"><mark style=\"background-color:rgba(0, 0, 0, 0);color:#a70407\" class=\"has-inline-color\">DOCUMENTS ACADEMIQUES <\/mark><\/h5>\n\n\n\n<p><a rel=\"noreferrer noopener\" href=\"https:\/\/site.ac-martinique.fr\/lettres-histoire\/wp-content\/uploads\/sites\/17\/2022\/01\/se\u0301quence-hist-1ere-Hommes-et-femmes-au-travail-BRAFINE29467.pdf\" data-type=\"URL\" data-id=\"https:\/\/site.ac-martinique.fr\/lettres-histoire\/wp-content\/uploads\/sites\/17\/2022\/01\/se\u0301quence-hist-1ere-Hommes-et-femmes-au-travail-BRAFINE29467.pdf\" target=\"_blank\">Hommes et femmes au travail en m\u00e9tropole et dans les colonies fran\u00e7aises (XIX\u00e8 si\u00e8cle &#8211; premi\u00e8re moiti\u00e9 du XXe si\u00e8cle). <em>(Tableau de s\u00e9quence propos\u00e9 par Mme BRAFINE, LP Aliker)<\/em><\/a><\/p>\n\n\n\n<p><a href=\"https:\/\/site.ac-martinique.fr\/lettres-histoire\/wp-content\/uploads\/sites\/17\/2022\/03\/hommesfemmestravailvulcainpandor.pdf\" data-type=\"URL\" data-id=\"https:\/\/site.ac-martinique.fr\/lettres-histoire\/wp-content\/uploads\/sites\/17\/2022\/03\/hommesfemmestravailvulcainpandor.pdf\" target=\"_blank\" rel=\"noreferrer noopener\">Exemple d\u2019enseignement hybride\u00a0 avec\u00a0<em><strong>Quizini\u00e8re<\/strong>\u00a0<\/em>sur\u00a0\u00a0<em>Hommes et femmes au travail en m\u00e9tropole et dans les colonies fran\u00e7aises, XIX<sup>e<\/sup>\u00a0-XX<sup>e\u00a0<\/sup><\/em> <em>(Mmes PANDOR et VULCAIN)<\/em><\/a><\/p>\n\n\n\n<h5 class=\"has-text-align-center wp-block-heading\"><strong><span style=\"color:#a30003\" class=\"has-inline-color\">DOCUMENTS RESSOURCES EDUSCOL <\/span><\/strong><\/h5>\n\n\n\n<h5 class=\"wp-block-heading\">Histoire&nbsp;: \u00ab \u00c9tats et soci\u00e9t\u00e9s en mutations (XIXe si\u00e8cle &#8211; premi\u00e8re moiti\u00e9 du XXe si\u00e8cle \u00bb<\/h5>\n\n\n\n<ul class=\"wp-block-list\"><li><a href=\"https:\/\/cache.media.eduscol.education.fr\/file\/Histoire-geo\/93\/0\/RA20_Lycee_P_1_COM_GEO_travail_colonies_francaises_1325930.pdf\" target=\"_blank\" rel=\"noreferrer noopener\">Hommes et femmes au travail en m\u00e9tropole et dans les colonies fran\u00e7aises (XIXe si\u00e8cle &#8211; premi\u00e8re moiti\u00e9 du XXe si\u00e8cle)<\/a><\/li><li><a href=\"https:\/\/cache.media.eduscol.education.fr\/file\/Histoire-geo\/31\/5\/RA20_Lycee_P_1_COM_GEO_guerres_europeennes_1326315.pdf\" target=\"_blank\" rel=\"noreferrer noopener\">Guerres europ\u00e9ennes, guerres mondiales, guerres totales<\/a><\/li><\/ul>\n\n\n\n<h5 class=\"wp-block-heading\">G\u00e9ographie&nbsp;: \u00ab Recompositions du monde \u00bb<\/h5>\n\n\n\n<ul class=\"wp-block-list\"><li><a href=\"https:\/\/cache.media.eduscol.education.fr\/file\/Histoire-geo\/31\/8\/RA20_Lycee_P_1_COM_GEO_metropolisation_1326318.pdf\" target=\"_blank\" rel=\"noreferrer noopener\">La recomposition du territoire urbain en France&nbsp;: m\u00e9tropolisation et p\u00e9riurbanisation<\/a><\/li><li><a href=\"https:\/\/cache.media.eduscol.education.fr\/file\/Histoire-geo\/93\/6\/RA20_Lycee_P_1_COM_GEO_afrique_recompositions_1325936.pdf\" target=\"_blank\" rel=\"noreferrer noopener\">L&rsquo;Afrique, un continent en recomposition<\/a><\/li><\/ul>\n","protected":false},"excerpt":{"rendered":"<p>DOCUMENTS ACADEMIQUES Hommes et femmes au travail en m\u00e9tropole et dans les colonies fran\u00e7aises (XIX\u00e8 si\u00e8cle &#8211; premi\u00e8re moiti\u00e9 du XXe si\u00e8cle). (Tableau de s\u00e9quence propos\u00e9 par Mme BRAFINE, LP Aliker) Exemple d\u2019enseignement hybride\u00a0 avec\u00a0Quizini\u00e8re\u00a0sur\u00a0\u00a0Hommes et femmes au travail en m\u00e9tropole et dans les colonies fran\u00e7aises, XIXe\u00a0-XXe\u00a0 (Mmes PANDOR et VULCAIN) DOCUMENTS RESSOURCES EDUSCOL Histoire&nbsp;: &hellip; <a href=\"https:\/\/site.ac-martinique.fr\/lettres-histoire\/?page_id=2635\" class=\"more-link\">Continuer la lecture de <span class=\"screen-reader-text\">1\u00e8re BAC PRO<\/span>  <span class=\"meta-nav\">&rarr;<\/span><\/a><\/p>\n","protected":false},"author":73,"featured_media":0,"parent":0,"menu_order":0,"comment_status":"closed","ping_status":"closed","template":"","meta":{"footnotes":""},"class_list":["post-2635","page","type-page","status-publish","hentry"],"_links":{"self":[{"href":"https:\/\/site.ac-martinique.fr\/lettres-histoire\/index.php?rest_route=\/wp\/v2\/pages\/2635","targetHints":{"allow":["GET"]}}],"collection":[{"href":"https:\/\/site.ac-martinique.fr\/lettres-histoire\/index.php?rest_route=\/wp\/v2\/pages"}],"about":[{"href":"https:\/\/site.ac-martinique.fr\/lettres-histoire\/index.php?rest_route=\/wp\/v2\/types\/page"}],"author":[{"embeddable":true,"href":"https:\/\/site.ac-martinique.fr\/lettres-histoire\/index.php?rest_route=\/wp\/v2\/users\/73"}],"replies":[{"embeddable":true,"href":"https:\/\/site.ac-martinique.fr\/lettres-histoire\/index.php?rest_route=%2Fwp%2Fv2%2Fcomments&post=2635"}],"version-history":[{"count":7,"href":"https:\/\/site.ac-martinique.fr\/lettres-histoire\/index.php?rest_route=\/wp\/v2\/pages\/2635\/revisions"}],"predecessor-version":[{"id":2951,"href":"https:\/\/site.ac-martinique.fr\/lettres-histoire\/index.php?rest_route=\/wp\/v2\/pages\/2635\/revisions\/2951"}],"wp:attachment":[{"href":"https:\/\/site.ac-martinique.fr\/lettres-histoire\/index.php?rest_route=%2Fwp%2Fv2%2Fmedia&parent=2635"}],"curies":[{"name":"wp","href":"https:\/\/api.w.org\/{rel}","templated":true}]}}