{"id":2645,"date":"2021-06-15T17:00:43","date_gmt":"2021-06-15T16:00:43","guid":{"rendered":"https:\/\/site.ac-martinique.fr\/lettres-histoire\/?page_id=2645"},"modified":"2023-06-05T14:54:45","modified_gmt":"2023-06-05T13:54:45","slug":"tle-bac-pro-2","status":"publish","type":"page","link":"https:\/\/site.ac-martinique.fr\/lettres-histoire\/?page_id=2645","title":{"rendered":"TLE BAC PRO"},"content":{"rendered":"\n<p class=\"has-text-align-center\"><strong><span style=\"color:#a30009\" class=\"has-inline-color\">RESSOURCES ACAD\u00c9MIQUE<\/span><\/strong><span style=\"color:#a30016\" class=\"has-inline-color\"><strong>S&nbsp;<\/strong>:<\/span><\/p>\n\n\n\n<ul class=\"wp-block-list\">\n<li>Cr\u00e9er des flashcards de r\u00e9vision sur la Digitale.dev (\u00e0 venir).<\/li>\n\n\n\n<li><a href=\"https:\/\/view.genial.ly\/608acccd35d83d0db2626f97\/interactive-content-videogame-d-histoire\">R\u00e9visons nos le\u00e7ons d\u2019Histoire-G\u00e9o avec\u00a0<strong><em>Genially<\/em><\/strong><em>\u00a0(Le jeu des puissances dans les relations internationales depuis 1945)<\/em><\/a><\/li>\n\n\n\n<li><a rel=\"noreferrer noopener\" href=\"https:\/\/view.genial.ly\/609a8a078afaa80d89a3fcf2\/interactive-content-revisons-le-programme-dhistoire\" target=\"_blank\">R\u00e9visons nos le\u00e7ons d\u2019Histoire-G\u00e9o avec&nbsp;<strong><em>Genially&nbsp;<\/em><\/strong><em>( Vivre en d\u00e9mocratie depuis 1945 )<\/em><\/a><\/li>\n<\/ul>\n\n\n\n<p><\/p>\n","protected":false},"excerpt":{"rendered":"<p>RESSOURCES ACAD\u00c9MIQUES&nbsp;:<\/p>\n","protected":false},"author":73,"featured_media":0,"parent":0,"menu_order":0,"comment_status":"closed","ping_status":"closed","template":"","meta":{"footnotes":""},"class_list":["post-2645","page","type-page","status-publish","hentry"],"_links":{"self":[{"href":"https:\/\/site.ac-martinique.fr\/lettres-histoire\/index.php?rest_route=\/wp\/v2\/pages\/2645","targetHints":{"allow":["GET"]}}],"collection":[{"href":"https:\/\/site.ac-martinique.fr\/lettres-histoire\/index.php?rest_route=\/wp\/v2\/pages"}],"about":[{"href":"https:\/\/site.ac-martinique.fr\/lettres-histoire\/index.php?rest_route=\/wp\/v2\/types\/page"}],"author":[{"embeddable":true,"href":"https:\/\/site.ac-martinique.fr\/lettres-histoire\/index.php?rest_route=\/wp\/v2\/users\/73"}],"replies":[{"embeddable":true,"href":"https:\/\/site.ac-martinique.fr\/lettres-histoire\/index.php?rest_route=%2Fwp%2Fv2%2Fcomments&post=2645"}],"version-history":[{"count":4,"href":"https:\/\/site.ac-martinique.fr\/lettres-histoire\/index.php?rest_route=\/wp\/v2\/pages\/2645\/revisions"}],"predecessor-version":[{"id":3217,"href":"https:\/\/site.ac-martinique.fr\/lettres-histoire\/index.php?rest_route=\/wp\/v2\/pages\/2645\/revisions\/3217"}],"wp:attachment":[{"href":"https:\/\/site.ac-martinique.fr\/lettres-histoire\/index.php?rest_route=%2Fwp%2Fv2%2Fmedia&parent=2645"}],"curies":[{"name":"wp","href":"https:\/\/api.w.org\/{rel}","templated":true}]}}