{"id":2883,"date":"2022-01-21T11:32:45","date_gmt":"2022-01-21T10:32:45","guid":{"rendered":"https:\/\/site.ac-martinique.fr\/lettres-histoire\/?page_id=2883"},"modified":"2022-01-21T11:32:45","modified_gmt":"2022-01-21T10:32:45","slug":"pix","status":"publish","type":"page","link":"https:\/\/site.ac-martinique.fr\/lettres-histoire\/?page_id=2883","title":{"rendered":"PIX"},"content":{"rendered":"\n<p><\/p>\n\n\n\n<ul class=\"wp-block-list\"><li><a rel=\"noreferrer noopener\" href=\"https:\/\/www.education.gouv.fr\/bo\/22\/Hebdo3\/MENE2129631N.htm\" data-type=\"URL\" data-id=\"https:\/\/www.education.gouv.fr\/bo\/22\/Hebdo3\/MENE2129631N.htm\" target=\"_blank\">Modalit\u00e9s de formation, d&rsquo;\u00e9valuation et de certification des comp\u00e9tences num\u00e9riques<em> (BO du 20 Janvier 2022)<\/em>.<\/a><\/li><\/ul>\n\n\n\n<p><\/p>\n\n\n\n<ul class=\"wp-block-list\"><li><a rel=\"noreferrer noopener\" href=\"https:\/\/pix.fr\/enseignement-scolaire\" data-type=\"URL\" data-id=\"https:\/\/pix.fr\/enseignement-scolaire\" target=\"_blank\">Plateforme d&rsquo;\u00e9valuation et de certification PIX.<\/a><\/li><\/ul>\n\n\n\n<p><\/p>\n","protected":false},"excerpt":{"rendered":"<p>Modalit\u00e9s de formation, d&rsquo;\u00e9valuation et de certification des comp\u00e9tences num\u00e9riques (BO du 20 Janvier 2022). Plateforme d&rsquo;\u00e9valuation et de certification PIX.<\/p>\n","protected":false},"author":73,"featured_media":0,"parent":0,"menu_order":0,"comment_status":"closed","ping_status":"closed","template":"","meta":{"footnotes":""},"class_list":["post-2883","page","type-page","status-publish","hentry"],"_links":{"self":[{"href":"https:\/\/site.ac-martinique.fr\/lettres-histoire\/index.php?rest_route=\/wp\/v2\/pages\/2883","targetHints":{"allow":["GET"]}}],"collection":[{"href":"https:\/\/site.ac-martinique.fr\/lettres-histoire\/index.php?rest_route=\/wp\/v2\/pages"}],"about":[{"href":"https:\/\/site.ac-martinique.fr\/lettres-histoire\/index.php?rest_route=\/wp\/v2\/types\/page"}],"author":[{"embeddable":true,"href":"https:\/\/site.ac-martinique.fr\/lettres-histoire\/index.php?rest_route=\/wp\/v2\/users\/73"}],"replies":[{"embeddable":true,"href":"https:\/\/site.ac-martinique.fr\/lettres-histoire\/index.php?rest_route=%2Fwp%2Fv2%2Fcomments&post=2883"}],"version-history":[{"count":1,"href":"https:\/\/site.ac-martinique.fr\/lettres-histoire\/index.php?rest_route=\/wp\/v2\/pages\/2883\/revisions"}],"predecessor-version":[{"id":2884,"href":"https:\/\/site.ac-martinique.fr\/lettres-histoire\/index.php?rest_route=\/wp\/v2\/pages\/2883\/revisions\/2884"}],"wp:attachment":[{"href":"https:\/\/site.ac-martinique.fr\/lettres-histoire\/index.php?rest_route=%2Fwp%2Fv2%2Fmedia&parent=2883"}],"curies":[{"name":"wp","href":"https:\/\/api.w.org\/{rel}","templated":true}]}}