{"id":455,"date":"2014-06-19T18:23:01","date_gmt":"2014-06-19T17:23:01","guid":{"rendered":"\/lettres-histoire\/?page_id=455"},"modified":"2019-06-05T02:16:05","modified_gmt":"2019-06-05T01:16:05","slug":"3eme-prepa-pro","status":"publish","type":"page","link":"https:\/\/site.ac-martinique.fr\/lettres-histoire\/?page_id=455","title":{"rendered":"3\u00e8me Pr\u00e9pa M\u00e9tiers"},"content":{"rendered":"<p>&nbsp;<\/p>\n<h5 style=\"text-align: center\"><em><span style=\"color: #0000ff\"><strong>RESSOURCES P\u00c9DAGOGIQUES:<\/strong><\/span><\/em><\/h5>\n<hr \/>\n<h5 style=\"text-align: center\"><\/h5>\n<ul>\n<li>Le num\u00e9ro de TDC consacr\u00e9 \u00e0 \u00ab\u00a0L&rsquo;espace fran\u00e7ais\u00a0\u00bb : d\u00e9couvrez son <a href=\"\/lettres-histoire\/wp-content\/uploads\/sites\/17\/2014\/05\/edito_esp_fr2.pdf\" target=\"_blank\">\u00e9ditorial<\/a> ainsi que son <a href=\"\/lettres-histoire\/wp-content\/uploads\/sites\/17\/2014\/05\/sommaire_esp_fr1.pdf\" target=\"_blank\">sommaire<\/a>. Vous pouvez commander la revue en cliquant <a href=\"http:\/\/www.sceren.com\/cyber-librairie-cndp.aspx?l=tdc-n-1044-15-novembre-2012&amp;prod=770911&amp;cat=622764\" target=\"_blank\">ici<\/a>.<\/li>\n<\/ul>\n<ul>\n<li><a href=\"https:\/\/cache.media.education.gouv.fr\/file\/20\/36\/4\/ensel283_annexe27_1120364.pdf\" target=\"_blank\">Rep\u00e8res annuels de progression pour le cycle 4.<\/a><\/li>\n<\/ul>\n<p>&nbsp;<\/p>\n","protected":false},"excerpt":{"rendered":"<p>&nbsp; RESSOURCES P\u00c9DAGOGIQUES: Le num\u00e9ro de TDC consacr\u00e9 \u00e0 \u00ab\u00a0L&rsquo;espace fran\u00e7ais\u00a0\u00bb : d\u00e9couvrez son \u00e9ditorial ainsi que son sommaire. Vous pouvez commander la revue en cliquant ici. Rep\u00e8res annuels de progression pour le cycle 4. &nbsp;<\/p>\n","protected":false},"author":73,"featured_media":0,"parent":388,"menu_order":0,"comment_status":"closed","ping_status":"closed","template":"","meta":{"footnotes":""},"class_list":["post-455","page","type-page","status-publish","hentry"],"_links":{"self":[{"href":"https:\/\/site.ac-martinique.fr\/lettres-histoire\/index.php?rest_route=\/wp\/v2\/pages\/455","targetHints":{"allow":["GET"]}}],"collection":[{"href":"https:\/\/site.ac-martinique.fr\/lettres-histoire\/index.php?rest_route=\/wp\/v2\/pages"}],"about":[{"href":"https:\/\/site.ac-martinique.fr\/lettres-histoire\/index.php?rest_route=\/wp\/v2\/types\/page"}],"author":[{"embeddable":true,"href":"https:\/\/site.ac-martinique.fr\/lettres-histoire\/index.php?rest_route=\/wp\/v2\/users\/73"}],"replies":[{"embeddable":true,"href":"https:\/\/site.ac-martinique.fr\/lettres-histoire\/index.php?rest_route=%2Fwp%2Fv2%2Fcomments&post=455"}],"version-history":[{"count":6,"href":"https:\/\/site.ac-martinique.fr\/lettres-histoire\/index.php?rest_route=\/wp\/v2\/pages\/455\/revisions"}],"predecessor-version":[{"id":1562,"href":"https:\/\/site.ac-martinique.fr\/lettres-histoire\/index.php?rest_route=\/wp\/v2\/pages\/455\/revisions\/1562"}],"up":[{"embeddable":true,"href":"https:\/\/site.ac-martinique.fr\/lettres-histoire\/index.php?rest_route=\/wp\/v2\/pages\/388"}],"wp:attachment":[{"href":"https:\/\/site.ac-martinique.fr\/lettres-histoire\/index.php?rest_route=%2Fwp%2Fv2%2Fmedia&parent=455"}],"curies":[{"name":"wp","href":"https:\/\/api.w.org\/{rel}","templated":true}]}}