{"id":457,"date":"2014-06-19T18:23:43","date_gmt":"2014-06-19T17:23:43","guid":{"rendered":"\/lettres-histoire\/?page_id=457"},"modified":"2014-10-13T11:29:54","modified_gmt":"2014-10-13T10:29:54","slug":"cap","status":"publish","type":"page","link":"https:\/\/site.ac-martinique.fr\/lettres-histoire\/?page_id=457","title":{"rendered":"CAP"},"content":{"rendered":"<p>&nbsp;<\/p>\n<h5 style=\"text-align: center\"><em><span style=\"color: #0000ff\"><strong>RESSOURCES P\u00c9DAGOGIQUES:<\/strong><\/span><\/em><\/h5>\n<hr \/>\n<h5 style=\"text-align: center\"><\/h5>\n<p>&nbsp;<\/p>\n<div style=\"text-align: center\"><span style=\"text-decoration: underline;color: #800000\"><strong>EXEMPLES DE SUJETS POUR L\u2019\u00c9PREUVE ORALE D\u2019HISTOIRE-G\u00c9OGRAPHIE:<\/strong><\/span><\/div>\n<p>&nbsp;<\/p>\n<ul>\n<li><a href=\"\/lettres-histoire\/wp-content\/uploads\/sites\/17\/2014\/05\/cap_sujets_geo.pdf\" target=\"_blank\">\u00a0 Un exemple de dossiers en G\u00e9ographie sur les sujets d&rsquo;\u00e9tude suivants : \u00ab\u00a0Mondialisation et diversit\u00e9 culturelle\u00a0\u00bb, \u00ab\u00a0Les soci\u00e9t\u00e9s face aux risques\u00a0\u00bb et \u00ab\u00a0Nourrir les hommes\u00a0\u00bb.<\/a><\/li>\n<\/ul>\n<ul>\n<li><a href=\"\/lettres-histoire\/wp-content\/uploads\/sites\/17\/2014\/05\/capgeosujets_societes.pdf\" target=\"_blank\">Un exemple de dossier de G\u00e9ographie sur le sujet d&rsquo;\u00e9tude : \u00ab\u00a0Les soci\u00e9t\u00e9s face aux risques\u00a0\u00bb.<\/a><\/li>\n<\/ul>\n<ul>\n<li><a href=\"\/lettres-histoire\/wp-content\/uploads\/sites\/17\/2014\/05\/Sujet-Oral-Histoire-Etre-ouvrier.pdf\" target=\"_blank\">Un dossier d&rsquo;Histoire sur le sujet d&rsquo;\u00e9tude : \u00ab\u00a0\u00catre ouvrier en France du XIX\u00e8me au XXI\u00e8me si\u00e8cle\u00a0\u00bb.<\/a><\/li>\n<\/ul>\n<p><em>L&rsquo;ensemble de ces documents a \u00e9t\u00e9 \u00e9labor\u00e9 par l&rsquo;\u00e9quipe du r\u00e9seau de Lettres-Histoire-G\u00e9ographie.<\/em><\/p>\n<div>\n<div>\n<hr \/>\n<h5 align=\"center\"><span style=\"color: #0000ff\"><strong><em>EXEMPLES DE CCF:<\/em><\/strong><\/span><\/h5>\n<hr \/>\n<ul>\n<li><a href=\"\/lettres-histoire\/wp-content\/uploads\/sites\/17\/2014\/05\/ccfmque.zip\" target=\"_blank\"> Dans le cadre du nouveau programme de CAP, deux exemples de CCF d&rsquo;Histoire sur le sujet d&rsquo;\u00e9tude \u00ab\u00a0Etre ouvrier en France du XIX \u00e8me au XXI \u00e8me si\u00e8cle \u00a0\u00bb ( dossiers sur la Martinique ).<\/a><\/li>\n<\/ul>\n<div><em>Ces CCF ont \u00e9t\u00e9 r\u00e9alis\u00e9s par Karine BOULARD, Dorice DEGRAS et Carole JOLY.<\/em><\/div>\n<p>&nbsp;<\/p>\n<ul>\n<li><a href=\"\/lettres-histoire\/wp-content\/uploads\/sites\/17\/2014\/05\/HgGodierCCF.pdf\" target=\"_blank\">Un exemple de CCF d&rsquo;Histoire.<\/a><\/li>\n<li><a href=\"\/lettres-histoire\/wp-content\/uploads\/sites\/17\/2014\/05\/SujetCCFgeoGodier.pdf\" target=\"_blank\">Un exemple de CCF de G\u00e9ographie.<\/a><\/li>\n<li><a href=\"\/lettres-histoire\/wp-content\/uploads\/sites\/17\/2014\/05\/CCFfrancaisBAUDE.pdf\" target=\"_blank\">Un exemple de CCF de Fran\u00e7ais.<\/a><\/li>\n<\/ul>\n<p>&nbsp;<\/p>\n<\/div>\n<\/div>\n<hr \/>\n<h5 align=\"center\"><span style=\"color: #0000ff\"><strong><em>RESSOURCES INTERESSANTES EN HISTOIRE-GEOGRAPHIE:<\/em><\/strong><\/span><\/h5>\n<hr \/>\n<p>&nbsp;<\/p>\n<ul>\n<li>\u00a0 <a href=\"\/lettres-histoire\/wp-content\/uploads\/sites\/17\/2014\/10\/progressionsequencebon.zip\">Une s\u00e9quence compl\u00e8te<\/a> sur le sujet d&rsquo;\u00e9tude \u00ab\u00a0Voyages et d\u00e9couvertes, XV\u00e8me-XVIII\u00e8me si\u00e8cle\u00a0\u00bb accompagn\u00e9e de ses <a href=\"\/lettres-histoire\/wp-content\/uploads\/sites\/17\/2014\/05\/ficheseleves.zip\" target=\"_blank\">fiches \u00e9l\u00e8ves<\/a>. S\u00e9quence r\u00e9alis\u00e9e par Mlle Naomie PANDOR , PLP Lettres-Histoire<em>.<\/em><\/li>\n<\/ul>\n<ul>\n<li><a href=\"http:\/\/cms.ac-martinique.fr\/lpsaintjames\/\" target=\"_blank\">Un site qui traite de la dissidence en Martinique pendant la seconde guerre mondiale.<\/a><\/li>\n<\/ul>\n<ul>\n<li><a href=\"\/lettres-histoire\/wp-content\/uploads\/sites\/17\/2014\/05\/FLANDRINA.pdf\" target=\"_blank\">Une s\u00e9ance sur le sujet d&rsquo;\u00e9tude :\u00a0\u00bb\u00catre ouvrier en France du XIX et XXI\u00e8me si\u00e8cle\u00a0\u00bb (propos\u00e9e par Mme Flandrina, LPO J. Pernock).<\/a><\/li>\n<\/ul>\n<ul>\n<li><a href=\"\/lettres-histoire\/wp-content\/uploads\/sites\/17\/2014\/05\/greve.pdf\" target=\"_blank\">\u00a0Une situation Chansons et luttes ouvri\u00e8res en Martinique sur le sujet d&rsquo;\u00e9tude \u00ab\u00a0Etre ouvrier en France du XIXe au XXIe si\u00e8cle\u00a0\u00bb (\u00e9labor\u00e9e par Mme Flandrina, LPO J. Pernock).<\/a><\/li>\n<\/ul>\n<ul>\n<li><a href=\"\/lettres-histoire\/wp-content\/uploads\/sites\/17\/2014\/05\/SituationAdaptation-Etre-ouvrier.ppt\" target=\"_blank\">\u00a0 Une situation \u00catre ouvrier agricole\u00a0en Martinique en 1900 sur le sujet d&rsquo;\u00e9tude \u00ab\u00a0\u00catre ouvrier en France du XIX\u00e8me au XXI\u00e8me si\u00e8cle (\u00e9labor\u00e9e par Mme FRAN\u00c7OISE Laura lors d&rsquo;une formation PAF anim\u00e9e par Micheline MARLIN-GODIER).<\/a><\/li>\n<\/ul>\n<p><strong><span style=\"font-size: 11pt;line-height: 115%\"><br \/>\n<\/span><\/strong><\/p>\n","protected":false},"excerpt":{"rendered":"<p>&nbsp; RESSOURCES P\u00c9DAGOGIQUES: &nbsp; EXEMPLES DE SUJETS POUR L\u2019\u00c9PREUVE ORALE D\u2019HISTOIRE-G\u00c9OGRAPHIE: &nbsp; \u00a0 Un exemple de dossiers en G\u00e9ographie sur les sujets d&rsquo;\u00e9tude suivants : \u00ab\u00a0Mondialisation et diversit\u00e9 culturelle\u00a0\u00bb, \u00ab\u00a0Les soci\u00e9t\u00e9s face aux risques\u00a0\u00bb et \u00ab\u00a0Nourrir les hommes\u00a0\u00bb. Un exemple de dossier de G\u00e9ographie sur le sujet d&rsquo;\u00e9tude : \u00ab\u00a0Les soci\u00e9t\u00e9s face aux risques\u00a0\u00bb. Un &hellip; <a href=\"https:\/\/site.ac-martinique.fr\/lettres-histoire\/?page_id=457\" class=\"more-link\">Continuer la lecture de <span class=\"screen-reader-text\">CAP<\/span>  <span class=\"meta-nav\">&rarr;<\/span><\/a><\/p>\n","protected":false},"author":73,"featured_media":0,"parent":388,"menu_order":0,"comment_status":"closed","ping_status":"closed","template":"","meta":{"footnotes":""},"class_list":["post-457","page","type-page","status-publish","hentry"],"_links":{"self":[{"href":"https:\/\/site.ac-martinique.fr\/lettres-histoire\/index.php?rest_route=\/wp\/v2\/pages\/457","targetHints":{"allow":["GET"]}}],"collection":[{"href":"https:\/\/site.ac-martinique.fr\/lettres-histoire\/index.php?rest_route=\/wp\/v2\/pages"}],"about":[{"href":"https:\/\/site.ac-martinique.fr\/lettres-histoire\/index.php?rest_route=\/wp\/v2\/types\/page"}],"author":[{"embeddable":true,"href":"https:\/\/site.ac-martinique.fr\/lettres-histoire\/index.php?rest_route=\/wp\/v2\/users\/73"}],"replies":[{"embeddable":true,"href":"https:\/\/site.ac-martinique.fr\/lettres-histoire\/index.php?rest_route=%2Fwp%2Fv2%2Fcomments&post=457"}],"version-history":[{"count":4,"href":"https:\/\/site.ac-martinique.fr\/lettres-histoire\/index.php?rest_route=\/wp\/v2\/pages\/457\/revisions"}],"predecessor-version":[{"id":719,"href":"https:\/\/site.ac-martinique.fr\/lettres-histoire\/index.php?rest_route=\/wp\/v2\/pages\/457\/revisions\/719"}],"up":[{"embeddable":true,"href":"https:\/\/site.ac-martinique.fr\/lettres-histoire\/index.php?rest_route=\/wp\/v2\/pages\/388"}],"wp:attachment":[{"href":"https:\/\/site.ac-martinique.fr\/lettres-histoire\/index.php?rest_route=%2Fwp%2Fv2%2Fmedia&parent=457"}],"curies":[{"name":"wp","href":"https:\/\/api.w.org\/{rel}","templated":true}]}}