{"id":463,"date":"2014-06-19T18:28:46","date_gmt":"2014-06-19T17:28:46","guid":{"rendered":"\/lettres-histoire\/?page_id=463"},"modified":"2021-06-16T16:39:03","modified_gmt":"2021-06-16T15:39:03","slug":"tle-bac-pro","status":"publish","type":"page","link":"https:\/\/site.ac-martinique.fr\/lettres-histoire\/?page_id=463","title":{"rendered":"Tle bac pro"},"content":{"rendered":"<h5 style=\"text-align: center\"><span style=\"color: #0000ff\"><em>RESSOURCES ACAD\u00c9MIQUES<\/em><\/span><\/h5>\n<hr \/>\n<table style=\"height: 475px\" border=\"1\" summary=\"\" width=\"754\" cellspacing=\"1\" cellpadding=\"1\" align=\"\">\n<tbody>\n<tr>\n<td colspan=\"2\">\n<h4 style=\"text-align: center\"><span style=\"text-decoration: underline;color: #993366\"><strong>HISTOIRE:<\/strong><\/span><\/h4>\n<\/td>\n<\/tr>\n<tr>\n<td>\n<h6 style=\"text-align: center\">Sujets d&rsquo;\u00e9tude :<\/h6>\n<\/td>\n<td>\n<h6 style=\"text-align: center\">Ressources:<\/h6>\n<\/td>\n<\/tr>\n<tr>\n<td>\n<h6 style=\"text-align: center\"><em>Les Etats-Unis et le monde\u00a0\u00a0\u00a0\u00a0\u00a0\u00a0 (1917-1989)\u00a0\u00a0\u00a0\u00a0\u00a0\u00a0\u00a0\u00a0\u00a0\u00a0\u00a0\u00a0 <\/em><\/h6>\n<\/td>\n<td>\n<ul>\n<li><a href=\"\/lettres-histoire\/wp-content\/uploads\/sites\/17\/2014\/05\/les-Etats-Unis-et-le-monde.pptx\">Une frise chronologique synth\u00e9tique sur ce sujet d&rsquo;\u00e9tude.<\/a><\/li>\n<\/ul>\n<p>(<em>\u00e9labor\u00e9e par Mmes Brafine et Jean-Charles. Pour une meilleure visibilit\u00e9, visionnez-la en mode diaporama).<\/em><\/p>\n<ul>\n<li><a href=\"\/lettres-histoire\/wp-content\/uploads\/sites\/17\/2014\/09\/Les-Etats-Unis-et-le-monde-Web.zip\">Un questionnaire sur le sujet d&rsquo;\u00e9tude<\/a> accompagn\u00e9 de <a href=\"\/lettres-histoire\/wp-content\/uploads\/sites\/17\/2014\/05\/tutoriel_netquiz.pdf\">son tutoriel.<\/a><\/li>\n<\/ul>\n<p>(<em>\u00e9labor\u00e9s par Mme Regina.T\u00e9l\u00e9chargez les deux documents en cliquant sur \u00ab\u00a0questionnaire\u00a0\u00bb et sur \u00ab\u00a0tutoriel\u00a0\u00bb puis suivez attentivement les \u00e9tapes du tutoriel).<\/em><\/td>\n<\/tr>\n<tr>\n<td>\n<h6 style=\"text-align: center\"><em>La d\u00e9colonisation et la construction de nouveaux Etats : Inde, Alg\u00e9rie. \u00a0\u00a0\u00a0\u00a0\u00a0\u00a0\u00a0\u00a0\u00a0\u00a0 <\/em><\/h6>\n<\/td>\n<td>\n<ul>\n<li>\u00a0<a href=\"\/lettres-histoire\/wp-content\/uploads\/sites\/17\/2014\/05\/decolonisation_nveaux_etats.zip\">Un sch\u00e9ma de synth\u00e8se avec son corrig\u00e9.<\/a><\/li>\n<\/ul>\n<p><em>(\u00e9labor\u00e9 par Mmes Fontaine et Gauthier).<\/em><\/td>\n<\/tr>\n<\/tbody>\n<\/table>\n<table style=\"height: 450px\" border=\"1\" summary=\"\" width=\"756\" cellspacing=\"1\" cellpadding=\"1\" align=\"\">\n<tbody>\n<tr>\n<td colspan=\"2\">\n<h4 style=\"text-align: center\"><span style=\"text-decoration: underline;color: #993366\">GEOGRAPHIE:<\/span><\/h4>\n<\/td>\n<\/tr>\n<tr>\n<td>\n<h6 style=\"text-align: center\">Sujets d&rsquo;\u00e9tude :<\/h6>\n<\/td>\n<td>\n<h6 style=\"text-align: center\">Ressources :<\/h6>\n<\/td>\n<\/tr>\n<tr>\n<td>\n<h6 style=\"text-align: center\"><em>La France dans l&rsquo;UE et dans le monde <\/em><\/h6>\n<\/td>\n<td>\n<ul>\n<li><a href=\"\/lettres-histoire\/wp-content\/uploads\/sites\/17\/2014\/05\/Frce_UE_monde.pptx\" target=\"_blank\" rel=\"noopener\">Un sch\u00e9ma de synth\u00e8se dynamique sur cet objet d&rsquo;\u00e9tude.<\/a><\/li>\n<\/ul>\n<p><em>( \u00e9labor\u00e9 par M. Marie-Julie, Boulanger et par Mmes Germ\u00e9 Marie-Louise et M\u00e9nage)<\/em><\/td>\n<\/tr>\n<tr>\n<td>\n<h6 style=\"text-align: center\"><em>\u00a0\u00a0\u00a0 \u00a0 Les mobilit\u00e9s de la population \u00a0\u00a0\u00a0\u00a0\u00a0\u00a0\u00a0\u00a0\u00a0\u00a0\u00a0\u00a0\u00a0\u00a0\u00a0\u00a0\u00a0\u00a0\u00a0\u00a0\u00a0\u00a0\u00a0\u00a0\u00a0\u00a0\u00a0\u00a0\u00a0\u00a0<\/em><\/h6>\n<\/td>\n<td>\n<ul>\n<li><a href=\"\/lettres-histoire\/wp-content\/uploads\/sites\/17\/2014\/05\/Mobilites_population1.zip\" target=\"_blank\" rel=\"noopener\">Des exercices de m\u00e9morisation et de synth\u00e8se sur objet d&rsquo;\u00e9tude.<\/a><\/li>\n<\/ul>\n<p><em>( \u00e9labor\u00e9s par Mmes Clavot et Regina. Attention ! Les liens du diaporama ne fonctionneront que si vous d\u00e9compressez enti\u00e8rement le fichier t\u00e9l\u00e9charg\u00e9).<\/em><\/td>\n<\/tr>\n<\/tbody>\n<\/table>\n<h5 style=\"text-align: center\"><span style=\"color: #0000ff\"><em><span style=\"color: #0000ff\">QUELQUES INDICATIONS P\u00c9DAGOGIQUES\u00a0ET BIBLIOGRAPHIQUES<\/span><\/em><\/span><\/h5>\n<hr \/>\n<p>Le num\u00e9ro de TDC consacr\u00e9 \u00e0 \u00ab\u00a0L&rsquo;espace fran\u00e7ais\u00a0\u00bb : d\u00e9couvrez son <a href=\"\/lettres-histoire\/wp-content\/uploads\/sites\/17\/2014\/05\/edito_esp_fr2.pdf\">\u00e9ditorial<\/a> ainsi que son <a href=\"\/lettres-histoire\/wp-content\/uploads\/sites\/17\/2014\/05\/sommaire_esp_fr1.pdf\">sommaire<\/a>.<\/p>\n<p>Vous pouvez commander la revue en cliquant <a href=\"http:\/\/www.sceren.com\/cyber-librairie-cndp.aspx?l=tdc-n-1044-15-novembre-2012&amp;prod=770911&amp;cat=622764\" target=\"_blank\" rel=\"noopener\">ici<\/a>.<\/p>\n<p>Un num\u00e9ro d &lsquo; <em>Interlignes<\/em> d\u00e9di\u00e9 \u00e0 l&rsquo;enseignement de l&rsquo;Histoire-G\u00e9ographie au lyc\u00e9e professionnel \u00e0 d\u00e9couvrir dans son int\u00e9gralit\u00e9 <a href=\"http:\/\/cms.ac-martinique.fr\/discipline\/histlettres\/file\/INTERLIGNEShglp.pdf\">ici<\/a>.<\/p>\n<ul>\n<li><a href=\"http:\/\/eduscol.education.fr\/histoire-geographie\/?feuilleCSS=firefox\">\u00a0Le portail national de ressources <em>Eduscol<\/em> en Histoire-G\u00e9ographie-Education civique.<\/a><\/li>\n<\/ul>\n<ul>\n<li><a href=\"http:\/\/eduscol.education.fr\/pid23218-cid50914\/ressources-en-histoire-geographie.html#terminale\" target=\"_blank\" rel=\"noopener\">Des ressources pour la classe de Terminale sur le site d&rsquo;<em>Eduscol.<\/em><\/a><\/li>\n<\/ul>\n","protected":false},"excerpt":{"rendered":"<p>RESSOURCES ACAD\u00c9MIQUES HISTOIRE: Sujets d&rsquo;\u00e9tude : Ressources: Les Etats-Unis et le monde\u00a0\u00a0\u00a0\u00a0\u00a0\u00a0 (1917-1989)\u00a0\u00a0\u00a0\u00a0\u00a0\u00a0\u00a0\u00a0\u00a0\u00a0\u00a0\u00a0 Une frise chronologique synth\u00e9tique sur ce sujet d&rsquo;\u00e9tude. (\u00e9labor\u00e9e par Mmes Brafine et Jean-Charles. Pour une meilleure visibilit\u00e9, visionnez-la en mode diaporama). Un questionnaire sur le sujet d&rsquo;\u00e9tude accompagn\u00e9 de son tutoriel. (\u00e9labor\u00e9s par Mme Regina.T\u00e9l\u00e9chargez les deux documents en cliquant sur &hellip; <a href=\"https:\/\/site.ac-martinique.fr\/lettres-histoire\/?page_id=463\" class=\"more-link\">Continuer la lecture de <span class=\"screen-reader-text\">Tle bac pro<\/span>  <span class=\"meta-nav\">&rarr;<\/span><\/a><\/p>\n","protected":false},"author":73,"featured_media":0,"parent":388,"menu_order":0,"comment_status":"closed","ping_status":"closed","template":"","meta":{"footnotes":""},"class_list":["post-463","page","type-page","status-publish","hentry"],"_links":{"self":[{"href":"https:\/\/site.ac-martinique.fr\/lettres-histoire\/index.php?rest_route=\/wp\/v2\/pages\/463","targetHints":{"allow":["GET"]}}],"collection":[{"href":"https:\/\/site.ac-martinique.fr\/lettres-histoire\/index.php?rest_route=\/wp\/v2\/pages"}],"about":[{"href":"https:\/\/site.ac-martinique.fr\/lettres-histoire\/index.php?rest_route=\/wp\/v2\/types\/page"}],"author":[{"embeddable":true,"href":"https:\/\/site.ac-martinique.fr\/lettres-histoire\/index.php?rest_route=\/wp\/v2\/users\/73"}],"replies":[{"embeddable":true,"href":"https:\/\/site.ac-martinique.fr\/lettres-histoire\/index.php?rest_route=%2Fwp%2Fv2%2Fcomments&post=463"}],"version-history":[{"count":4,"href":"https:\/\/site.ac-martinique.fr\/lettres-histoire\/index.php?rest_route=\/wp\/v2\/pages\/463\/revisions"}],"predecessor-version":[{"id":2673,"href":"https:\/\/site.ac-martinique.fr\/lettres-histoire\/index.php?rest_route=\/wp\/v2\/pages\/463\/revisions\/2673"}],"up":[{"embeddable":true,"href":"https:\/\/site.ac-martinique.fr\/lettres-histoire\/index.php?rest_route=\/wp\/v2\/pages\/388"}],"wp:attachment":[{"href":"https:\/\/site.ac-martinique.fr\/lettres-histoire\/index.php?rest_route=%2Fwp%2Fv2%2Fmedia&parent=463"}],"curies":[{"name":"wp","href":"https:\/\/api.w.org\/{rel}","templated":true}]}}