{"id":471,"date":"2014-06-19T18:49:43","date_gmt":"2014-06-19T17:49:43","guid":{"rendered":"\/lettres-histoire\/?page_id=471"},"modified":"2025-04-27T11:57:31","modified_gmt":"2025-04-27T10:57:31","slug":"programmes","status":"publish","type":"page","link":"https:\/\/site.ac-martinique.fr\/lettres-histoire\/?page_id=471","title":{"rendered":"Programmes"},"content":{"rendered":"\n<h2 class=\"wp-block-heading has-text-align-center\" id=\"3eme-prepa-metiers\"><span style=\"color: #993366\"><strong><span style=\"color:#b50303\" class=\"has-inline-color\">3EME PREPA-METIERS <\/span><\/strong><\/span><\/h2>\n\n\n\n<hr class=\"wp-block-separator has-css-opacity\"\/>\n\n\n\n<ul class=\"wp-block-list\">\n<li><a href=\"https:\/\/site.ac-martinique.fr\/lettres-histoire\/wp-content\/uploads\/sites\/17\/2022\/02\/3PM-Francais-BO-n\u00b031-du-30-juillet-202029980.pdf\" data-type=\"URL\" data-id=\"https:\/\/site.ac-martinique.fr\/lettres-histoire\/wp-content\/uploads\/sites\/17\/2022\/02\/3PM-Francais-BO-n\u00b031-du-30-juillet-202029980.pdf\" target=\"_blank\" rel=\"noreferrer noopener\">Programme de<strong> Fran\u00e7ais<\/strong> <em>(BO n\u00b031 du 30 Juillet 2020)<\/em>.<\/a><\/li>\n\n\n\n<li><a href=\"http:\/\/www.education.gouv.fr\/pid285\/bulletin_officiel.html?cid_bo=117828\">Modification de l&rsquo;organisation des enseignements applicable \u00e0 la rentr\u00e9e 2017<\/a>.<\/li>\n\n\n\n<li><a href=\"https:\/\/site.ac-martinique.fr\/lettres-histoire\/wp-content\/uploads\/sites\/17\/2022\/02\/3PM-HG-BO-n\u00b031-du-30-juillet-202029981.pdf\" data-type=\"URL\" data-id=\"https:\/\/site.ac-martinique.fr\/lettres-histoire\/wp-content\/uploads\/sites\/17\/2022\/02\/3PM-HG-BO-n\u00b031-du-30-juillet-202029981.pdf\" target=\"_blank\" rel=\"noreferrer noopener\">Programme d&rsquo;<strong>Histoire-G\u00e9ographie<\/strong>&nbsp;<em>(BO n\u00b031 du 30 Juillet 2020)<\/em><\/a> et <a href=\"\/lettres-histoire\/wp-content\/uploads\/sites\/17\/2017\/03\/adaptPrg3PP.pdf\">adaptation des programmes d&rsquo;HG<\/a>.<\/li>\n\n\n\n<li><a href=\"https:\/\/site.ac-martinique.fr\/lettres-histoire\/wp-content\/uploads\/sites\/17\/2022\/02\/3PM-EMC-BO-n\u00b031-du-30-juillet-202029979.pdf\" data-type=\"URL\" data-id=\"https:\/\/site.ac-martinique.fr\/lettres-histoire\/wp-content\/uploads\/sites\/17\/2022\/02\/3PM-EMC-BO-n\u00b031-du-30-juillet-202029979.pdf\" target=\"_blank\" rel=\"noreferrer noopener\">Programme d&rsquo;<strong>EMC<\/strong> <em>(BO n\u00b031 du 30 Juillet 2020)<\/em>.<\/a><\/li>\n<\/ul>\n\n\n<div class=\"wp-block-image\">\n<figure class=\"alignleft size-full is-resized\"><a href=\"https:\/\/site.ac-martinique.fr\/lettres-histoire\/wp-content\/uploads\/sites\/17\/2023\/09\/giphy.gif\"><img loading=\"lazy\" decoding=\"async\" width=\"600\" height=\"400\" src=\"https:\/\/site.ac-martinique.fr\/lettres-histoire\/wp-content\/uploads\/sites\/17\/2023\/09\/giphy.gif\" alt=\"\" class=\"wp-image-3310\" style=\"width:51px;height:auto\"\/><\/a><\/figure>\n<\/div>\n\n\n<ul class=\"wp-block-list\">\n<li><a href=\"https:\/\/www.education.gouv.fr\/sites\/default\/files\/ensel934_annexe_ok.pdf\" target=\"_blank\" rel=\"noreferrer noopener\">Programme <strong>d&rsquo;EMC <\/strong>(d\u00e8s la rentr\u00e9e scolaire 2026\/2027)<\/a> <\/li>\n<\/ul>\n\n\n\n<p><\/p>\n\n\n\n<ul class=\"wp-block-list\">\n<li><a href=\"http:\/\/eduscol.education.fr\/pid34185\/cycle-4.html\">Ressources d&rsquo;accompagnement en Fran\u00e7ais, Histoire-G\u00e9ographie et EMC<\/a>.<\/li>\n\n\n\n<li><a href=\"http:\/\/eduscol.education.fr\/pid34197\/enseignements-pratiques-interdisciplinaires.html\">Les EPI (Enseignements Pratiques Interdisciplinaires)<\/a>. <\/li>\n\n\n\n<li><a rel=\"noreferrer noopener\" href=\"https:\/\/cache.media.eduscol.education.fr\/file\/lycee_pro_2018\/46\/1\/VM_Prepa_metiers_1128461.pdf\" data-type=\"URL\" data-id=\"https:\/\/cache.media.eduscol.education.fr\/file\/lycee_pro_2018\/46\/1\/VM_Prepa_metiers_1128461.pdf\" target=\"_blank\">Vademecum de la troisi\u00e8me pr\u00e9pa-m\u00e9tiers.<\/a><\/li>\n<\/ul>\n\n\n\n<div class=\"wp-block-group\"><div class=\"wp-block-group__inner-container is-layout-flow wp-block-group-is-layout-flow\">\n<div class=\"wp-block-group\"><div class=\"wp-block-group__inner-container is-layout-flow wp-block-group-is-layout-flow\">\n<h2 class=\"wp-block-heading has-text-align-center\" id=\"cap\"><strong><span style=\"color:#a30900\" class=\"has-inline-color\">CAP <\/span><\/strong><p>&nbsp;<\/p> <\/h2>\n\n\n\n<ul class=\"wp-block-list\">\n<li>Programme de&nbsp;<a rel=\"noopener\" href=\"https:\/\/site.ac-martinique.fr\/lettres-histoire\/wp-content\/uploads\/sites\/17\/2019\/04\/frcapprog.pdf\" target=\"_blank\">Fran\u00e7ais<\/a>.<\/li>\n\n\n\n<li>Programme d\u2019<a rel=\"noopener\" href=\"https:\/\/site.ac-martinique.fr\/lettres-histoire\/wp-content\/uploads\/sites\/17\/2019\/04\/hgcapprogbon.pdf\" target=\"_blank\">Histoire-G\u00e9ographie<\/a>.<\/li>\n\n\n\n<li>Programme&nbsp;<a href=\"https:\/\/site.ac-martinique.fr\/lettres-histoire\/wp-content\/uploads\/sites\/17\/2019\/04\/emccap.pdf\" target=\"_blank\" rel=\"noopener\">d\u2019EMC<\/a>.<\/li>\n<\/ul>\n\n\n\n<ul class=\"wp-block-list\">\n<li><a href=\"https:\/\/www.education.gouv.fr\/sites\/default\/files\/ensel934_annexe_ok.pdf\" target=\"_blank\" rel=\"noreferrer noopener\">Programme d&rsquo;EMC (d\u00e8s la rentr\u00e9e scolaire 2023\/2024)<\/a> <strong>POUR LA 1\u00e8re ANNEE DE CAP<\/strong>;<\/li>\n<\/ul>\n\n\n\n<ul class=\"wp-block-list\">\n<li><a href=\"https:\/\/site.ac-martinique.fr\/lettres-histoire\/wp-content\/uploads\/sites\/17\/2020\/07\/ensel994_annexe4_1310919.pdf\" data-type=\"URL\" data-id=\"https:\/\/site.ac-martinique.fr\/lettres-histoire\/wp-content\/uploads\/sites\/17\/2020\/07\/ensel994_annexe4_1310919.pdf\" target=\"_blank\" rel=\"noreferrer noopener\">Adaptation du programme d&rsquo;Histoire-G\u00e9ographie-EMC.  <\/a><p>&nbsp;<\/p> <\/li>\n<\/ul>\n\n\n\n<h2 class=\"wp-block-heading has-text-align-center\" id=\"bac-pro\"><strong><mark style=\"background-color:rgba(0, 0, 0, 0);color:#a20101\" class=\"has-inline-color\">BAC PRO<\/mark><\/strong><\/h2>\n\n\n\n<p><\/p>\n\n\n\n<h5 class=\"wp-block-heading\" id=\"classe-de-seconde\"><p><strong>Classe de&nbsp;SECONDE <\/strong><\/p> <\/h5>\n\n\n\n<ul class=\"wp-block-list\">\n<li>Programme de&nbsp;<a rel=\"noopener\" href=\"https:\/\/site.ac-martinique.fr\/lettres-histoire\/wp-content\/uploads\/sites\/17\/2019\/04\/frbacproprog.pdf\" target=\"_blank\"><strong>Fran\u00e7ais<\/strong><\/a>&nbsp;:<\/li>\n\n\n\n<li>Programme d\u2019<a href=\"https:\/\/site.ac-martinique.fr\/lettres-histoire\/wp-content\/uploads\/sites\/17\/2019\/04\/hgbacproprog-merged.pdf\" target=\"_blank\" rel=\"noopener\"><strong>Histoire-G\u00e9ographie-EMC<\/strong><\/a><\/li>\n<\/ul>\n\n\n\n<ul class=\"wp-block-list\">\n<li><a href=\"https:\/\/www.education.gouv.fr\/sites\/default\/files\/ensel934_annexe_ok.pdf\" target=\"_blank\" rel=\"noreferrer noopener\">Programme d&rsquo;EMC (d\u00e8s la rentr\u00e9e scolaire 2023\/2024).<\/a><\/li>\n<\/ul>\n\n\n\n<p><\/p>\n\n\n\n<ul class=\"wp-block-list\">\n<li><a href=\"https:\/\/site.ac-martinique.fr\/lettres-histoire\/wp-content\/uploads\/sites\/17\/2020\/07\/ensel994_annexe5_1310927.pdf\" data-type=\"URL\" data-id=\"https:\/\/site.ac-martinique.fr\/lettres-histoire\/wp-content\/uploads\/sites\/17\/2020\/07\/ensel994_annexe5_1310927.pdf\" target=\"_blank\" rel=\"noreferrer noopener\">Adaptation du programme d&rsquo;Histoire-G\u00e9o-EMC.<\/a><\/li>\n<\/ul>\n\n\n\n<p><\/p>\n\n\n\n<h5 class=\"wp-block-heading\" id=\"classe-de-premiere\"><p><strong>Classe de PREMI\u00c8RE<\/strong><\/p> <\/h5>\n\n\n\n<ul class=\"wp-block-list\">\n<li><a rel=\"noopener\" href=\"https:\/\/cache.media.education.gouv.fr\/file\/SPE1-MENJ-6-2-2020\/87\/7\/spe001_annexe1_1239877.pdf\" target=\"_blank\">Programme de&nbsp;<strong>Fran\u00e7ais<\/strong><\/a><\/li>\n\n\n\n<li><a href=\"https:\/\/site.ac-martinique.fr\/lettres-histoire\/wp-content\/uploads\/sites\/17\/2014\/06\/hgpremiere-fusionn%C3%A9.pdf\" target=\"_blank\" rel=\"noopener\">Programme d\u2019<strong>Histoire-G\u00e9o-EMC<\/strong><\/a><\/li>\n<\/ul>\n\n\n<div class=\"wp-block-image\">\n<figure class=\"alignleft size-full is-resized\"><a href=\"https:\/\/site.ac-martinique.fr\/lettres-histoire\/wp-content\/uploads\/sites\/17\/2023\/09\/giphy.gif\"><img loading=\"lazy\" decoding=\"async\" width=\"600\" height=\"400\" src=\"https:\/\/site.ac-martinique.fr\/lettres-histoire\/wp-content\/uploads\/sites\/17\/2023\/09\/giphy.gif\" alt=\"\" class=\"wp-image-3310\" style=\"width:58px;height:auto\"\/><\/a><\/figure>\n<\/div>\n\n\n<ul class=\"wp-block-list\">\n<li><a href=\"https:\/\/www.education.gouv.fr\/sites\/default\/files\/ensel934_annexe_ok.pdf\" target=\"_blank\" rel=\"noreferrer noopener\">Programme d&rsquo;EMC (d\u00e8s la rentr\u00e9e scolaire 2025\/2026)<\/a><\/li>\n<\/ul>\n\n\n\n<p><\/p>\n\n\n\n<ul class=\"wp-block-list\">\n<li><a href=\"https:\/\/cache.media.education.gouv.fr\/file\/28\/40\/4\/ensel790_annexe_1415404.pdf\" data-type=\"URL\" data-id=\"https:\/\/cache.media.education.gouv.fr\/file\/28\/40\/4\/ensel790_annexe_1415404.pdf\" target=\"_blank\" rel=\"noreferrer noopener\">Adaptation du programme d&rsquo;Histoire-G\u00e9o-EMC.<\/a><\/li>\n<\/ul>\n\n\n\n<h5 class=\"wp-block-heading\" id=\"classe-de-terminale\"><p><strong>Classe de TERMINALE&nbsp;<\/strong><\/p> <\/h5>\n\n\n\n<ul class=\"wp-block-list\">\n<li><a rel=\"noopener\" href=\"https:\/\/cache.media.education.gouv.fr\/file\/SPE1-MENJ-6-2-2020\/87\/9\/spe001_annexe2_1239879.pdf\" target=\"_blank\">Programme de&nbsp;<strong>Fran\u00e7ais<\/strong><\/a><\/li>\n\n\n\n<li><a rel=\"noreferrer noopener\" href=\"https:\/\/www.education.gouv.fr\/bo\/21\/Hebdo5\/MENE2036971N.htm\" data-type=\"URL\" data-id=\"https:\/\/www.education.gouv.fr\/bo\/21\/Hebdo5\/MENE2036971N.htm\" target=\"_blank\">Programme <strong>limitatif<\/strong> de fran\u00e7ais de la classe terminale &#8211; ann\u00e9es scolaires 2021-2022 et 2022-2023<\/a><\/li>\n\n\n\n<li><a href=\"https:\/\/site.ac-martinique.fr\/lettres-histoire\/wp-content\/uploads\/sites\/17\/2014\/06\/hgterminale-fusionn%C3%A9.pdf\" target=\"_blank\" rel=\"noopener\">Programme d\u2019<strong>Histoire-G\u00e9ographie-EMC<\/strong><\/a><\/li>\n<\/ul>\n\n\n<div class=\"wp-block-image\">\n<figure class=\"alignleft size-full is-resized\"><a href=\"https:\/\/site.ac-martinique.fr\/lettres-histoire\/wp-content\/uploads\/sites\/17\/2023\/09\/giphy.gif\"><img loading=\"lazy\" decoding=\"async\" width=\"600\" height=\"400\" src=\"https:\/\/site.ac-martinique.fr\/lettres-histoire\/wp-content\/uploads\/sites\/17\/2023\/09\/giphy.gif\" alt=\"\" class=\"wp-image-3310\" style=\"width:52px;height:auto\"\/><\/a><\/figure>\n<\/div>\n\n\n<ul class=\"wp-block-list\">\n<li><a href=\"https:\/\/www.education.gouv.fr\/sites\/default\/files\/ensel934_annexe_ok.pdf\" target=\"_blank\" rel=\"noreferrer noopener\">Programme d&rsquo;EMC (d\u00e8s la rentr\u00e9e scolaire 2026\/2027)<\/a><\/li>\n<\/ul>\n\n\n\n<p><\/p>\n\n\n\n<ul class=\"wp-block-list\">\n<li><a href=\"https:\/\/cache.media.education.gouv.fr\/file\/39\/49\/9\/ensel986_annexe_1420499.pdf\" data-type=\"URL\" data-id=\"https:\/\/cache.media.education.gouv.fr\/file\/39\/49\/9\/ensel986_annexe_1420499.pdf\" target=\"_blank\" rel=\"noreferrer noopener\">Adaptation du programme d&rsquo;Histoire-G\u00e9o.<\/a><\/li>\n<\/ul>\n\n\n\n<p><\/p>\n<\/div><\/div>\n<\/div><\/div>\n\n\n\n<h2 class=\"wp-block-heading has-text-align-center\" id=\"bts\"><span style=\"color: #993366\"><span style=\"color:#a30000\" class=\"has-inline-color\"><strong>BTS<\/strong> <\/span><\/span><\/h2>\n\n\n\n<hr class=\"wp-block-separator has-css-opacity\"\/>\n\n\n<div class=\"wp-block-image\">\n<figure class=\"alignleft is-resized\"><img loading=\"lazy\" decoding=\"async\" width=\"600\" height=\"400\" src=\"https:\/\/site.ac-martinique.fr\/lettres-histoire\/wp-content\/uploads\/sites\/17\/2023\/09\/giphy.gif\" alt=\"\" class=\"wp-image-3310\" style=\"width:66px;height:auto\"\/><\/figure>\n<\/div>\n\n\n<ul class=\"wp-block-list\">\n<li><a href=\"https:\/\/www.education.gouv.fr\/bo\/2025\/Hebdo24\/MENS2508196N?fbclid=IwY2xjawJ66ylleHRuA2FlbQIxMABicmlkETFXUWFmWEU4THZBM0Q1aVVKAR5GRlyOOXqOgL8jtIEhJ8r7yDCE5BIG9k16vYCx9vqhiA1GJVUPOFptWhgHMw_aem_0T_4_6T14uUD0KKHVXS7Qg\" target=\"_blank\" rel=\"noreferrer noopener\">Programme de l&rsquo;\u00e9preuve de Culture G\u00e9n\u00e9rale et Expression ( session 2026).<\/a><\/li>\n<\/ul>\n\n\n\n<p><\/p>\n","protected":false},"excerpt":{"rendered":"<p>3EME PREPA-METIERS CAP &nbsp; BAC PRO Classe de&nbsp;SECONDE Classe de PREMI\u00c8RE Classe de TERMINALE&nbsp; BTS<\/p>\n","protected":false},"author":73,"featured_media":0,"parent":380,"menu_order":0,"comment_status":"closed","ping_status":"closed","template":"","meta":{"footnotes":""},"class_list":["post-471","page","type-page","status-publish","hentry"],"_links":{"self":[{"href":"https:\/\/site.ac-martinique.fr\/lettres-histoire\/index.php?rest_route=\/wp\/v2\/pages\/471","targetHints":{"allow":["GET"]}}],"collection":[{"href":"https:\/\/site.ac-martinique.fr\/lettres-histoire\/index.php?rest_route=\/wp\/v2\/pages"}],"about":[{"href":"https:\/\/site.ac-martinique.fr\/lettres-histoire\/index.php?rest_route=\/wp\/v2\/types\/page"}],"author":[{"embeddable":true,"href":"https:\/\/site.ac-martinique.fr\/lettres-histoire\/index.php?rest_route=\/wp\/v2\/users\/73"}],"replies":[{"embeddable":true,"href":"https:\/\/site.ac-martinique.fr\/lettres-histoire\/index.php?rest_route=%2Fwp%2Fv2%2Fcomments&post=471"}],"version-history":[{"count":48,"href":"https:\/\/site.ac-martinique.fr\/lettres-histoire\/index.php?rest_route=\/wp\/v2\/pages\/471\/revisions"}],"predecessor-version":[{"id":3570,"href":"https:\/\/site.ac-martinique.fr\/lettres-histoire\/index.php?rest_route=\/wp\/v2\/pages\/471\/revisions\/3570"}],"up":[{"embeddable":true,"href":"https:\/\/site.ac-martinique.fr\/lettres-histoire\/index.php?rest_route=\/wp\/v2\/pages\/380"}],"wp:attachment":[{"href":"https:\/\/site.ac-martinique.fr\/lettres-histoire\/index.php?rest_route=%2Fwp%2Fv2%2Fmedia&parent=471"}],"curies":[{"name":"wp","href":"https:\/\/api.w.org\/{rel}","templated":true}]}}