{"id":475,"date":"2014-06-19T19:09:06","date_gmt":"2014-06-19T18:09:06","guid":{"rendered":"\/lettres-histoire\/?page_id=475"},"modified":"2021-06-11T15:33:09","modified_gmt":"2021-06-11T14:33:09","slug":"accompagnement-personnalise","status":"publish","type":"page","link":"https:\/\/site.ac-martinique.fr\/lettres-histoire\/?page_id=475","title":{"rendered":"Accompagnement personnalis\u00e9"},"content":{"rendered":"\n<ul class=\"wp-block-list\"><li><a href=\"\/lettres-histoire\/wp-content\/uploads\/sites\/17\/2014\/05\/Diapo-ACCOMPAGNEMENT-PERSONNALISE.ppt\" target=\"_blank\" rel=\"noopener\">Pr\u00e9sentation<\/a>.<\/li><\/ul>\n\n\n\n<ul class=\"wp-block-list\"><li><a href=\"https:\/\/eduscol.education.fr\/1767\/programmes-et-ressources-en-francais-voie-professionnelle\" target=\"_blank\" rel=\"noopener\">Nouvelles modalit\u00e9s d&rsquo;organisation \u00e0 compter de la rentr\u00e9e 2019.<\/a><\/li><\/ul>\n\n\n\n<ul class=\"wp-block-list\"><li><a href=\"http:\/\/cache.media.eduscol.education.fr\/file\/fam_metiers_et_R_pedagogiques\/32\/0\/Vade-mecum_consolidation_et_AP_1081320.pdf\" target=\"_blank\" rel=\"noopener\">La consolidation des acquis et l\u2019accompagnement personnalis\u00e9.<\/a><\/li><\/ul>\n\n\n\n<ul class=\"wp-block-list\"><li><a href=\"https:\/\/site.ac-martinique.fr\/lettres-histoire\/wp-content\/uploads\/sites\/17\/2019\/10\/Vademecum_accompagnement-orientation_LyceePro21334.pdf\" target=\"_blank\" rel=\"noopener\">L\u2019accompagnement \u00e0 l\u2019orientation en voie professionnelle.<\/a><\/li><\/ul>\n\n\n\n<ul class=\"wp-block-list\"><li><a href=\"https:\/\/site.ac-martinique.fr\/lettres-histoire\/wp-content\/uploads\/sites\/17\/2019\/10\/Vade-mecum_Poursuite_%C3%A9tudes.pdf\" target=\"_blank\" rel=\"noopener\">Pr\u00e9paration \u00e0 la poursuite d\u2019\u00e9tudes.<\/a><\/li><\/ul>\n\n\n\n<ul class=\"wp-block-list\"><li><a href=\"https:\/\/site.ac-martinique.fr\/lettres-histoire\/wp-content\/uploads\/sites\/17\/2019\/10\/Vademecum-module-insertion-professionnelle.pdf\" target=\"_blank\" rel=\"noopener\">Module de pr\u00e9paration \u00e0 l\u2019insertion professionnelle.<\/a><\/li><\/ul>\n\n\n\n<ul class=\"wp-block-list\"><li><a href=\"http:\/\/eduscol.education.fr\/pid25813\/accompagnement-personnalise-au-college.html\">L&rsquo;AP au coll\u00e8ge&nbsp;(rentr\u00e9e 2016)<\/a><\/li><\/ul>\n\n\n\n<ul class=\"wp-block-list\"><li><a title=\"Les \u00e9l\u00e8ves et l\u2019AP.\" href=\"\/lettres-histoire\/?page_id=544\">Les \u00e9l\u00e8ves et l&rsquo;AP.<\/a><\/li><\/ul>\n\n\n\n<ul class=\"wp-block-list\"><li><a title=\"Ressources acad\u00e9miques\" href=\"\/lettres-histoire\/?page_id=541\">Ressources acad\u00e9miques.<\/a><\/li><\/ul>\n\n\n\n<ul class=\"wp-block-list\"><li><a href=\"http:\/\/eduscol.education.fr\/cid60349\/modules-pour-l-accompagnement-personnalise.html\" target=\"_blank\" rel=\"noopener\">Tests de positionnement de seconde et de CAP.<\/a><\/li><\/ul>\n","protected":false},"excerpt":{"rendered":"<p>Pr\u00e9sentation. Nouvelles modalit\u00e9s d&rsquo;organisation \u00e0 compter de la rentr\u00e9e 2019. La consolidation des acquis et l\u2019accompagnement personnalis\u00e9. L\u2019accompagnement \u00e0 l\u2019orientation en voie professionnelle. Pr\u00e9paration \u00e0 la poursuite d\u2019\u00e9tudes. Module de pr\u00e9paration \u00e0 l\u2019insertion professionnelle. L&rsquo;AP au coll\u00e8ge&nbsp;(rentr\u00e9e 2016) Les \u00e9l\u00e8ves et l&rsquo;AP. Ressources acad\u00e9miques. Tests de positionnement de seconde et de CAP.<\/p>\n","protected":false},"author":73,"featured_media":0,"parent":380,"menu_order":0,"comment_status":"closed","ping_status":"closed","template":"","meta":{"footnotes":""},"class_list":["post-475","page","type-page","status-publish","hentry"],"_links":{"self":[{"href":"https:\/\/site.ac-martinique.fr\/lettres-histoire\/index.php?rest_route=\/wp\/v2\/pages\/475","targetHints":{"allow":["GET"]}}],"collection":[{"href":"https:\/\/site.ac-martinique.fr\/lettres-histoire\/index.php?rest_route=\/wp\/v2\/pages"}],"about":[{"href":"https:\/\/site.ac-martinique.fr\/lettres-histoire\/index.php?rest_route=\/wp\/v2\/types\/page"}],"author":[{"embeddable":true,"href":"https:\/\/site.ac-martinique.fr\/lettres-histoire\/index.php?rest_route=\/wp\/v2\/users\/73"}],"replies":[{"embeddable":true,"href":"https:\/\/site.ac-martinique.fr\/lettres-histoire\/index.php?rest_route=%2Fwp%2Fv2%2Fcomments&post=475"}],"version-history":[{"count":9,"href":"https:\/\/site.ac-martinique.fr\/lettres-histoire\/index.php?rest_route=\/wp\/v2\/pages\/475\/revisions"}],"predecessor-version":[{"id":2610,"href":"https:\/\/site.ac-martinique.fr\/lettres-histoire\/index.php?rest_route=\/wp\/v2\/pages\/475\/revisions\/2610"}],"up":[{"embeddable":true,"href":"https:\/\/site.ac-martinique.fr\/lettres-histoire\/index.php?rest_route=\/wp\/v2\/pages\/380"}],"wp:attachment":[{"href":"https:\/\/site.ac-martinique.fr\/lettres-histoire\/index.php?rest_route=%2Fwp%2Fv2%2Fmedia&parent=475"}],"curies":[{"name":"wp","href":"https:\/\/api.w.org\/{rel}","templated":true}]}}