{"id":510,"date":"2014-08-23T13:21:05","date_gmt":"2014-08-23T12:21:05","guid":{"rendered":"\/lettres-histoire\/?page_id=510"},"modified":"2025-12-11T13:31:33","modified_gmt":"2025-12-11T12:31:33","slug":"diplome-national-du-brevet","status":"publish","type":"page","link":"https:\/\/site.ac-martinique.fr\/lettres-histoire\/?page_id=510","title":{"rendered":"Dipl\u00f4me National du Brevet"},"content":{"rendered":"<h4>\u00a0<\/h4>\n<h4><span style=\"color: #000080;\">Modalit\u00e9s d\u2019\u00e9valuation <em>(textes officiels) :<\/em><\/span><\/h4>\n<ul>\n<li><span class=\"contenu_titre_non_image\" style=\"color: #008000;\"><a style=\"color: #008000;\" href=\"https:\/\/eduscol.education.fr\/713\/modalites-d-attribution-du-diplome-national-du-brevet\" target=\"_blank\" rel=\"noopener\">Modalit\u00e9s d&rsquo;attribution du dipl\u00f4me national du brevet<\/a>\u00a0<em>(<strong>EDUSCOL<\/strong>)<\/em><\/span><\/li>\n<li><a href=\"https:\/\/site.ac-martinique.fr\/lettres-histoire\/wp-content\/uploads\/sites\/17\/2025\/12\/2025-memento_controle_continu_3e_1.pdf\" target=\"_blank\" rel=\"noopener\">M\u00e9mento : <em>\u00a0\u00bb \u00c9valuer les \u00e9l\u00e8ves de 3e dans le cadre des nouvelles modalit\u00e9s d\u2019attribution du dipl\u00f4me national du brevet\u00a0\u00bb<\/em><\/a><\/li>\n<li><span style=\"color: #008000;\"><a style=\"color: #008000;\" href=\"\/lettres-histoire\/wp-content\/uploads\/sites\/17\/2017\/03\/ORAL-DNB-2015.doc\" target=\"_blank\" rel=\"noopener\">\u00c9preuve orale<\/a><\/span><\/li>\n<\/ul>\n<h4><span style=\"color: #000080;\">Pr\u00e9sentation du dipl\u00f4me :<\/span><\/h4>\n<ul>\n<li><span style=\"color: #008000;\"><a style=\"color: #008000;\" href=\"https:\/\/www.education.gouv.fr\/bo\/2025\/Hebdo33\/MENE2515977N\" target=\"_blank\" rel=\"noopener\">Modalit\u00e9s d&rsquo;attribution \u00e0 compter de la session 2026<\/a><\/span><\/li>\n<li><span style=\"color: #008000;\"><a style=\"color: #008000;\" href=\"https:\/\/www.education.gouv.fr\/bo\/18\/Hebdo20\/MENE1808779A.htm?cid_bo=129805\" target=\"_blank\" rel=\"noopener\">Adaptation et dispense de certaines \u00e9preuves ou parties d&rsquo;\u00e9preuves<\/a><\/span><\/li>\n<\/ul>\n<h4><span style=\"color: #000080;\"><strong><span style=\"text-decoration: underline;\">Outils\/ Orientations pour les \u00e9preuves du DNB:<\/span><\/strong><\/span><\/h4>\n<ul>\n<li><a href=\"https:\/\/eduscol.education.fr\/cid60618\/preparer-le-dnb-avec-les-sujets-zero.html\" target=\"_blank\" rel=\"noopener\"><span class=\"contenu_titre_non_image\">Pr\u00e9parer le DNB avec les sujets z\u00e9ro et les sujets d&rsquo;annales<\/span><\/a><\/li>\n<li><a href=\"https:\/\/site.ac-martinique.fr\/lettres-histoire\/wp-content\/uploads\/sites\/17\/2014\/05\/livret_scolaire_cap_vierge.pdf\" target=\"_blank\" rel=\"noopener\">Le livret scolaire unique.<\/a><\/li>\n<\/ul>\n\n\n<p><\/p>\n","protected":false},"excerpt":{"rendered":"<p>\u00a0 Modalit\u00e9s d\u2019\u00e9valuation (textes officiels) : Modalit\u00e9s d&rsquo;attribution du dipl\u00f4me national du brevet\u00a0(EDUSCOL) M\u00e9mento : \u00a0\u00bb \u00c9valuer les \u00e9l\u00e8ves de 3e dans le cadre des nouvelles modalit\u00e9s d\u2019attribution du dipl\u00f4me national du brevet\u00a0\u00bb \u00c9preuve orale Pr\u00e9sentation du dipl\u00f4me : Modalit\u00e9s d&rsquo;attribution \u00e0 compter de la session 2026 Adaptation et dispense de certaines \u00e9preuves ou parties &hellip; <a href=\"https:\/\/site.ac-martinique.fr\/lettres-histoire\/?page_id=510\" class=\"more-link\">Continuer la lecture de <span class=\"screen-reader-text\">Dipl\u00f4me National du Brevet<\/span>  <span class=\"meta-nav\">&rarr;<\/span><\/a><\/p>\n","protected":false},"author":73,"featured_media":0,"parent":503,"menu_order":0,"comment_status":"closed","ping_status":"closed","template":"","meta":{"footnotes":""},"class_list":["post-510","page","type-page","status-publish","hentry"],"_links":{"self":[{"href":"https:\/\/site.ac-martinique.fr\/lettres-histoire\/index.php?rest_route=\/wp\/v2\/pages\/510","targetHints":{"allow":["GET"]}}],"collection":[{"href":"https:\/\/site.ac-martinique.fr\/lettres-histoire\/index.php?rest_route=\/wp\/v2\/pages"}],"about":[{"href":"https:\/\/site.ac-martinique.fr\/lettres-histoire\/index.php?rest_route=\/wp\/v2\/types\/page"}],"author":[{"embeddable":true,"href":"https:\/\/site.ac-martinique.fr\/lettres-histoire\/index.php?rest_route=\/wp\/v2\/users\/73"}],"replies":[{"embeddable":true,"href":"https:\/\/site.ac-martinique.fr\/lettres-histoire\/index.php?rest_route=%2Fwp%2Fv2%2Fcomments&post=510"}],"version-history":[{"count":10,"href":"https:\/\/site.ac-martinique.fr\/lettres-histoire\/index.php?rest_route=\/wp\/v2\/pages\/510\/revisions"}],"predecessor-version":[{"id":3643,"href":"https:\/\/site.ac-martinique.fr\/lettres-histoire\/index.php?rest_route=\/wp\/v2\/pages\/510\/revisions\/3643"}],"up":[{"embeddable":true,"href":"https:\/\/site.ac-martinique.fr\/lettres-histoire\/index.php?rest_route=\/wp\/v2\/pages\/503"}],"wp:attachment":[{"href":"https:\/\/site.ac-martinique.fr\/lettres-histoire\/index.php?rest_route=%2Fwp%2Fv2%2Fmedia&parent=510"}],"curies":[{"name":"wp","href":"https:\/\/api.w.org\/{rel}","templated":true}]}}