{"id":515,"date":"2014-08-23T13:28:19","date_gmt":"2014-08-23T12:28:19","guid":{"rendered":"\/lettres-histoire\/?page_id=515"},"modified":"2026-02-05T17:17:04","modified_gmt":"2026-02-05T16:17:04","slug":"cap","status":"publish","type":"page","link":"https:\/\/site.ac-martinique.fr\/lettres-histoire\/?page_id=515","title":{"rendered":"CAP"},"content":{"rendered":"\n<div class=\"wp-block-group\"><div class=\"wp-block-group__inner-container is-layout-flow wp-block-group-is-layout-flow\">\n<h4 class=\"wp-block-heading\"><span style=\"color: #000080\"><span style=\"color:#a30009\" class=\"has-inline-color\">Pr\u00e9sentation du dipl\u00f4me :<\/span><\/span><\/h4>\n\n\n\n<ul class=\"wp-block-list\">\n<li><span style=\"color: #008000\">\u00a0<a style=\"color: #008000\" href=\"https:\/\/cache.media.education.gouv.fr\/file\/35\/35\/2\/ensel757_annexeI_1178352.pdf\" target=\"_blank\" rel=\"noopener\">D\u00e9finition de l\u2019\u00e9preuve \u00e0 compter de la session d\u2019examen 2021<\/a>.<\/span><\/li>\n\n\n\n<li><span style=\"color: #008000\"><a style=\"color: #008000\" href=\"https:\/\/www.education.gouv.fr\/pid285\/bulletin_officiel.html?cid_bo=148209\" target=\"_blank\" rel=\"noopener\">Mise en \u0153uvre du CAP en 1, 2 ou 3 ans.<\/a><\/span><\/li>\n<\/ul>\n\n\n\n<h4 class=\"wp-block-heading\"><span style=\"color:#a30004\" class=\"has-inline-color\">Les modalit\u00e9s d&rsquo;\u00e9valuation :<\/span><\/h4>\n\n\n\n<ul class=\"wp-block-list\">\n<li><span style=\"color: #008000\"><a style=\"color: #008000\" href=\"https:\/\/www.education.gouv.fr\/pid285\/bulletin_officiel.html?cid_bo=144851\" target=\"_blank\" rel=\"noopener\">Nouvelles\u00a0modalit\u00e9s \u00e0 compter de la session d\u2019examen 2021\u00a0<\/a>.<\/span><\/li>\n\n\n\n<li><a href=\"https:\/\/site.ac-martinique.fr\/lettres-histoire\/wp-content\/uploads\/sites\/17\/2026\/02\/Modalites-CAP-HG-EMC-joe_20260109_0007_0022.pdf\" target=\"_blank\" rel=\"noreferrer noopener\">Modification de l&rsquo;arr\u00eat\u00e9 datant du 9 Janvier 2026.<\/a><\/li>\n\n\n\n<li><a href=\"https:\/\/site.ac-martinique.fr\/lettres-histoire\/wp-content\/uploads\/sites\/17\/2020\/01\/Chef-d-Oeuvre-Modalites-Evaluation-joe_2019122413255.pdf\" target=\"_blank\" rel=\"noreferrer noopener\"><strong>Chef d\u2019oeuvre<\/strong>\u00a0(modalit\u00e9s d\u2019\u00e9valuation)<\/a><\/li>\n<\/ul>\n\n\n\n<h4 class=\"wp-block-heading\"><span style=\"color:#a30004\" class=\"has-inline-color\">Fiches d&rsquo;\u00e9valuation :<\/span><\/h4>\n\n\n\n<p><\/p>\n\n\n\n<ul id=\"block-4d8513f8-69cc-4803-8a97-fff4bb456fe9\" class=\"wp-block-list\">\n<li><a href=\"https:\/\/site.ac-martinique.fr\/lettres-histoire\/wp-content\/uploads\/sites\/17\/2021\/05\/capponctFR.pdf\" target=\"_blank\" rel=\"noreferrer noopener\">Fiche d\u2019\u00e9valuation en Fran\u00e7ais (\u00e9preuve ponctuelle)<\/a><\/li>\n\n\n\n<li><a href=\"https:\/\/site.ac-martinique.fr\/lettres-histoire\/wp-content\/uploads\/sites\/17\/2021\/05\/capccf-fr.pdf\" target=\"_blank\" rel=\"noreferrer noopener\">Fiche d&rsquo;\u00e9valuation Fran\u00e7ais (CCF)<\/a><\/li>\n\n\n\n<li><a href=\"https:\/\/site.ac-martinique.fr\/lettres-histoire\/wp-content\/uploads\/sites\/17\/2021\/05\/Annexe-IBcapponctuel.pdf\" target=\"_blank\" rel=\"noreferrer noopener\">Fiche d&rsquo;\u00e9valuation Histoire-G\u00e9o (\u00e9preuve ponctuelle)<\/a><\/li>\n\n\n\n<li><a href=\"https:\/\/site.ac-martinique.fr\/lettres-histoire\/wp-content\/uploads\/sites\/17\/2021\/05\/capccfhistgeo.pdf\" target=\"_blank\" rel=\"noreferrer noopener\">Fiche d\u2019\u00e9valuation en Histoire-G\u00e9o (CCF)<\/a><\/li>\n<\/ul>\n\n\n\n<h4 class=\"wp-block-heading\"><span style=\"color:#a30009\" class=\"has-inline-color\">Notes de cadrage :&nbsp;<\/span><\/h4>\n\n\n\n<ul class=\"wp-block-list\">\n<li><span style=\"color: #008000\"><a style=\"color: #008000\" href=\"\/lettres-histoire\/wp-content\/uploads\/sites\/17\/2014\/08\/Note-relative-aux-epreuves-HG20482.pdf\" target=\"_blank\" rel=\"noopener\">Note de cadrage concernant l\u2019\u00e9preuve d\u2019Histoire-G\u00e9ographie<\/a><\/span><\/li>\n\n\n\n<li><span style=\"color: #008000\"><a style=\"color: #008000\" href=\"\/lettres-histoire\/wp-content\/uploads\/sites\/17\/2014\/08\/Note-de-cadrage-relative-aux-CCF-de-Fran%C3%A7ais-en-CAP20923.pdf\" target=\"_blank\" rel=\"noopener\">Note de cadrage concernant l\u2019\u00e9preuve de Fran\u00e7ais<\/a><\/span>\u00a0<em>(CCF et \u00e9preuve ponctuelle<\/em>)<\/li>\n<\/ul>\n<\/div><\/div>\n","protected":false},"excerpt":{"rendered":"<p>Pr\u00e9sentation du dipl\u00f4me : Les modalit\u00e9s d&rsquo;\u00e9valuation : Fiches d&rsquo;\u00e9valuation : Notes de cadrage :&nbsp;<\/p>\n","protected":false},"author":73,"featured_media":0,"parent":503,"menu_order":0,"comment_status":"closed","ping_status":"closed","template":"","meta":{"footnotes":""},"class_list":["post-515","page","type-page","status-publish","hentry"],"_links":{"self":[{"href":"https:\/\/site.ac-martinique.fr\/lettres-histoire\/index.php?rest_route=\/wp\/v2\/pages\/515","targetHints":{"allow":["GET"]}}],"collection":[{"href":"https:\/\/site.ac-martinique.fr\/lettres-histoire\/index.php?rest_route=\/wp\/v2\/pages"}],"about":[{"href":"https:\/\/site.ac-martinique.fr\/lettres-histoire\/index.php?rest_route=\/wp\/v2\/types\/page"}],"author":[{"embeddable":true,"href":"https:\/\/site.ac-martinique.fr\/lettres-histoire\/index.php?rest_route=\/wp\/v2\/users\/73"}],"replies":[{"embeddable":true,"href":"https:\/\/site.ac-martinique.fr\/lettres-histoire\/index.php?rest_route=%2Fwp%2Fv2%2Fcomments&post=515"}],"version-history":[{"count":10,"href":"https:\/\/site.ac-martinique.fr\/lettres-histoire\/index.php?rest_route=\/wp\/v2\/pages\/515\/revisions"}],"predecessor-version":[{"id":3662,"href":"https:\/\/site.ac-martinique.fr\/lettres-histoire\/index.php?rest_route=\/wp\/v2\/pages\/515\/revisions\/3662"}],"up":[{"embeddable":true,"href":"https:\/\/site.ac-martinique.fr\/lettres-histoire\/index.php?rest_route=\/wp\/v2\/pages\/503"}],"wp:attachment":[{"href":"https:\/\/site.ac-martinique.fr\/lettres-histoire\/index.php?rest_route=%2Fwp%2Fv2%2Fmedia&parent=515"}],"curies":[{"name":"wp","href":"https:\/\/api.w.org\/{rel}","templated":true}]}}