{"id":527,"date":"2014-08-23T14:14:48","date_gmt":"2014-08-23T13:14:48","guid":{"rendered":"\/lettres-histoire\/?page_id=527"},"modified":"2022-09-21T14:06:22","modified_gmt":"2022-09-21T13:06:22","slug":"bac-pro","status":"publish","type":"page","link":"https:\/\/site.ac-martinique.fr\/lettres-histoire\/?page_id=527","title":{"rendered":"BAC PRO"},"content":{"rendered":"\n<p><\/p>\n\n\n\n<h4 class=\"wp-block-heading\" id=\"note-de-service\"><mark style=\"background-color:rgba(0, 0, 0, 0);color:#06189e\" class=\"has-inline-color\"><a rel=\"noreferrer noopener\" href=\"https:\/\/www.education.gouv.fr\/bo\/21\/Hebdo47\/MENE2135369N.htm\" data-type=\"URL\" data-id=\"https:\/\/www.education.gouv.fr\/bo\/21\/Hebdo47\/MENE2135369N.htm\" target=\"_blank\">Note de service<\/a><\/mark><\/h4>\n\n\n\n<h4 class=\"wp-block-heading\" id=\"modalites-d-evaluation\"><span style=\"color: #000080;\">Modalit\u00e9s d\u2019\u00e9valuation :<\/span><\/h4>\n\n\n\n<p><\/p>\n\n\n\n<p><strong>Epreuve ponctuelle :<\/strong><\/p>\n\n\n\n<ul class=\"wp-block-list\"><li><a rel=\"noreferrer noopener\" href=\"https:\/\/site.ac-martinique.fr\/lettres-histoire\/wp-content\/uploads\/sites\/17\/2021\/12\/ponctuelle-bac-pro-fr-bon.pdf\" data-type=\"URL\" data-id=\"https:\/\/site.ac-martinique.fr\/lettres-histoire\/wp-content\/uploads\/sites\/17\/2021\/12\/ponctuelle-bac-pro-fr-bon.pdf\" target=\"_blank\">Grille d&rsquo;\u00e9valuation en Fran\u00e7ais<\/a><\/li><li><a rel=\"noreferrer noopener\" href=\"https:\/\/site.ac-martinique.fr\/lettres-histoire\/wp-content\/uploads\/sites\/17\/2021\/12\/ponctuel-bac-pro-hg.pdf\" data-type=\"URL\" data-id=\"https:\/\/site.ac-martinique.fr\/lettres-histoire\/wp-content\/uploads\/sites\/17\/2021\/12\/ponctuel-bac-pro-hg.pdf\" target=\"_blank\">Grille d&rsquo;\u00e9valuation en Histoire G\u00e9o EMC<\/a><\/li><\/ul>\n\n\n\n<p><strong>Epreuve de contr\u00f4le :<\/strong><\/p>\n\n\n\n<ul class=\"wp-block-list\"><li><a href=\"https:\/\/www.education.gouv.fr\/bo\/22\/Hebdo4\/MENE2139306N.htm\" data-type=\"URL\" data-id=\"https:\/\/www.education.gouv.fr\/bo\/22\/Hebdo4\/MENE2139306N.htm\" target=\"_blank\" rel=\"noreferrer noopener\">Modalit\u00e9s d&rsquo;organisation.<\/a><\/li><li><a href=\"https:\/\/site.ac-martinique.fr\/lettres-histoire\/wp-content\/uploads\/sites\/17\/2022\/02\/ensel306_annexe4_1423860.pdf\" data-type=\"URL\" data-id=\"https:\/\/site.ac-martinique.fr\/lettres-histoire\/wp-content\/uploads\/sites\/17\/2022\/02\/ensel306_annexe4_1423860.pdf\" target=\"_blank\" rel=\"noreferrer noopener\">Grille d&rsquo;\u00e9valuation en Fran\u00e7ais.<\/a><\/li><li><a href=\"https:\/\/site.ac-martinique.fr\/lettres-histoire\/wp-content\/uploads\/sites\/17\/2022\/02\/ensel306_annexe5_1423862.pdf\" data-type=\"URL\" data-id=\"https:\/\/site.ac-martinique.fr\/lettres-histoire\/wp-content\/uploads\/sites\/17\/2022\/02\/ensel306_annexe5_1423862.pdf\" target=\"_blank\" rel=\"noreferrer noopener\">Grille d&rsquo;\u00e9valuation en HGEMC.<\/a><\/li><\/ul>\n\n\n\n<p><strong>CCF:<\/strong><\/p>\n\n\n\n<ul class=\"wp-block-list\"><li><a rel=\"noreferrer noopener\" href=\"https:\/\/site.ac-martinique.fr\/lettres-histoire\/wp-content\/uploads\/sites\/17\/2021\/12\/ccf-fr-bac-pro-b.pdf\" data-type=\"URL\" data-id=\"https:\/\/site.ac-martinique.fr\/lettres-histoire\/wp-content\/uploads\/sites\/17\/2021\/12\/ccf-fr-bac-pro-b.pdf\" target=\"_blank\">CCF : Grille d&rsquo;\u00e9valuation en Fran\u00e7ais.<\/a><\/li><li><a rel=\"noreferrer noopener\" href=\"https:\/\/site.ac-martinique.fr\/lettres-histoire\/wp-content\/uploads\/sites\/17\/2021\/12\/ccf-bac-pro-hg.pdf\" data-type=\"URL\" data-id=\"https:\/\/site.ac-martinique.fr\/lettres-histoire\/wp-content\/uploads\/sites\/17\/2021\/12\/ccf-bac-pro-hg.pdf\" target=\"_blank\">CCF : Grille d&rsquo;\u00e9valuation en Histoire-G\u00e9o-EMC<\/a><\/li><\/ul>\n\n\n\n<p><strong>LSL (Livret Scolaire du Lyc\u00e9e) :<\/strong><\/p>\n\n\n\n<ul class=\"wp-block-list\"><li><a href=\"https:\/\/www.education.gouv.fr\/bo\/20\/Hebdo28\/MENE2012530A.htm\" data-type=\"URL\" data-id=\"https:\/\/www.education.gouv.fr\/bo\/20\/Hebdo28\/MENE2012530A.htm\" target=\"_blank\" rel=\"noreferrer noopener\">BO n\u00b028 du 10 Juillet.<\/a><\/li><li><a href=\"https:\/\/cache.media.education.gouv.fr\/file\/28\/61\/2\/ensel530_annexe1_1305612.pdf\" data-type=\"URL\" data-id=\"https:\/\/cache.media.education.gouv.fr\/file\/28\/61\/2\/ensel530_annexe1_1305612.pdf\" target=\"_blank\" rel=\"noreferrer noopener\">Livret scolaire pour l&rsquo;examen du bac pro.<\/a><\/li><\/ul>\n\n\n\n<p><\/p>\n\n\n\n<p><strong><span style=\"color:#ff0000\" class=\"has-inline-color\">ATTENTION&nbsp;<\/span><\/strong>! Il est \u00e0 noter que l\u2019ensemble des candidats,&nbsp;<strong>\u00e0 l\u2019exception de ceux ayant pr\u00e9par\u00e9 le baccalaur\u00e9at professionnel par la voie de la formation professionnelle continue dans un \u00e9tablissement public habilit\u00e9 \u00e0 pratiquer l\u2019\u00e9valuation en contr\u00f4le en cours de formation int\u00e9gral<\/strong>, sont \u00e9valu\u00e9s sous la&nbsp;<span class=\"has-inline-color\"><strong>forme ponctuelle<\/strong>&nbsp;<\/span>pour les unit\u00e9s g\u00e9n\u00e9rales obligatoires de&nbsp;fran\u00e7ais&nbsp;et d\u2019histoire-g\u00e9ographie, enseignement moral et civique&nbsp;<em>( voir article 4 du BO 30 du 23 juillet 2020)<\/em><\/p>\n\n\n\n<ul class=\"wp-block-list\"><li><span style=\"color: #ff0000;\"><strong><a style=\"color: #ff0000;\" href=\"https:\/\/www.legifrance.gouv.fr\/eli\/arrete\/2020\/6\/17\/MENE2015195A\/jo\/texte?s=09\" target=\"_blank\" rel=\"noopener\">Nouvelles&nbsp;modalit\u00e9s \u00e0 compter de la session d\u2019examen 2022<\/a><\/strong><\/span><\/li><\/ul>\n\n\n\n<h4 class=\"wp-block-heading\">&nbsp;<\/h4>\n","protected":false},"excerpt":{"rendered":"<p>Note de service Modalit\u00e9s d\u2019\u00e9valuation : Epreuve ponctuelle : Grille d&rsquo;\u00e9valuation en Fran\u00e7ais Grille d&rsquo;\u00e9valuation en Histoire G\u00e9o EMC Epreuve de contr\u00f4le : Modalit\u00e9s d&rsquo;organisation. Grille d&rsquo;\u00e9valuation en Fran\u00e7ais. Grille d&rsquo;\u00e9valuation en HGEMC. CCF: CCF : Grille d&rsquo;\u00e9valuation en Fran\u00e7ais. CCF : Grille d&rsquo;\u00e9valuation en Histoire-G\u00e9o-EMC LSL (Livret Scolaire du Lyc\u00e9e) : BO n\u00b028 du &hellip; <a href=\"https:\/\/site.ac-martinique.fr\/lettres-histoire\/?page_id=527\" class=\"more-link\">Continuer la lecture de <span class=\"screen-reader-text\">BAC PRO<\/span>  <span class=\"meta-nav\">&rarr;<\/span><\/a><\/p>\n","protected":false},"author":73,"featured_media":0,"parent":503,"menu_order":0,"comment_status":"closed","ping_status":"closed","template":"","meta":{"footnotes":""},"class_list":["post-527","page","type-page","status-publish","hentry"],"_links":{"self":[{"href":"https:\/\/site.ac-martinique.fr\/lettres-histoire\/index.php?rest_route=\/wp\/v2\/pages\/527","targetHints":{"allow":["GET"]}}],"collection":[{"href":"https:\/\/site.ac-martinique.fr\/lettres-histoire\/index.php?rest_route=\/wp\/v2\/pages"}],"about":[{"href":"https:\/\/site.ac-martinique.fr\/lettres-histoire\/index.php?rest_route=\/wp\/v2\/types\/page"}],"author":[{"embeddable":true,"href":"https:\/\/site.ac-martinique.fr\/lettres-histoire\/index.php?rest_route=\/wp\/v2\/users\/73"}],"replies":[{"embeddable":true,"href":"https:\/\/site.ac-martinique.fr\/lettres-histoire\/index.php?rest_route=%2Fwp%2Fv2%2Fcomments&post=527"}],"version-history":[{"count":13,"href":"https:\/\/site.ac-martinique.fr\/lettres-histoire\/index.php?rest_route=\/wp\/v2\/pages\/527\/revisions"}],"predecessor-version":[{"id":3109,"href":"https:\/\/site.ac-martinique.fr\/lettres-histoire\/index.php?rest_route=\/wp\/v2\/pages\/527\/revisions\/3109"}],"up":[{"embeddable":true,"href":"https:\/\/site.ac-martinique.fr\/lettres-histoire\/index.php?rest_route=\/wp\/v2\/pages\/503"}],"wp:attachment":[{"href":"https:\/\/site.ac-martinique.fr\/lettres-histoire\/index.php?rest_route=%2Fwp%2Fv2%2Fmedia&parent=527"}],"curies":[{"name":"wp","href":"https:\/\/api.w.org\/{rel}","templated":true}]}}