{"id":533,"date":"2014-08-23T14:25:46","date_gmt":"2014-08-23T13:25:46","guid":{"rendered":"\/lettres-histoire\/?page_id=533"},"modified":"2024-12-12T14:22:42","modified_gmt":"2024-12-12T13:22:42","slug":"bts","status":"publish","type":"page","link":"https:\/\/site.ac-martinique.fr\/lettres-histoire\/?page_id=533","title":{"rendered":"BTS"},"content":{"rendered":"<div class=\"wp-block-image\">\n<figure class=\"alignleft size-full is-resized\"><a href=\"https:\/\/site.ac-martinique.fr\/lettres-histoire\/wp-content\/uploads\/sites\/17\/2014\/10\/nouveau.gif\"><img loading=\"lazy\" decoding=\"async\" width=\"216\" height=\"125\" src=\"https:\/\/site.ac-martinique.fr\/lettres-histoire\/wp-content\/uploads\/sites\/17\/2014\/10\/nouveau.gif\" alt=\"\" class=\"wp-image-703\" style=\"width:82px;height:auto\"\/><\/a><\/figure>\n<\/div>\n\n<p><a href=\"https:\/\/www.education.gouv.fr\/sites\/default\/files\/ensecsup835_annexe1-v2.pdf\" target=\"_blank\" rel=\"noopener\"><strong>Calendrier des \u00e9preuves communes (Session 2025).<\/strong><\/a><\/p>\n<h4><span style=\"color: #000080;\">Modalit\u00e9s d\u2019\u00e9valuation\u00a0<\/span><span style=\"color: #000080;\">(textes officiels)<\/span><\/h4>\n<ul>\n<li style=\"list-style-type: none\">\n<ul>\n<li><a href=\"https:\/\/site.ac-martinique.fr\/lettres-histoire\/wp-content\/uploads\/sites\/17\/2023\/09\/DANS-MA-MAISONsujet042716.pdf\" target=\"_blank\" rel=\"noopener\">Sujet z\u00e9ro pour la nouvelle \u00e9preuve de BTS session d&rsquo;examen 2025.<\/a><\/li>\n<li><a href=\"https:\/\/site.ac-martinique.fr\/lettres-histoire\/wp-content\/uploads\/sites\/17\/2024\/12\/Sujet-0-CGE-sur-programme_ATable_FIN.pdf\" target=\"_blank\" rel=\"noreferrer noopener\">Un second sujet z\u00e9ro sur le th\u00e8me en vigueur pour 2024-2025,<\/a><\/li>\n<li><a href=\"https:\/\/site.ac-martinique.fr\/lettres-histoire\/wp-content\/uploads\/sites\/17\/2024\/12\/BTS_CGE_FAQ24_FIN.pdf\" target=\"_blank\" rel=\"noreferrer noopener\">Une foire \u00e0 questions,<\/a><\/li>\n<li><a href=\"https:\/\/site.ac-martinique.fr\/lettres-histoire\/wp-content\/uploads\/sites\/17\/2024\/12\/Outil_Evaluation_CGE_FIN.pdf\" target=\"_blank\" rel=\"noreferrer noopener\">Un outil d\u2019aide \u00e0 l\u2019\u00e9valuation<em> (qui sera ins\u00e9r\u00e9 dans les corrig\u00e9s nationaux).<\/em><\/a><\/li>\n<li><a href=\"https:\/\/site.ac-martinique.fr\/lettres-histoire\/wp-content\/uploads\/sites\/17\/2023\/09\/BTS-JO-2-aout-2023-nouvelles-modalites-dexamens-en-CGE42381.pdf\" target=\"_blank\" rel=\"noopener\">D\u00e9finition de l&rsquo;\u00e9preuve de culture g\u00e9n\u00e9rale et expression pour l&rsquo;examen de BTS (<strong>Session d&rsquo;examen 2025<\/strong>)\u00a0<\/a><\/li>\n<li><a href=\"https:\/\/www.education.gouv.fr\/sites\/default\/files\/ensecsup314_annexe1-v2.pdf\" target=\"_blank\" rel=\"noopener\">\u00c9preuve de contr\u00f4le : Grille d&rsquo;\u00e9valuation nationale en CGE.<\/a><\/li>\n<\/ul>\n<\/li>\n<\/ul>\n<br \/>\n<h4><span style=\"color: #000080;\">Outils\/ Orientations pour l&rsquo;\u00e9preuve.<\/span><\/h4>\n<ul>\n<li><a href=\"\/lettres-histoire\/wp-content\/uploads\/sites\/17\/2014\/05\/CharteExaminateur_BTS1.pdf\" target=\"_blank\" rel=\"noopener\">Charte des examinateurs.<\/a><\/li>\n<li><a href=\"\/lettres-histoire\/wp-content\/uploads\/sites\/17\/2014\/05\/Note_IG_CCF_bts1.pdf\" target=\"_blank\" rel=\"noopener\">Note des IG sur le CCF.<\/a><\/li>\n<\/ul>","protected":false},"excerpt":{"rendered":"<p>Calendrier des \u00e9preuves communes (Session 2025). Modalit\u00e9s d\u2019\u00e9valuation\u00a0(textes officiels) Sujet z\u00e9ro pour la nouvelle \u00e9preuve de BTS session d&rsquo;examen 2025. Un second sujet z\u00e9ro sur le th\u00e8me en vigueur pour 2024-2025, Une foire \u00e0 questions, Un outil d\u2019aide \u00e0 l\u2019\u00e9valuation (qui sera ins\u00e9r\u00e9 dans les corrig\u00e9s nationaux). D\u00e9finition de l&rsquo;\u00e9preuve de culture g\u00e9n\u00e9rale et expression &hellip; <a href=\"https:\/\/site.ac-martinique.fr\/lettres-histoire\/?page_id=533\" class=\"more-link\">Continuer la lecture de <span class=\"screen-reader-text\">BTS<\/span>  <span class=\"meta-nav\">&rarr;<\/span><\/a><\/p>\n","protected":false},"author":73,"featured_media":0,"parent":503,"menu_order":0,"comment_status":"closed","ping_status":"closed","template":"","meta":{"footnotes":""},"class_list":["post-533","page","type-page","status-publish","hentry"],"_links":{"self":[{"href":"https:\/\/site.ac-martinique.fr\/lettres-histoire\/index.php?rest_route=\/wp\/v2\/pages\/533","targetHints":{"allow":["GET"]}}],"collection":[{"href":"https:\/\/site.ac-martinique.fr\/lettres-histoire\/index.php?rest_route=\/wp\/v2\/pages"}],"about":[{"href":"https:\/\/site.ac-martinique.fr\/lettres-histoire\/index.php?rest_route=\/wp\/v2\/types\/page"}],"author":[{"embeddable":true,"href":"https:\/\/site.ac-martinique.fr\/lettres-histoire\/index.php?rest_route=\/wp\/v2\/users\/73"}],"replies":[{"embeddable":true,"href":"https:\/\/site.ac-martinique.fr\/lettres-histoire\/index.php?rest_route=%2Fwp%2Fv2%2Fcomments&post=533"}],"version-history":[{"count":9,"href":"https:\/\/site.ac-martinique.fr\/lettres-histoire\/index.php?rest_route=\/wp\/v2\/pages\/533\/revisions"}],"predecessor-version":[{"id":3529,"href":"https:\/\/site.ac-martinique.fr\/lettres-histoire\/index.php?rest_route=\/wp\/v2\/pages\/533\/revisions\/3529"}],"up":[{"embeddable":true,"href":"https:\/\/site.ac-martinique.fr\/lettres-histoire\/index.php?rest_route=\/wp\/v2\/pages\/503"}],"wp:attachment":[{"href":"https:\/\/site.ac-martinique.fr\/lettres-histoire\/index.php?rest_route=%2Fwp%2Fv2%2Fmedia&parent=533"}],"curies":[{"name":"wp","href":"https:\/\/api.w.org\/{rel}","templated":true}]}}