{"id":636,"date":"2014-09-29T20:39:54","date_gmt":"2014-09-29T19:39:54","guid":{"rendered":"\/lettres-histoire\/?page_id=636"},"modified":"2023-06-09T16:45:57","modified_gmt":"2023-06-09T15:45:57","slug":"utiliser-les-outils-du-numerique","status":"publish","type":"page","link":"https:\/\/site.ac-martinique.fr\/lettres-histoire\/?page_id=636","title":{"rendered":"Utiliser les outils du num\u00e9rique"},"content":{"rendered":"\n<p><\/p>\n\n\n\n<ul class=\"wp-block-list\">\n<li>Construire une frise chronologique avec CANVA (<a href=\"https:\/\/site.ac-martinique.fr\/lettres-histoire\/wp-content\/uploads\/sites\/17\/2023\/06\/Scenario.pdf\" target=\"_blank\" rel=\"noreferrer noopener\">sc\u00e9nario<\/a>, <a href=\"https:\/\/site.ac-martinique.fr\/lettres-histoire\/wp-content\/uploads\/sites\/17\/2023\/06\/Le-scenario-propose-d.pdf\" target=\"_blank\" rel=\"noreferrer noopener\">fiche PIX<\/a>, <a href=\"https:\/\/site.ac-martinique.fr\/lettres-histoire\/wp-content\/uploads\/sites\/17\/2023\/06\/Realiser-une-frise-chronologique.pdf\" target=\"_blank\" rel=\"noreferrer noopener\">tableau <\/a> )<\/li>\n<\/ul>\n\n\n\n<ul class=\"wp-block-list\">\n<li><a href=\"https:\/\/site.ac-martinique.fr\/lettres-histoire\/wp-content\/uploads\/sites\/17\/2023\/06\/Creer-ses-flashcards-pour-reviser-les-reperes-et-notions-cles39988.pdf\" target=\"_blank\" rel=\"noreferrer noopener\">R\u00e9aliser des flashcards de r\u00e9vision sur la Digitale.dev<\/a><\/li>\n<\/ul>\n\n\n\n<ul class=\"wp-block-list\">\n<li>Cr\u00e9er un livre num\u00e9rique avec CANVA (<a rel=\"noreferrer noopener\" href=\"https:\/\/site.ac-martinique.fr\/lettres-histoire\/wp-content\/uploads\/sites\/17\/2023\/06\/Scenario-fiche-PIX-CANVA_AUTOBIOGRAPHIE.pdf\" target=\"_blank\">fiche  pix<\/a>, <a rel=\"noreferrer noopener\" href=\"https:\/\/site.ac-martinique.fr\/lettres-histoire\/wp-content\/uploads\/sites\/17\/2023\/06\/Creer-un-livre-numerique.pdf\" target=\"_blank\">sc\u00e9nario<\/a>).<\/li>\n<\/ul>\n\n\n\n<ul class=\"wp-block-list\">\n<li>Pr\u00e9sente-toi avec <strong><em>QWIQR<\/em><\/strong> <strong><mark style=\"background-color:rgba(0, 0, 0, 0);color:#a30000\" class=\"has-inline-color\">( \u00e0 venir)&nbsp;<\/mark><\/strong><\/li>\n<\/ul>\n\n\n\n<ul class=\"wp-block-list\">\n<li><a href=\"https:\/\/view.genial.ly\/6038e6769be13b0d4f51a27e\" data-type=\"URL\" data-id=\"https:\/\/view.genial.ly\/6038e6769be13b0d4f51a27e\" target=\"_blank\" rel=\"noreferrer noopener\">Cr\u00e9er sa classe virtuelle avec <em><strong>Genially<\/strong> <\/em><\/a><\/li>\n<\/ul>\n\n\n\n<ul class=\"wp-block-list\">\n<li><a rel=\"noreferrer noopener\" href=\"https:\/\/site.ac-martinique.fr\/lettres-histoire\/wp-content\/uploads\/sites\/17\/2021\/06\/Pandor-et-Vulcain-activites-HetF-au-travail-.pdf\" data-type=\"URL\" data-id=\"https:\/\/site.ac-martinique.fr\/lettres-histoire\/wp-content\/uploads\/sites\/17\/2021\/06\/Pandor-et-Vulcain-activites-HetF-au-travail-.pdf\" target=\"_blank\">Exemple d\u2019enseignement hybride&nbsp; avec <em><strong>Quizini\u00e8re<\/strong> <\/em>sur&nbsp; <em>Hommes et femmes au travail en m\u00e9tropole et dans les colonies fran\u00e7aises, XIX<sup>e<\/sup>&nbsp;-XX<sup>e&nbsp;<\/sup><\/em> <\/a><\/li>\n<\/ul>\n\n\n\n<ul class=\"wp-block-list\">\n<li><p><a href=\"https:\/\/view.genial.ly\/608acccd35d83d0db2626f97\/interactive-content-videogame-d-histoire\" data-type=\"URL\" data-id=\"https:\/\/view.genial.ly\/608acccd35d83d0db2626f97\/interactive-content-videogame-d-histoire\" target=\"_blank\" rel=\"noreferrer noopener\">R\u00e9visons nos le\u00e7ons d\u2019Histoire-G\u00e9o avec <strong><em>Genially<\/em><\/strong><em style=\"font-size: inherit\">  <span style=\"color:#a30d00\" class=\"has-inline-color\">(Le jeu des puissances dans les relations internationales depuis 1945)<\/span><\/em><\/a><\/p><\/li>\n\n\n\n<li><p><a href=\"https:\/\/view.genial.ly\/609a8a078afaa80d89a3fcf2\/interactive-content-revisons-le-programme-dhistoire\" data-type=\"URL\" data-id=\"https:\/\/view.genial.ly\/609a8a078afaa80d89a3fcf2\/interactive-content-revisons-le-programme-dhistoire\" target=\"_blank\" rel=\"noreferrer noopener\">R\u00e9visons nos le\u00e7ons d&rsquo;Histoire-G\u00e9o avec <strong><em>Genially <\/em><\/strong><em><span style=\"color:#a30000\" class=\"has-inline-color\">( Vivre en d\u00e9mocratie depuis 1945 )<\/span><\/em><\/a><\/p><\/li>\n<\/ul>\n\n\n\n<ul class=\"wp-block-list\">\n<li> <strong>QWIQR<\/strong><\/li>\n<\/ul>\n\n\n\n<p><em><strong>QwiQR<\/strong> vous permet de partager&nbsp;facilement un commentaire audio, une image, un lien\u2026 avec un QR-Code que vous pouvez coller sur une fiche, un cahier d&rsquo;\u00e9l\u00e8ve&#8230; Cliquez <a href=\"\/lettres-histoire\/wp-content\/uploads\/sites\/17\/2014\/09\/QWIQR.pdf\" target=\"_blank\" rel=\"noopener\">ici <\/a>pour d\u00e9couvrir le tutoriel.<\/em><\/p>\n\n\n\n<ul class=\"wp-block-list\">\n<li><strong>GLIDEAPPS<\/strong><\/li>\n<\/ul>\n\n\n\n<p><em><strong>GlideApps<\/strong> vous propose de cr\u00e9er une application gr\u00e2ce un simple&nbsp; fichier Google Sheets. D\u00e9couvrez son tutoriel ainsi qu&rsquo;un exemple&nbsp;<a href=\"\/lettres-histoire\/wp-content\/uploads\/sites\/17\/2020\/06\/tutoglideb.pdf\" target=\"_blank\" rel=\"noopener\">ICI<\/a>.<\/em><\/p>\n\n\n\n<ul class=\"wp-block-list\">\n<li><strong>MENTIMETER<\/strong><\/li>\n<\/ul>\n\n\n\n<p><em>D\u00e9couvrez ce tutoriel sur <strong>Mentimeter<\/strong>,&nbsp;outil en ligne qui va vous permettre d\u2019animer vos cours ou pr\u00e9sentations. Les \u00e9l\u00e8ves sont&nbsp;appel\u00e9s \u00e0 interagir avec votre expos\u00e9. Cliquez <a href=\"\/lettres-histoire\/wp-content\/uploads\/sites\/17\/2020\/06\/tuto-menti_good.pdf\" target=\"_blank\" rel=\"noopener\">ICI <\/a>pour en savoir plus.<\/em><\/p>\n\n\n\n<ul class=\"wp-block-list\">\n<li><strong>KLAXOON<\/strong><\/li>\n<\/ul>\n\n\n\n<p><em>Un tutoriel sur <strong>Klaxoon<\/strong>, solution ludique et 100 % interactive permettant de dynamiser les sessions de travail en groupe (cours, ou formations) dans le but de favoriser le dialogue et l\u2019intelligence collective. Cliquez <a href=\"\/lettres-histoire\/wp-content\/uploads\/sites\/17\/2020\/06\/klaxoontutog.pdf\" target=\"_blank\" rel=\"noopener\">ICI <\/a>pour d\u00e9couvrir ce tutoriel ainsi qu&rsquo;un exemple.<\/em><\/p>\n\n\n\n<ul class=\"wp-block-list\">\n<li><strong>TRIBU<\/strong><\/li>\n<\/ul>\n\n\n\n<p><em>Un tutoriel pour acc\u00e9der et utiliser la plateforme TRIBU. Cliquez <a href=\"\/lettres-histoire\/wp-content\/uploads\/sites\/17\/2014\/09\/D\u00e9couvrons-tribu.pdf\" target=\"_blank\" rel=\"noopener\">ici<\/a>.<\/em><\/p>\n\n\n\n<ul class=\"wp-block-list\">\n<li><strong>1001 Lettres Martinique<\/strong><\/li>\n<\/ul>\n\n\n\n<p><em>1001 Lettres Martinique&nbsp;by OPCALIA est un outil p\u00e9dagogique innovant et ludique qui permet de (r\u00e9)activer ses&nbsp;connaissances&nbsp;et de consolider les savoirs fondamentaux pour ma\u00eetriser les comp\u00e9tences de base.&nbsp; Cliquez <a href=\"\/lettres-histoire\/wp-content\/uploads\/sites\/17\/2019\/05\/1001-Lettres-Martinique.pdf\" target=\"_blank\" rel=\"noopener\">ici <\/a>pour d\u00e9couvrir ce tutoriel.<\/em><\/p>\n\n\n\n<ul class=\"wp-block-list\">\n<li> <strong style=\"color: inherit;font-size: 18px\">La QuiZini\u00e8re<\/strong> <\/li>\n<\/ul>\n\n\n\n<p><em>Ce tutoriel vous fera d\u00e9couvrir La Quizini\u00e8re,&nbsp;une plateforme en ligne propos\u00e9e par Canop\u00e9 qui permet de&nbsp;cr\u00e9er sur le web exercices, quiz et autres \u00e9valuations et de les diffuser aupr\u00e8s des \u00e9l\u00e8ves.&nbsp; Cliquez <a href=\"\/lettres-histoire\/wp-content\/uploads\/sites\/17\/2019\/05\/Pr\u00e9sentation-GRF-_-La-Quizini\u00e8re.pdf\" target=\"_blank\" rel=\"noopener\">ici<\/a>.<\/em><\/p>\n\n\n\n<ul class=\"wp-block-list\">\n<li> <strong style=\"color: inherit;font-size: 18px\">Edpuzzle<\/strong> <\/li>\n<\/ul>\n\n\n\n<p><em>Cet outil vous permettra de&nbsp;cr\u00e9er des le\u00e7ons interactives pour vos \u00e9l\u00e8ves \u00e0 partir de n\u2019importe quelle vid\u00e9o.&nbsp;Vous pouvez ainsi y ins\u00e9rer vos quiz et vos commentaires. Cliquez <a href=\"\/lettres-histoire\/wp-content\/uploads\/sites\/17\/2019\/05\/tuto-ed-puzzle.pdf\" target=\"_blank\" rel=\"noopener\">ici<\/a>.<\/em><\/p>\n\n\n\n<ul class=\"wp-block-list\">\n<li> <strong style=\"color: inherit;font-size: 18px\">Liste des \u00e9l\u00e8ves \u00e0 partir de Pronote.<\/strong> <\/li>\n<\/ul>\n\n\n\n<p><em>Ce tutoriel est destin\u00e9 \u00e0 r\u00e9cup\u00e9rer les listes d&rsquo;\u00e9l\u00e8ves \u00e0 partir de Pronote client afin de ne pas avoir \u00e0 recopier tous les noms dans un tableur lors des \u00e9valuations de CAP en CCF.<\/em><br><em>En version PDF, <a href=\"\/\/\" target=\"_blank\" rel=\"noopener\">cliquez ici.<\/a><\/em><\/p>\n\n\n\n<ul class=\"wp-block-list\">\n<li> <strong style=\"color: inherit;font-size: 18px\">Utiliser le logiciel Open Office.<\/strong> <\/li>\n<\/ul>\n\n\n\n<p>Les pr\u00e9sentations qui suivent vous guideront pas \u00e0 pas dans l&rsquo;utilisation et la ma\u00eetrise du logiciel Open Office.<\/p>\n\n\n\n<p><a href=\"\/lettres-histoire\/wp-content\/uploads\/sites\/17\/2014\/05\/decouvertelogiciel.pdf\" target=\"_blank\" rel=\"noopener\">&#8211; D\u00e9couverte du logiciel.<\/a><\/p>\n\n\n\n<p>&#8211;<a href=\"\/lettres-histoire\/wp-content\/uploads\/sites\/17\/2014\/05\/animation.zip\" target=\"_blank\" rel=\"noopener\">Animation du logiciel<\/a>.<\/p>\n\n\n\n<p>&#8211;<a href=\"\/lettres-histoire\/wp-content\/uploads\/sites\/17\/2014\/05\/projection.zip\" target=\"_blank\" rel=\"noopener\">Projection du diaporama<\/a>.<\/p>\n\n\n\n<p><a href=\"\/lettres-histoire\/wp-content\/uploads\/sites\/17\/2014\/05\/utilisation.zip\" target=\"_blank\" rel=\"noopener\">-Ins\u00e9rer des documents existants.<\/a><\/p>\n\n\n\n<p>Vous pouvez, d\u00e8s \u00e0 pr\u00e9sent, t\u00e9l\u00e9charger le logiciel d&rsquo;\u00e9ducation Open Office en cliquant <a href=\"http:\/\/fr.openoffice.org\/\" target=\"_blank\" rel=\"noopener\">ici<\/a>.<\/p>\n\n\n\n<p><em>Pour des informations compl\u00e9mentaires, vous pouvez contacter M. Martel \u00e0 l&rsquo;adresse suivante : dominique.martel@ac-martinique.fr<\/em><\/p>\n\n\n\n<ul class=\"wp-block-list\">\n<li> <strong style=\"color: inherit;font-size: 18px\">R\u00e9aliser un diaporama automatique.<\/strong> <\/li>\n<\/ul>\n\n\n\n<p>Ce tutoriel vous permet de r\u00e9aliser un diaporama qui ne n\u00e9cessite aucune intervention lors de sa projection, et qui \u00ab\u00a0tourne\u00a0\u00bb en boucle. Ceci peut \u00eatre tr\u00e8s utile dans le cas d&rsquo;une exposition, d&rsquo;un pr\u00e9sentation limit\u00e9e dans le temps.<\/p>\n\n\n\n<p>Vous pouvez visualiser le tutoriel : au format PDF,<a href=\"\/lettres-histoire\/wp-content\/uploads\/sites\/17\/2014\/05\/diapoautomatique.pdf\" target=\"_blank\" rel=\"noopener\">en cliquant ici.<\/a><\/p>\n\n\n\n<ul class=\"wp-block-list\">\n<li> <strong style=\"color: inherit;font-size: 18px\">Tableau \u00e0 d\u00e9couvrir.<\/strong> <\/li>\n<\/ul>\n\n\n\n<p class=\"has-text-align-left\">Ce tutoriel vous permet de d\u00e9couvrir les r\u00e9ponses d&rsquo;un tableau, ou d&rsquo;un autre document, en prenant en compte les r\u00e9ponses des \u00e9l\u00e8ves. Vous cliquez sur le cache correspondant \u00e0 la proposition et la r\u00e9ponse appara\u00eet.<\/p>\n\n\n\n<p class=\"has-text-align-left\">Pour voir l&rsquo;animation avec Power-point <a href=\"\/lettres-histoire\/wp-content\/uploads\/sites\/17\/2014\/05\/tad2.pptx\" target=\"_blank\" rel=\"noopener\">cliquez ici<\/a>.<\/p>\n\n\n\n<p>Pour lire le tutoriel au format PDF <a href=\"\/lettres-histoire\/wp-content\/uploads\/sites\/17\/2014\/05\/tad.pdf\" target=\"_blank\" rel=\"noopener\">cliquez ici<\/a>.<\/p>\n\n\n\n<ul class=\"wp-block-list\">\n<li> <strong style=\"color: inherit;font-size: 18px\">Utiliser Freemind.<\/strong> <\/li>\n<\/ul>\n\n\n\n<p class=\"has-text-align-left\">Freemind est un logiciel de cr\u00e9ation de cartes mentales.<br>L&rsquo;utilisation propos\u00e9e par ce tutoriel met en \u0153uvre une partie des fonctions disponibles afin de vous permettre d&rsquo;ouvrir, \u00e0 partir d&rsquo;un document, l&rsquo;ensemble des s\u00e9ances d&rsquo;une s\u00e9quence, d&rsquo;un seul clic.<br>Il permet aussi aux \u00e9l\u00e8ves d&rsquo;avoir plusieurs visions du plan de la s\u00e9quence et de mieux comprendre les correspondances entre les diff\u00e9rentes parties de celle-ci.<\/p>\n\n\n\n<p>Des adresses de sites en fran\u00e7ais pour t\u00e9l\u00e9charger Freemind :<\/p>\n\n\n\n<p><a title=\"softonic\" href=\"http:\/\/freemind.softonic.fr\/telecharger\" target=\"_blank\" rel=\"noopener\">Site 1, <\/a><\/p>\n\n\n\n<p><a title=\"softonic\" href=\"http:\/\/freemind.softonic.fr\/telecharger\" target=\"_blank\" rel=\"noopener\">Site 2<\/a><\/p>\n\n\n\n<p>Voir le tutoriel au<a href=\"\/lettres-histoire\/wp-content\/uploads\/sites\/17\/2014\/05\/freemind.pdf\" target=\"_blank\" rel=\"noopener\"> format PDF<\/a><a href=\"\/lettres-histoire\/wp-content\/uploads\/sites\/17\/2014\/05\/freemind.pdf\" target=\"_blank\" rel=\"noopener\">.<\/a><\/p>\n\n\n\n<ul class=\"wp-block-list\">\n<li> <strong style=\"color: inherit;font-size: 18px\">Didapages et Windows 7.<\/strong> <\/li>\n<\/ul>\n\n\n\n<p><span style=\"font-size: medium\">Vous venez d&rsquo;acqu\u00e9rir un ordinateur avec windows 7. Didapages ne fonctionne plus correctement. Voici une proc\u00e9dure qui va vous permettre de r\u00e9soudre ce probl\u00e8me.<\/span><\/p>\n\n\n\n<p><a href=\"\/lettres-histoire\/wp-content\/uploads\/sites\/17\/2014\/05\/DidaW7.pdf\" target=\"_blank\" rel=\"noopener\">Un clic ici en version PDF<\/a>.<\/p>\n\n\n\n<ul class=\"wp-block-list\">\n<li> <strong style=\"color: inherit;font-size: 18px\">Plateforme Nuxeo.<\/strong> <\/li>\n<\/ul>\n\n\n\n<p>Un tutoriel pour acc\u00e9der \u00e0 la plateforme Nux\u00e9o et charger des documents.&nbsp; <a href=\"\/lettres-histoire\/wp-content\/uploads\/sites\/17\/2014\/05\/nuxeo.pdf\" target=\"_blank\" rel=\"noopener\">Voir en PDF.<\/a><\/p>\n\n\n\n<ul class=\"wp-block-list\">\n<li> <strong style=\"color: inherit;font-size: 18px\">Utiliser un logiciel Windows avec Apple sans Dual Boot.<\/strong> <\/li>\n<\/ul>\n\n\n\n<p>Nous avons tous des logiciels que nous aimions bien et dont nous avions l&rsquo;habitude sous windows. Voici un tutoriel qui permet d&rsquo;utiliser des logiciels windows sous mac sans dual boot:<\/p>\n\n\n\n<p><a href=\"\/lettres-histoire\/wp-content\/uploads\/sites\/17\/2014\/05\/photofiltreonmac.pdf\" target=\"_blank\" rel=\"noopener\">Voir en PDF<\/a><\/p>\n","protected":false},"excerpt":{"rendered":"<p>QwiQR vous permet de partager&nbsp;facilement un commentaire audio, une image, un lien\u2026 avec un QR-Code que vous pouvez coller sur une fiche, un cahier d&rsquo;\u00e9l\u00e8ve&#8230; Cliquez ici pour d\u00e9couvrir le tutoriel. GlideApps vous propose de cr\u00e9er une application gr\u00e2ce un simple&nbsp; fichier Google Sheets. D\u00e9couvrez son tutoriel ainsi qu&rsquo;un exemple&nbsp;ICI. D\u00e9couvrez ce tutoriel sur Mentimeter,&nbsp;outil &hellip; <a href=\"https:\/\/site.ac-martinique.fr\/lettres-histoire\/?page_id=636\" class=\"more-link\">Continuer la lecture de <span class=\"screen-reader-text\">Utiliser les outils du num\u00e9rique<\/span>  <span class=\"meta-nav\">&rarr;<\/span><\/a><\/p>\n","protected":false},"author":73,"featured_media":0,"parent":401,"menu_order":0,"comment_status":"closed","ping_status":"closed","template":"","meta":{"footnotes":""},"class_list":["post-636","page","type-page","status-publish","hentry"],"_links":{"self":[{"href":"https:\/\/site.ac-martinique.fr\/lettres-histoire\/index.php?rest_route=\/wp\/v2\/pages\/636","targetHints":{"allow":["GET"]}}],"collection":[{"href":"https:\/\/site.ac-martinique.fr\/lettres-histoire\/index.php?rest_route=\/wp\/v2\/pages"}],"about":[{"href":"https:\/\/site.ac-martinique.fr\/lettres-histoire\/index.php?rest_route=\/wp\/v2\/types\/page"}],"author":[{"embeddable":true,"href":"https:\/\/site.ac-martinique.fr\/lettres-histoire\/index.php?rest_route=\/wp\/v2\/users\/73"}],"replies":[{"embeddable":true,"href":"https:\/\/site.ac-martinique.fr\/lettres-histoire\/index.php?rest_route=%2Fwp%2Fv2%2Fcomments&post=636"}],"version-history":[{"count":23,"href":"https:\/\/site.ac-martinique.fr\/lettres-histoire\/index.php?rest_route=\/wp\/v2\/pages\/636\/revisions"}],"predecessor-version":[{"id":3230,"href":"https:\/\/site.ac-martinique.fr\/lettres-histoire\/index.php?rest_route=\/wp\/v2\/pages\/636\/revisions\/3230"}],"up":[{"embeddable":true,"href":"https:\/\/site.ac-martinique.fr\/lettres-histoire\/index.php?rest_route=\/wp\/v2\/pages\/401"}],"wp:attachment":[{"href":"https:\/\/site.ac-martinique.fr\/lettres-histoire\/index.php?rest_route=%2Fwp%2Fv2%2Fmedia&parent=636"}],"curies":[{"name":"wp","href":"https:\/\/api.w.org\/{rel}","templated":true}]}}