{"id":640,"date":"2014-09-29T20:40:58","date_gmt":"2014-09-29T19:40:58","guid":{"rendered":"\/lettres-histoire\/?page_id=640"},"modified":"2014-09-29T21:21:25","modified_gmt":"2014-09-29T20:21:25","slug":"realisations-remarquables","status":"publish","type":"page","link":"https:\/\/site.ac-martinique.fr\/lettres-histoire\/?page_id=640","title":{"rendered":"R\u00e9alisations remarquables"},"content":{"rendered":"<p>&nbsp;<\/p>\n<h5 style=\"text-align: center\"><span style=\"color: #0000ff\"><em>SEANCES INNOVANTES AVEC POWERPOINT <\/em><\/span><\/h5>\n<h5 style=\"text-align: center\"><span style=\"color: #0000ff\"><em>(Microsoft Office 2007)<\/em><\/span><\/h5>\n<hr \/>\n<div>\n<p>&nbsp;<\/p>\n<ul>\n<li>\n<p style=\"text-align: left\"><a href=\"\/lettres-histoire\/wp-content\/uploads\/sites\/17\/2014\/09\/exercices-de-vocabulaire-construction-de-l_info-BRAFINE.ppt\">Un exemple de s\u00e9ance autour de l&rsquo;objet d&rsquo;\u00e9tude de seconde bac pro \u00ab\u00a0La construction de l&rsquo;information\u00a0\u00bb.<\/a> (S\u00e9ance propos\u00e9e par Mme P. BRAFINE).<\/p>\n<\/li>\n<\/ul>\n<p style=\"text-align: left\">\n<ul>\n<li>\n<p style=\"text-align: left\"><a href=\"\/lettres-histoire\/wp-content\/uploads\/sites\/17\/2014\/09\/PARCOURS-DE-PERSONNAGES-FRANCOISE.ppt\">Un exemple de s\u00e9ance autour de l&rsquo;objet d&rsquo;\u00e9tude de seconde bac pro<\/a> \u00ab\u00a0Parcours de personnages\u00a0\u00bb. (S\u00e9ance propos\u00e9e par Mme L. FRANCOISE).<\/p>\n<\/li>\n<\/ul>\n<\/div>\n","protected":false},"excerpt":{"rendered":"<p>&nbsp; SEANCES INNOVANTES AVEC POWERPOINT (Microsoft Office 2007) &nbsp; Un exemple de s\u00e9ance autour de l&rsquo;objet d&rsquo;\u00e9tude de seconde bac pro \u00ab\u00a0La construction de l&rsquo;information\u00a0\u00bb. (S\u00e9ance propos\u00e9e par Mme P. BRAFINE). Un exemple de s\u00e9ance autour de l&rsquo;objet d&rsquo;\u00e9tude de seconde bac pro \u00ab\u00a0Parcours de personnages\u00a0\u00bb. (S\u00e9ance propos\u00e9e par Mme L. FRANCOISE).<\/p>\n","protected":false},"author":73,"featured_media":0,"parent":401,"menu_order":0,"comment_status":"closed","ping_status":"closed","template":"","meta":{"footnotes":""},"class_list":["post-640","page","type-page","status-publish","hentry"],"_links":{"self":[{"href":"https:\/\/site.ac-martinique.fr\/lettres-histoire\/index.php?rest_route=\/wp\/v2\/pages\/640","targetHints":{"allow":["GET"]}}],"collection":[{"href":"https:\/\/site.ac-martinique.fr\/lettres-histoire\/index.php?rest_route=\/wp\/v2\/pages"}],"about":[{"href":"https:\/\/site.ac-martinique.fr\/lettres-histoire\/index.php?rest_route=\/wp\/v2\/types\/page"}],"author":[{"embeddable":true,"href":"https:\/\/site.ac-martinique.fr\/lettres-histoire\/index.php?rest_route=\/wp\/v2\/users\/73"}],"replies":[{"embeddable":true,"href":"https:\/\/site.ac-martinique.fr\/lettres-histoire\/index.php?rest_route=%2Fwp%2Fv2%2Fcomments&post=640"}],"version-history":[{"count":3,"href":"https:\/\/site.ac-martinique.fr\/lettres-histoire\/index.php?rest_route=\/wp\/v2\/pages\/640\/revisions"}],"predecessor-version":[{"id":651,"href":"https:\/\/site.ac-martinique.fr\/lettres-histoire\/index.php?rest_route=\/wp\/v2\/pages\/640\/revisions\/651"}],"up":[{"embeddable":true,"href":"https:\/\/site.ac-martinique.fr\/lettres-histoire\/index.php?rest_route=\/wp\/v2\/pages\/401"}],"wp:attachment":[{"href":"https:\/\/site.ac-martinique.fr\/lettres-histoire\/index.php?rest_route=%2Fwp%2Fv2%2Fmedia&parent=640"}],"curies":[{"name":"wp","href":"https:\/\/api.w.org\/{rel}","templated":true}]}}