{"id":933,"date":"2016-02-03T00:37:03","date_gmt":"2016-02-02T23:37:03","guid":{"rendered":"\/lettres-histoire\/?page_id=933"},"modified":"2022-09-16T18:18:08","modified_gmt":"2022-09-16T17:18:08","slug":"emc-en-lp","status":"publish","type":"page","link":"https:\/\/site.ac-martinique.fr\/lettres-histoire\/?page_id=933","title":{"rendered":"EMC en LP"},"content":{"rendered":"<ul>\n<li><a href=\"https:\/\/enseignants.lumni.fr\/parcours\/1007\/comprendre-et-enseigner-la-laicite.html?s=03\" target=\"_blank\" rel=\"noopener\">Comprendre et enseigner la la\u00efcit\u00e9 par l&rsquo;\u00e9quipe Lumni Enseignement.<\/a><a style=\"font-size: revert;\" href=\"https:\/\/enseignants.lumni.fr\/parcours\/1007\/comprendre-et-enseigner-la-laicite.html?s=03\" target=\"_blank\" rel=\"noopener\">\u00a0<\/a><\/li>\n<\/ul>\n<ul>\n<li><a href=\"https:\/\/eduscol.education.fr\/1543\/les-valeurs-republicaines-l-ecole\" target=\"_blank\" rel=\"noopener\">Parcours de formation \u00ab\u00a0Faire vivre les valeurs de la R\u00e9publique\u00a0\u00bb.<\/a><\/li>\n<\/ul>\n<p><em>Le\u00a0<strong>parcours\u00a0<\/strong><strong>\u00ab\u00a0faire vivre les valeurs de la R\u00e9publique\u00a0\u00bb<\/strong>\u00a0est un parcours magist\u00e8re\u00a0<strong>en autoformation<\/strong>\u00a0destin\u00e9 sp\u00e9cifiquement aux enseignants. Il a pour objectif de\u00a0<strong>clarifier le cadre r\u00e9glementaire et institutionnel<\/strong>,\u00a0<strong>renforcer la culture commune<\/strong>\u00a0des personnels\u00a0\u00e0 partir d\u2019\u00e9tudes de cas et permettre aux enseignants de\u00a0<strong>mutualiser et partager<\/strong> leurs pratiques de classe.\u00a0<\/em><\/p>\n<ul>\n<li><strong><a href=\"https:\/\/www.reseau-canope.fr\/valeurs-de-la-republique.html\" target=\"_blank\" rel=\"noopener\">Les valeurs de la R\u00e9publique du r\u00e9seau Canop\u00e9.<\/a><\/strong><\/li>\n<\/ul>\n<p>Page du r\u00e9seau Canop\u00e9 exclusivement d\u00e9di\u00e9e aux valeurs de la R\u00e9publique. Vous y retrouverez les rubriques suivantes : v<em>aleurs et notions, pr\u00e9venir la radicalisation \u00e0 l&rsquo;\u00e9cole, \u00e9duquer contre le racisme et l&rsquo;antis\u00e9mitisme, d\u00e9velopper l&rsquo;esprit critique,\u00a0 outils \u00e9galit\u00e9 filles-gar\u00e7ons, m\u00e9moire et citoyennet\u00e9, r\u00e9agir face au complotisme, la\u00efcit\u00e9.<\/em><\/p>\n<ul>\n<li><a href=\"http:\/\/classes.bnf.fr\/laicite\/\" target=\"_blank\" rel=\"noopener\"><b>Le dossier de BNF sur la la\u00efcit\u00e9.\u00a0<\/b><\/a><\/li>\n<\/ul>\n<p><em><strong>\u00ab\u00a0La La\u00efcit\u00e9 en questions\u00a0\u00bb<\/strong> contient une exposition, des pistes p\u00e9dagogiques, \u00a0un \u00e9clairage sur des notions, mises en perspective et accompagn\u00e9es d&rsquo;une riche iconographie. Les documents issus des collections de la BnF (estampes, dessins de presse&#8230;), anciens et contemporains, ont \u00e9t\u00e9 s\u00e9lectionn\u00e9s pour contribuer \u00e0 faire na\u00eetre la r\u00e9flexion des publics, des jeunes et de leurs formateurs.\u00a0<\/em><\/p>\n","protected":false},"excerpt":{"rendered":"<p>Comprendre et enseigner la la\u00efcit\u00e9 par l&rsquo;\u00e9quipe Lumni Enseignement.\u00a0 Parcours de formation \u00ab\u00a0Faire vivre les valeurs de la R\u00e9publique\u00a0\u00bb. Le\u00a0parcours\u00a0\u00ab\u00a0faire vivre les valeurs de la R\u00e9publique\u00a0\u00bb\u00a0est un parcours magist\u00e8re\u00a0en autoformation\u00a0destin\u00e9 sp\u00e9cifiquement aux enseignants. Il a pour objectif de\u00a0clarifier le cadre r\u00e9glementaire et institutionnel,\u00a0renforcer la culture commune\u00a0des personnels\u00a0\u00e0 partir d\u2019\u00e9tudes de cas et permettre aux enseignants &hellip; <a href=\"https:\/\/site.ac-martinique.fr\/lettres-histoire\/?page_id=933\" class=\"more-link\">Continuer la lecture de <span class=\"screen-reader-text\">EMC en LP<\/span>  <span class=\"meta-nav\">&rarr;<\/span><\/a><\/p>\n","protected":false},"author":73,"featured_media":0,"parent":0,"menu_order":0,"comment_status":"closed","ping_status":"closed","template":"","meta":{"footnotes":""},"class_list":["post-933","page","type-page","status-publish","hentry"],"_links":{"self":[{"href":"https:\/\/site.ac-martinique.fr\/lettres-histoire\/index.php?rest_route=\/wp\/v2\/pages\/933","targetHints":{"allow":["GET"]}}],"collection":[{"href":"https:\/\/site.ac-martinique.fr\/lettres-histoire\/index.php?rest_route=\/wp\/v2\/pages"}],"about":[{"href":"https:\/\/site.ac-martinique.fr\/lettres-histoire\/index.php?rest_route=\/wp\/v2\/types\/page"}],"author":[{"embeddable":true,"href":"https:\/\/site.ac-martinique.fr\/lettres-histoire\/index.php?rest_route=\/wp\/v2\/users\/73"}],"replies":[{"embeddable":true,"href":"https:\/\/site.ac-martinique.fr\/lettres-histoire\/index.php?rest_route=%2Fwp%2Fv2%2Fcomments&post=933"}],"version-history":[{"count":8,"href":"https:\/\/site.ac-martinique.fr\/lettres-histoire\/index.php?rest_route=\/wp\/v2\/pages\/933\/revisions"}],"predecessor-version":[{"id":3103,"href":"https:\/\/site.ac-martinique.fr\/lettres-histoire\/index.php?rest_route=\/wp\/v2\/pages\/933\/revisions\/3103"}],"wp:attachment":[{"href":"https:\/\/site.ac-martinique.fr\/lettres-histoire\/index.php?rest_route=%2Fwp%2Fv2%2Fmedia&parent=933"}],"curies":[{"name":"wp","href":"https:\/\/api.w.org\/{rel}","templated":true}]}}