{"id":1285,"date":"2022-05-01T23:24:32","date_gmt":"2022-05-01T22:24:32","guid":{"rendered":"https:\/\/site.ac-martinique.fr\/lettres\/?page_id=1285"},"modified":"2022-05-01T23:24:32","modified_gmt":"2022-05-01T22:24:32","slug":"mise-en-oeuvre-du-parcours-mare-nostrum-et-coordination-de-la-politique-academique-des-langues-et-cultures-de-lantiquite","status":"publish","type":"page","link":"https:\/\/site.ac-martinique.fr\/lettres\/?page_id=1285","title":{"rendered":"Mise en \u0153uvre du parcours Mare Nostrum et coordination de la politique acad\u00e9mique des langues et cultures de l&rsquo;Antiquit\u00e9"},"content":{"rendered":"\n<p>Pour lire l&rsquo;article complet, cliquez sur le lien : <\/p>\n\n\n\n<p><a href=\"https:\/\/www.education.gouv.fr\/bo\/22\/Hebdo12\/MENE2204039N.htm\">https:\/\/www.education.gouv.fr\/bo\/22\/Hebdo12\/MENE2204039N.htm<\/a><\/p>\n","protected":false},"excerpt":{"rendered":"<p>Pour lire l&rsquo;article complet, cliquez sur le lien : https:\/\/www.education.gouv.fr\/bo\/22\/Hebdo12\/MENE2204039N.htm<\/p>\n","protected":false},"author":72,"featured_media":0,"parent":414,"menu_order":0,"comment_status":"closed","ping_status":"closed","template":"","meta":{"footnotes":""},"class_list":["post-1285","page","type-page","status-publish","hentry"],"_links":{"self":[{"href":"https:\/\/site.ac-martinique.fr\/lettres\/index.php?rest_route=\/wp\/v2\/pages\/1285","targetHints":{"allow":["GET"]}}],"collection":[{"href":"https:\/\/site.ac-martinique.fr\/lettres\/index.php?rest_route=\/wp\/v2\/pages"}],"about":[{"href":"https:\/\/site.ac-martinique.fr\/lettres\/index.php?rest_route=\/wp\/v2\/types\/page"}],"author":[{"embeddable":true,"href":"https:\/\/site.ac-martinique.fr\/lettres\/index.php?rest_route=\/wp\/v2\/users\/72"}],"replies":[{"embeddable":true,"href":"https:\/\/site.ac-martinique.fr\/lettres\/index.php?rest_route=%2Fwp%2Fv2%2Fcomments&post=1285"}],"version-history":[{"count":1,"href":"https:\/\/site.ac-martinique.fr\/lettres\/index.php?rest_route=\/wp\/v2\/pages\/1285\/revisions"}],"predecessor-version":[{"id":1286,"href":"https:\/\/site.ac-martinique.fr\/lettres\/index.php?rest_route=\/wp\/v2\/pages\/1285\/revisions\/1286"}],"up":[{"embeddable":true,"href":"https:\/\/site.ac-martinique.fr\/lettres\/index.php?rest_route=\/wp\/v2\/pages\/414"}],"wp:attachment":[{"href":"https:\/\/site.ac-martinique.fr\/lettres\/index.php?rest_route=%2Fwp%2Fv2%2Fmedia&parent=1285"}],"curies":[{"name":"wp","href":"https:\/\/api.w.org\/{rel}","templated":true}]}}