{"id":1288,"date":"2022-05-01T23:31:08","date_gmt":"2022-05-01T22:31:08","guid":{"rendered":"https:\/\/site.ac-martinique.fr\/lettres\/?page_id=1288"},"modified":"2024-05-27T20:02:43","modified_gmt":"2024-05-27T19:02:43","slug":"ressources-a-imprimer","status":"publish","type":"page","link":"https:\/\/site.ac-martinique.fr\/lettres\/?page_id=1288","title":{"rendered":"Ressources"},"content":{"rendered":"\n<p><\/p>\n\n\n\n<p><\/p>\n\n\n\n<p>Sites : <\/p>\n\n\n\n<ul class=\"wp-block-list\">\n<li><a href=\"https:\/\/odysseum.eduscol.education.fr\">https:\/\/odysseum.eduscol.education.fr<\/a><\/li>\n\n\n\n<li><a href=\"https:\/\/www.arretetonchar.fr\">https:\/\/www.arretetonchar.fr<\/a><\/li>\n\n\n\n<li><a href=\"https:\/\/antiquipop.hypotheses.org\">https:\/\/antiquipop.hypotheses.org<\/a><\/li>\n\n\n\n<li><a href=\"https:\/\/gallica.bnf.fr\/accueil\/fr\/content\/accueil-fr?mode=desktop\">https:\/\/gallica.bnf.fr\/accueil\/fr\/content\/accueil-fr?mode=desktop<\/a><\/li>\n<\/ul>\n\n\n\n<p>Outils : <\/p>\n\n\n\n<ul class=\"wp-block-list\">\n<li><a href=\"https:\/\/gaffiot.fr\">https:\/\/gaffiot.fr<\/a><\/li>\n\n\n\n<li><a href=\"https:\/\/www.grand-dictionnaire-latin.com\">https:\/\/www.grand-dictionnaire-latin.com<\/a><\/li>\n\n\n\n<li><a href=\"https:\/\/www.calameo.com\/books\/007178596fe5fbe002910?authid=9OTdQ2z0udMx\">https:\/\/www.calameo.com\/books\/007178596fe5fbe002910?authid=9OTdQ2z0udMx<\/a><\/li>\n\n\n\n<li><a href=\"https:\/\/www.calameo.com\/read\/007178596d4aadc828619\">https:\/\/www.calameo.com\/read\/007178596d4aadc828619<\/a><\/li>\n\n\n\n<li><\/li>\n<\/ul>\n\n\n\n<p>Livret propos\u00e9 par Mme Charron, du coll\u00e8ge Vincent Placoly \u00e0 Schoelcher, dans le cadre de la promotion du latin aupr\u00e8s des \u00e9l\u00e8ves de 6eme.<\/p>\n\n\n\n<div data-wp-interactive=\"core\/file\" class=\"wp-block-file\"><object data-wp-bind--hidden=\"!state.hasPdfPreview\" hidden class=\"wp-block-file__embed\" data=\"https:\/\/site.ac-martinique.fr\/lettres\/wp-content\/uploads\/sites\/16\/2022\/05\/Semaine-du-latin-Final.pdf\" type=\"application\/pdf\" style=\"width:100%;height:600px\" aria-label=\"Contenu embarqu\u00e9 Semaine-du-latin-Final.\"><\/object><a id=\"wp-block-file--media-0ca76c7d-7c04-49c7-9365-73edc5af6cf4\" href=\"https:\/\/site.ac-martinique.fr\/lettres\/wp-content\/uploads\/sites\/16\/2022\/05\/Semaine-du-latin-Final.pdf\">Semaine-du-latin-Final<\/a><a href=\"https:\/\/site.ac-martinique.fr\/lettres\/wp-content\/uploads\/sites\/16\/2022\/05\/Semaine-du-latin-Final.pdf\" class=\"wp-block-file__button wp-element-button\" download aria-describedby=\"wp-block-file--media-0ca76c7d-7c04-49c7-9365-73edc5af6cf4\">T\u00e9l\u00e9charger<\/a><\/div>\n\n\n\n<div data-wp-interactive=\"core\/file\" class=\"wp-block-file\"><object data-wp-bind--hidden=\"!state.hasPdfPreview\" hidden class=\"wp-block-file__embed\" data=\"https:\/\/site.ac-martinique.fr\/lettres\/wp-content\/uploads\/sites\/16\/2022\/05\/Semaine-du-latin-Correction.pdf\" type=\"application\/pdf\" style=\"width:100%;height:600px\" aria-label=\"Contenu embarqu\u00e9 Semaine-du-latin-Correction.\"><\/object><a id=\"wp-block-file--media-5b528fbc-1859-4b19-9d41-a671fdab99cd\" href=\"https:\/\/site.ac-martinique.fr\/lettres\/wp-content\/uploads\/sites\/16\/2022\/05\/Semaine-du-latin-Correction.pdf\">Semaine-du-latin-Correction<\/a><a href=\"https:\/\/site.ac-martinique.fr\/lettres\/wp-content\/uploads\/sites\/16\/2022\/05\/Semaine-du-latin-Correction.pdf\" class=\"wp-block-file__button wp-element-button\" download aria-describedby=\"wp-block-file--media-5b528fbc-1859-4b19-9d41-a671fdab99cd\">T\u00e9l\u00e9charger<\/a><\/div>\n\n\n\n<p>Flyer propos\u00e9 aux \u00e9l\u00e8ves du coll\u00e8ge Petit Manoir afin de promouvoir l&rsquo;option LCA en classe de 5\u00e8me.  Ce flyer pr\u00e9c\u00e8de une s\u00e9ance de d\u00e9couverte, organis\u00e9e g\u00e9n\u00e9ralement dans le courant du mois de mai.  Mme BETRENCOURT<\/p>\n\n\n\n<div data-wp-interactive=\"core\/file\" class=\"wp-block-file\"><object data-wp-bind--hidden=\"!state.hasPdfPreview\" hidden class=\"wp-block-file__embed\" data=\"https:\/\/site.ac-martinique.fr\/lettres\/wp-content\/uploads\/sites\/16\/2022\/05\/Flyer-latin-CPM-imprimable.pdf\" type=\"application\/pdf\" style=\"width:100%;height:600px\" aria-label=\"Contenu embarqu\u00e9 Flyer-latin-CPM-imprimable.\"><\/object><a id=\"wp-block-file--media-384a3ea2-2507-4db4-8360-4f52334857c7\" href=\"https:\/\/site.ac-martinique.fr\/lettres\/wp-content\/uploads\/sites\/16\/2022\/05\/Flyer-latin-CPM-imprimable.pdf\">Flyer-latin-CPM-imprimable<\/a><a href=\"https:\/\/site.ac-martinique.fr\/lettres\/wp-content\/uploads\/sites\/16\/2022\/05\/Flyer-latin-CPM-imprimable.pdf\" class=\"wp-block-file__button wp-element-button\" download aria-describedby=\"wp-block-file--media-384a3ea2-2507-4db4-8360-4f52334857c7\">T\u00e9l\u00e9charger<\/a><\/div>\n\n\n\n<p><\/p>\n","protected":false},"excerpt":{"rendered":"<p>Sites : Outils : Livret propos\u00e9 par Mme Charron, du coll\u00e8ge Vincent Placoly \u00e0 Schoelcher, dans le cadre de la promotion du latin aupr\u00e8s des \u00e9l\u00e8ves de 6eme. Flyer propos\u00e9 aux \u00e9l\u00e8ves du coll\u00e8ge Petit Manoir afin de promouvoir l&rsquo;option &hellip; <a href=\"https:\/\/site.ac-martinique.fr\/lettres\/?page_id=1288\">Continuer la lecture <span class=\"meta-nav\">&rarr;<\/span><\/a><\/p>\n","protected":false},"author":72,"featured_media":0,"parent":414,"menu_order":0,"comment_status":"closed","ping_status":"closed","template":"","meta":{"footnotes":""},"class_list":["post-1288","page","type-page","status-publish","hentry"],"_links":{"self":[{"href":"https:\/\/site.ac-martinique.fr\/lettres\/index.php?rest_route=\/wp\/v2\/pages\/1288","targetHints":{"allow":["GET"]}}],"collection":[{"href":"https:\/\/site.ac-martinique.fr\/lettres\/index.php?rest_route=\/wp\/v2\/pages"}],"about":[{"href":"https:\/\/site.ac-martinique.fr\/lettres\/index.php?rest_route=\/wp\/v2\/types\/page"}],"author":[{"embeddable":true,"href":"https:\/\/site.ac-martinique.fr\/lettres\/index.php?rest_route=\/wp\/v2\/users\/72"}],"replies":[{"embeddable":true,"href":"https:\/\/site.ac-martinique.fr\/lettres\/index.php?rest_route=%2Fwp%2Fv2%2Fcomments&post=1288"}],"version-history":[{"count":6,"href":"https:\/\/site.ac-martinique.fr\/lettres\/index.php?rest_route=\/wp\/v2\/pages\/1288\/revisions"}],"predecessor-version":[{"id":1529,"href":"https:\/\/site.ac-martinique.fr\/lettres\/index.php?rest_route=\/wp\/v2\/pages\/1288\/revisions\/1529"}],"up":[{"embeddable":true,"href":"https:\/\/site.ac-martinique.fr\/lettres\/index.php?rest_route=\/wp\/v2\/pages\/414"}],"wp:attachment":[{"href":"https:\/\/site.ac-martinique.fr\/lettres\/index.php?rest_route=%2Fwp%2Fv2%2Fmedia&parent=1288"}],"curies":[{"name":"wp","href":"https:\/\/api.w.org\/{rel}","templated":true}]}}