{"id":1374,"date":"2023-03-10T18:02:18","date_gmt":"2023-03-10T17:02:18","guid":{"rendered":"https:\/\/site.ac-martinique.fr\/lettres\/?page_id=1374"},"modified":"2023-03-27T22:55:14","modified_gmt":"2023-03-27T21:55:14","slug":"hlp","status":"publish","type":"page","link":"https:\/\/site.ac-martinique.fr\/lettres\/?page_id=1374","title":{"rendered":"HLP"},"content":{"rendered":"\n<p>Les programmes d&rsquo;humanit\u00e9s, litt\u00e9rature et philosophie (HLP) de premi\u00e8re et de terminale de la voie g\u00e9n\u00e9rale sont pr\u00e9sent\u00e9s en lien avec des ressources pour accompagner leur mise en \u0153uvre.<\/p>\n\n\n\n<p>Pour les consulter, cliquez sur le lien : <\/p>\n\n\n\n<p><a href=\"https:\/\/eduscol.education.fr\/1711\/programmes-et-ressources-en-humanites-litterature-et-philosophie-voie-g\" target=\"_blank\" rel=\"noreferrer noopener\">https:\/\/eduscol.education.fr\/1711\/programmes-et-ressources-en-humanites-litterature-et-philosophie-voie-g<\/a><\/p>\n\n\n\n<p class=\"has-text-align-center\"> <strong>BACCALAUR\u00c9AT G\u00c9N\u00c9RAL<br \/>\u00c9PREUVE D\u2019ENSEIGNEMENT DE SP\u00c9CIALIT\u00c9<br \/>SESSION 2023<br \/>HUMANIT\u00c9S, LITT\u00c9RATURE et PHILOSOPHIE<\/strong><\/p>\n\n\n\n<div data-wp-interactive=\"core\/file\" class=\"wp-block-file\"><object data-wp-bind--hidden=\"!state.hasPdfPreview\" hidden class=\"wp-block-file__embed\" data=\"https:\/\/site.ac-martinique.fr\/lettres\/wp-content\/uploads\/sites\/16\/2023\/03\/HLP-Entente-Nationale-Lettres-Philosophie-2023.pdf\" type=\"application\/pdf\" style=\"width:100%;height:600px\" aria-label=\"Contenu embarqu\u00e9 HLP-Entente-Nationale-Lettres-Philosophie-2023.\"><\/object><a id=\"wp-block-file--media-a9430cb4-91fa-473a-8552-af55bf138b75\" href=\"https:\/\/site.ac-martinique.fr\/lettres\/wp-content\/uploads\/sites\/16\/2023\/03\/HLP-Entente-Nationale-Lettres-Philosophie-2023.pdf\">HLP-Entente-Nationale-Lettres-Philosophie-2023<\/a><a href=\"https:\/\/site.ac-martinique.fr\/lettres\/wp-content\/uploads\/sites\/16\/2023\/03\/HLP-Entente-Nationale-Lettres-Philosophie-2023.pdf\" class=\"wp-block-file__button wp-element-button\" download aria-describedby=\"wp-block-file--media-a9430cb4-91fa-473a-8552-af55bf138b75\">T\u00e9l\u00e9charger<\/a><\/div>\n\n\n\n<div data-wp-interactive=\"core\/file\" class=\"wp-block-file\"><object data-wp-bind--hidden=\"!state.hasPdfPreview\" hidden class=\"wp-block-file__embed\" data=\"https:\/\/site.ac-martinique.fr\/lettres\/wp-content\/uploads\/sites\/16\/2023\/03\/HLP-SUJET-J1-2023.pdf\" type=\"application\/pdf\" style=\"width:100%;height:600px\" aria-label=\"Contenu embarqu\u00e9 HLP-SUJET-J1-2023.\"><\/object><a id=\"wp-block-file--media-14873069-c82f-4a1d-ac20-3d89f5e77b63\" href=\"https:\/\/site.ac-martinique.fr\/lettres\/wp-content\/uploads\/sites\/16\/2023\/03\/HLP-SUJET-J1-2023.pdf\">HLP-SUJET-J1-2023<\/a><a href=\"https:\/\/site.ac-martinique.fr\/lettres\/wp-content\/uploads\/sites\/16\/2023\/03\/HLP-SUJET-J1-2023.pdf\" class=\"wp-block-file__button wp-element-button\" download aria-describedby=\"wp-block-file--media-14873069-c82f-4a1d-ac20-3d89f5e77b63\">T\u00e9l\u00e9charger<\/a><\/div>\n\n\n\n<div data-wp-interactive=\"core\/file\" class=\"wp-block-file\"><object data-wp-bind--hidden=\"!state.hasPdfPreview\" hidden class=\"wp-block-file__embed\" data=\"https:\/\/site.ac-martinique.fr\/lettres\/wp-content\/uploads\/sites\/16\/2023\/03\/HLP-CORRIGE-J1-2023.pdf\" type=\"application\/pdf\" style=\"width:100%;height:600px\" aria-label=\"Contenu embarqu\u00e9 HLP-CORRIGE-J1-2023.\"><\/object><a id=\"wp-block-file--media-ce076dd2-64a4-43aa-b19c-7d2be1bcca27\" href=\"https:\/\/site.ac-martinique.fr\/lettres\/wp-content\/uploads\/sites\/16\/2023\/03\/HLP-CORRIGE-J1-2023.pdf\">HLP-CORRIGE-J1-2023<\/a><a href=\"https:\/\/site.ac-martinique.fr\/lettres\/wp-content\/uploads\/sites\/16\/2023\/03\/HLP-CORRIGE-J1-2023.pdf\" class=\"wp-block-file__button wp-element-button\" download aria-describedby=\"wp-block-file--media-ce076dd2-64a4-43aa-b19c-7d2be1bcca27\">T\u00e9l\u00e9charger<\/a><\/div>\n\n\n\n<div data-wp-interactive=\"core\/file\" class=\"wp-block-file\"><object data-wp-bind--hidden=\"!state.hasPdfPreview\" hidden class=\"wp-block-file__embed\" data=\"https:\/\/site.ac-martinique.fr\/lettres\/wp-content\/uploads\/sites\/16\/2023\/03\/HLP-SUJET-J2-2023.pdf\" type=\"application\/pdf\" style=\"width:100%;height:600px\" aria-label=\"Contenu embarqu\u00e9 HLP-SUJET-J2-2023.\"><\/object><a id=\"wp-block-file--media-876afad3-a0af-420f-873a-c4f50516b366\" href=\"https:\/\/site.ac-martinique.fr\/lettres\/wp-content\/uploads\/sites\/16\/2023\/03\/HLP-SUJET-J2-2023.pdf\">HLP-SUJET-J2-2023<\/a><a href=\"https:\/\/site.ac-martinique.fr\/lettres\/wp-content\/uploads\/sites\/16\/2023\/03\/HLP-SUJET-J2-2023.pdf\" class=\"wp-block-file__button wp-element-button\" download aria-describedby=\"wp-block-file--media-876afad3-a0af-420f-873a-c4f50516b366\">T\u00e9l\u00e9charger<\/a><\/div>\n\n\n\n<div data-wp-interactive=\"core\/file\" class=\"wp-block-file\"><object data-wp-bind--hidden=\"!state.hasPdfPreview\" hidden class=\"wp-block-file__embed\" data=\"https:\/\/site.ac-martinique.fr\/lettres\/wp-content\/uploads\/sites\/16\/2023\/03\/HLP-CORRIGE-J2-2023.pdf\" type=\"application\/pdf\" style=\"width:100%;height:600px\" aria-label=\"Contenu embarqu\u00e9 HLP-CORRIGE-J2-2023.\"><\/object><a id=\"wp-block-file--media-3a4036ee-a95a-40c0-b924-17bf6b9d1e27\" href=\"https:\/\/site.ac-martinique.fr\/lettres\/wp-content\/uploads\/sites\/16\/2023\/03\/HLP-CORRIGE-J2-2023.pdf\">HLP-CORRIGE-J2-2023<\/a><a href=\"https:\/\/site.ac-martinique.fr\/lettres\/wp-content\/uploads\/sites\/16\/2023\/03\/HLP-CORRIGE-J2-2023.pdf\" class=\"wp-block-file__button wp-element-button\" download aria-describedby=\"wp-block-file--media-3a4036ee-a95a-40c0-b924-17bf6b9d1e27\">T\u00e9l\u00e9charger<\/a><\/div>\n","protected":false},"excerpt":{"rendered":"<p>Les programmes d&rsquo;humanit\u00e9s, litt\u00e9rature et philosophie (HLP) de premi\u00e8re et de terminale de la voie g\u00e9n\u00e9rale sont pr\u00e9sent\u00e9s en lien avec des ressources pour accompagner leur mise en \u0153uvre. Pour les consulter, cliquez sur le lien : https:\/\/eduscol.education.fr\/1711\/programmes-et-ressources-en-humanites-litterature-et-philosophie-voie-g BACCALAUR\u00c9AT G\u00c9N\u00c9RAL\u00c9PREUVE &hellip; <a href=\"https:\/\/site.ac-martinique.fr\/lettres\/?page_id=1374\">Continuer la lecture <span class=\"meta-nav\">&rarr;<\/span><\/a><\/p>\n","protected":false},"author":72,"featured_media":0,"parent":13,"menu_order":0,"comment_status":"closed","ping_status":"closed","template":"","meta":{"footnotes":""},"class_list":["post-1374","page","type-page","status-publish","hentry"],"_links":{"self":[{"href":"https:\/\/site.ac-martinique.fr\/lettres\/index.php?rest_route=\/wp\/v2\/pages\/1374","targetHints":{"allow":["GET"]}}],"collection":[{"href":"https:\/\/site.ac-martinique.fr\/lettres\/index.php?rest_route=\/wp\/v2\/pages"}],"about":[{"href":"https:\/\/site.ac-martinique.fr\/lettres\/index.php?rest_route=\/wp\/v2\/types\/page"}],"author":[{"embeddable":true,"href":"https:\/\/site.ac-martinique.fr\/lettres\/index.php?rest_route=\/wp\/v2\/users\/72"}],"replies":[{"embeddable":true,"href":"https:\/\/site.ac-martinique.fr\/lettres\/index.php?rest_route=%2Fwp%2Fv2%2Fcomments&post=1374"}],"version-history":[{"count":3,"href":"https:\/\/site.ac-martinique.fr\/lettres\/index.php?rest_route=\/wp\/v2\/pages\/1374\/revisions"}],"predecessor-version":[{"id":1429,"href":"https:\/\/site.ac-martinique.fr\/lettres\/index.php?rest_route=\/wp\/v2\/pages\/1374\/revisions\/1429"}],"up":[{"embeddable":true,"href":"https:\/\/site.ac-martinique.fr\/lettres\/index.php?rest_route=\/wp\/v2\/pages\/13"}],"wp:attachment":[{"href":"https:\/\/site.ac-martinique.fr\/lettres\/index.php?rest_route=%2Fwp%2Fv2%2Fmedia&parent=1374"}],"curies":[{"name":"wp","href":"https:\/\/api.w.org\/{rel}","templated":true}]}}