{"id":1383,"date":"2023-03-10T18:52:09","date_gmt":"2023-03-10T17:52:09","guid":{"rendered":"https:\/\/site.ac-martinique.fr\/lettres\/?page_id=1383"},"modified":"2023-03-10T18:52:09","modified_gmt":"2023-03-10T17:52:09","slug":"dnb","status":"publish","type":"page","link":"https:\/\/site.ac-martinique.fr\/lettres\/?page_id=1383","title":{"rendered":"DNB"},"content":{"rendered":"\n<p>Le dipl\u00f4me national du brevet \u00e9value les connaissances et les comp\u00e9tences acquises \u00e0 la fin du coll\u00e8ge. Il est \u00e9quilibr\u00e9 entre \u00e9valuation du socle (contr\u00f4le continu) et \u00e9preuves finales.\u00a0Chaque discipline \u00e9valu\u00e9e fait l&rsquo;objet d&rsquo;une \u00e9preuve distincte, sauf en sciences (deux disciplines), et d&rsquo;une \u00e9preuve orale pour les candidats scolaires.<\/p>\n\n\n\n<p>Pour tout savoir sur le DNB, cliquez sur le lien : <\/p>\n\n\n\n<p>    <a href=\"https:\/\/www.education.gouv.fr\/le-diplome-national-du-brevet-10613\" target=\"_blank\" rel=\"noreferrer noopener\">https:\/\/www.education.gouv.fr\/le-diplome-national-du-brevet-10613<\/a><\/p>\n","protected":false},"excerpt":{"rendered":"<p>Le dipl\u00f4me national du brevet \u00e9value les connaissances et les comp\u00e9tences acquises \u00e0 la fin du coll\u00e8ge. Il est \u00e9quilibr\u00e9 entre \u00e9valuation du socle (contr\u00f4le continu) et \u00e9preuves finales.\u00a0Chaque discipline \u00e9valu\u00e9e fait l&rsquo;objet d&rsquo;une \u00e9preuve distincte, sauf en sciences (deux &hellip; <a href=\"https:\/\/site.ac-martinique.fr\/lettres\/?page_id=1383\">Continuer la lecture <span class=\"meta-nav\">&rarr;<\/span><\/a><\/p>\n","protected":false},"author":72,"featured_media":0,"parent":19,"menu_order":1,"comment_status":"closed","ping_status":"closed","template":"","meta":{"footnotes":""},"class_list":["post-1383","page","type-page","status-publish","hentry"],"_links":{"self":[{"href":"https:\/\/site.ac-martinique.fr\/lettres\/index.php?rest_route=\/wp\/v2\/pages\/1383","targetHints":{"allow":["GET"]}}],"collection":[{"href":"https:\/\/site.ac-martinique.fr\/lettres\/index.php?rest_route=\/wp\/v2\/pages"}],"about":[{"href":"https:\/\/site.ac-martinique.fr\/lettres\/index.php?rest_route=\/wp\/v2\/types\/page"}],"author":[{"embeddable":true,"href":"https:\/\/site.ac-martinique.fr\/lettres\/index.php?rest_route=\/wp\/v2\/users\/72"}],"replies":[{"embeddable":true,"href":"https:\/\/site.ac-martinique.fr\/lettres\/index.php?rest_route=%2Fwp%2Fv2%2Fcomments&post=1383"}],"version-history":[{"count":1,"href":"https:\/\/site.ac-martinique.fr\/lettres\/index.php?rest_route=\/wp\/v2\/pages\/1383\/revisions"}],"predecessor-version":[{"id":1384,"href":"https:\/\/site.ac-martinique.fr\/lettres\/index.php?rest_route=\/wp\/v2\/pages\/1383\/revisions\/1384"}],"up":[{"embeddable":true,"href":"https:\/\/site.ac-martinique.fr\/lettres\/index.php?rest_route=\/wp\/v2\/pages\/19"}],"wp:attachment":[{"href":"https:\/\/site.ac-martinique.fr\/lettres\/index.php?rest_route=%2Fwp%2Fv2%2Fmedia&parent=1383"}],"curies":[{"name":"wp","href":"https:\/\/api.w.org\/{rel}","templated":true}]}}