{"id":1385,"date":"2023-03-10T18:55:25","date_gmt":"2023-03-10T17:55:25","guid":{"rendered":"https:\/\/site.ac-martinique.fr\/lettres\/?page_id=1385"},"modified":"2023-03-10T18:55:25","modified_gmt":"2023-03-10T17:55:25","slug":"le-grand-oral","status":"publish","type":"page","link":"https:\/\/site.ac-martinique.fr\/lettres\/?page_id=1385","title":{"rendered":"Le Grand oral"},"content":{"rendered":"\n<p>En voie g\u00e9n\u00e9rale et technologique, les \u00e9l\u00e8ves doivent passer un Grand oral sur lemurs enseignements de sp\u00e9cialit\u00e9 \u00e0 la fin de lemur ann\u00e9e de terminale. Cette \u00e9preuve \u00e9value des comp\u00e9tences essentielles, en particulier leur \u00e9locution. Ils devront faire preuve de conviction, d&rsquo;une capacit\u00e9 \u00e0 dialoguer et argumenter, dans le but d&rsquo;adopter une distance critique par rapport \u00e0 leur projet.<\/p>\n\n\n\n<p>Pour tout savoir sur ce Grand Oral : <\/p>\n\n\n\n<p><a href=\"https:\/\/www.education.gouv.fr\/reussir-au-lycee\/baccalaureat-comment-se-passe-le-grand-oral-100028\" target=\"_blank\" rel=\"noreferrer noopener\">https:\/\/www.education.gouv.fr\/reussir-au-lycee\/baccalaureat-comment-se-passe-le-grand-oral-100028 <\/a><\/p>\n","protected":false},"excerpt":{"rendered":"<p>En voie g\u00e9n\u00e9rale et technologique, les \u00e9l\u00e8ves doivent passer un Grand oral sur lemurs enseignements de sp\u00e9cialit\u00e9 \u00e0 la fin de lemur ann\u00e9e de terminale. Cette \u00e9preuve \u00e9value des comp\u00e9tences essentielles, en particulier leur \u00e9locution. Ils devront faire preuve de &hellip; <a href=\"https:\/\/site.ac-martinique.fr\/lettres\/?page_id=1385\">Continuer la lecture <span class=\"meta-nav\">&rarr;<\/span><\/a><\/p>\n","protected":false},"author":72,"featured_media":0,"parent":19,"menu_order":1,"comment_status":"closed","ping_status":"closed","template":"","meta":{"footnotes":""},"class_list":["post-1385","page","type-page","status-publish","hentry"],"_links":{"self":[{"href":"https:\/\/site.ac-martinique.fr\/lettres\/index.php?rest_route=\/wp\/v2\/pages\/1385","targetHints":{"allow":["GET"]}}],"collection":[{"href":"https:\/\/site.ac-martinique.fr\/lettres\/index.php?rest_route=\/wp\/v2\/pages"}],"about":[{"href":"https:\/\/site.ac-martinique.fr\/lettres\/index.php?rest_route=\/wp\/v2\/types\/page"}],"author":[{"embeddable":true,"href":"https:\/\/site.ac-martinique.fr\/lettres\/index.php?rest_route=\/wp\/v2\/users\/72"}],"replies":[{"embeddable":true,"href":"https:\/\/site.ac-martinique.fr\/lettres\/index.php?rest_route=%2Fwp%2Fv2%2Fcomments&post=1385"}],"version-history":[{"count":1,"href":"https:\/\/site.ac-martinique.fr\/lettres\/index.php?rest_route=\/wp\/v2\/pages\/1385\/revisions"}],"predecessor-version":[{"id":1386,"href":"https:\/\/site.ac-martinique.fr\/lettres\/index.php?rest_route=\/wp\/v2\/pages\/1385\/revisions\/1386"}],"up":[{"embeddable":true,"href":"https:\/\/site.ac-martinique.fr\/lettres\/index.php?rest_route=\/wp\/v2\/pages\/19"}],"wp:attachment":[{"href":"https:\/\/site.ac-martinique.fr\/lettres\/index.php?rest_route=%2Fwp%2Fv2%2Fmedia&parent=1385"}],"curies":[{"name":"wp","href":"https:\/\/api.w.org\/{rel}","templated":true}]}}