{"id":1391,"date":"2023-03-10T19:14:45","date_gmt":"2023-03-10T18:14:45","guid":{"rendered":"https:\/\/site.ac-martinique.fr\/lettres\/?page_id=1391"},"modified":"2023-03-10T19:14:46","modified_gmt":"2023-03-10T18:14:46","slug":"lecture-a-voix-haute-2023","status":"publish","type":"page","link":"https:\/\/site.ac-martinique.fr\/lettres\/?page_id=1391","title":{"rendered":"Lecture \u00e0 voix haute 2023"},"content":{"rendered":"\n<p>Cette quatri\u00e8me\u00a0\u00e9dition du concours \u00ab Si on lisait \u00e0 voix haute ! \u00bb lanc\u00e9 par\u00a0<em>La Grande Librairie<\/em>\u00a0est un succ\u00e8s.\u00a0<strong>120 000\u00a0\u00e9l\u00e8ves<\/strong>\u00a0de coll\u00e8ge et lyc\u00e9e ont particip\u00e9 et nous avons re\u00e7u\u00a0plus de 3 300\u00a0vid\u00e9os. Nos\u00a0jurys acad\u00e9miques, apr\u00e8s des centaines d\u2019heures de visionnage, ont\u00a0retenu les<strong>\u00a0286\u00a0meilleurs candidats\u00a0<\/strong>parmi lesquels\u00a0<strong>126 lyc\u00e9ens<\/strong>.<\/p>\n\n\n\n<h2 class=\"wp-block-heading\">Seconde vid\u00e9o de s\u00e9lection avant la grande&nbsp;finale&nbsp;du concours en juin sur France 5<\/h2>\n\n\n\n<p>Nous remercions chaleureusement tous les jeunes lecteurs et leurs encadrants, du travail effectu\u00e9. Gr\u00e2ce \u00e0 eux, \u00e0 leur enthousiasme, leur \u00e9nergie et leur investissement, cette op\u00e9ration est une r\u00e9ussite. Apr\u00e8s cette phase de s\u00e9lection, le concours continue.<\/p>\n\n\n\n<ul class=\"wp-block-list\">\n<li>Les demi-finalistes doivent envoyer une seconde vid\u00e9o au jury, sur un second texte, entre le<strong>&nbsp;lundi 20&nbsp;mars&nbsp;<\/strong>et le&nbsp;<strong>lundi 27 mars 2023<\/strong>.&nbsp;Celle-ci permettra&nbsp;au jury de s\u00e9lectionner les finalistes.&nbsp;<br \/><strong>&#x1f4a1;&nbsp;<\/strong>Bon \u00e0 savoir : Pour vous aider \u00e0 vous pr\u00e9parer, chaque semaine, dans&nbsp;<em>La Grande Librairie<\/em>,&nbsp;<strong>des \u00e9crivains continuent de se rendre dans des classes<\/strong>&nbsp;et&nbsp;<strong>de grands com\u00e9diens ou anciens finalistes vous livrent leurs conseils<\/strong>. Vous retrouvez ces vid\u00e9os&nbsp;sur&nbsp;<a href=\"http:\/\/www.lumni.fr\/dossier\/la-grande-librairie-concours-de-lecture-a-voix-haute\" target=\"_blank\" rel=\"noreferrer noopener\">Lumni<\/a>, ainsi que sur nos r\u00e9seaux sociaux.<\/li>\n\n\n\n<li>La&nbsp;finale&nbsp;sera&nbsp;diffus\u00e9e&nbsp;en juin sur France 5. Elle&nbsp;c\u00e9l\u00e9brera&nbsp;la lecture \u00e0 voix haute, la litt\u00e9rature et le plaisir de lire. Nous esp\u00e9rons que vous serez au rendez-vous !<\/li>\n<\/ul>\n\n\n\n<p>Deux de nos lyc\u00e9ens martiniquais sont demi-finalistes : <\/p>\n\n\n\n<p><a href=\"https:\/\/www.lumni.fr\/article\/les-demi-finalistes-lyceens-du-concours-de-lecture-a-voix-haute-2023#containerType=folder&amp;containerSlug=la-grande-librairie-concours-de-lecture-a-voix-haute\">https:\/\/www.lumni.fr\/article\/les-demi-finalistes-lyceens-du-concours-de-lecture-a-voix-haute-2023#containerType=folder&amp;containerSlug=la-grande-librairie-concours-de-lecture-a-voix-haute<\/a><\/p>\n","protected":false},"excerpt":{"rendered":"<p>Cette quatri\u00e8me\u00a0\u00e9dition du concours \u00ab Si on lisait \u00e0 voix haute ! \u00bb lanc\u00e9 par\u00a0La Grande Librairie\u00a0est un succ\u00e8s.\u00a0120 000\u00a0\u00e9l\u00e8ves\u00a0de coll\u00e8ge et lyc\u00e9e ont particip\u00e9 et nous avons re\u00e7u\u00a0plus de 3 300\u00a0vid\u00e9os. Nos\u00a0jurys acad\u00e9miques, apr\u00e8s des centaines d\u2019heures de visionnage, &hellip; <a href=\"https:\/\/site.ac-martinique.fr\/lettres\/?page_id=1391\">Continuer la lecture <span class=\"meta-nav\">&rarr;<\/span><\/a><\/p>\n","protected":false},"author":72,"featured_media":0,"parent":0,"menu_order":0,"comment_status":"closed","ping_status":"closed","template":"","meta":{"footnotes":""},"class_list":["post-1391","page","type-page","status-publish","hentry"],"_links":{"self":[{"href":"https:\/\/site.ac-martinique.fr\/lettres\/index.php?rest_route=\/wp\/v2\/pages\/1391","targetHints":{"allow":["GET"]}}],"collection":[{"href":"https:\/\/site.ac-martinique.fr\/lettres\/index.php?rest_route=\/wp\/v2\/pages"}],"about":[{"href":"https:\/\/site.ac-martinique.fr\/lettres\/index.php?rest_route=\/wp\/v2\/types\/page"}],"author":[{"embeddable":true,"href":"https:\/\/site.ac-martinique.fr\/lettres\/index.php?rest_route=\/wp\/v2\/users\/72"}],"replies":[{"embeddable":true,"href":"https:\/\/site.ac-martinique.fr\/lettres\/index.php?rest_route=%2Fwp%2Fv2%2Fcomments&post=1391"}],"version-history":[{"count":1,"href":"https:\/\/site.ac-martinique.fr\/lettres\/index.php?rest_route=\/wp\/v2\/pages\/1391\/revisions"}],"predecessor-version":[{"id":1393,"href":"https:\/\/site.ac-martinique.fr\/lettres\/index.php?rest_route=\/wp\/v2\/pages\/1391\/revisions\/1393"}],"wp:attachment":[{"href":"https:\/\/site.ac-martinique.fr\/lettres\/index.php?rest_route=%2Fwp%2Fv2%2Fmedia&parent=1391"}],"curies":[{"name":"wp","href":"https:\/\/api.w.org\/{rel}","templated":true}]}}