{"id":1398,"date":"2023-03-10T20:20:43","date_gmt":"2023-03-10T19:20:43","guid":{"rendered":"https:\/\/site.ac-martinique.fr\/lettres\/?page_id=1398"},"modified":"2023-03-10T20:20:44","modified_gmt":"2023-03-10T19:20:44","slug":"lenseignement-explicite-avec-tacit","status":"publish","type":"page","link":"https:\/\/site.ac-martinique.fr\/lettres\/?page_id=1398","title":{"rendered":"L&rsquo;enseignement explicite avec Tacit"},"content":{"rendered":"\n<p>Document de formation de Marina Tual (ma\u00eetresse de conf\u00e9rences \u00e0 l&rsquo;Insp\u00e9 de Paris)<\/p>\n\n\n\n<div data-wp-interactive=\"core\/file\" class=\"wp-block-file\"><object data-wp-bind--hidden=\"!state.hasPdfPreview\" hidden class=\"wp-block-file__embed\" data=\"https:\/\/site.ac-martinique.fr\/lettres\/wp-content\/uploads\/sites\/16\/2023\/03\/Formation-enseignement-explicite-comprehension_Tual.pdf\" type=\"application\/pdf\" style=\"width:100%;height:600px\" aria-label=\"Contenu embarqu\u00e9 Formation-enseignement-explicite-comprehension_Tual.\"><\/object><a id=\"wp-block-file--media-35b1af38-a986-49ed-998b-d485a6b01b13\" href=\"https:\/\/site.ac-martinique.fr\/lettres\/wp-content\/uploads\/sites\/16\/2023\/03\/Formation-enseignement-explicite-comprehension_Tual.pdf\">Formation-enseignement-explicite-comprehension_Tual<\/a><a href=\"https:\/\/site.ac-martinique.fr\/lettres\/wp-content\/uploads\/sites\/16\/2023\/03\/Formation-enseignement-explicite-comprehension_Tual.pdf\" class=\"wp-block-file__button wp-element-button\" download aria-describedby=\"wp-block-file--media-35b1af38-a986-49ed-998b-d485a6b01b13\">T\u00e9l\u00e9charger<\/a><\/div>\n\n\n\n<p><\/p>\n","protected":false},"excerpt":{"rendered":"<p>Document de formation de Marina Tual (ma\u00eetresse de conf\u00e9rences \u00e0 l&rsquo;Insp\u00e9 de Paris)<\/p>\n","protected":false},"author":72,"featured_media":0,"parent":382,"menu_order":1,"comment_status":"closed","ping_status":"closed","template":"","meta":{"footnotes":""},"class_list":["post-1398","page","type-page","status-publish","hentry"],"_links":{"self":[{"href":"https:\/\/site.ac-martinique.fr\/lettres\/index.php?rest_route=\/wp\/v2\/pages\/1398","targetHints":{"allow":["GET"]}}],"collection":[{"href":"https:\/\/site.ac-martinique.fr\/lettres\/index.php?rest_route=\/wp\/v2\/pages"}],"about":[{"href":"https:\/\/site.ac-martinique.fr\/lettres\/index.php?rest_route=\/wp\/v2\/types\/page"}],"author":[{"embeddable":true,"href":"https:\/\/site.ac-martinique.fr\/lettres\/index.php?rest_route=\/wp\/v2\/users\/72"}],"replies":[{"embeddable":true,"href":"https:\/\/site.ac-martinique.fr\/lettres\/index.php?rest_route=%2Fwp%2Fv2%2Fcomments&post=1398"}],"version-history":[{"count":1,"href":"https:\/\/site.ac-martinique.fr\/lettres\/index.php?rest_route=\/wp\/v2\/pages\/1398\/revisions"}],"predecessor-version":[{"id":1400,"href":"https:\/\/site.ac-martinique.fr\/lettres\/index.php?rest_route=\/wp\/v2\/pages\/1398\/revisions\/1400"}],"up":[{"embeddable":true,"href":"https:\/\/site.ac-martinique.fr\/lettres\/index.php?rest_route=\/wp\/v2\/pages\/382"}],"wp:attachment":[{"href":"https:\/\/site.ac-martinique.fr\/lettres\/index.php?rest_route=%2Fwp%2Fv2%2Fmedia&parent=1398"}],"curies":[{"name":"wp","href":"https:\/\/api.w.org\/{rel}","templated":true}]}}