{"id":1412,"date":"2023-03-15T19:35:21","date_gmt":"2023-03-15T18:35:21","guid":{"rendered":"https:\/\/site.ac-martinique.fr\/lettres\/?page_id=1412"},"modified":"2023-03-15T19:35:22","modified_gmt":"2023-03-15T18:35:22","slug":"document-daccompagnement-pedagogique-commemoration-aime-cesaire","status":"publish","type":"page","link":"https:\/\/site.ac-martinique.fr\/lettres\/?page_id=1412","title":{"rendered":"Document d\u2019accompagnement p\u00e9dagogique &#8211; Comm\u00e9moration Aim\u00e9 C\u00e9saire"},"content":{"rendered":"\n<p>D\u00e9couvrez ce document incluant un entretien entre Daniel Maximin et Aim\u00e9 C\u00e9saire : <\/p>\n\n\n\n<div data-wp-interactive=\"core\/file\" class=\"wp-block-file\"><object data-wp-bind--hidden=\"!state.hasPdfPreview\" hidden class=\"wp-block-file__embed\" data=\"https:\/\/site.ac-martinique.fr\/lettres\/wp-content\/uploads\/sites\/16\/2023\/03\/aime-ce-saire-comme-moration-1913-2013-421.pdf\" type=\"application\/pdf\" style=\"width:100%;height:600px\" aria-label=\"Contenu embarqu\u00e9 aime-ce-saire-comme-moration-1913-2013-421.\"><\/object><a id=\"wp-block-file--media-ef61959e-9e83-4a9d-99b8-63ef73d89cc3\" href=\"https:\/\/site.ac-martinique.fr\/lettres\/wp-content\/uploads\/sites\/16\/2023\/03\/aime-ce-saire-comme-moration-1913-2013-421.pdf\">aime-ce-saire-comme-moration-1913-2013-421<\/a><a href=\"https:\/\/site.ac-martinique.fr\/lettres\/wp-content\/uploads\/sites\/16\/2023\/03\/aime-ce-saire-comme-moration-1913-2013-421.pdf\" class=\"wp-block-file__button wp-element-button\" download aria-describedby=\"wp-block-file--media-ef61959e-9e83-4a9d-99b8-63ef73d89cc3\">T\u00e9l\u00e9charger<\/a><\/div>\n","protected":false},"excerpt":{"rendered":"<p>D\u00e9couvrez ce document incluant un entretien entre Daniel Maximin et Aim\u00e9 C\u00e9saire :<\/p>\n","protected":false},"author":72,"featured_media":0,"parent":0,"menu_order":0,"comment_status":"closed","ping_status":"closed","template":"","meta":{"footnotes":""},"class_list":["post-1412","page","type-page","status-publish","hentry"],"_links":{"self":[{"href":"https:\/\/site.ac-martinique.fr\/lettres\/index.php?rest_route=\/wp\/v2\/pages\/1412","targetHints":{"allow":["GET"]}}],"collection":[{"href":"https:\/\/site.ac-martinique.fr\/lettres\/index.php?rest_route=\/wp\/v2\/pages"}],"about":[{"href":"https:\/\/site.ac-martinique.fr\/lettres\/index.php?rest_route=\/wp\/v2\/types\/page"}],"author":[{"embeddable":true,"href":"https:\/\/site.ac-martinique.fr\/lettres\/index.php?rest_route=\/wp\/v2\/users\/72"}],"replies":[{"embeddable":true,"href":"https:\/\/site.ac-martinique.fr\/lettres\/index.php?rest_route=%2Fwp%2Fv2%2Fcomments&post=1412"}],"version-history":[{"count":1,"href":"https:\/\/site.ac-martinique.fr\/lettres\/index.php?rest_route=\/wp\/v2\/pages\/1412\/revisions"}],"predecessor-version":[{"id":1415,"href":"https:\/\/site.ac-martinique.fr\/lettres\/index.php?rest_route=\/wp\/v2\/pages\/1412\/revisions\/1415"}],"wp:attachment":[{"href":"https:\/\/site.ac-martinique.fr\/lettres\/index.php?rest_route=%2Fwp%2Fv2%2Fmedia&parent=1412"}],"curies":[{"name":"wp","href":"https:\/\/api.w.org\/{rel}","templated":true}]}}