{"id":1468,"date":"2023-06-13T23:32:49","date_gmt":"2023-06-13T22:32:49","guid":{"rendered":"https:\/\/site.ac-martinique.fr\/lettres\/?page_id=1468"},"modified":"2023-06-16T12:44:01","modified_gmt":"2023-06-16T11:44:01","slug":"sujets-et-corriges-eaf","status":"publish","type":"page","link":"https:\/\/site.ac-martinique.fr\/lettres\/?page_id=1468","title":{"rendered":"Sujets et corrig\u00e9s EAF"},"content":{"rendered":"\n<p class=\"has-blue-color has-text-color\"><strong>Liste des sujets et corrig\u00e9s : <\/strong><\/p>\n\n\n\n<p><strong>2023 Martinique : <\/strong><\/p>\n\n\n\n<div data-wp-interactive=\"core\/file\" class=\"wp-block-file\"><object data-wp-bind--hidden=\"!state.hasPdfPreview\" hidden class=\"wp-block-file__embed\" data=\"https:\/\/site.ac-martinique.fr\/lettres\/wp-content\/uploads\/sites\/16\/2023\/06\/23-FRGEAG1C.pdf\" type=\"application\/pdf\" style=\"width:100%;height:600px\" aria-label=\"Contenu embarqu\u00e9 23-FRGEAG1C.\"><\/object><a id=\"wp-block-file--media-d5fe9542-5a42-4b6a-bb9c-6a4bb03ccef1\" href=\"https:\/\/site.ac-martinique.fr\/lettres\/wp-content\/uploads\/sites\/16\/2023\/06\/23-FRGEAG1C.pdf\">23-FRGEAG1C<\/a><a href=\"https:\/\/site.ac-martinique.fr\/lettres\/wp-content\/uploads\/sites\/16\/2023\/06\/23-FRGEAG1C.pdf\" class=\"wp-block-file__button wp-element-button\" download aria-describedby=\"wp-block-file--media-d5fe9542-5a42-4b6a-bb9c-6a4bb03ccef1\">T\u00e9l\u00e9charger<\/a><\/div>\n\n\n\n<div data-wp-interactive=\"core\/file\" class=\"wp-block-file\"><object data-wp-bind--hidden=\"!state.hasPdfPreview\" hidden class=\"wp-block-file__embed\" data=\"https:\/\/site.ac-martinique.fr\/lettres\/wp-content\/uploads\/sites\/16\/2023\/06\/23-FRANTEAG1C.pdf\" type=\"application\/pdf\" style=\"width:100%;height:600px\" aria-label=\"Contenu embarqu\u00e9 23-FRANTEAG1C.\"><\/object><a id=\"wp-block-file--media-737ab699-60d5-4449-aab8-edc39382e651\" href=\"https:\/\/site.ac-martinique.fr\/lettres\/wp-content\/uploads\/sites\/16\/2023\/06\/23-FRANTEAG1C.pdf\">23-FRANTEAG1C<\/a><a href=\"https:\/\/site.ac-martinique.fr\/lettres\/wp-content\/uploads\/sites\/16\/2023\/06\/23-FRANTEAG1C.pdf\" class=\"wp-block-file__button wp-element-button\" download aria-describedby=\"wp-block-file--media-737ab699-60d5-4449-aab8-edc39382e651\">T\u00e9l\u00e9charger<\/a><\/div>\n\n\n\n<p><strong>2023 Am\u00e9rique du Nord<\/strong> : <\/p>\n\n\n\n<div data-wp-interactive=\"core\/file\" class=\"wp-block-file\"><object data-wp-bind--hidden=\"!state.hasPdfPreview\" hidden class=\"wp-block-file__embed\" data=\"https:\/\/site.ac-martinique.fr\/lettres\/wp-content\/uploads\/sites\/16\/2023\/06\/francais-premiere-2023-amerique-nord-sujet-officiel-1-.pdf\" type=\"application\/pdf\" style=\"width:100%;height:600px\" aria-label=\"Contenu embarqu\u00e9 francais-premiere-2023-amerique-nord-sujet-officiel-1-.\"><\/object><a id=\"wp-block-file--media-71050cd2-08d7-452f-ac2f-41b1fc3bee41\" href=\"https:\/\/site.ac-martinique.fr\/lettres\/wp-content\/uploads\/sites\/16\/2023\/06\/francais-premiere-2023-amerique-nord-sujet-officiel-1-.pdf\">francais-premiere-2023-amerique-nord-sujet-officiel-1-<\/a><a href=\"https:\/\/site.ac-martinique.fr\/lettres\/wp-content\/uploads\/sites\/16\/2023\/06\/francais-premiere-2023-amerique-nord-sujet-officiel-1-.pdf\" class=\"wp-block-file__button wp-element-button\" download aria-describedby=\"wp-block-file--media-71050cd2-08d7-452f-ac2f-41b1fc3bee41\">T\u00e9l\u00e9charger<\/a><\/div>\n\n\n\n<div data-wp-interactive=\"core\/file\" class=\"wp-block-file\"><object data-wp-bind--hidden=\"!state.hasPdfPreview\" hidden class=\"wp-block-file__embed\" data=\"https:\/\/site.ac-martinique.fr\/lettres\/wp-content\/uploads\/sites\/16\/2023\/06\/francais-premiere-2023-amerique-nord-corrige-officiel.pdf\" type=\"application\/pdf\" style=\"width:100%;height:600px\" aria-label=\"Contenu embarqu\u00e9 francais-premiere-2023-amerique-nord-corrige-officiel.\"><\/object><a id=\"wp-block-file--media-4bcbd2f6-5f76-409e-adc0-cc255262d616\" href=\"https:\/\/site.ac-martinique.fr\/lettres\/wp-content\/uploads\/sites\/16\/2023\/06\/francais-premiere-2023-amerique-nord-corrige-officiel.pdf\">francais-premiere-2023-amerique-nord-corrige-officiel<\/a><a href=\"https:\/\/site.ac-martinique.fr\/lettres\/wp-content\/uploads\/sites\/16\/2023\/06\/francais-premiere-2023-amerique-nord-corrige-officiel.pdf\" class=\"wp-block-file__button wp-element-button\" download aria-describedby=\"wp-block-file--media-4bcbd2f6-5f76-409e-adc0-cc255262d616\">T\u00e9l\u00e9charger<\/a><\/div>\n\n\n\n<p><strong>Sujet de la voie technologique du Maghreb <\/strong><\/p>\n\n\n\n<div data-wp-interactive=\"core\/file\" class=\"wp-block-file\"><object data-wp-bind--hidden=\"!state.hasPdfPreview\" hidden class=\"wp-block-file__embed\" data=\"https:\/\/site.ac-martinique.fr\/lettres\/wp-content\/uploads\/sites\/16\/2023\/06\/23-FRANTEG11.pdf\" type=\"application\/pdf\" style=\"width:100%;height:600px\" aria-label=\"Contenu embarqu\u00e9 23-FRANTEG11.\"><\/object><a id=\"wp-block-file--media-9e403a4f-9f73-4083-b5e4-f301d429e1b6\" href=\"https:\/\/site.ac-martinique.fr\/lettres\/wp-content\/uploads\/sites\/16\/2023\/06\/23-FRANTEG11.pdf\">23-FRANTEG11<\/a><a href=\"https:\/\/site.ac-martinique.fr\/lettres\/wp-content\/uploads\/sites\/16\/2023\/06\/23-FRANTEG11.pdf\" class=\"wp-block-file__button wp-element-button\" download aria-describedby=\"wp-block-file--media-9e403a4f-9f73-4083-b5e4-f301d429e1b6\">T\u00e9l\u00e9charger<\/a><\/div>\n\n\n\n<div data-wp-interactive=\"core\/file\" class=\"wp-block-file\"><object data-wp-bind--hidden=\"!state.hasPdfPreview\" hidden class=\"wp-block-file__embed\" data=\"https:\/\/site.ac-martinique.fr\/lettres\/wp-content\/uploads\/sites\/16\/2023\/06\/23-FRANTEG11C.pdf\" type=\"application\/pdf\" style=\"width:100%;height:600px\" aria-label=\"Contenu embarqu\u00e9 23-FRANTEG11C.\"><\/object><a id=\"wp-block-file--media-53094f27-13b9-42ee-9873-58abe33eec7a\" href=\"https:\/\/site.ac-martinique.fr\/lettres\/wp-content\/uploads\/sites\/16\/2023\/06\/23-FRANTEG11C.pdf\">23-FRANTEG11C<\/a><a href=\"https:\/\/site.ac-martinique.fr\/lettres\/wp-content\/uploads\/sites\/16\/2023\/06\/23-FRANTEG11C.pdf\" class=\"wp-block-file__button wp-element-button\" download aria-describedby=\"wp-block-file--media-53094f27-13b9-42ee-9873-58abe33eec7a\">T\u00e9l\u00e9charger<\/a><\/div>\n\n\n\n<p>Sujet du Maghreb, corrig\u00e9 de la voie g\u00e9n\u00e9rale : <\/p>\n\n\n\n<div data-wp-interactive=\"core\/file\" class=\"wp-block-file\"><object data-wp-bind--hidden=\"!state.hasPdfPreview\" hidden class=\"wp-block-file__embed\" data=\"https:\/\/site.ac-martinique.fr\/lettres\/wp-content\/uploads\/sites\/16\/2023\/06\/23-FRGEG11C.pdf\" type=\"application\/pdf\" style=\"width:100%;height:600px\" aria-label=\"Contenu embarqu\u00e9 23-FRGEG11C.\"><\/object><a id=\"wp-block-file--media-4c452718-a98d-4462-8d67-65bbd21e025c\" href=\"https:\/\/site.ac-martinique.fr\/lettres\/wp-content\/uploads\/sites\/16\/2023\/06\/23-FRGEG11C.pdf\">23-FRGEG11C<\/a><a href=\"https:\/\/site.ac-martinique.fr\/lettres\/wp-content\/uploads\/sites\/16\/2023\/06\/23-FRGEG11C.pdf\" class=\"wp-block-file__button wp-element-button\" download aria-describedby=\"wp-block-file--media-4c452718-a98d-4462-8d67-65bbd21e025c\">T\u00e9l\u00e9charger<\/a><\/div>\n","protected":false},"excerpt":{"rendered":"<p>Liste des sujets et corrig\u00e9s : 2023 Martinique : 2023 Am\u00e9rique du Nord : Sujet de la voie technologique du Maghreb Sujet du Maghreb, corrig\u00e9 de la voie g\u00e9n\u00e9rale :<\/p>\n","protected":false},"author":72,"featured_media":0,"parent":0,"menu_order":0,"comment_status":"closed","ping_status":"closed","template":"","meta":{"footnotes":""},"class_list":["post-1468","page","type-page","status-publish","hentry"],"_links":{"self":[{"href":"https:\/\/site.ac-martinique.fr\/lettres\/index.php?rest_route=\/wp\/v2\/pages\/1468","targetHints":{"allow":["GET"]}}],"collection":[{"href":"https:\/\/site.ac-martinique.fr\/lettres\/index.php?rest_route=\/wp\/v2\/pages"}],"about":[{"href":"https:\/\/site.ac-martinique.fr\/lettres\/index.php?rest_route=\/wp\/v2\/types\/page"}],"author":[{"embeddable":true,"href":"https:\/\/site.ac-martinique.fr\/lettres\/index.php?rest_route=\/wp\/v2\/users\/72"}],"replies":[{"embeddable":true,"href":"https:\/\/site.ac-martinique.fr\/lettres\/index.php?rest_route=%2Fwp%2Fv2%2Fcomments&post=1468"}],"version-history":[{"count":2,"href":"https:\/\/site.ac-martinique.fr\/lettres\/index.php?rest_route=\/wp\/v2\/pages\/1468\/revisions"}],"predecessor-version":[{"id":1481,"href":"https:\/\/site.ac-martinique.fr\/lettres\/index.php?rest_route=\/wp\/v2\/pages\/1468\/revisions\/1481"}],"wp:attachment":[{"href":"https:\/\/site.ac-martinique.fr\/lettres\/index.php?rest_route=%2Fwp%2Fv2%2Fmedia&parent=1468"}],"curies":[{"name":"wp","href":"https:\/\/api.w.org\/{rel}","templated":true}]}}