{"id":150,"date":"2014-09-14T15:29:11","date_gmt":"2014-09-14T14:29:11","guid":{"rendered":"\/lettres\/?page_id=150"},"modified":"2014-09-14T15:29:23","modified_gmt":"2014-09-14T14:29:23","slug":"formations-proposees-par-le-paf","status":"publish","type":"page","link":"https:\/\/site.ac-martinique.fr\/lettres\/?page_id=150","title":{"rendered":"Formations propos\u00e9es par le PAF"},"content":{"rendered":"<p>Formations propos\u00e9es pour le <strong>public volontaire<\/strong> :<\/p>\n<p><strong>DISPOSITIF LETTRES<\/strong><\/p>\n<p>NUMERIQUE ET ENSEIGNEMENT DES LETTRES<br \/>\nInscription Volontaire<br \/>\nMODULE 1 NUMERIQUE ET ENSEIGNEMENT DES LETTRES \u2013 15811<br \/>\nObjectifs :\u00a0 Am\u00e9liorer l&rsquo;usage du num\u00e9rique en classe de fran\u00e7ais.<br \/>\nContenu :\u00a0 Cr\u00e9ation du programme p\u00e9dagogique.<br \/>\nCible\u00a0 : Enseignants de lettres du second degr\u00e9<br \/>\nDur\u00e9e 10 h \/gp<br \/>\nNb de gpe 3<br \/>\nNb de places 45<\/p>\n<p><strong>DISPOSITIF INTERDISCIPLINAIRE &#8211; ART ET CULTURE<\/strong><br \/>\nMEDIA SCOLAIRE ET REUSSITE DES ELEVES<br \/>\nMODULE 1\u00a0 JOURNAL SCOLAIRE ET MEDIATION &#8211; 16068<br \/>\nObjectifs :\u00a0 D\u00e9velopper les capacit\u00e9s d\u2019analyse des objectifs dans la mise en oeuvre d\u2019un projet touchant une<br \/>\ncommunaut\u00e9 scolaire, et facteur de r\u00e9gulation de la communication.<br \/>\nContenu\u00a0 : Mise en place d&rsquo;un journal scolaire &#8211; Principes de l&rsquo;\u00e9criture journalistique &#8211; Pratique de la mise en<br \/>\nforme.<br \/>\nCible : Professeurs volontaires de toutes disciplines<br \/>\nDur\u00e9e 6 h<br \/>\nNb de gpe 1<br \/>\nNb de places 20<br \/>\nMODULE 2 CLASSE PROJET WEB RADIO &#8211;<br \/>\nObjectifs :\u00a0 D\u00e9velopper les capacit\u00e9s d\u2019analyse des objectifs dans la mise en oeuvre d\u2019un projet touchant une<br \/>\ncommunaut\u00e9 scolaire.<br \/>\nContenu\u00a0 : Mise en forme d\u2019un conducteur pour la r\u00e9alisation d\u2019une \u00e9mission radio.<br \/>\nCible\u00a0 : Professeurs volontaires de toutes disciplines<br \/>\nDur\u00e9e 6 h<br \/>\nNb de gpe 1<br \/>\nNb de places 20<\/p>\n","protected":false},"excerpt":{"rendered":"<p>Formations propos\u00e9es pour le public volontaire : DISPOSITIF LETTRES NUMERIQUE ET ENSEIGNEMENT DES LETTRES Inscription Volontaire MODULE 1 NUMERIQUE ET ENSEIGNEMENT DES LETTRES \u2013 15811 Objectifs :\u00a0 Am\u00e9liorer l&rsquo;usage du num\u00e9rique en classe de fran\u00e7ais. Contenu :\u00a0 Cr\u00e9ation du programme &hellip; <a href=\"https:\/\/site.ac-martinique.fr\/lettres\/?page_id=150\">Continuer la lecture <span class=\"meta-nav\">&rarr;<\/span><\/a><\/p>\n","protected":false},"author":72,"featured_media":0,"parent":23,"menu_order":0,"comment_status":"closed","ping_status":"open","template":"","meta":{"footnotes":""},"class_list":["post-150","page","type-page","status-publish","hentry"],"_links":{"self":[{"href":"https:\/\/site.ac-martinique.fr\/lettres\/index.php?rest_route=\/wp\/v2\/pages\/150","targetHints":{"allow":["GET"]}}],"collection":[{"href":"https:\/\/site.ac-martinique.fr\/lettres\/index.php?rest_route=\/wp\/v2\/pages"}],"about":[{"href":"https:\/\/site.ac-martinique.fr\/lettres\/index.php?rest_route=\/wp\/v2\/types\/page"}],"author":[{"embeddable":true,"href":"https:\/\/site.ac-martinique.fr\/lettres\/index.php?rest_route=\/wp\/v2\/users\/72"}],"replies":[{"embeddable":true,"href":"https:\/\/site.ac-martinique.fr\/lettres\/index.php?rest_route=%2Fwp%2Fv2%2Fcomments&post=150"}],"version-history":[{"count":1,"href":"https:\/\/site.ac-martinique.fr\/lettres\/index.php?rest_route=\/wp\/v2\/pages\/150\/revisions"}],"predecessor-version":[{"id":151,"href":"https:\/\/site.ac-martinique.fr\/lettres\/index.php?rest_route=\/wp\/v2\/pages\/150\/revisions\/151"}],"up":[{"embeddable":true,"href":"https:\/\/site.ac-martinique.fr\/lettres\/index.php?rest_route=\/wp\/v2\/pages\/23"}],"wp:attachment":[{"href":"https:\/\/site.ac-martinique.fr\/lettres\/index.php?rest_route=%2Fwp%2Fv2%2Fmedia&parent=150"}],"curies":[{"name":"wp","href":"https:\/\/api.w.org\/{rel}","templated":true}]}}