{"id":1521,"date":"2024-05-27T19:27:10","date_gmt":"2024-05-27T18:27:10","guid":{"rendered":"https:\/\/site.ac-martinique.fr\/lettres\/?page_id=1521"},"modified":"2024-06-05T21:20:21","modified_gmt":"2024-06-05T20:20:21","slug":"actualites","status":"publish","type":"page","link":"https:\/\/site.ac-martinique.fr\/lettres\/?page_id=1521","title":{"rendered":"Actualit\u00e9s"},"content":{"rendered":"\n<p><strong>Voyage en Italie des \u00e9l\u00e8ves de 1\u00e8re et Terminale du Lyc\u00e9e Frantz Fanon Trinit\u00e9<\/strong>, du 18 au 28 mars 2024.<\/p>\n\n\n\n<p><strong>Ouverture de l&rsquo;option GREC en Seconde au Lyc\u00e9e La Jet\u00e9e du Fran\u00e7ois<\/strong> d\u00e8s la rentr\u00e9e de septembre 2024 !<\/p>\n\n\n\n<p><em><strong>Pr\u00e9sentation de l&rsquo;option LCA au LGT Frantz FANON<\/strong><\/em> :<\/p>\n\n\n\n<p><a href=\"https:\/\/tube-action-educative.apps.education.fr\/videos\/embed\/7c176689-b493-44d6-91d5-3728f37defb7\" target=\"_blank\" rel=\"noreferrer noopener\">https:\/\/tube-action-educative.apps.education.fr\/videos\/embed\/7c176689-b493-44d6-91d5-3728f37defb7<\/a><\/p>\n","protected":false},"excerpt":{"rendered":"<p>Voyage en Italie des \u00e9l\u00e8ves de 1\u00e8re et Terminale du Lyc\u00e9e Frantz Fanon Trinit\u00e9, du 18 au 28 mars 2024. Ouverture de l&rsquo;option GREC en Seconde au Lyc\u00e9e La Jet\u00e9e du Fran\u00e7ois d\u00e8s la rentr\u00e9e de septembre 2024 ! Pr\u00e9sentation &hellip; <a href=\"https:\/\/site.ac-martinique.fr\/lettres\/?page_id=1521\">Continuer la lecture <span class=\"meta-nav\">&rarr;<\/span><\/a><\/p>\n","protected":false},"author":72,"featured_media":0,"parent":0,"menu_order":0,"comment_status":"closed","ping_status":"closed","template":"","meta":{"footnotes":""},"class_list":["post-1521","page","type-page","status-publish","hentry"],"_links":{"self":[{"href":"https:\/\/site.ac-martinique.fr\/lettres\/index.php?rest_route=\/wp\/v2\/pages\/1521","targetHints":{"allow":["GET"]}}],"collection":[{"href":"https:\/\/site.ac-martinique.fr\/lettres\/index.php?rest_route=\/wp\/v2\/pages"}],"about":[{"href":"https:\/\/site.ac-martinique.fr\/lettres\/index.php?rest_route=\/wp\/v2\/types\/page"}],"author":[{"embeddable":true,"href":"https:\/\/site.ac-martinique.fr\/lettres\/index.php?rest_route=\/wp\/v2\/users\/72"}],"replies":[{"embeddable":true,"href":"https:\/\/site.ac-martinique.fr\/lettres\/index.php?rest_route=%2Fwp%2Fv2%2Fcomments&post=1521"}],"version-history":[{"count":3,"href":"https:\/\/site.ac-martinique.fr\/lettres\/index.php?rest_route=\/wp\/v2\/pages\/1521\/revisions"}],"predecessor-version":[{"id":1533,"href":"https:\/\/site.ac-martinique.fr\/lettres\/index.php?rest_route=\/wp\/v2\/pages\/1521\/revisions\/1533"}],"wp:attachment":[{"href":"https:\/\/site.ac-martinique.fr\/lettres\/index.php?rest_route=%2Fwp%2Fv2%2Fmedia&parent=1521"}],"curies":[{"name":"wp","href":"https:\/\/api.w.org\/{rel}","templated":true}]}}