{"id":189,"date":"2014-12-03T00:50:01","date_gmt":"2014-12-02T23:50:01","guid":{"rendered":"\/lettres\/?page_id=189"},"modified":"2015-09-21T22:24:16","modified_gmt":"2015-09-21T21:24:16","slug":"concours","status":"publish","type":"page","link":"https:\/\/site.ac-martinique.fr\/lettres\/?page_id=189","title":{"rendered":"Concours"},"content":{"rendered":"<p>Dans les sous-pages, quelques concours qui pourraient int\u00e9resser les \u00e9l\u00e8ves.<\/p>\n","protected":false},"excerpt":{"rendered":"<p>Dans les sous-pages, quelques concours qui pourraient int\u00e9resser les \u00e9l\u00e8ves.<\/p>\n","protected":false},"author":72,"featured_media":0,"parent":0,"menu_order":7,"comment_status":"closed","ping_status":"open","template":"","meta":{"footnotes":""},"class_list":["post-189","page","type-page","status-publish","hentry"],"_links":{"self":[{"href":"https:\/\/site.ac-martinique.fr\/lettres\/index.php?rest_route=\/wp\/v2\/pages\/189","targetHints":{"allow":["GET"]}}],"collection":[{"href":"https:\/\/site.ac-martinique.fr\/lettres\/index.php?rest_route=\/wp\/v2\/pages"}],"about":[{"href":"https:\/\/site.ac-martinique.fr\/lettres\/index.php?rest_route=\/wp\/v2\/types\/page"}],"author":[{"embeddable":true,"href":"https:\/\/site.ac-martinique.fr\/lettres\/index.php?rest_route=\/wp\/v2\/users\/72"}],"replies":[{"embeddable":true,"href":"https:\/\/site.ac-martinique.fr\/lettres\/index.php?rest_route=%2Fwp%2Fv2%2Fcomments&post=189"}],"version-history":[{"count":2,"href":"https:\/\/site.ac-martinique.fr\/lettres\/index.php?rest_route=\/wp\/v2\/pages\/189\/revisions"}],"predecessor-version":[{"id":261,"href":"https:\/\/site.ac-martinique.fr\/lettres\/index.php?rest_route=\/wp\/v2\/pages\/189\/revisions\/261"}],"wp:attachment":[{"href":"https:\/\/site.ac-martinique.fr\/lettres\/index.php?rest_route=%2Fwp%2Fv2%2Fmedia&parent=189"}],"curies":[{"name":"wp","href":"https:\/\/api.w.org\/{rel}","templated":true}]}}