{"id":221,"date":"2015-02-17T00:18:35","date_gmt":"2015-02-16T23:18:35","guid":{"rendered":"\/lettres\/?page_id=221"},"modified":"2015-03-01T21:06:11","modified_gmt":"2015-03-01T20:06:11","slug":"web-radio-et-evaluation-des-competences","status":"publish","type":"page","link":"https:\/\/site.ac-martinique.fr\/lettres\/?page_id=221","title":{"rendered":"Web-radio et evaluation des comp\u00e9tences"},"content":{"rendered":"<p>Une s\u00e9quence du groupe acad\u00e9mique disciplinaire Lettres et TICE : <a href=\"\/lettres\/wp-content\/uploads\/sites\/16\/2015\/02\/evaluer-des-comp\u00e9tences-avec-la-web-radio.pdf\">evaluer des comp\u00e9tences avec la web-radio<\/a><\/p>\n","protected":false},"excerpt":{"rendered":"<p>Une s\u00e9quence du groupe acad\u00e9mique disciplinaire Lettres et TICE : evaluer des comp\u00e9tences avec la web-radio<\/p>\n","protected":false},"author":72,"featured_media":0,"parent":98,"menu_order":0,"comment_status":"closed","ping_status":"open","template":"","meta":{"footnotes":""},"class_list":["post-221","page","type-page","status-publish","hentry"],"_links":{"self":[{"href":"https:\/\/site.ac-martinique.fr\/lettres\/index.php?rest_route=\/wp\/v2\/pages\/221","targetHints":{"allow":["GET"]}}],"collection":[{"href":"https:\/\/site.ac-martinique.fr\/lettres\/index.php?rest_route=\/wp\/v2\/pages"}],"about":[{"href":"https:\/\/site.ac-martinique.fr\/lettres\/index.php?rest_route=\/wp\/v2\/types\/page"}],"author":[{"embeddable":true,"href":"https:\/\/site.ac-martinique.fr\/lettres\/index.php?rest_route=\/wp\/v2\/users\/72"}],"replies":[{"embeddable":true,"href":"https:\/\/site.ac-martinique.fr\/lettres\/index.php?rest_route=%2Fwp%2Fv2%2Fcomments&post=221"}],"version-history":[{"count":1,"href":"https:\/\/site.ac-martinique.fr\/lettres\/index.php?rest_route=\/wp\/v2\/pages\/221\/revisions"}],"predecessor-version":[{"id":223,"href":"https:\/\/site.ac-martinique.fr\/lettres\/index.php?rest_route=\/wp\/v2\/pages\/221\/revisions\/223"}],"up":[{"embeddable":true,"href":"https:\/\/site.ac-martinique.fr\/lettres\/index.php?rest_route=\/wp\/v2\/pages\/98"}],"wp:attachment":[{"href":"https:\/\/site.ac-martinique.fr\/lettres\/index.php?rest_route=%2Fwp%2Fv2%2Fmedia&parent=221"}],"curies":[{"name":"wp","href":"https:\/\/api.w.org\/{rel}","templated":true}]}}