{"id":351,"date":"2015-10-26T12:51:16","date_gmt":"2015-10-26T11:51:16","guid":{"rendered":"\/lettres\/?page_id=351"},"modified":"2016-04-18T22:33:31","modified_gmt":"2016-04-18T21:33:31","slug":"la-reforme-du-college","status":"publish","type":"page","link":"https:\/\/site.ac-martinique.fr\/lettres\/?page_id=351","title":{"rendered":"La r\u00e9forme du Coll\u00e8ge"},"content":{"rendered":"<ul>\n<li>\n<h4><strong>C<\/strong><span style=\"font-family: Times New Roman,Times,serif;\"><strong>alendrier pr\u00e9visionnel<\/strong> de la formation pour la mise en place de la r\u00e9forme du Coll\u00e8ge : <\/span><\/h4>\n<\/li>\n<\/ul>\n<p style=\"text-align: center;\"><a href=\"\/lettres\/wp-content\/uploads\/sites\/16\/2015\/10\/Calendrier-de-formation-pr\u00e9visionnel.pdf\" target=\"_blank\">Calendrier de formation pr\u00e9visionnel<\/a><\/p>\n<ul>\n<li><strong>Tout savoir sur la r\u00e9forme du coll\u00e8ge<\/strong> :<\/li>\n<\/ul>\n<h3 style=\"text-align: center;\"><a href=\"http:\/\/www.education.gouv.fr\/pid32484\/college-2016-tout-savoir-sur-reforme.html\" target=\"_blank\">http:\/\/www.education.gouv.fr\/pid32484\/college-2016-tout-savoir-sur-reforme.html<\/a><\/h3>\n<ul>\n<li><strong>D\u00e9finition des EPI<\/strong> :<\/li>\n<\/ul>\n<h3 style=\"text-align: center;\"><a href=\"http:\/\/eduscol.education.fr\/cid87584\/le-college-2016-questions-reponses.html#les_nouveaux%20th%C3%A8mes%20de%20travail\" target=\"_blank\">http:\/\/eduscol.education.fr\/cid87584\/le-college-2016-questions-reponses.html#les_nouveaux%20th%C3%A8mes%20de%20travail<\/a><\/h3>\n<ul>\n<li>\n<h4><span style=\"font-family: Times New Roman,Times,serif;\">Vous pouvez t\u00e9l\u00e9charger ici le <strong>projet de livret scolaire unique<\/strong> pour l&rsquo;ensemble de la scolarit\u00e9 obligatoire, comprenant \u00e0 la fois l&rsquo;\u00e9valuation du socle commun et l&rsquo;\u00e9valuation trimestrielle r\u00e9guli\u00e8re :<br \/>\n<\/span><\/h4>\n<\/li>\n<\/ul>\n<p style=\"text-align: center;\"><a href=\"\/lettres\/wp-content\/uploads\/sites\/16\/2015\/10\/Livret-scolaire.pdf\" target=\"_blank\">Livret-scolaire<\/a><\/p>\n<ul>\n<li style=\"text-align: left;\">\n<h4><span style=\"font-family: Times New Roman,Times,serif;\">Vous souhaitez d\u00e9couvrir \u00e0 quoi ressemblera <strong>le futur DNB<\/strong> :<\/span><\/h4>\n<\/li>\n<\/ul>\n<p style=\"text-align: center;\"><span style=\"font-family: Times New Roman,Times,serif;\"><a href=\"http:\/\/www.letudiant.fr\/etudes\/college\/a-quoi-ressemblera-le-dnb-en-2017.html\" target=\"_blank\">www.letudiant.fr\/etudes\/<wbr><\/wbr>college\/a-quoi-ressemblera-le-<wbr><\/wbr>dnb-en-2017.html<\/a><\/span><\/p>\n<ul>\n<li style=\"text-align: left;\">Compte-rendu des <strong>ateliers de formation sur la r\u00e9forme du coll\u00e8ge<\/strong> par les formateurs-relais du nord-atlantique :<\/li>\n<\/ul>\n<p style=\"text-align: center;\"><a href=\"http:\/\/padlet.com\/ericmenil_ac_martinique\/ee27mzvgvgm\" target=\"_blank\">http:\/\/padlet.com\/ericmenil_ac_martinique\/ee27mzvgvgm<\/a><\/p>\n<ul>\n<li>Diaporama de la 1\u00e8re formation disciplinaire sur la r\u00e9forme du Coll\u00e8ge :<\/li>\n<\/ul>\n<p style=\"text-align: center;\"><a href=\"\/lettres\/wp-content\/uploads\/sites\/16\/2015\/10\/Formation-Disciplinaire-aux-Nouveaux-Programmes.ppsx\">Formation Disciplinaire aux Nouveaux Programmes<\/a><\/p>\n<ul>\n<li style=\"text-align: left;\">Diaporama sur la diff\u00e9rentiation p\u00e9dagogique :<\/li>\n<\/ul>\n<p style=\"text-align: center;\"><a href=\"\/lettres\/wp-content\/uploads\/sites\/16\/2015\/10\/DIFFERENCIATION-PEDAGOGIQUE.ppsx\" target=\"_blank\">DIFF\u00c9RENCIATION P\u00c9DAGOGIQUE<\/a><\/p>\n<ul>\n<li style=\"text-align: left;\">Diaporama sur la grammaire au Coll\u00e8ge :<\/li>\n<\/ul>\n<p style=\"text-align: center;\"><a href=\"\/lettres\/wp-content\/uploads\/sites\/16\/2015\/10\/Diaporama-Grammaire.ppsx\" target=\"_blank\">Diaporama Grammaire<\/a><\/p>\n<ul>\n<li style=\"text-align: left;\">Diaporama sur les EPI :<\/li>\n<\/ul>\n<p style=\"text-align: center;\"><a href=\"\/lettres\/wp-content\/uploads\/sites\/16\/2015\/10\/Diaporama-EPI.ppsx\" target=\"_blank\">Diaporama EPI<\/a><\/p>\n<ul>\n<li style=\"text-align: left;\">Adapter son enseignement aux \u00e9l\u00e8ves DYS :<\/li>\n<\/ul>\n<p style=\"text-align: center;\"><a href=\"\/lettres\/wp-content\/uploads\/sites\/16\/2015\/10\/Adapter-son-enseignement-aux-\u00e9l\u00e8ves-DYS.pptx\" target=\"_blank\">Adapter son enseignement aux \u00e9l\u00e8ves DYS<\/a><\/p>\n<ul>\n<li style=\"text-align: left;\">G\u00e9rer les \u00e9l\u00e8ves allophones :<\/li>\n<\/ul>\n<p style=\"text-align: center;\"><a href=\"\/lettres\/wp-content\/uploads\/sites\/16\/2015\/10\/ALLOPHONES.ppt\" target=\"_blank\">ALLOPHONES<\/a><\/p>\n<ul>\n<li style=\"text-align: left;\">Rem\u00e9diation en lecture :<\/li>\n<\/ul>\n<p style=\"text-align: center;\"><a href=\"\/lettres\/wp-content\/uploads\/sites\/16\/2015\/10\/Rem\u00e9diation-en-lecture.pptx\" target=\"_blank\">Rem\u00e9diation en lecture<\/a><\/p>\n<ul>\n<li style=\"text-align: left;\">\u00a0Le sujet z\u00e9ro du nouveau DNB :<\/li>\n<\/ul>\n<p style=\"text-align: center;\"><a href=\"\/lettres\/wp-content\/uploads\/sites\/16\/2015\/10\/annales-0-DNB-2017.pdf\" target=\"_blank\">Sujet 0 DNB 2017<\/a><\/p>\n","protected":false},"excerpt":{"rendered":"<p>Calendrier pr\u00e9visionnel de la formation pour la mise en place de la r\u00e9forme du Coll\u00e8ge : Calendrier de formation pr\u00e9visionnel Tout savoir sur la r\u00e9forme du coll\u00e8ge : http:\/\/www.education.gouv.fr\/pid32484\/college-2016-tout-savoir-sur-reforme.html D\u00e9finition des EPI : http:\/\/eduscol.education.fr\/cid87584\/le-college-2016-questions-reponses.html#les_nouveaux%20th%C3%A8mes%20de%20travail Vous pouvez t\u00e9l\u00e9charger ici le projet &hellip; <a href=\"https:\/\/site.ac-martinique.fr\/lettres\/?page_id=351\">Continuer la lecture <span class=\"meta-nav\">&rarr;<\/span><\/a><\/p>\n","protected":false},"author":72,"featured_media":0,"parent":11,"menu_order":0,"comment_status":"closed","ping_status":"closed","template":"","meta":{"footnotes":""},"class_list":["post-351","page","type-page","status-publish","hentry"],"_links":{"self":[{"href":"https:\/\/site.ac-martinique.fr\/lettres\/index.php?rest_route=\/wp\/v2\/pages\/351","targetHints":{"allow":["GET"]}}],"collection":[{"href":"https:\/\/site.ac-martinique.fr\/lettres\/index.php?rest_route=\/wp\/v2\/pages"}],"about":[{"href":"https:\/\/site.ac-martinique.fr\/lettres\/index.php?rest_route=\/wp\/v2\/types\/page"}],"author":[{"embeddable":true,"href":"https:\/\/site.ac-martinique.fr\/lettres\/index.php?rest_route=\/wp\/v2\/users\/72"}],"replies":[{"embeddable":true,"href":"https:\/\/site.ac-martinique.fr\/lettres\/index.php?rest_route=%2Fwp%2Fv2%2Fcomments&post=351"}],"version-history":[{"count":17,"href":"https:\/\/site.ac-martinique.fr\/lettres\/index.php?rest_route=\/wp\/v2\/pages\/351\/revisions"}],"predecessor-version":[{"id":571,"href":"https:\/\/site.ac-martinique.fr\/lettres\/index.php?rest_route=\/wp\/v2\/pages\/351\/revisions\/571"}],"up":[{"embeddable":true,"href":"https:\/\/site.ac-martinique.fr\/lettres\/index.php?rest_route=\/wp\/v2\/pages\/11"}],"wp:attachment":[{"href":"https:\/\/site.ac-martinique.fr\/lettres\/index.php?rest_route=%2Fwp%2Fv2%2Fmedia&parent=351"}],"curies":[{"name":"wp","href":"https:\/\/api.w.org\/{rel}","templated":true}]}}