{"id":369,"date":"2015-10-26T15:21:51","date_gmt":"2015-10-26T14:21:51","guid":{"rendered":"\/lettres\/?page_id=369"},"modified":"2015-10-29T19:02:19","modified_gmt":"2015-10-29T18:02:19","slug":"partenaires-culturels","status":"publish","type":"page","link":"https:\/\/site.ac-martinique.fr\/lettres\/?page_id=369","title":{"rendered":"Partenaires culturels et locaux"},"content":{"rendered":"<p><strong>Le th\u00e9\u00e2tre Aim\u00e9 C\u00e9saire<\/strong> :<\/p>\n<h2 style=\"text-align: center;\"><a href=\"http:\/\/www.fortdefrance.fr\/---Culture--Le-theatre-Aime-CESAIRE\" target=\"_blank\">http:\/\/www.fortdefrance.fr\/&#8212;Culture&#8211;Le-theatre-Aime-CESAIRE<\/a><\/h2>\n<p><strong>Tropiques Atrium<\/strong> :<\/p>\n<h2 style=\"text-align: center;\"><a href=\"http:\/\/tropiques-atrium.fr\/\" target=\"_blank\">http:\/\/tropiques-atrium.fr\/<\/a><\/h2>\n<p style=\"text-align: left;\"><strong>Centre culturel de Fonds Saint Jacques<\/strong> :<\/p>\n<h2 style=\"text-align: center;\"><a href=\"http:\/\/www.domainedefondsaintjacques.com\/\" target=\"_blank\">http:\/\/www.domainedefondsaintjacques.com\/<\/a><\/h2>\n<p>&nbsp;<\/p>\n","protected":false},"excerpt":{"rendered":"<p>Le th\u00e9\u00e2tre Aim\u00e9 C\u00e9saire : http:\/\/www.fortdefrance.fr\/&#8212;Culture&#8211;Le-theatre-Aime-CESAIRE Tropiques Atrium : http:\/\/tropiques-atrium.fr\/ Centre culturel de Fonds Saint Jacques : http:\/\/www.domainedefondsaintjacques.com\/ &nbsp;<\/p>\n","protected":false},"author":72,"featured_media":0,"parent":0,"menu_order":0,"comment_status":"closed","ping_status":"closed","template":"","meta":{"footnotes":""},"class_list":["post-369","page","type-page","status-publish","hentry"],"_links":{"self":[{"href":"https:\/\/site.ac-martinique.fr\/lettres\/index.php?rest_route=\/wp\/v2\/pages\/369","targetHints":{"allow":["GET"]}}],"collection":[{"href":"https:\/\/site.ac-martinique.fr\/lettres\/index.php?rest_route=\/wp\/v2\/pages"}],"about":[{"href":"https:\/\/site.ac-martinique.fr\/lettres\/index.php?rest_route=\/wp\/v2\/types\/page"}],"author":[{"embeddable":true,"href":"https:\/\/site.ac-martinique.fr\/lettres\/index.php?rest_route=\/wp\/v2\/users\/72"}],"replies":[{"embeddable":true,"href":"https:\/\/site.ac-martinique.fr\/lettres\/index.php?rest_route=%2Fwp%2Fv2%2Fcomments&post=369"}],"version-history":[{"count":2,"href":"https:\/\/site.ac-martinique.fr\/lettres\/index.php?rest_route=\/wp\/v2\/pages\/369\/revisions"}],"predecessor-version":[{"id":390,"href":"https:\/\/site.ac-martinique.fr\/lettres\/index.php?rest_route=\/wp\/v2\/pages\/369\/revisions\/390"}],"wp:attachment":[{"href":"https:\/\/site.ac-martinique.fr\/lettres\/index.php?rest_route=%2Fwp%2Fv2%2Fmedia&parent=369"}],"curies":[{"name":"wp","href":"https:\/\/api.w.org\/{rel}","templated":true}]}}