{"id":382,"date":"2015-10-29T18:43:43","date_gmt":"2015-10-29T17:43:43","guid":{"rendered":"\/lettres\/?page_id=382"},"modified":"2015-12-01T13:32:15","modified_gmt":"2015-12-01T12:32:15","slug":"ressources-academiques-2","status":"publish","type":"page","link":"https:\/\/site.ac-martinique.fr\/lettres\/?page_id=382","title":{"rendered":"Ressources acad\u00e9miques"},"content":{"rendered":"<div class=\"entry-content\">\n<p>Les r\u00e9centes attaques terroristes rendent plus urgent et plus crucial encore le travail que nous menons aupr\u00e8s des \u00e9l\u00e8ves autour des valeurs de la r\u00e9publique. Vous trouverez ici un certain nombre de documents et de liens utiles sur cette th\u00e9matique.<\/p>\n<p><a href=\"http:\/\/www.ac-martinique.fr\/index.php?id=934\" target=\"_blank\">http:\/\/www.ac-martinique.fr\/<wbr><\/wbr>index.php?id=934<\/a><\/p>\n<\/div>\n","protected":false},"excerpt":{"rendered":"<p>Les r\u00e9centes attaques terroristes rendent plus urgent et plus crucial encore le travail que nous menons aupr\u00e8s des \u00e9l\u00e8ves autour des valeurs de la r\u00e9publique. Vous trouverez ici un certain nombre de documents et de liens utiles sur cette th\u00e9matique. &hellip; <a href=\"https:\/\/site.ac-martinique.fr\/lettres\/?page_id=382\">Continuer la lecture <span class=\"meta-nav\">&rarr;<\/span><\/a><\/p>\n","protected":false},"author":72,"featured_media":0,"parent":0,"menu_order":0,"comment_status":"closed","ping_status":"closed","template":"","meta":{"footnotes":""},"class_list":["post-382","page","type-page","status-publish","hentry"],"_links":{"self":[{"href":"https:\/\/site.ac-martinique.fr\/lettres\/index.php?rest_route=\/wp\/v2\/pages\/382","targetHints":{"allow":["GET"]}}],"collection":[{"href":"https:\/\/site.ac-martinique.fr\/lettres\/index.php?rest_route=\/wp\/v2\/pages"}],"about":[{"href":"https:\/\/site.ac-martinique.fr\/lettres\/index.php?rest_route=\/wp\/v2\/types\/page"}],"author":[{"embeddable":true,"href":"https:\/\/site.ac-martinique.fr\/lettres\/index.php?rest_route=\/wp\/v2\/users\/72"}],"replies":[{"embeddable":true,"href":"https:\/\/site.ac-martinique.fr\/lettres\/index.php?rest_route=%2Fwp%2Fv2%2Fcomments&post=382"}],"version-history":[{"count":3,"href":"https:\/\/site.ac-martinique.fr\/lettres\/index.php?rest_route=\/wp\/v2\/pages\/382\/revisions"}],"predecessor-version":[{"id":503,"href":"https:\/\/site.ac-martinique.fr\/lettres\/index.php?rest_route=\/wp\/v2\/pages\/382\/revisions\/503"}],"wp:attachment":[{"href":"https:\/\/site.ac-martinique.fr\/lettres\/index.php?rest_route=%2Fwp%2Fv2%2Fmedia&parent=382"}],"curies":[{"name":"wp","href":"https:\/\/api.w.org\/{rel}","templated":true}]}}