{"id":386,"date":"2015-10-29T18:59:50","date_gmt":"2015-10-29T17:59:50","guid":{"rendered":"\/lettres\/?page_id=386"},"modified":"2017-01-15T17:31:27","modified_gmt":"2017-01-15T16:31:27","slug":"histoire-des-arts","status":"publish","type":"page","link":"https:\/\/site.ac-martinique.fr\/lettres\/?page_id=386","title":{"rendered":"Histoire des Arts \/ PEAC"},"content":{"rendered":"<ul>\n<li>Proposition d&rsquo;une base de travail par Mme PICHEGRAIN (IEN) pour le Parcours d\u2019\u00c9ducation Artistique et Culturel = PEAC :<\/li>\n<\/ul>\n<h2 style=\"text-align: center;\"><a href=\"\/lettres\/wp-content\/uploads\/sites\/16\/2015\/10\/PEAC-LIVRET-EXEMPLE-.pdf\" target=\"_blank\">PEAC-livret-exemple<\/a><\/h2>\n<ul>\n<li>Vous pouvez vous abonner gratuitement \u00e0 <a href=\"http:\/\/www.artips.fr\" target=\"_blank\">www.artips.fr<\/a><\/li>\n<\/ul>\n<p>Ce site internet propose de vous envoyer quotidiennement une \u0153uvre d&rsquo;art accompagn\u00e9e d&rsquo;une courte anecdote ou analyse&#8230;<\/p>\n<ul>\n<li>Connaissez-vous l&rsquo;application pour tablette \u00ab\u00a0Art Authority\u00a0\u00bb ? Une mine de tableaux de toutes les \u00e9poques, parfois assortis d&rsquo;une analyse vid\u00e9o.<\/li>\n<li>Envie de formation \u00e0 distance dans le domaine de l&rsquo;art ? Faites un tour sur le site : <a href=\"https:\/\/solerni.org\/mooc\/\" target=\"_blank\">https:\/\/solerni.org\/mooc\/<\/a><\/li>\n<\/ul>\n<p>Vous y trouverez des modules de cours gratuits et des ressources r\u00e9utilisables en classe.<\/p>\n","protected":false},"excerpt":{"rendered":"<p>Proposition d&rsquo;une base de travail par Mme PICHEGRAIN (IEN) pour le Parcours d\u2019\u00c9ducation Artistique et Culturel = PEAC : PEAC-livret-exemple Vous pouvez vous abonner gratuitement \u00e0 www.artips.fr Ce site internet propose de vous envoyer quotidiennement une \u0153uvre d&rsquo;art accompagn\u00e9e d&rsquo;une &hellip; <a href=\"https:\/\/site.ac-martinique.fr\/lettres\/?page_id=386\">Continuer la lecture <span class=\"meta-nav\">&rarr;<\/span><\/a><\/p>\n","protected":false},"author":72,"featured_media":0,"parent":0,"menu_order":0,"comment_status":"closed","ping_status":"closed","template":"","meta":{"footnotes":""},"class_list":["post-386","page","type-page","status-publish","hentry"],"_links":{"self":[{"href":"https:\/\/site.ac-martinique.fr\/lettres\/index.php?rest_route=\/wp\/v2\/pages\/386","targetHints":{"allow":["GET"]}}],"collection":[{"href":"https:\/\/site.ac-martinique.fr\/lettres\/index.php?rest_route=\/wp\/v2\/pages"}],"about":[{"href":"https:\/\/site.ac-martinique.fr\/lettres\/index.php?rest_route=\/wp\/v2\/types\/page"}],"author":[{"embeddable":true,"href":"https:\/\/site.ac-martinique.fr\/lettres\/index.php?rest_route=\/wp\/v2\/users\/72"}],"replies":[{"embeddable":true,"href":"https:\/\/site.ac-martinique.fr\/lettres\/index.php?rest_route=%2Fwp%2Fv2%2Fcomments&post=386"}],"version-history":[{"count":4,"href":"https:\/\/site.ac-martinique.fr\/lettres\/index.php?rest_route=\/wp\/v2\/pages\/386\/revisions"}],"predecessor-version":[{"id":636,"href":"https:\/\/site.ac-martinique.fr\/lettres\/index.php?rest_route=\/wp\/v2\/pages\/386\/revisions\/636"}],"wp:attachment":[{"href":"https:\/\/site.ac-martinique.fr\/lettres\/index.php?rest_route=%2Fwp%2Fv2%2Fmedia&parent=386"}],"curies":[{"name":"wp","href":"https:\/\/api.w.org\/{rel}","templated":true}]}}