{"id":414,"date":"2015-10-29T21:50:40","date_gmt":"2015-10-29T20:50:40","guid":{"rendered":"\/lettres\/?page_id=414"},"modified":"2024-05-27T19:08:24","modified_gmt":"2024-05-27T18:08:24","slug":"langues-anciennes","status":"publish","type":"page","link":"https:\/\/site.ac-martinique.fr\/lettres\/?page_id=414","title":{"rendered":"LCA"},"content":{"rendered":"<p style=\"text-align: center;\">LES <strong>L<\/strong>ANGUES ET <strong>C<\/strong>ULTURES DE L\u2019<strong>A<\/strong>NTIQUIT\u00c9<\/p>\n<p style=\"text-align: center;\">\u00a0DANS L\u2019ACAD\u00c9MIE DE LA MARTINIQUE<\/p>\n<p><a href=\"https:\/\/site.ac-martinique.fr\/lettres\/wp-content\/uploads\/sites\/16\/2024\/05\/lca-phospore.jpg\"><img loading=\"lazy\" decoding=\"async\" class=\"size-medium wp-image-1515 aligncenter\" src=\"https:\/\/site.ac-martinique.fr\/lettres\/wp-content\/uploads\/sites\/16\/2024\/05\/lca-phospore-300x150.jpg\" alt=\"\" width=\"300\" height=\"150\" srcset=\"https:\/\/site.ac-martinique.fr\/lettres\/wp-content\/uploads\/sites\/16\/2024\/05\/lca-phospore-300x150.jpg 300w, https:\/\/site.ac-martinique.fr\/lettres\/wp-content\/uploads\/sites\/16\/2024\/05\/lca-phospore-768x384.jpg 768w, https:\/\/site.ac-martinique.fr\/lettres\/wp-content\/uploads\/sites\/16\/2024\/05\/lca-phospore.jpg 777w\" sizes=\"auto, (max-width: 300px) 100vw, 300px\" \/><\/a><\/p>\n<p>Faire du latin et du grec, c\u2019est emprunter <strong>une voie de richesse et de r\u00e9ussite<\/strong>, de la 5<sup>\u00e8me<\/sup> \u00e0 la Terminale.<\/p>\n<p>Loin de l\u2019image de cours difficiles ou ennuyeux, c\u2019est entrer dans l\u2019univers des <strong>mots, des r\u00e9cits, des sciences, des techniques, des arts, du sport, du num\u00e9rique et de la philosophie. <\/strong><\/p>\n<p>Avec <strong>modernit\u00e9 et cr\u00e9ativit\u00e9<\/strong>.<\/p>\n<p>C\u2019est accro\u00eetre sa capacit\u00e9 \u00e0 comprendre, aimer, ma\u00eetriser <strong>les langues vivantes<\/strong> et <strong>notre langue r\u00e9gionale, le cr\u00e9ole<\/strong>.<\/p>\n<p>\u00a0C\u2019est appr\u00e9hender le <strong>monde contemporain<\/strong> et celui de demain.<\/p>\n<p>C\u2019est cultiver <strong>la diff\u00e9rence d\u2019un parcours <\/strong>audacieux, curieux et ancr\u00e9 dans notre monde carib\u00e9en.<\/p>\n<p>\u00a0<\/p>\n<p style=\"text-align: center;\"><strong>OSEZ LE GREC ET LE LATIN\u00a0!<\/strong><\/p>\n<p>\u00a0<\/p>\n<p><strong>Des options valorisantes<\/strong>\u00a0:<\/p>\n<ul>\n<li>Jusqu\u2019\u00e0 20 points de bonus au DNB du coll\u00e8ge<\/li>\n<li>Coefficient 3 pour le Bac (points au-dessus de la moyenne)<\/li>\n<li>Une plus-value dans les v\u0153ux Parcoursup<\/li>\n<\/ul>\n\n\n\n\n\n\n\n","protected":false},"excerpt":{"rendered":"<p>LES LANGUES ET CULTURES DE L\u2019ANTIQUIT\u00c9 \u00a0DANS L\u2019ACAD\u00c9MIE DE LA MARTINIQUE Faire du latin et du grec, c\u2019est emprunter une voie de richesse et de r\u00e9ussite, de la 5\u00e8me \u00e0 la Terminale. Loin de l\u2019image de cours difficiles ou ennuyeux, &hellip; <a href=\"https:\/\/site.ac-martinique.fr\/lettres\/?page_id=414\">Continuer la lecture <span class=\"meta-nav\">&rarr;<\/span><\/a><\/p>\n","protected":false},"author":72,"featured_media":0,"parent":0,"menu_order":0,"comment_status":"closed","ping_status":"closed","template":"","meta":{"footnotes":""},"class_list":["post-414","page","type-page","status-publish","hentry"],"_links":{"self":[{"href":"https:\/\/site.ac-martinique.fr\/lettres\/index.php?rest_route=\/wp\/v2\/pages\/414","targetHints":{"allow":["GET"]}}],"collection":[{"href":"https:\/\/site.ac-martinique.fr\/lettres\/index.php?rest_route=\/wp\/v2\/pages"}],"about":[{"href":"https:\/\/site.ac-martinique.fr\/lettres\/index.php?rest_route=\/wp\/v2\/types\/page"}],"author":[{"embeddable":true,"href":"https:\/\/site.ac-martinique.fr\/lettres\/index.php?rest_route=\/wp\/v2\/users\/72"}],"replies":[{"embeddable":true,"href":"https:\/\/site.ac-martinique.fr\/lettres\/index.php?rest_route=%2Fwp%2Fv2%2Fcomments&post=414"}],"version-history":[{"count":8,"href":"https:\/\/site.ac-martinique.fr\/lettres\/index.php?rest_route=\/wp\/v2\/pages\/414\/revisions"}],"predecessor-version":[{"id":1517,"href":"https:\/\/site.ac-martinique.fr\/lettres\/index.php?rest_route=\/wp\/v2\/pages\/414\/revisions\/1517"}],"wp:attachment":[{"href":"https:\/\/site.ac-martinique.fr\/lettres\/index.php?rest_route=%2Fwp%2Fv2%2Fmedia&parent=414"}],"curies":[{"name":"wp","href":"https:\/\/api.w.org\/{rel}","templated":true}]}}