{"id":420,"date":"2015-10-29T22:03:21","date_gmt":"2015-10-29T21:03:21","guid":{"rendered":"\/lettres\/?page_id=420"},"modified":"2015-10-29T22:03:39","modified_gmt":"2015-10-29T21:03:39","slug":"explications-de-textes","status":"publish","type":"page","link":"https:\/\/site.ac-martinique.fr\/lettres\/?page_id=420","title":{"rendered":"Explications de textes"},"content":{"rendered":"<p>Quelques explications de textes d&rsquo;extraits d&rsquo;Aim\u00e9 C\u00e9saire :<\/p>\n<ul>\n<li><a href=\"\/lettres\/wp-content\/uploads\/sites\/16\/2015\/10\/explication-C\u00e9saire-1.pdf\">explication extrait C\u00e9saire 1<\/a><\/li>\n<li><a href=\"\/lettres\/wp-content\/uploads\/sites\/16\/2015\/10\/explication-C\u00e9saire-2.pdf\">explication extrait C\u00e9saire 2<\/a><\/li>\n<li><a href=\"\/lettres\/wp-content\/uploads\/sites\/16\/2015\/10\/explication-C\u00e9saire-3.pdf\">explication extrait C\u00e9saire 3<\/a><\/li>\n<\/ul>\n","protected":false},"excerpt":{"rendered":"<p>Quelques explications de textes d&rsquo;extraits d&rsquo;Aim\u00e9 C\u00e9saire : explication extrait C\u00e9saire 1 explication extrait C\u00e9saire 2 explication extrait C\u00e9saire 3<\/p>\n","protected":false},"author":72,"featured_media":0,"parent":417,"menu_order":0,"comment_status":"closed","ping_status":"closed","template":"","meta":{"footnotes":""},"class_list":["post-420","page","type-page","status-publish","hentry"],"_links":{"self":[{"href":"https:\/\/site.ac-martinique.fr\/lettres\/index.php?rest_route=\/wp\/v2\/pages\/420","targetHints":{"allow":["GET"]}}],"collection":[{"href":"https:\/\/site.ac-martinique.fr\/lettres\/index.php?rest_route=\/wp\/v2\/pages"}],"about":[{"href":"https:\/\/site.ac-martinique.fr\/lettres\/index.php?rest_route=\/wp\/v2\/types\/page"}],"author":[{"embeddable":true,"href":"https:\/\/site.ac-martinique.fr\/lettres\/index.php?rest_route=\/wp\/v2\/users\/72"}],"replies":[{"embeddable":true,"href":"https:\/\/site.ac-martinique.fr\/lettres\/index.php?rest_route=%2Fwp%2Fv2%2Fcomments&post=420"}],"version-history":[{"count":1,"href":"https:\/\/site.ac-martinique.fr\/lettres\/index.php?rest_route=\/wp\/v2\/pages\/420\/revisions"}],"predecessor-version":[{"id":425,"href":"https:\/\/site.ac-martinique.fr\/lettres\/index.php?rest_route=\/wp\/v2\/pages\/420\/revisions\/425"}],"up":[{"embeddable":true,"href":"https:\/\/site.ac-martinique.fr\/lettres\/index.php?rest_route=\/wp\/v2\/pages\/417"}],"wp:attachment":[{"href":"https:\/\/site.ac-martinique.fr\/lettres\/index.php?rest_route=%2Fwp%2Fv2%2Fmedia&parent=420"}],"curies":[{"name":"wp","href":"https:\/\/api.w.org\/{rel}","templated":true}]}}