{"id":426,"date":"2015-10-29T22:05:54","date_gmt":"2015-10-29T21:05:54","guid":{"rendered":"\/lettres\/?page_id=426"},"modified":"2023-04-21T17:15:27","modified_gmt":"2023-04-21T16:15:27","slug":"ressources-diverses","status":"publish","type":"page","link":"https:\/\/site.ac-martinique.fr\/lettres\/?page_id=426","title":{"rendered":"Ressources diverses"},"content":{"rendered":"<ul>\n<li>Fichier bio-bibliographie d&rsquo;Aim\u00e9 C\u00e9saire par Daniel Maximin :<\/li>\n<\/ul>\n<p style=\"text-align: center;\"><a href=\"\/lettres\/wp-content\/uploads\/sites\/16\/2015\/10\/cesaire-bio-bibliographique.pdf\" target=\"_blank\" rel=\"noopener\">C\u00e9saire-bio-bibliographique<\/a><\/p>\n<ul>\n<li>Courts extraits de l\u2019\u0153uvre d&rsquo;Aim\u00e9 C\u00e9saire :<\/li>\n<\/ul>\n<p style=\"text-align: center;\"><a href=\"\/lettres\/wp-content\/uploads\/sites\/16\/2015\/10\/Courts_Extraits_poetiques_Cesaire.pdf\" target=\"_blank\" rel=\"noopener\">Courts Extraits po\u00e9tiques C\u00e9saire<\/a><\/p>\n<ul>\n<li>D\u00e9couvrez le diaporama \u00ab\u00a0A la rencontre des \u00e9crivains martiniquais\u00a0\u00bb de Mme Christiane HONORE.<\/li>\n<\/ul>\n<p style=\"text-align: center;\"><a href=\"\/lettres\/wp-content\/uploads\/sites\/16\/2015\/10\/A-la-rencontre-des-\u00e9crivains-martiniquais.ppsx\" target=\"_blank\" rel=\"noopener\">A la rencontre des \u00e9crivains martiniquais<\/a><\/p>\n<ul>\n<li style=\"text-align: left;\">Site du coll\u00e8ge de France : Lettre noires, des t\u00e9n\u00e8bres \u00e0 la lumi\u00e8re<\/li>\n<\/ul>\n<p style=\"text-align: center;\"><a href=\"http:\/\/www.college-de-france.fr\/site\/alain-mabanckou\/inaugural-lecture-2016-03-17-18h00.htm\" target=\"_blank\" rel=\"noopener\">http:\/\/www.college-de-france.fr\/site\/alain-mabanckou\/inaugural-lecture-2016-03-17-18h00.htm<\/a><\/p>\n\n\n<div data-wp-interactive=\"core\/file\" class=\"wp-block-file\"><object data-wp-bind--hidden=\"!state.hasPdfPreview\" hidden class=\"wp-block-file__embed\" data=\"https:\/\/site.ac-martinique.fr\/lettres\/wp-content\/uploads\/sites\/16\/2023\/04\/CESAIRE-CAHIER-DUN-RETOUR-AU-PAYS-NATAL-HNDP-NOUGARO-2021.pdf\" type=\"application\/pdf\" style=\"width:100%;height:600px\" aria-label=\"Contenu embarqu\u00e9 CESAIRE-CAHIER-DUN-RETOUR-AU-PAYS-NATAL-HNDP-NOUGARO-2021.\"><\/object><a id=\"wp-block-file--media-d0afa15b-07b8-4aad-b1ac-1c9f52055099\" href=\"https:\/\/site.ac-martinique.fr\/lettres\/wp-content\/uploads\/sites\/16\/2023\/04\/CESAIRE-CAHIER-DUN-RETOUR-AU-PAYS-NATAL-HNDP-NOUGARO-2021.pdf\">CESAIRE-CAHIER-DUN-RETOUR-AU-PAYS-NATAL-HNDP-NOUGARO-2021<\/a><a href=\"https:\/\/site.ac-martinique.fr\/lettres\/wp-content\/uploads\/sites\/16\/2023\/04\/CESAIRE-CAHIER-DUN-RETOUR-AU-PAYS-NATAL-HNDP-NOUGARO-2021.pdf\" class=\"wp-block-file__button wp-element-button\" download aria-describedby=\"wp-block-file--media-d0afa15b-07b8-4aad-b1ac-1c9f52055099\">T\u00e9l\u00e9charger<\/a><\/div>\n","protected":false},"excerpt":{"rendered":"<p>Fichier bio-bibliographie d&rsquo;Aim\u00e9 C\u00e9saire par Daniel Maximin : C\u00e9saire-bio-bibliographique Courts extraits de l\u2019\u0153uvre d&rsquo;Aim\u00e9 C\u00e9saire : Courts Extraits po\u00e9tiques C\u00e9saire D\u00e9couvrez le diaporama \u00ab\u00a0A la rencontre des \u00e9crivains martiniquais\u00a0\u00bb de Mme Christiane HONORE. A la rencontre des \u00e9crivains martiniquais Site &hellip; <a href=\"https:\/\/site.ac-martinique.fr\/lettres\/?page_id=426\">Continuer la lecture <span class=\"meta-nav\">&rarr;<\/span><\/a><\/p>\n","protected":false},"author":72,"featured_media":0,"parent":417,"menu_order":0,"comment_status":"closed","ping_status":"closed","template":"","meta":{"footnotes":""},"class_list":["post-426","page","type-page","status-publish","hentry"],"_links":{"self":[{"href":"https:\/\/site.ac-martinique.fr\/lettres\/index.php?rest_route=\/wp\/v2\/pages\/426","targetHints":{"allow":["GET"]}}],"collection":[{"href":"https:\/\/site.ac-martinique.fr\/lettres\/index.php?rest_route=\/wp\/v2\/pages"}],"about":[{"href":"https:\/\/site.ac-martinique.fr\/lettres\/index.php?rest_route=\/wp\/v2\/types\/page"}],"author":[{"embeddable":true,"href":"https:\/\/site.ac-martinique.fr\/lettres\/index.php?rest_route=\/wp\/v2\/users\/72"}],"replies":[{"embeddable":true,"href":"https:\/\/site.ac-martinique.fr\/lettres\/index.php?rest_route=%2Fwp%2Fv2%2Fcomments&post=426"}],"version-history":[{"count":7,"href":"https:\/\/site.ac-martinique.fr\/lettres\/index.php?rest_route=\/wp\/v2\/pages\/426\/revisions"}],"predecessor-version":[{"id":1436,"href":"https:\/\/site.ac-martinique.fr\/lettres\/index.php?rest_route=\/wp\/v2\/pages\/426\/revisions\/1436"}],"up":[{"embeddable":true,"href":"https:\/\/site.ac-martinique.fr\/lettres\/index.php?rest_route=\/wp\/v2\/pages\/417"}],"wp:attachment":[{"href":"https:\/\/site.ac-martinique.fr\/lettres\/index.php?rest_route=%2Fwp%2Fv2%2Fmedia&parent=426"}],"curies":[{"name":"wp","href":"https:\/\/api.w.org\/{rel}","templated":true}]}}