{"id":437,"date":"2015-10-29T22:37:51","date_gmt":"2015-10-29T21:37:51","guid":{"rendered":"\/lettres\/?page_id=437"},"modified":"2016-07-04T20:33:14","modified_gmt":"2016-07-04T19:33:14","slug":"eduscol","status":"publish","type":"page","link":"https:\/\/site.ac-martinique.fr\/lettres\/?page_id=437","title":{"rendered":"Eduscol"},"content":{"rendered":"<ul>\n<li>D\u00e9couvrez toutes les informations sur les Lettres, des sc\u00e9narios, des s\u00e9minaires, &#8230;..<\/li>\n<\/ul>\n<p style=\"text-align: center;\"><a href=\"http:\/\/eduscol.education.fr\/lettres\" target=\"_blank\">eduscol.education.fr\/lettres<\/a><\/p>\n<ul>\n<li style=\"text-align: left;\">Scolariser les \u00e9l\u00e8ves allophones :<\/li>\n<\/ul>\n<p style=\"text-align: center;\"><a href=\"http:\/\/eduscol.education.fr\/cid59114\/ressources-pour-les-eana.html\" target=\"_blank\">http:\/\/eduscol.education.fr\/cid59114\/ressources-pour-les-eana.html<\/a><\/p>\n","protected":false},"excerpt":{"rendered":"<p>D\u00e9couvrez toutes les informations sur les Lettres, des sc\u00e9narios, des s\u00e9minaires, &#8230;.. eduscol.education.fr\/lettres Scolariser les \u00e9l\u00e8ves allophones : http:\/\/eduscol.education.fr\/cid59114\/ressources-pour-les-eana.html<\/p>\n","protected":false},"author":72,"featured_media":0,"parent":21,"menu_order":0,"comment_status":"closed","ping_status":"closed","template":"","meta":{"footnotes":""},"class_list":["post-437","page","type-page","status-publish","hentry"],"_links":{"self":[{"href":"https:\/\/site.ac-martinique.fr\/lettres\/index.php?rest_route=\/wp\/v2\/pages\/437","targetHints":{"allow":["GET"]}}],"collection":[{"href":"https:\/\/site.ac-martinique.fr\/lettres\/index.php?rest_route=\/wp\/v2\/pages"}],"about":[{"href":"https:\/\/site.ac-martinique.fr\/lettres\/index.php?rest_route=\/wp\/v2\/types\/page"}],"author":[{"embeddable":true,"href":"https:\/\/site.ac-martinique.fr\/lettres\/index.php?rest_route=\/wp\/v2\/users\/72"}],"replies":[{"embeddable":true,"href":"https:\/\/site.ac-martinique.fr\/lettres\/index.php?rest_route=%2Fwp%2Fv2%2Fcomments&post=437"}],"version-history":[{"count":3,"href":"https:\/\/site.ac-martinique.fr\/lettres\/index.php?rest_route=\/wp\/v2\/pages\/437\/revisions"}],"predecessor-version":[{"id":593,"href":"https:\/\/site.ac-martinique.fr\/lettres\/index.php?rest_route=\/wp\/v2\/pages\/437\/revisions\/593"}],"up":[{"embeddable":true,"href":"https:\/\/site.ac-martinique.fr\/lettres\/index.php?rest_route=\/wp\/v2\/pages\/21"}],"wp:attachment":[{"href":"https:\/\/site.ac-martinique.fr\/lettres\/index.php?rest_route=%2Fwp%2Fv2%2Fmedia&parent=437"}],"curies":[{"name":"wp","href":"https:\/\/api.w.org\/{rel}","templated":true}]}}