{"id":475,"date":"2015-11-06T13:40:12","date_gmt":"2015-11-06T12:40:12","guid":{"rendered":"\/lettres\/?page_id=475"},"modified":"2015-11-06T13:40:12","modified_gmt":"2015-11-06T12:40:12","slug":"les-timbres-de-lorthographe","status":"publish","type":"page","link":"https:\/\/site.ac-martinique.fr\/lettres\/?page_id=475","title":{"rendered":"Les timbr\u00e9s de l&rsquo;orthographe"},"content":{"rendered":"<p>Ce concours qui vise \u00e0 promouvoir le bon usage de la langue fran\u00e7aise est ouvert \u00e0 tous (scolaires ou non) et a \u00e9t\u00e9 lanc\u00e9 le 2 Novembre 2015.<\/p>\n<p>Pour vous y inscrire et en savoir plus sur cette op\u00e9ration, cliquez sur le lien :<\/p>\n<p style=\"text-align: center;\"><a href=\"\/lettres\/wp-content\/uploads\/sites\/16\/2015\/11\/Concours-orthographe.pdf\">Concours orthographe<\/a><\/p>\n","protected":false},"excerpt":{"rendered":"<p>Ce concours qui vise \u00e0 promouvoir le bon usage de la langue fran\u00e7aise est ouvert \u00e0 tous (scolaires ou non) et a \u00e9t\u00e9 lanc\u00e9 le 2 Novembre 2015. Pour vous y inscrire et en savoir plus sur cette op\u00e9ration, cliquez &hellip; <a href=\"https:\/\/site.ac-martinique.fr\/lettres\/?page_id=475\">Continuer la lecture <span class=\"meta-nav\">&rarr;<\/span><\/a><\/p>\n","protected":false},"author":72,"featured_media":0,"parent":189,"menu_order":0,"comment_status":"closed","ping_status":"closed","template":"","meta":{"footnotes":""},"class_list":["post-475","page","type-page","status-publish","hentry"],"_links":{"self":[{"href":"https:\/\/site.ac-martinique.fr\/lettres\/index.php?rest_route=\/wp\/v2\/pages\/475","targetHints":{"allow":["GET"]}}],"collection":[{"href":"https:\/\/site.ac-martinique.fr\/lettres\/index.php?rest_route=\/wp\/v2\/pages"}],"about":[{"href":"https:\/\/site.ac-martinique.fr\/lettres\/index.php?rest_route=\/wp\/v2\/types\/page"}],"author":[{"embeddable":true,"href":"https:\/\/site.ac-martinique.fr\/lettres\/index.php?rest_route=\/wp\/v2\/users\/72"}],"replies":[{"embeddable":true,"href":"https:\/\/site.ac-martinique.fr\/lettres\/index.php?rest_route=%2Fwp%2Fv2%2Fcomments&post=475"}],"version-history":[{"count":1,"href":"https:\/\/site.ac-martinique.fr\/lettres\/index.php?rest_route=\/wp\/v2\/pages\/475\/revisions"}],"predecessor-version":[{"id":477,"href":"https:\/\/site.ac-martinique.fr\/lettres\/index.php?rest_route=\/wp\/v2\/pages\/475\/revisions\/477"}],"up":[{"embeddable":true,"href":"https:\/\/site.ac-martinique.fr\/lettres\/index.php?rest_route=\/wp\/v2\/pages\/189"}],"wp:attachment":[{"href":"https:\/\/site.ac-martinique.fr\/lettres\/index.php?rest_route=%2Fwp%2Fv2%2Fmedia&parent=475"}],"curies":[{"name":"wp","href":"https:\/\/api.w.org\/{rel}","templated":true}]}}