{"id":572,"date":"2016-04-20T21:03:15","date_gmt":"2016-04-20T20:03:15","guid":{"rendered":"\/lettres\/?page_id=572"},"modified":"2016-04-20T21:03:15","modified_gmt":"2016-04-20T20:03:15","slug":"la-lecture-analytique-au-college","status":"publish","type":"page","link":"https:\/\/site.ac-martinique.fr\/lettres\/?page_id=572","title":{"rendered":"La lecture analytique au coll\u00e8ge"},"content":{"rendered":"<p>Pour d\u00e9couvrir une m\u00e9thode pr\u00e9cise pour la lecture analytique au coll\u00e8ge, cliquez sur le lien : <a href=\"\/lettres\/wp-content\/uploads\/sites\/16\/2016\/04\/La-lecture-analytique-coll\u00e8ge.pdf\" target=\"_blank\">La lecture analytique coll\u00e8ge<\/a><\/p>\n<p>&nbsp;<\/p>\n","protected":false},"excerpt":{"rendered":"<p>Pour d\u00e9couvrir une m\u00e9thode pr\u00e9cise pour la lecture analytique au coll\u00e8ge, cliquez sur le lien : La lecture analytique coll\u00e8ge &nbsp;<\/p>\n","protected":false},"author":72,"featured_media":0,"parent":23,"menu_order":0,"comment_status":"closed","ping_status":"closed","template":"","meta":{"footnotes":""},"class_list":["post-572","page","type-page","status-publish","hentry"],"_links":{"self":[{"href":"https:\/\/site.ac-martinique.fr\/lettres\/index.php?rest_route=\/wp\/v2\/pages\/572","targetHints":{"allow":["GET"]}}],"collection":[{"href":"https:\/\/site.ac-martinique.fr\/lettres\/index.php?rest_route=\/wp\/v2\/pages"}],"about":[{"href":"https:\/\/site.ac-martinique.fr\/lettres\/index.php?rest_route=\/wp\/v2\/types\/page"}],"author":[{"embeddable":true,"href":"https:\/\/site.ac-martinique.fr\/lettres\/index.php?rest_route=\/wp\/v2\/users\/72"}],"replies":[{"embeddable":true,"href":"https:\/\/site.ac-martinique.fr\/lettres\/index.php?rest_route=%2Fwp%2Fv2%2Fcomments&post=572"}],"version-history":[{"count":1,"href":"https:\/\/site.ac-martinique.fr\/lettres\/index.php?rest_route=\/wp\/v2\/pages\/572\/revisions"}],"predecessor-version":[{"id":574,"href":"https:\/\/site.ac-martinique.fr\/lettres\/index.php?rest_route=\/wp\/v2\/pages\/572\/revisions\/574"}],"up":[{"embeddable":true,"href":"https:\/\/site.ac-martinique.fr\/lettres\/index.php?rest_route=\/wp\/v2\/pages\/23"}],"wp:attachment":[{"href":"https:\/\/site.ac-martinique.fr\/lettres\/index.php?rest_route=%2Fwp%2Fv2%2Fmedia&parent=572"}],"curies":[{"name":"wp","href":"https:\/\/api.w.org\/{rel}","templated":true}]}}