{"id":726,"date":"2017-05-22T16:10:26","date_gmt":"2017-05-22T15:10:26","guid":{"rendered":"\/lettres\/?page_id=726"},"modified":"2021-03-23T22:32:51","modified_gmt":"2021-03-23T21:32:51","slug":"enseignement-des-langues-anciennes","status":"publish","type":"page","link":"https:\/\/site.ac-martinique.fr\/lettres\/?page_id=726","title":{"rendered":"Les LCA au Coll\u00e8ge et au Lyc\u00e9e"},"content":{"rendered":"<p>Pour d\u00e9couvrir des sites riches en ressources pour les LCA, cliquez sur les liens :<\/p>\n<h3 style=\"text-align: center;\"><a href=\"https:\/\/www.arretetonchar.fr\/\" target=\"_blank\" rel=\"noopener\">https:\/\/www.arretetonchar.fr\/<\/a><\/h3>\n<h3 style=\"text-align: center;\"><a href=\"https:\/\/eduscol.education.fr\/odysseum\/\" target=\"_blank\" rel=\"noopener\">https:\/\/eduscol.education.fr\/odysseum\/<\/a><\/h3>\n<h3 style=\"text-align: center;\"><a href=\"https:\/\/antiquipop.hypotheses.org\/\" target=\"_blank\" rel=\"noopener\">https:\/\/antiquipop.hypotheses.org\/<\/a><\/h3>\n<h3 style=\"text-align: center;\"><a href=\"https:\/\/eduscol.education.fr\/lettres\/actualites\/actualites\/article\/un-site-odysseum-la-maison-numerique-des-humanites.html\" target=\"_blank\" rel=\"noopener\">https:\/\/eduscol.education.fr\/lettres\/actualites\/actualites\/article\/un-site-odysseum-la-maison-numerique-des-humanites.html<\/a><\/h3>\n<p><strong>LA PRATIQUE DE L\u2019ESSAI ET L\u2019EXERCICE DE LA CONFRONTATION<\/strong><\/p>\n<p>Pour pr\u00e9parer l&rsquo;\u00e9preuve de premi\u00e8re en LLCA :<\/p>\n<ul>\n<li dir=\"ltr\"><a href=\"https:\/\/eduscol.education.fr\/odysseum\/la-pratique-de-lessai-et-lexercice-de-la-confrontation\" target=\"_blank\" rel=\"noopener\">https:\/\/eduscol.education.fr\/odysseum\/la-pratique-de-lessai-et-lexercice-de-la-confrontation<\/a><\/li>\n<li dir=\"ltr\">https:\/\/eduscol.education.fr\/cid144093\/lca-bac-2021.html<\/li>\n<\/ul>\n<p>D\u00e9couvrez la place des LCA dans la r\u00e9forme du coll\u00e8ge :<\/p>\n<p style=\"text-align: center;\"><a href=\"\/lettres\/wp-content\/uploads\/sites\/16\/2015\/11\/La-place-des-LCA-dans-la-r%C3%A9forme-du-coll%C3%A8ge.pdf\" target=\"_blank\" rel=\"noopener noreferrer\" data-slimstat=\"3\">La place des LCA dans la r\u00e9forme du coll\u00e8ge<\/a><\/p>\n<p>&nbsp;<\/p>\n<ul>\n<li>D\u00e9couvrez cette note d\u2019information qui donne les r\u00e9sultats d\u2019une \u00e9tude sur l\u2019enseignement du latin :\u00a0<strong><a href=\"\/lettres\/wp-content\/uploads\/sites\/16\/2015\/10\/%C3%A9tude-latin-au-coll%C3%A8ge.pdf\" target=\"_blank\" rel=\"noopener\" data-slimstat=\"3\">\u00e9tude latin au coll\u00e8ge<\/a><\/strong><\/li>\n<\/ul>\n<p>&nbsp;<\/p>\n<h2 style=\"text-align: center;\"><span style=\"color: #ff0000;\"><strong>Foires aux questions int\u00e9ressantes sur l\u2019EPI en LCA<\/strong><\/span><\/h2>\n<p>Cliquez sur le lien pour d\u00e9couvrir celle de Dijon :<\/p>\n<p><a href=\"\/lettres\/wp-content\/uploads\/sites\/16\/2015\/11\/EPI-LCA-Dijon.pdf\" target=\"_blank\" rel=\"noopener noreferrer\" data-slimstat=\"3\">EPI-LCA-Dijon<\/a><\/p>\n<ul>\n<li><strong>L\u2019EPI LCA est-il obligatoire ?<\/strong><\/li>\n<\/ul>\n<p>Il n\u2019est pas \u00e0 proprement parler obligatoire, mais il est fortement recommand\u00e9 par Madame\u00a0 la rectrice qui en fait un axe de sa politique \u00e9ducative<\/p>\n<ul>\n<li><strong>L\u2019EPI LCA doit-il \u00eatre obligatoirement plac\u00e9 en cinqui\u00e8me ?<\/strong><\/li>\n<\/ul>\n<p>Encore une fois, il s\u2019agit d\u2019une pr\u00e9conisation rectorale. Il vaut mieux que l\u2019EPI LCA soit plac\u00e9 en d\u00e9but de cycle, afin de donner envie \u00e0 un maximum d\u2019\u00e9l\u00e8ves de faire de latin en enseignement de compl\u00e9ment. Les \u00e9l\u00e8ves peuvent commencer l\u2019enseignement de compl\u00e9ment en 4\u00e8me ou en 3\u00e8me, il faudra donc g\u00e9rer des groupes h\u00e9t\u00e9rog\u00e8nes.<\/p>\n<ul>\n<li><strong>L\u2019enseignement de compl\u00e9ment est-il annuel ?<\/strong><\/li>\n<\/ul>\n<p>Oui, absolument. L\u2019enseignement de compl\u00e9ment peut commencer d\u00e8s le d\u00e9but de la 5\u00e8me pour les \u00e9l\u00e8ves volontaires. Il n\u2019est pas n\u00e9cessaire que l\u2019EPI ait \u00e9t\u00e9 fait AVANT; il faut que l\u2019EPI soit pr\u00e9vu dans le cycle (si possible en d\u00e9but de 5\u00e8me).<\/p>\n<ul>\n<li><strong>Un EPI peut-il\u00a0 \u00eatre trimestriel, semestriel ou annuel ?<\/strong><\/li>\n<\/ul>\n<p>NON. L\u2019EPI peut \u00eatre tr\u00e8s court ( 15 jours, un mois) ou trimestriel ou semestriel, mais il ne peut pas \u00eatre annuel. La longueur de l\u2019EPI n\u2019a rien \u00e0 voir avec l\u2019enseignement de compl\u00e9ment. L\u2019EPI est destin\u00e9 \u00e0 tout le monde, il est le socle; l\u2019enseignement de compl\u00e9ment se surajoute pour les \u00e9l\u00e8ves volontaires.<\/p>\n<ul>\n<li><strong>Est-il possible d\u2019avoir un EPI LCA sur chaque niveau du cycle 4 ?<\/strong><\/li>\n<\/ul>\n<p>Cela est th\u00e9oriquement possible, mais pas obligatoire.<\/p>\n<ul>\n<li><strong>L\u2019EPI LCA est-il n\u00e9cessairement port\u00e9 par les enseignants de Lettres Classiques ?<\/strong><\/li>\n<\/ul>\n<p>Non. Dans le cas o\u00f9 l\u2019\u00e9tablissement d\u00e9cide que TOUS les \u00e9l\u00e8ves de 5\u00e8me\u00a0 devront suivre\u00a0 un EPI LCA , cela implique que cet EPI ne sera pas N\u00c9CESSAIREMENT port\u00e9 par un professeur de lettres classiques. En effet, l\u2019EPI a lieu pendant les horaires de la classe; les \u00e9l\u00e8ves doivent \u00eatre r\u00e9glementairement avec LEUR PROFESSEUR et non un autre. Il doit donc \u00eatre envisageable qu\u2019un professeur de lettres modernes et un professeur d\u2019histoire, par exemple, prennent en charge un EPI LCA. Ou bien, il faut que le professeur de lettres classiques du coll\u00e8ge ait en charge toutes les classes de 5\u00e8me.<\/p>\n","protected":false},"excerpt":{"rendered":"<p>Pour d\u00e9couvrir des sites riches en ressources pour les LCA, cliquez sur les liens : https:\/\/www.arretetonchar.fr\/ https:\/\/eduscol.education.fr\/odysseum\/ https:\/\/antiquipop.hypotheses.org\/ https:\/\/eduscol.education.fr\/lettres\/actualites\/actualites\/article\/un-site-odysseum-la-maison-numerique-des-humanites.html LA PRATIQUE DE L\u2019ESSAI ET L\u2019EXERCICE DE LA CONFRONTATION Pour pr\u00e9parer l&rsquo;\u00e9preuve de premi\u00e8re en LLCA : https:\/\/eduscol.education.fr\/odysseum\/la-pratique-de-lessai-et-lexercice-de-la-confrontation https:\/\/eduscol.education.fr\/cid144093\/lca-bac-2021.html D\u00e9couvrez la &hellip; <a href=\"https:\/\/site.ac-martinique.fr\/lettres\/?page_id=726\">Continuer la lecture <span class=\"meta-nav\">&rarr;<\/span><\/a><\/p>\n","protected":false},"author":72,"featured_media":0,"parent":414,"menu_order":0,"comment_status":"closed","ping_status":"closed","template":"","meta":{"footnotes":""},"class_list":["post-726","page","type-page","status-publish","hentry"],"_links":{"self":[{"href":"https:\/\/site.ac-martinique.fr\/lettres\/index.php?rest_route=\/wp\/v2\/pages\/726","targetHints":{"allow":["GET"]}}],"collection":[{"href":"https:\/\/site.ac-martinique.fr\/lettres\/index.php?rest_route=\/wp\/v2\/pages"}],"about":[{"href":"https:\/\/site.ac-martinique.fr\/lettres\/index.php?rest_route=\/wp\/v2\/types\/page"}],"author":[{"embeddable":true,"href":"https:\/\/site.ac-martinique.fr\/lettres\/index.php?rest_route=\/wp\/v2\/users\/72"}],"replies":[{"embeddable":true,"href":"https:\/\/site.ac-martinique.fr\/lettres\/index.php?rest_route=%2Fwp%2Fv2%2Fcomments&post=726"}],"version-history":[{"count":7,"href":"https:\/\/site.ac-martinique.fr\/lettres\/index.php?rest_route=\/wp\/v2\/pages\/726\/revisions"}],"predecessor-version":[{"id":1132,"href":"https:\/\/site.ac-martinique.fr\/lettres\/index.php?rest_route=\/wp\/v2\/pages\/726\/revisions\/1132"}],"up":[{"embeddable":true,"href":"https:\/\/site.ac-martinique.fr\/lettres\/index.php?rest_route=\/wp\/v2\/pages\/414"}],"wp:attachment":[{"href":"https:\/\/site.ac-martinique.fr\/lettres\/index.php?rest_route=%2Fwp%2Fv2%2Fmedia&parent=726"}],"curies":[{"name":"wp","href":"https:\/\/api.w.org\/{rel}","templated":true}]}}