{"id":2373,"date":"2022-05-09T14:14:08","date_gmt":"2022-05-09T18:14:08","guid":{"rendered":"https:\/\/site.ac-martinique.fr\/lyc-andrealiker\/?page_id=2373"},"modified":"2022-06-01T10:53:12","modified_gmt":"2022-06-01T14:53:12","slug":"filieres","status":"publish","type":"page","link":"https:\/\/site.ac-martinique.fr\/lyc-andrealiker\/?page_id=2373","title":{"rendered":"Fili\u00e8res"},"content":{"rendered":"\n<p><\/p>\n\n\n\n<div class=\"wp-block-group\"><div class=\"wp-block-group__inner-container is-layout-flow wp-block-group-is-layout-flow\">\n<p style=\"font-size:21px\"><strong>Formations Pr\u00e9-Bac LP Andr\u00e9 ALIKER :<\/strong><\/p>\n\n\n\n<div style=\"height:27px\" aria-hidden=\"true\" class=\"wp-block-spacer\"><\/div>\n\n\n\n<p class=\"has-medium-font-size\"><strong>&#8211;<\/strong> <strong>3 \u00e8me :<\/strong><\/p>\n\n\n\n<div style=\"height:11px\" aria-hidden=\"true\" class=\"wp-block-spacer\"><\/div>\n\n\n\n<ul class=\"is-style-tw-border wp-block-list\" style=\"font-size:16px\"><li><strong><a href=\"https:\/\/view.genial.ly\/6206fa7bfcfdc7001346f7e8\/presentation-vibrant-flipped-classroom-presentation\">3\u00e8me PR\u00c9PA M\u00c9TIERS<\/a><\/strong><\/li><\/ul>\n\n\n\n<p style=\"font-size:16px\"><\/p>\n<\/div><\/div>\n\n\n\n<div style=\"height:24px\" aria-hidden=\"true\" class=\"wp-block-spacer\"><\/div>\n\n\n\n<div class=\"wp-block-columns is-layout-flex wp-container-core-columns-is-layout-d0b3c9c8 wp-block-columns-is-layout-flex\">\n<div class=\"wp-block-column is-layout-flow wp-block-column-is-layout-flow\">\n<p class=\"has-medium-font-size\"><strong>&#8211; Certificat d\u2019Aptitude Professionnelle :<\/strong><\/p>\n\n\n\n<div style=\"height:17px\" aria-hidden=\"true\" class=\"wp-block-spacer\"><\/div>\n\n\n\n<p style=\"font-size:17px\"><strong>1\u00e8re ann\u00e9e<\/strong> :<\/p>\n\n\n\n<ul class=\"is-style-tw-border wp-block-list\" style=\"font-size:16px\"><li><strong><a href=\"https:\/\/view.genial.ly\/5febbbec4a35bd0d034eb266\/presentation-formations-lp-aliker\">1 CAP OOL ( Op\u00e9rateurs, Op\u00e9ratrices Logistique ) <\/a><\/strong><\/li><\/ul>\n\n\n\n<p style=\"font-size:17px\"><strong>2\u00e8me ann\u00e9e :<\/strong><\/p>\n\n\n\n<ul class=\"is-style-tw-border wp-block-list\" style=\"font-size:16px\"><li><strong><a href=\"https:\/\/view.genial.ly\/5febbbec4a35bd0d034eb266\/presentation-formations-lp-aliker\">2 CAP OOL ( Op\u00e9rateurs, Op\u00e9ratrices logistique )<\/a><\/strong><\/li><\/ul>\n\n\n\n<p style=\"font-size:16px\"><\/p>\n<\/div>\n\n\n\n<div class=\"wp-block-column is-layout-flow wp-block-column-is-layout-flow\">\n<p class=\"has-medium-font-size\"><strong>&#8211; Baccalaur\u00e9at Professionnel  <\/strong>:<\/p>\n\n\n\n<div style=\"height:17px\" aria-hidden=\"true\" class=\"wp-block-spacer\"><\/div>\n\n\n\n<p style=\"font-size:17px\"><strong>2nde<\/strong> <strong>PRO <\/strong>:<\/p>\n\n\n\n<div style=\"height:11px\" aria-hidden=\"true\" class=\"wp-block-spacer\"><\/div>\n\n\n\n<ul class=\"is-style-tw-border wp-block-list\" style=\"font-size:16px\"><li><strong><a href=\"https:\/\/view.genial.ly\/5febbbec4a35bd0d034eb266\/presentation-formations-lp-aliker\">2 GATL<\/a><\/strong><a href=\"https:\/\/view.genial.ly\/5febbbec4a35bd0d034eb266\/presentation-formations-lp-aliker\"> <strong>(<\/strong><\/a><strong><a href=\"https:\/\/view.genial.ly\/5febbbec4a35bd0d034eb266\/presentation-formations-lp-aliker\"> Gestion Administrative Transport Logistique )<\/a><\/strong><\/li><\/ul>\n\n\n\n<p style=\"font-size:16px\"><\/p>\n\n\n\n<div style=\"height:13px\" aria-hidden=\"true\" class=\"wp-block-spacer\"><\/div>\n\n\n\n<p style=\"font-size:17px\"><strong>1\u00e8re <\/strong>: <\/p>\n\n\n\n<div style=\"height:11px\" aria-hidden=\"true\" class=\"wp-block-spacer\"><\/div>\n\n\n\n<ul class=\"is-style-tw-border wp-block-list\" style=\"font-size:16px\"><li><strong><a href=\"https:\/\/view.genial.ly\/5febbbec4a35bd0d034eb266\/presentation-formations-lp-aliker\"> 1 AGORA<\/a><\/strong> <strong><a href=\"https:\/\/view.genial.ly\/5febbbec4a35bd0d034eb266\/presentation-formations-lp-aliker\">( Assistance \u00e0 la Gestion des Organisations et de leurs Activit\u00e9s) <\/a><\/strong><\/li><li><strong><a href=\"https:\/\/view.genial.ly\/5febbbec4a35bd0d034eb266\/presentation-formations-lp-aliker\">1 OTM<\/a><\/strong> <a href=\"https:\/\/view.genial.ly\/5febbbec4a35bd0d034eb266\/presentation-formations-lp-aliker\"><strong>( Organisation de Transports des Marchandises )<\/strong><\/a><\/li><li><strong><a href=\"https:\/\/view.genial.ly\/5febbbec4a35bd0d034eb266\/presentation-formations-lp-aliker\">1 Logistique<\/a><\/strong><\/li><\/ul>\n\n\n\n<div style=\"height:13px\" aria-hidden=\"true\" class=\"wp-block-spacer\"><\/div>\n\n\n\n<p style=\"font-size:17px\"><strong> Terminale :<\/strong><\/p>\n\n\n\n<div style=\"height:11px\" aria-hidden=\"true\" class=\"wp-block-spacer\"><\/div>\n\n\n\n<ul class=\"is-style-tw-border wp-block-list\" style=\"font-size:16px\"><li><\/li><li><strong><a href=\"https:\/\/view.genial.ly\/5febbbec4a35bd0d034eb266\/presentation-formations-lp-aliker\">T AGORA<\/a><\/strong> <strong><a href=\"https:\/\/view.genial.ly\/5febbbec4a35bd0d034eb266\/presentation-formations-lp-aliker\">( Assistance \u00e0 la Gestion des Organisations et de leurs Activit\u00e9s) <\/a><\/strong><\/li><li><strong><a href=\"https:\/\/view.genial.ly\/5febbbec4a35bd0d034eb266\/presentation-formations-lp-aliker\">T OTM<\/a><\/strong> <a href=\"https:\/\/view.genial.ly\/5febbbec4a35bd0d034eb266\/presentation-formations-lp-aliker\"><strong>( Organisation de Transports des Marchandises )<\/strong><\/a><\/li><li><strong><a href=\"https:\/\/view.genial.ly\/5febbbec4a35bd0d034eb266\/presentation-formations-lp-aliker\"><\/a><strong><a href=\"https:\/\/view.genial.ly\/5febbbec4a35bd0d034eb266\/presentation-formations-lp-aliker\"><\/a><a href=\"https:\/\/view.genial.ly\/5febbbec4a35bd0d034eb266\/presentation-formations-lp-aliker\"><strong>T Logistique<\/strong><\/a><\/strong><\/strong><\/li><\/ul>\n\n\n\n<p><\/p>\n<\/div>\n<\/div>\n\n\n\n<p class=\"has-medium-font-size\" id=\"block-46300d6f-8d6a-4aec-a6be-2336def315df\"><strong>Formations Post-Bac LP Andr\u00e9 ALIKER<\/strong> :<\/p>\n\n\n\n<div style=\"height:27px\" aria-hidden=\"true\" class=\"wp-block-spacer\"><\/div>\n\n\n\n<p class=\"has-medium-font-size\"><strong>&#8211;<\/strong> <strong>Brevet de technicien sup\u00e9rieur :<\/strong><\/p>\n\n\n\n<div style=\"height:17px\" aria-hidden=\"true\" class=\"wp-block-spacer\"><\/div>\n\n\n\n<p style=\"font-size:17px\"><strong>1\u00e8re ann\u00e9e :<\/strong><\/p>\n\n\n\n<ul id=\"block-724af6e1-fc2a-424d-af97-ccd1d72007ac\" class=\"is-style-tw-border wp-block-list\" style=\"font-size:16px\"><li><a href=\"https:\/\/view.genial.ly\/6000ccdb9680a90d0132e756\/presentation-bts-gtla-lycee-professionnel-andre-aliker\"><strong>1 <\/strong><strong>B<\/strong><\/a><strong><a href=\"https:\/\/view.genial.ly\/6000ccdb9680a90d0132e756\/presentation-bts-gtla-lycee-professionnel-andre-aliker\">TS GTLA<\/a><\/strong><a href=\"https:\/\/view.genial.ly\/6000ccdb9680a90d0132e756\/presentation-bts-gtla-lycee-professionnel-andre-aliker\"> <strong>( Gestion Transport Logistique Associ\u00e9 )<\/strong><\/a><\/li><\/ul>\n\n\n\n<p style=\"font-size:18px\"><strong>2\u00e8me ann\u00e9e :<\/strong><\/p>\n\n\n\n<ul class=\"is-style-tw-border wp-block-list\" style=\"font-size:16px\"><li><strong><a href=\"https:\/\/view.genial.ly\/6000ccdb9680a90d0132e756\/presentation-bts-gtla-lycee-professionnel-andre-aliker\">2 BTS GTLA<\/a><\/strong><a href=\"https:\/\/view.genial.ly\/6000ccdb9680a90d0132e756\/presentation-bts-gtla-lycee-professionnel-andre-aliker\"> <strong>( Gestion Transport Logistique Associ\u00e9 )<\/strong><\/a><\/li><\/ul>\n\n\n\n<p><\/p>\n","protected":false},"excerpt":{"rendered":"<p>Formations Pr\u00e9-Bac LP Andr\u00e9 ALIKER : &#8211; 3 \u00e8me : 3\u00e8me PR\u00c9PA M\u00c9TIERS &#8211; Certificat d\u2019Aptitude Professionnelle : 1\u00e8re ann\u00e9e : 1 CAP OOL ( Op\u00e9rateurs, Op\u00e9ratrices Logistique ) 2\u00e8me ann\u00e9e : 2 CAP OOL ( Op\u00e9rateurs, Op\u00e9ratrices logistique ) &#8211; Baccalaur\u00e9at Professionnel : 2nde PRO : 2 GATL ( Gestion Administrative Transport Logistique ) 1\u00e8re : 1 AGORA ( Assistance \u00e0 la Gestion des Organisations et de leurs Activit\u00e9s) 1 OTM ( Organisation de Transports des Marchandises ) 1 Logistique Terminale : T AGORA ( Assistance \u00e0 la Gestion des Organisations et de leurs Activit\u00e9s) T OTM ( Organisation de Transports des Marchandises ) T Logistique Formations Post-Bac LP Andr\u00e9 ALIKER : &#8211; Brevet de technicien sup\u00e9rieur : 1\u00e8re ann\u00e9e : 1 BTS GTLA ( Gestion Transport Logistique Associ\u00e9 ) 2\u00e8me ann\u00e9e : 2 BTS GTLA ( Gestion Transport Logistique Associ\u00e9 )<\/p>\n","protected":false},"author":91,"featured_media":0,"parent":0,"menu_order":0,"comment_status":"closed","ping_status":"closed","template":"","meta":{"footnotes":""},"class_list":["post-2373","page","type-page","status-publish","hentry"],"_links":{"self":[{"href":"https:\/\/site.ac-martinique.fr\/lyc-andrealiker\/index.php?rest_route=\/wp\/v2\/pages\/2373","targetHints":{"allow":["GET"]}}],"collection":[{"href":"https:\/\/site.ac-martinique.fr\/lyc-andrealiker\/index.php?rest_route=\/wp\/v2\/pages"}],"about":[{"href":"https:\/\/site.ac-martinique.fr\/lyc-andrealiker\/index.php?rest_route=\/wp\/v2\/types\/page"}],"author":[{"embeddable":true,"href":"https:\/\/site.ac-martinique.fr\/lyc-andrealiker\/index.php?rest_route=\/wp\/v2\/users\/91"}],"replies":[{"embeddable":true,"href":"https:\/\/site.ac-martinique.fr\/lyc-andrealiker\/index.php?rest_route=%2Fwp%2Fv2%2Fcomments&post=2373"}],"version-history":[{"count":55,"href":"https:\/\/site.ac-martinique.fr\/lyc-andrealiker\/index.php?rest_route=\/wp\/v2\/pages\/2373\/revisions"}],"predecessor-version":[{"id":2717,"href":"https:\/\/site.ac-martinique.fr\/lyc-andrealiker\/index.php?rest_route=\/wp\/v2\/pages\/2373\/revisions\/2717"}],"wp:attachment":[{"href":"https:\/\/site.ac-martinique.fr\/lyc-andrealiker\/index.php?rest_route=%2Fwp%2Fv2%2Fmedia&parent=2373"}],"curies":[{"name":"wp","href":"https:\/\/api.w.org\/{rel}","templated":true}]}}