{"id":3183,"date":"2023-06-28T07:49:51","date_gmt":"2023-06-28T11:49:51","guid":{"rendered":"https:\/\/site.ac-martinique.fr\/lyc-andrealiker\/?page_id=3183"},"modified":"2023-06-28T07:53:54","modified_gmt":"2023-06-28T11:53:54","slug":"lancement-campagne-inscription-au-transport-scolaire-2023-2024","status":"publish","type":"page","link":"https:\/\/site.ac-martinique.fr\/lyc-andrealiker\/?page_id=3183","title":{"rendered":"[info] Lancement campagne inscription au transport scolaire 2023-2024"},"content":{"rendered":"\n<p>La campagne des inscriptions au transport scolaire organis\u00e9e par MARTINIQUE TRANSPORT pour l\u2019ann\u00e9e 2023-24, a d\u00e9but\u00e9&nbsp;<strong>ce jour lundi 26 juin et se terminera le 1er septembre 2023.<\/strong><\/p>\n\n\n\n<p>Comme l\u2019an pass\u00e9, les inscriptions sont facilit\u00e9es en ligne, sur une plateforme simple offrant une meilleure gestion des dossiers avec un acc\u00e8s par compte tuteur.<\/p>\n\n\n\n<p>Pour votre meilleure information ainsi que celle de votre communaut\u00e9 scolaire, vous trouverez en pi\u00e8ce jointe de ce mail une newsletter indiquant toutes les informations n\u00e9cessaires \u00e0 l\u2019inscription des \u00e9l\u00e8ves.&nbsp;<\/p>\n\n\n\n<p>Pour de plus amples informations, vous \u00eates invit\u00e9. e. s \u00e0 consulter r\u00e9guli\u00e8rement le site www.martiniquetransport.mq rubrique transport scolaire.<\/p>\n\n\n\n<p>Bonne r\u00e9ception,<\/p>\n\n\n\n<p>L\u2019Equipe de Martinique Transport<\/p>\n\n\n\n<div data-wp-interactive=\"core\/file\" class=\"wp-block-file\"><object data-wp-bind--hidden=\"!state.hasPdfPreview\" hidden class=\"wp-block-file__embed\" data=\"https:\/\/site.ac-martinique.fr\/lyc-andrealiker\/wp-content\/uploads\/sites\/33\/2023\/06\/Guide_inscription_Web_Martinique_Transport.pdf\" type=\"application\/pdf\" style=\"width:100%;height:600px\" aria-label=\"Contenu embarqu\u00e9 Guide_inscription_Web_Martinique_Transport.\"><\/object><a id=\"wp-block-file--media-c22ee7b0-12e6-47f4-a468-61e4b17fe15c\" href=\"https:\/\/site.ac-martinique.fr\/lyc-andrealiker\/wp-content\/uploads\/sites\/33\/2023\/06\/Guide_inscription_Web_Martinique_Transport.pdf\">Guide_inscription_Web_Martinique_Transport<\/a><a href=\"https:\/\/site.ac-martinique.fr\/lyc-andrealiker\/wp-content\/uploads\/sites\/33\/2023\/06\/Guide_inscription_Web_Martinique_Transport.pdf\" class=\"wp-block-file__button wp-element-button\" download aria-describedby=\"wp-block-file--media-c22ee7b0-12e6-47f4-a468-61e4b17fe15c\">T\u00e9l\u00e9charger<\/a><\/div>\n\n\n\n<div data-wp-interactive=\"core\/file\" class=\"wp-block-file\"><object data-wp-bind--hidden=\"!state.hasPdfPreview\" hidden class=\"wp-block-file__embed\" data=\"https:\/\/site.ac-martinique.fr\/lyc-andrealiker\/wp-content\/uploads\/sites\/33\/2023\/06\/Procedure-reinscription-2023-2024.pdf\" type=\"application\/pdf\" style=\"width:100%;height:600px\" aria-label=\"Contenu embarqu\u00e9 Procedure-reinscription-2023-2024.\"><\/object><a id=\"wp-block-file--media-8ae81298-1150-4ab4-bcf0-b48d365679b5\" href=\"https:\/\/site.ac-martinique.fr\/lyc-andrealiker\/wp-content\/uploads\/sites\/33\/2023\/06\/Procedure-reinscription-2023-2024.pdf\">Procedure-reinscription-2023-2024<\/a><a href=\"https:\/\/site.ac-martinique.fr\/lyc-andrealiker\/wp-content\/uploads\/sites\/33\/2023\/06\/Procedure-reinscription-2023-2024.pdf\" class=\"wp-block-file__button wp-element-button\" download aria-describedby=\"wp-block-file--media-8ae81298-1150-4ab4-bcf0-b48d365679b5\">T\u00e9l\u00e9charger<\/a><\/div>\n\n\n\n<div class=\"wp-block-file\"><a id=\"wp-block-file--media-c95ee89f-7dc4-4ac3-a670-6c6a36dcb2d8\" href=\"https:\/\/site.ac-martinique.fr\/lyc-andrealiker\/wp-content\/uploads\/sites\/33\/2023\/06\/newsletter_martinique_transport-16062023-scaled.jpg\">newsletter_martinique_transport-16062023<\/a><a href=\"https:\/\/site.ac-martinique.fr\/lyc-andrealiker\/wp-content\/uploads\/sites\/33\/2023\/06\/newsletter_martinique_transport-16062023-scaled.jpg\" class=\"wp-block-file__button wp-element-button\" download aria-describedby=\"wp-block-file--media-c95ee89f-7dc4-4ac3-a670-6c6a36dcb2d8\">T\u00e9l\u00e9charger<\/a><\/div>\n","protected":false},"excerpt":{"rendered":"<p>La campagne des inscriptions au transport scolaire organis\u00e9e par MARTINIQUE TRANSPORT pour l\u2019ann\u00e9e 2023-24, a d\u00e9but\u00e9&nbsp;ce jour lundi 26 juin et se terminera le 1er septembre 2023. Comme l\u2019an pass\u00e9, les inscriptions sont facilit\u00e9es en ligne, sur une plateforme simple offrant une meilleure gestion des dossiers avec un acc\u00e8s par compte tuteur. Pour votre meilleure information ainsi que celle de votre communaut\u00e9 scolaire, vous trouverez en pi\u00e8ce jointe de ce mail une newsletter indiquant toutes les informations n\u00e9cessaires \u00e0 l\u2019inscription des \u00e9l\u00e8ves.&nbsp; Pour de plus amples informations, vous \u00eates invit\u00e9. e. s \u00e0 consulter r\u00e9guli\u00e8rement le site www.martiniquetransport.mq rubrique transport scolaire. Bonne r\u00e9ception, L\u2019Equipe de Martinique Transport<\/p>\n","protected":false},"author":319,"featured_media":3184,"parent":0,"menu_order":0,"comment_status":"closed","ping_status":"closed","template":"","meta":{"footnotes":""},"class_list":["post-3183","page","type-page","status-publish","has-post-thumbnail","hentry"],"_links":{"self":[{"href":"https:\/\/site.ac-martinique.fr\/lyc-andrealiker\/index.php?rest_route=\/wp\/v2\/pages\/3183","targetHints":{"allow":["GET"]}}],"collection":[{"href":"https:\/\/site.ac-martinique.fr\/lyc-andrealiker\/index.php?rest_route=\/wp\/v2\/pages"}],"about":[{"href":"https:\/\/site.ac-martinique.fr\/lyc-andrealiker\/index.php?rest_route=\/wp\/v2\/types\/page"}],"author":[{"embeddable":true,"href":"https:\/\/site.ac-martinique.fr\/lyc-andrealiker\/index.php?rest_route=\/wp\/v2\/users\/319"}],"replies":[{"embeddable":true,"href":"https:\/\/site.ac-martinique.fr\/lyc-andrealiker\/index.php?rest_route=%2Fwp%2Fv2%2Fcomments&post=3183"}],"version-history":[{"count":2,"href":"https:\/\/site.ac-martinique.fr\/lyc-andrealiker\/index.php?rest_route=\/wp\/v2\/pages\/3183\/revisions"}],"predecessor-version":[{"id":3196,"href":"https:\/\/site.ac-martinique.fr\/lyc-andrealiker\/index.php?rest_route=\/wp\/v2\/pages\/3183\/revisions\/3196"}],"wp:featuredmedia":[{"embeddable":true,"href":"https:\/\/site.ac-martinique.fr\/lyc-andrealiker\/index.php?rest_route=\/wp\/v2\/media\/3184"}],"wp:attachment":[{"href":"https:\/\/site.ac-martinique.fr\/lyc-andrealiker\/index.php?rest_route=%2Fwp%2Fv2%2Fmedia&parent=3183"}],"curies":[{"name":"wp","href":"https:\/\/api.w.org\/{rel}","templated":true}]}}