{"id":3689,"date":"2025-06-18T10:54:37","date_gmt":"2025-06-18T14:54:37","guid":{"rendered":"https:\/\/site.ac-martinique.fr\/lyc-andrealiker\/?page_id=3689"},"modified":"2025-06-27T12:42:23","modified_gmt":"2025-06-27T16:42:23","slug":"inscription-reinscription-en-ligne","status":"publish","type":"page","link":"https:\/\/site.ac-martinique.fr\/lyc-andrealiker\/?page_id=3689","title":{"rendered":"Inscription &amp; r\u00e9inscription en ligne 2025-2026"},"content":{"rendered":"\n<p><\/p>\n\n\n\n<p>Cette ann\u00e9e notre \u00e9tablissement investit la d\u00e9marche d&rsquo;inscription en ligne. Vous trouverez \u00e9galement&nbsp; une fiche explicative et un lien vers EduConnect ci-dessous.<\/p>\n\n\n\n<p>Une permanence pour l&rsquo;aide \u00e0 l&rsquo;inscription en ligne est assur\u00e9e au lyc\u00e9e de 7h30 \u00e0 12h les lundi, mercredi et vendredi en salle Multim\u00e9dia.<\/p>\n\n\n\n<p>La Direction<\/p>\n\n\n\n<div data-wp-interactive=\"core\/file\" class=\"wp-block-file\"><object data-wp-bind--hidden=\"!state.hasPdfPreview\" hidden class=\"wp-block-file__embed\" data=\"https:\/\/site.ac-martinique.fr\/lyc-andrealiker\/wp-content\/uploads\/sites\/33\/2025\/06\/calendrier-inscription-2025-1.pdf\" type=\"application\/pdf\" style=\"width:100%;height:600px\" aria-label=\"Contenu embarqu\u00e9 calendrier inscription 2025.\"><\/object><a id=\"wp-block-file--media-a066f499-600c-47de-8641-d7482b0a07a8\" href=\"https:\/\/site.ac-martinique.fr\/lyc-andrealiker\/wp-content\/uploads\/sites\/33\/2025\/06\/calendrier-inscription-2025-1.pdf\">calendrier inscription 2025<\/a><a href=\"https:\/\/site.ac-martinique.fr\/lyc-andrealiker\/wp-content\/uploads\/sites\/33\/2025\/06\/calendrier-inscription-2025-1.pdf\" class=\"wp-block-file__button wp-element-button\" download aria-describedby=\"wp-block-file--media-a066f499-600c-47de-8641-d7482b0a07a8\">T\u00e9l\u00e9charger<\/a><\/div>\n\n\n\n<p class=\"has-medium-font-size\"><strong>TUTORIEL : COMMENT INSCRIRE MON ENFANT AU LYC\u00c9E<\/strong><\/p>\n\n\n\n<div data-wp-interactive=\"core\/file\" class=\"wp-block-file\"><object data-wp-bind--hidden=\"!state.hasPdfPreview\" hidden class=\"wp-block-file__embed\" data=\"https:\/\/site.ac-martinique.fr\/lyc-andrealiker\/wp-content\/uploads\/sites\/33\/2025\/06\/flyer-inscription-lyc-e-2025-227034_0.pdf\" type=\"application\/pdf\" style=\"width:100%;height:600px\" aria-label=\"Contenu embarqu\u00e9 flyer---inscription-lyc-e-2025-227034_0.\"><\/object><a id=\"wp-block-file--media-84ef2a9c-d3ea-494d-8104-ed69db387e92\" href=\"https:\/\/site.ac-martinique.fr\/lyc-andrealiker\/wp-content\/uploads\/sites\/33\/2025\/06\/flyer-inscription-lyc-e-2025-227034_0.pdf\">flyer&#8212;inscription-lyc-e-2025-227034_0<\/a><a href=\"https:\/\/site.ac-martinique.fr\/lyc-andrealiker\/wp-content\/uploads\/sites\/33\/2025\/06\/flyer-inscription-lyc-e-2025-227034_0.pdf\" class=\"wp-block-file__button wp-element-button\" download aria-describedby=\"wp-block-file--media-84ef2a9c-d3ea-494d-8104-ed69db387e92\">T\u00e9l\u00e9charger<\/a><\/div>\n\n\n\n<div class=\"wp-block-buttons is-layout-flex wp-block-buttons-is-layout-flex\">\n<div class=\"wp-block-button\"><a class=\"wp-block-button__link wp-element-button\" href=\"https:\/\/educonnect.education.gouv.fr\/idp\/profile\/SAML2\/Redirect\/SSO?execution=e3s1\" target=\"_blank\" rel=\"noreferrer noopener\"><strong>Lien vers EduConnect<\/strong><\/a><\/div>\n<\/div>\n\n\n\n<p><\/p>\n","protected":false},"excerpt":{"rendered":"<p>Cette ann\u00e9e notre \u00e9tablissement investit la d\u00e9marche d&rsquo;inscription en ligne. Vous trouverez \u00e9galement&nbsp; une fiche explicative et un lien vers EduConnect ci-dessous. Une permanence pour l&rsquo;aide \u00e0 l&rsquo;inscription en ligne est assur\u00e9e au lyc\u00e9e de 7h30 \u00e0 12h les lundi, mercredi et vendredi en salle Multim\u00e9dia. La Direction TUTORIEL : COMMENT INSCRIRE MON ENFANT AU LYC\u00c9E<\/p>\n","protected":false},"author":319,"featured_media":0,"parent":0,"menu_order":0,"comment_status":"closed","ping_status":"closed","template":"","meta":{"footnotes":""},"class_list":["post-3689","page","type-page","status-publish","hentry"],"_links":{"self":[{"href":"https:\/\/site.ac-martinique.fr\/lyc-andrealiker\/index.php?rest_route=\/wp\/v2\/pages\/3689","targetHints":{"allow":["GET"]}}],"collection":[{"href":"https:\/\/site.ac-martinique.fr\/lyc-andrealiker\/index.php?rest_route=\/wp\/v2\/pages"}],"about":[{"href":"https:\/\/site.ac-martinique.fr\/lyc-andrealiker\/index.php?rest_route=\/wp\/v2\/types\/page"}],"author":[{"embeddable":true,"href":"https:\/\/site.ac-martinique.fr\/lyc-andrealiker\/index.php?rest_route=\/wp\/v2\/users\/319"}],"replies":[{"embeddable":true,"href":"https:\/\/site.ac-martinique.fr\/lyc-andrealiker\/index.php?rest_route=%2Fwp%2Fv2%2Fcomments&post=3689"}],"version-history":[{"count":16,"href":"https:\/\/site.ac-martinique.fr\/lyc-andrealiker\/index.php?rest_route=\/wp\/v2\/pages\/3689\/revisions"}],"predecessor-version":[{"id":3723,"href":"https:\/\/site.ac-martinique.fr\/lyc-andrealiker\/index.php?rest_route=\/wp\/v2\/pages\/3689\/revisions\/3723"}],"wp:attachment":[{"href":"https:\/\/site.ac-martinique.fr\/lyc-andrealiker\/index.php?rest_route=%2Fwp%2Fv2%2Fmedia&parent=3689"}],"curies":[{"name":"wp","href":"https:\/\/api.w.org\/{rel}","templated":true}]}}