{"id":2,"date":"2023-02-15T16:52:25","date_gmt":"2023-02-15T20:52:25","guid":{"rendered":"https:\/\/site.ac-martinique.fr\/lyc-bellevue\/?page_id=2"},"modified":"2025-06-14T23:05:13","modified_gmt":"2025-06-15T03:05:13","slug":"page-d-exemple","status":"publish","type":"page","link":"https:\/\/site.ac-martinique.fr\/lyc-bellevue\/?page_id=2","title":{"rendered":"Pr\u00e9sentation"},"content":{"rendered":"\n<div class=\"wp-block-group alignfull is-layout-flow wp-block-group-is-layout-flow\">\n<div class=\"wp-block-media-text alignwide has-media-on-the-right is-stacked-on-mobile tw-stack-md\"><div class=\"wp-block-media-text__content\">\n<p><\/p>\n\n\n\n<p>\u00c9tablissement d&rsquo;excellence, le&nbsp;<em>lyc\u00e9e de Bellevue<\/em>, est l&rsquo;un des \u00e9tablissements les plus&nbsp;<em>ancien<\/em>s&nbsp;de l&rsquo;\u00eele. Il se distingue par un large choix de langues vivantes, d&rsquo;options et de sp\u00e9cialit\u00e9s. <\/p>\n\n\n\n<p>Depuis sa cr\u00e9ation le lyc\u00e9e a \u00e9tabli une tradition d\u2019ouverture au monde qui s\u2019est maintenue  : chaque ann\u00e9e le lyc\u00e9e accueille une trentaine d&rsquo;\u00e9l\u00e8ves et de professeurs provenant de lyc\u00e9es europ\u00e9ens et carib\u00e9ens et permet \u00e0 une centaine d&rsquo;\u00e9l\u00e8ves et \u00e9tudiants de partir en mobilit\u00e9 p\u00e9dagogique dans la cara\u00efbe et en Europe, en lyc\u00e9e ou en entreprise. <\/p>\n\n\n\n<p>Fort d\u2019une r\u00e9putation d\u2019excellence, le Lyc\u00e9e de Bellevue n\u2019est pas pour autant un lieu d\u2019\u00e9litisme ferm\u00e9 : tout au contraire il est un lieu d\u2019ouverture, d\u2019\u00e9change et d\u2019accueil d\u2019\u00e9l\u00e8ves d\u2019origines sociales et culturelles vari\u00e9es.<\/p>\n<\/div><figure class=\"wp-block-media-text__media\"><img loading=\"lazy\" decoding=\"async\" width=\"337\" height=\"150\" src=\"https:\/\/site.ac-martinique.fr\/lyc-bellevue\/wp-content\/uploads\/sites\/127\/2023\/05\/telechargement-4.jpg\" alt=\"\" class=\"wp-image-539 size-full\" srcset=\"https:\/\/site.ac-martinique.fr\/lyc-bellevue\/wp-content\/uploads\/sites\/127\/2023\/05\/telechargement-4.jpg 337w, https:\/\/site.ac-martinique.fr\/lyc-bellevue\/wp-content\/uploads\/sites\/127\/2023\/05\/telechargement-4-300x134.jpg 300w\" sizes=\"auto, (max-width: 337px) 100vw, 337px\" \/><\/figure><\/div>\n<\/div>\n\n\n\n<div class=\"wp-block-columns is-layout-flex wp-container-core-columns-is-layout-d0b3c9c8 wp-block-columns-is-layout-flex\">\n<div class=\"wp-block-column is-layout-flow wp-block-column-is-layout-flow\" style=\"--col-width:100%;flex-basis:100%\">\n<div class=\"wp-block-group is-layout-flow wp-block-group-is-layout-flow\">\n<div style=\"height:57px\" aria-hidden=\"true\" class=\"wp-block-spacer\"><\/div>\n<\/div>\n<\/div>\n<\/div>\n\n\n\n<div class=\"wp-block-cover alignfull has-parallax is-position-center-center\" style=\"min-height:375px;aspect-ratio:unset;\"><div class=\"wp-block-cover__image-background wp-image-1058 has-parallax\" style=\"background-position:50% 50%;background-image:url(https:\/\/site.ac-martinique.fr\/lyc-bellevue\/wp-content\/uploads\/sites\/127\/2023\/10\/glasses-1052010_1280.jpg)\"><\/div><span aria-hidden=\"true\" class=\"wp-block-cover__background has-black-background-color has-background-dim-40 has-background-dim\"><\/span><div class=\"wp-block-cover__inner-container is-layout-flow wp-block-cover-is-layout-flow\">\n<h3 class=\"wp-block-heading has-text-align-center has-white-color has-text-color\" style=\"font-size:clamp(16.834px, 1.052rem + ((1vw - 3.2px) * 0.811), 26px);font-style:italic;font-weight:400;letter-spacing:1px;text-transform:uppercase\">\u00ab\u00a0L&rsquo;\u00e9ducation est l&rsquo;arme la plus puissante pour changer le monde.\u00a0\u00bb<\/h3>\n\n\n\n<p class=\"has-text-align-center has-white-color has-text-color\">Nelson Mandela<\/p>\n\n\n\n<div class=\"wp-block-buttons is-horizontal is-content-justification-center is-layout-flex wp-container-core-buttons-is-layout-03627597 wp-block-buttons-is-layout-flex\">\n<div class=\"wp-block-button is-style-outline is-style-outline--1\"><a class=\"wp-block-button__link has-white-color has-text-color has-small-font-size has-custom-font-size wp-element-button\" href=\"https:\/\/site.ac-martinique.fr\/lyc-bellevue\/?page_id=2472\" style=\"border-radius:0px\" target=\"_blank\" rel=\"noreferrer noopener\">Inscriptions<\/a><\/div>\n<\/div>\n<\/div><\/div>\n\n\n\n<h2 class=\"wp-block-heading has-text-color\" style=\"color:#003c85cf;font-style:normal;font-weight:100\">La presse parle de nous<\/h2>\n\n\n\n<iframe loading=\"lazy\" src=\"https:\/\/player.vimeo.com\/video\/528864901?h=9defed9d5d\" width=\"640\" height=\"360\" frameborder=\"0\" allow=\"autoplay; fullscreen; picture-in-picture\" allowfullscreen><\/iframe>\n<p><a href=\"https:\/\/vimeo.com\/528864901\">Reportage de &quot;Martinique Premi&egrave;re&quot; au lyc&eacute;e Bellevue de Fort de France sur le Matrimoine Afro-Am&eacute;ricano-Carib&eacute;en (MAAC)<\/a> from <a href=\"https:\/\/vimeo.com\/user18076879\">ESIH<\/a> on <a href=\"https:\/\/vimeo.com\">Vimeo<\/a>.<\/p>\n","protected":false},"excerpt":{"rendered":"<p>\u00c9tablissement d&rsquo;excellence, le&nbsp;lyc\u00e9e de Bellevue, est l&rsquo;un des \u00e9tablissements les plus&nbsp;anciens&nbsp;de l&rsquo;\u00eele. Il se distingue par un large choix de langues vivantes, d&rsquo;options et de sp\u00e9cialit\u00e9s. Depuis sa cr\u00e9ation le lyc\u00e9e a \u00e9tabli une tradition d\u2019ouverture au monde qui s\u2019est maintenue : chaque ann\u00e9e le lyc\u00e9e accueille une trentaine d&rsquo;\u00e9l\u00e8ves et de professeurs provenant de &hellip; <\/p>\n<p class=\"link-more\"><a href=\"https:\/\/site.ac-martinique.fr\/lyc-bellevue\/?page_id=2\" class=\"more-link\">Lire la suite de<span class=\"screen-reader-text\">\u00ab\u00a0Pr\u00e9sentation\u00a0\u00bb<\/span><\/a><\/p>\n","protected":false},"author":417,"featured_media":534,"parent":565,"menu_order":0,"comment_status":"closed","ping_status":"closed","template":"","meta":{"_uag_custom_page_level_css":"","inspiro_hide_title":false,"footnotes":""},"class_list":["post-2","page","type-page","status-publish","has-post-thumbnail","hentry"],"yoast_head":"<!-- This site is optimized with the Yoast SEO plugin v27.4 - https:\/\/yoast.com\/product\/yoast-seo-wordpress\/ -->\n<title>Pr\u00e9sentation - Bienvenue au lyc\u00e9e de Bellevue<\/title>\n<meta name=\"description\" content=\"Le lyc\u00e9e de Bellevue est situ\u00e9 \u00e0 Fort de France. \u00c9tablissement d\u2019excellence, c&#039;est l\u2019un des \u00e9tablissements les plus anciens de l\u2019\u00eele. Il se distingue par un large choix de langues vivantes, d\u2019options et de sp\u00e9cialit\u00e9s. C&#039;est un lieu d\u2019ouverture, d\u2019\u00e9change et d\u2019accueil d\u2019\u00e9l\u00e8ves d\u2019origines sociales et culturelles vari\u00e9es.\" \/>\n<meta name=\"robots\" content=\"index, follow, max-snippet:-1, max-image-preview:large, max-video-preview:-1\" \/>\n<link rel=\"canonical\" href=\"https:\/\/site.ac-martinique.fr\/lyc-bellevue\/?page_id=2\" \/>\n<meta property=\"og:locale\" content=\"fr_FR\" \/>\n<meta property=\"og:type\" content=\"article\" \/>\n<meta property=\"og:title\" content=\"Pr\u00e9sentation - Bienvenue au lyc\u00e9e de Bellevue\" \/>\n<meta property=\"og:description\" content=\"Le lyc\u00e9e de Bellevue est situ\u00e9 \u00e0 Fort de France. \u00c9tablissement d\u2019excellence, c&#039;est l\u2019un des \u00e9tablissements les plus anciens de l\u2019\u00eele. Il se distingue par un large choix de langues vivantes, d\u2019options et de sp\u00e9cialit\u00e9s. C&#039;est un lieu d\u2019ouverture, d\u2019\u00e9change et d\u2019accueil d\u2019\u00e9l\u00e8ves d\u2019origines sociales et culturelles vari\u00e9es.\" \/>\n<meta property=\"og:url\" content=\"https:\/\/site.ac-martinique.fr\/lyc-bellevue\/?page_id=2\" \/>\n<meta property=\"og:site_name\" content=\"Bienvenue au lyc\u00e9e de Bellevue\" \/>\n<meta property=\"article:modified_time\" content=\"2025-06-15T03:05:13+00:00\" \/>\n<meta property=\"og:image\" content=\"https:\/\/site.ac-martinique.fr\/lyc-bellevue\/wp-content\/uploads\/sites\/127\/2023\/05\/lycee-bellevue-650x433-2.jpg\" \/>\n\t<meta property=\"og:image:width\" content=\"650\" \/>\n\t<meta property=\"og:image:height\" content=\"433\" \/>\n\t<meta property=\"og:image:type\" content=\"image\/jpeg\" \/>\n<meta name=\"twitter:card\" content=\"summary_large_image\" \/>\n<meta name=\"twitter:label1\" content=\"Dur\u00e9e de lecture estim\u00e9e\" \/>\n\t<meta name=\"twitter:data1\" content=\"2 minutes\" \/>\n<script type=\"application\/ld+json\" class=\"yoast-schema-graph\">{\"@context\":\"https:\\\/\\\/schema.org\",\"@graph\":[{\"@type\":\"WebPage\",\"@id\":\"https:\\\/\\\/site.ac-martinique.fr\\\/lyc-bellevue\\\/?page_id=2\",\"url\":\"https:\\\/\\\/site.ac-martinique.fr\\\/lyc-bellevue\\\/?page_id=2\",\"name\":\"Pr\u00e9sentation - Bienvenue au lyc\u00e9e de Bellevue\",\"isPartOf\":{\"@id\":\"https:\\\/\\\/site.ac-martinique.fr\\\/lyc-bellevue\\\/#website\"},\"primaryImageOfPage\":{\"@id\":\"https:\\\/\\\/site.ac-martinique.fr\\\/lyc-bellevue\\\/?page_id=2#primaryimage\"},\"image\":{\"@id\":\"https:\\\/\\\/site.ac-martinique.fr\\\/lyc-bellevue\\\/?page_id=2#primaryimage\"},\"thumbnailUrl\":\"https:\\\/\\\/site.ac-martinique.fr\\\/lyc-bellevue\\\/wp-content\\\/uploads\\\/sites\\\/127\\\/2023\\\/05\\\/lycee-bellevue-650x433-2.jpg\",\"datePublished\":\"2023-02-15T20:52:25+00:00\",\"dateModified\":\"2025-06-15T03:05:13+00:00\",\"description\":\"Le lyc\u00e9e de Bellevue est situ\u00e9 \u00e0 Fort de France. \u00c9tablissement d\u2019excellence, c'est l\u2019un des \u00e9tablissements les plus anciens de l\u2019\u00eele. Il se distingue par un large choix de langues vivantes, d\u2019options et de sp\u00e9cialit\u00e9s. C'est un lieu d\u2019ouverture, d\u2019\u00e9change et d\u2019accueil d\u2019\u00e9l\u00e8ves d\u2019origines sociales et culturelles vari\u00e9es.\",\"breadcrumb\":{\"@id\":\"https:\\\/\\\/site.ac-martinique.fr\\\/lyc-bellevue\\\/?page_id=2#breadcrumb\"},\"inLanguage\":\"fr-FR\",\"potentialAction\":[{\"@type\":\"ReadAction\",\"target\":[\"https:\\\/\\\/site.ac-martinique.fr\\\/lyc-bellevue\\\/?page_id=2\"]}]},{\"@type\":\"ImageObject\",\"inLanguage\":\"fr-FR\",\"@id\":\"https:\\\/\\\/site.ac-martinique.fr\\\/lyc-bellevue\\\/?page_id=2#primaryimage\",\"url\":\"https:\\\/\\\/site.ac-martinique.fr\\\/lyc-bellevue\\\/wp-content\\\/uploads\\\/sites\\\/127\\\/2023\\\/05\\\/lycee-bellevue-650x433-2.jpg\",\"contentUrl\":\"https:\\\/\\\/site.ac-martinique.fr\\\/lyc-bellevue\\\/wp-content\\\/uploads\\\/sites\\\/127\\\/2023\\\/05\\\/lycee-bellevue-650x433-2.jpg\",\"width\":650,\"height\":433},{\"@type\":\"BreadcrumbList\",\"@id\":\"https:\\\/\\\/site.ac-martinique.fr\\\/lyc-bellevue\\\/?page_id=2#breadcrumb\",\"itemListElement\":[{\"@type\":\"ListItem\",\"position\":1,\"name\":\"Accueil\",\"item\":\"https:\\\/\\\/site.ac-martinique.fr\\\/lyc-bellevue\\\/\"},{\"@type\":\"ListItem\",\"position\":2,\"name\":\"Le Lyc\u00e9e\",\"item\":\"https:\\\/\\\/site.ac-martinique.fr\\\/lyc-bellevue\\\/?page_id=565\"},{\"@type\":\"ListItem\",\"position\":3,\"name\":\"Pr\u00e9sentation\"}]},{\"@type\":\"WebSite\",\"@id\":\"https:\\\/\\\/site.ac-martinique.fr\\\/lyc-bellevue\\\/#website\",\"url\":\"https:\\\/\\\/site.ac-martinique.fr\\\/lyc-bellevue\\\/\",\"name\":\"Bienvenue au lyc\u00e9e de Bellevue\",\"description\":\"L&#039;Excellence dans la diversit\u00e9\",\"publisher\":{\"@id\":\"https:\\\/\\\/site.ac-martinique.fr\\\/lyc-bellevue\\\/#organization\"},\"potentialAction\":[{\"@type\":\"SearchAction\",\"target\":{\"@type\":\"EntryPoint\",\"urlTemplate\":\"https:\\\/\\\/site.ac-martinique.fr\\\/lyc-bellevue\\\/?s={search_term_string}\"},\"query-input\":{\"@type\":\"PropertyValueSpecification\",\"valueRequired\":true,\"valueName\":\"search_term_string\"}}],\"inLanguage\":\"fr-FR\"},{\"@type\":\"Organization\",\"@id\":\"https:\\\/\\\/site.ac-martinique.fr\\\/lyc-bellevue\\\/#organization\",\"name\":\"Bienvenue au lyc\u00e9e de Bellevue\",\"url\":\"https:\\\/\\\/site.ac-martinique.fr\\\/lyc-bellevue\\\/\",\"logo\":{\"@type\":\"ImageObject\",\"inLanguage\":\"fr-FR\",\"@id\":\"https:\\\/\\\/site.ac-martinique.fr\\\/lyc-bellevue\\\/#\\\/schema\\\/logo\\\/image\\\/\",\"url\":\"https:\\\/\\\/site.ac-martinique.fr\\\/lyc-bellevue\\\/wp-content\\\/uploads\\\/sites\\\/127\\\/2023\\\/05\\\/cropped-logo_bellevue_revu_bellevue_bleu_martinique_juste_les_lettres-removebg-preview-1.png\",\"contentUrl\":\"https:\\\/\\\/site.ac-martinique.fr\\\/lyc-bellevue\\\/wp-content\\\/uploads\\\/sites\\\/127\\\/2023\\\/05\\\/cropped-logo_bellevue_revu_bellevue_bleu_martinique_juste_les_lettres-removebg-preview-1.png\",\"width\":485,\"height\":513,\"caption\":\"Bienvenue au lyc\u00e9e de Bellevue\"},\"image\":{\"@id\":\"https:\\\/\\\/site.ac-martinique.fr\\\/lyc-bellevue\\\/#\\\/schema\\\/logo\\\/image\\\/\"}}]}<\/script>\n<!-- \/ Yoast SEO plugin. -->","yoast_head_json":{"title":"Pr\u00e9sentation - Bienvenue au lyc\u00e9e de Bellevue","description":"Le lyc\u00e9e de Bellevue est situ\u00e9 \u00e0 Fort de France. \u00c9tablissement d\u2019excellence, c'est l\u2019un des \u00e9tablissements les plus anciens de l\u2019\u00eele. Il se distingue par un large choix de langues vivantes, d\u2019options et de sp\u00e9cialit\u00e9s. C'est un lieu d\u2019ouverture, d\u2019\u00e9change et d\u2019accueil d\u2019\u00e9l\u00e8ves d\u2019origines sociales et culturelles vari\u00e9es.","robots":{"index":"index","follow":"follow","max-snippet":"max-snippet:-1","max-image-preview":"max-image-preview:large","max-video-preview":"max-video-preview:-1"},"canonical":"https:\/\/site.ac-martinique.fr\/lyc-bellevue\/?page_id=2","og_locale":"fr_FR","og_type":"article","og_title":"Pr\u00e9sentation - Bienvenue au lyc\u00e9e de Bellevue","og_description":"Le lyc\u00e9e de Bellevue est situ\u00e9 \u00e0 Fort de France. \u00c9tablissement d\u2019excellence, c'est l\u2019un des \u00e9tablissements les plus anciens de l\u2019\u00eele. Il se distingue par un large choix de langues vivantes, d\u2019options et de sp\u00e9cialit\u00e9s. C'est un lieu d\u2019ouverture, d\u2019\u00e9change et d\u2019accueil d\u2019\u00e9l\u00e8ves d\u2019origines sociales et culturelles vari\u00e9es.","og_url":"https:\/\/site.ac-martinique.fr\/lyc-bellevue\/?page_id=2","og_site_name":"Bienvenue au lyc\u00e9e de Bellevue","article_modified_time":"2025-06-15T03:05:13+00:00","og_image":[{"width":650,"height":433,"url":"https:\/\/site.ac-martinique.fr\/lyc-bellevue\/wp-content\/uploads\/sites\/127\/2023\/05\/lycee-bellevue-650x433-2.jpg","type":"image\/jpeg"}],"twitter_card":"summary_large_image","twitter_misc":{"Dur\u00e9e de lecture estim\u00e9e":"2 minutes"},"schema":{"@context":"https:\/\/schema.org","@graph":[{"@type":"WebPage","@id":"https:\/\/site.ac-martinique.fr\/lyc-bellevue\/?page_id=2","url":"https:\/\/site.ac-martinique.fr\/lyc-bellevue\/?page_id=2","name":"Pr\u00e9sentation - Bienvenue au lyc\u00e9e de Bellevue","isPartOf":{"@id":"https:\/\/site.ac-martinique.fr\/lyc-bellevue\/#website"},"primaryImageOfPage":{"@id":"https:\/\/site.ac-martinique.fr\/lyc-bellevue\/?page_id=2#primaryimage"},"image":{"@id":"https:\/\/site.ac-martinique.fr\/lyc-bellevue\/?page_id=2#primaryimage"},"thumbnailUrl":"https:\/\/site.ac-martinique.fr\/lyc-bellevue\/wp-content\/uploads\/sites\/127\/2023\/05\/lycee-bellevue-650x433-2.jpg","datePublished":"2023-02-15T20:52:25+00:00","dateModified":"2025-06-15T03:05:13+00:00","description":"Le lyc\u00e9e de Bellevue est situ\u00e9 \u00e0 Fort de France. \u00c9tablissement d\u2019excellence, c'est l\u2019un des \u00e9tablissements les plus anciens de l\u2019\u00eele. Il se distingue par un large choix de langues vivantes, d\u2019options et de sp\u00e9cialit\u00e9s. C'est un lieu d\u2019ouverture, d\u2019\u00e9change et d\u2019accueil d\u2019\u00e9l\u00e8ves d\u2019origines sociales et culturelles vari\u00e9es.","breadcrumb":{"@id":"https:\/\/site.ac-martinique.fr\/lyc-bellevue\/?page_id=2#breadcrumb"},"inLanguage":"fr-FR","potentialAction":[{"@type":"ReadAction","target":["https:\/\/site.ac-martinique.fr\/lyc-bellevue\/?page_id=2"]}]},{"@type":"ImageObject","inLanguage":"fr-FR","@id":"https:\/\/site.ac-martinique.fr\/lyc-bellevue\/?page_id=2#primaryimage","url":"https:\/\/site.ac-martinique.fr\/lyc-bellevue\/wp-content\/uploads\/sites\/127\/2023\/05\/lycee-bellevue-650x433-2.jpg","contentUrl":"https:\/\/site.ac-martinique.fr\/lyc-bellevue\/wp-content\/uploads\/sites\/127\/2023\/05\/lycee-bellevue-650x433-2.jpg","width":650,"height":433},{"@type":"BreadcrumbList","@id":"https:\/\/site.ac-martinique.fr\/lyc-bellevue\/?page_id=2#breadcrumb","itemListElement":[{"@type":"ListItem","position":1,"name":"Accueil","item":"https:\/\/site.ac-martinique.fr\/lyc-bellevue\/"},{"@type":"ListItem","position":2,"name":"Le Lyc\u00e9e","item":"https:\/\/site.ac-martinique.fr\/lyc-bellevue\/?page_id=565"},{"@type":"ListItem","position":3,"name":"Pr\u00e9sentation"}]},{"@type":"WebSite","@id":"https:\/\/site.ac-martinique.fr\/lyc-bellevue\/#website","url":"https:\/\/site.ac-martinique.fr\/lyc-bellevue\/","name":"Bienvenue au lyc\u00e9e de Bellevue","description":"L&#039;Excellence dans la diversit\u00e9","publisher":{"@id":"https:\/\/site.ac-martinique.fr\/lyc-bellevue\/#organization"},"potentialAction":[{"@type":"SearchAction","target":{"@type":"EntryPoint","urlTemplate":"https:\/\/site.ac-martinique.fr\/lyc-bellevue\/?s={search_term_string}"},"query-input":{"@type":"PropertyValueSpecification","valueRequired":true,"valueName":"search_term_string"}}],"inLanguage":"fr-FR"},{"@type":"Organization","@id":"https:\/\/site.ac-martinique.fr\/lyc-bellevue\/#organization","name":"Bienvenue au lyc\u00e9e de Bellevue","url":"https:\/\/site.ac-martinique.fr\/lyc-bellevue\/","logo":{"@type":"ImageObject","inLanguage":"fr-FR","@id":"https:\/\/site.ac-martinique.fr\/lyc-bellevue\/#\/schema\/logo\/image\/","url":"https:\/\/site.ac-martinique.fr\/lyc-bellevue\/wp-content\/uploads\/sites\/127\/2023\/05\/cropped-logo_bellevue_revu_bellevue_bleu_martinique_juste_les_lettres-removebg-preview-1.png","contentUrl":"https:\/\/site.ac-martinique.fr\/lyc-bellevue\/wp-content\/uploads\/sites\/127\/2023\/05\/cropped-logo_bellevue_revu_bellevue_bleu_martinique_juste_les_lettres-removebg-preview-1.png","width":485,"height":513,"caption":"Bienvenue au lyc\u00e9e de Bellevue"},"image":{"@id":"https:\/\/site.ac-martinique.fr\/lyc-bellevue\/#\/schema\/logo\/image\/"}}]}},"uagb_featured_image_src":{"full":["https:\/\/site.ac-martinique.fr\/lyc-bellevue\/wp-content\/uploads\/sites\/127\/2023\/05\/lycee-bellevue-650x433-2.jpg",650,433,false],"thumbnail":["https:\/\/site.ac-martinique.fr\/lyc-bellevue\/wp-content\/uploads\/sites\/127\/2023\/05\/lycee-bellevue-650x433-2-150x150.jpg",150,150,true],"medium":["https:\/\/site.ac-martinique.fr\/lyc-bellevue\/wp-content\/uploads\/sites\/127\/2023\/05\/lycee-bellevue-650x433-2-300x200.jpg",300,200,true],"medium_large":["https:\/\/site.ac-martinique.fr\/lyc-bellevue\/wp-content\/uploads\/sites\/127\/2023\/05\/lycee-bellevue-650x433-2.jpg",650,433,false],"large":["https:\/\/site.ac-martinique.fr\/lyc-bellevue\/wp-content\/uploads\/sites\/127\/2023\/05\/lycee-bellevue-650x433-2.jpg",650,433,false],"1536x1536":["https:\/\/site.ac-martinique.fr\/lyc-bellevue\/wp-content\/uploads\/sites\/127\/2023\/05\/lycee-bellevue-650x433-2.jpg",650,433,false],"2048x2048":["https:\/\/site.ac-martinique.fr\/lyc-bellevue\/wp-content\/uploads\/sites\/127\/2023\/05\/lycee-bellevue-650x433-2.jpg",650,433,false],"inspiro-featured-image":["https:\/\/site.ac-martinique.fr\/lyc-bellevue\/wp-content\/uploads\/sites\/127\/2023\/05\/lycee-bellevue-650x433-2.jpg",650,433,false],"inspiro-loop":["https:\/\/site.ac-martinique.fr\/lyc-bellevue\/wp-content\/uploads\/sites\/127\/2023\/05\/lycee-bellevue-650x433-2-650x320.jpg",650,320,true],"inspiro-loop@2x":["https:\/\/site.ac-martinique.fr\/lyc-bellevue\/wp-content\/uploads\/sites\/127\/2023\/05\/lycee-bellevue-650x433-2.jpg",650,433,false]},"uagb_author_info":{"display_name":"Nathalie OXYBEL","author_link":"https:\/\/site.ac-martinique.fr\/lyc-bellevue\/?author=417"},"uagb_comment_info":0,"uagb_excerpt":"\u00c9tablissement d&rsquo;excellence, le&nbsp;lyc\u00e9e de Bellevue, est l&rsquo;un des \u00e9tablissements les plus&nbsp;anciens&nbsp;de l&rsquo;\u00eele. Il se distingue par un large choix de langues vivantes, d&rsquo;options et de sp\u00e9cialit\u00e9s. Depuis sa cr\u00e9ation le lyc\u00e9e a \u00e9tabli une tradition d\u2019ouverture au monde qui s\u2019est maintenue : chaque ann\u00e9e le lyc\u00e9e accueille une trentaine d&rsquo;\u00e9l\u00e8ves et de professeurs provenant de\u2026","_links":{"self":[{"href":"https:\/\/site.ac-martinique.fr\/lyc-bellevue\/index.php?rest_route=\/wp\/v2\/pages\/2","targetHints":{"allow":["GET"]}}],"collection":[{"href":"https:\/\/site.ac-martinique.fr\/lyc-bellevue\/index.php?rest_route=\/wp\/v2\/pages"}],"about":[{"href":"https:\/\/site.ac-martinique.fr\/lyc-bellevue\/index.php?rest_route=\/wp\/v2\/types\/page"}],"author":[{"embeddable":true,"href":"https:\/\/site.ac-martinique.fr\/lyc-bellevue\/index.php?rest_route=\/wp\/v2\/users\/417"}],"replies":[{"embeddable":true,"href":"https:\/\/site.ac-martinique.fr\/lyc-bellevue\/index.php?rest_route=%2Fwp%2Fv2%2Fcomments&post=2"}],"version-history":[{"count":22,"href":"https:\/\/site.ac-martinique.fr\/lyc-bellevue\/index.php?rest_route=\/wp\/v2\/pages\/2\/revisions"}],"predecessor-version":[{"id":2480,"href":"https:\/\/site.ac-martinique.fr\/lyc-bellevue\/index.php?rest_route=\/wp\/v2\/pages\/2\/revisions\/2480"}],"up":[{"embeddable":true,"href":"https:\/\/site.ac-martinique.fr\/lyc-bellevue\/index.php?rest_route=\/wp\/v2\/pages\/565"}],"wp:featuredmedia":[{"embeddable":true,"href":"https:\/\/site.ac-martinique.fr\/lyc-bellevue\/index.php?rest_route=\/wp\/v2\/media\/534"}],"wp:attachment":[{"href":"https:\/\/site.ac-martinique.fr\/lyc-bellevue\/index.php?rest_route=%2Fwp%2Fv2%2Fmedia&parent=2"}],"curies":[{"name":"wp","href":"https:\/\/api.w.org\/{rel}","templated":true}]}}