{"id":27,"date":"2023-02-26T13:47:57","date_gmt":"2023-02-26T17:47:57","guid":{"rendered":"https:\/\/site.ac-martinique.fr\/lyc-bellevue\/?page_id=27"},"modified":"2024-10-03T01:18:48","modified_gmt":"2024-10-03T05:18:48","slug":"international","status":"publish","type":"page","link":"https:\/\/site.ac-martinique.fr\/lyc-bellevue\/?page_id=27","title":{"rendered":"International"},"content":{"rendered":"<div\r\n    \tclass=\"alignwide wp-block-ctrb-counters\"    id='ctrbCounters-1'\r\n    data-attributes='{&quot;cId&quot;:&quot;6767784c-2&quot;,&quot;counters&quot;:[{&quot;background&quot;:{&quot;color&quot;:&quot;#4527a4&quot;},&quot;icon&quot;:{&quot;class&quot;:&quot;fa-solid fa-earth-americas&quot;,&quot;fontSize&quot;:50,&quot;color&quot;:&quot;#fff&quot;},&quot;number&quot;:{&quot;start&quot;:0,&quot;end&quot;:15,&quot;prefix&quot;:&quot;&quot;,&quot;suffix&quot;:&quot;+&quot;,&quot;color&quot;:&quot;#fff&quot;},&quot;label&quot;:{&quot;text&quot;:&quot;Destinations&quot;,&quot;color&quot;:&quot;#fff&quot;}},{&quot;background&quot;:{&quot;color&quot;:&quot;#4527a4&quot;},&quot;icon&quot;:{&quot;class&quot;:&quot;fa-solid fa-book-open-reader&quot;,&quot;fontSize&quot;:50,&quot;color&quot;:&quot;#fff&quot;},&quot;number&quot;:{&quot;start&quot;:0,&quot;end&quot;:150,&quot;prefix&quot;:&quot;&quot;,&quot;suffix&quot;:&quot;+&quot;,&quot;color&quot;:&quot;#fff&quot;},&quot;label&quot;:{&quot;text&quot;:&quot;\\u00c9l\\u00e8ves&quot;,&quot;color&quot;:&quot;#fff&quot;}},{&quot;background&quot;:{&quot;color&quot;:&quot;#4527a4&quot;},&quot;icon&quot;:{&quot;class&quot;:&quot;fa-solid fa-user-graduate&quot;,&quot;fontSize&quot;:50,&quot;color&quot;:&quot;#fff&quot;},&quot;number&quot;:{&quot;start&quot;:0,&quot;end&quot;:11,&quot;prefix&quot;:&quot;&quot;,&quot;suffix&quot;:&quot;+&quot;,&quot;color&quot;:&quot;#fff&quot;},&quot;label&quot;:{&quot;text&quot;:&quot;\\u00c9tudiants&quot;,&quot;color&quot;:&quot;#fff&quot;}},{&quot;background&quot;:{&quot;color&quot;:&quot;#4527a4&quot;},&quot;icon&quot;:{&quot;class&quot;:&quot;fa-solid fa-earth-americas&quot;,&quot;fontSize&quot;:50,&quot;color&quot;:&quot;#fff&quot;},&quot;number&quot;:{&quot;start&quot;:0,&quot;end&quot;:30,&quot;prefix&quot;:&quot;&quot;,&quot;suffix&quot;:&quot;+&quot;,&quot;color&quot;:&quot;#fff&quot;},&quot;label&quot;:{&quot;text&quot;:&quot;Personnel&quot;,&quot;color&quot;:&quot;#fff&quot;}}],&quot;columns&quot;:{&quot;desktop&quot;:4,&quot;tablet&quot;:2,&quot;mobile&quot;:1},&quot;align&quot;:&quot;wide&quot;,&quot;theme&quot;:&quot;default&quot;,&quot;columnGap&quot;:&quot;20px&quot;,&quot;rowGap&quot;:&quot;30px&quot;,&quot;duration&quot;:2000,&quot;separator&quot;:{&quot;char&quot;:&quot;&quot;},&quot;background&quot;:{&quot;color&quot;:&quot;#0000&quot;},&quot;padding&quot;:{&quot;vertical&quot;:&quot;20px&quot;,&quot;horizontal&quot;:&quot;0px&quot;},&quot;textAlign&quot;:&quot;center&quot;,&quot;counterWidth&quot;:&quot;250px&quot;,&quot;counterHeight&quot;:&quot;250px&quot;,&quot;isIcon&quot;:true,&quot;iconSize&quot;:50,&quot;iconPosition&quot;:&quot;top&quot;,&quot;numberTypo&quot;:{&quot;fontSize&quot;:{&quot;desktop&quot;:&quot;48px&quot;,&quot;tablet&quot;:&quot;40px&quot;,&quot;mobile&quot;:&quot;32px&quot;}},&quot;isLabel&quot;:true,&quot;isSubLabel&quot;:false,&quot;labelTypo&quot;:{&quot;fontSize&quot;:{&quot;desktop&quot;:&quot;22px&quot;,&quot;tablet&quot;:&quot;20px&quot;,&quot;mobile&quot;:&quot;18px&quot;}},&quot;subLabelTypo&quot;:{&quot;fontSize&quot;:{&quot;desktop&quot;:&quot;14px&quot;,&quot;tablet&quot;:&quot;12px&quot;,&quot;mobile&quot;:&quot;12px&quot;}},&quot;counterPadding&quot;:{&quot;vertical&quot;:&quot;20px&quot;,&quot;horizontal&quot;:&quot;20px&quot;},&quot;counterBorder&quot;:{&quot;radius&quot;:&quot;50%&quot;},&quot;counterShadow&quot;:[],&quot;counterMultiShadow&quot;:[{&quot;hOffset&quot;:&quot;0px&quot;,&quot;vOffset&quot;:&quot;4px&quot;,&quot;blur&quot;:&quot;6px&quot;,&quot;spread&quot;:&quot;-1px&quot;,&quot;color&quot;:&quot;rgba(0, 0, 0, 0.1)&quot;,&quot;isInset&quot;:false},{&quot;hOffset&quot;:&quot;0px&quot;,&quot;vOffset&quot;:&quot;2px&quot;,&quot;blur&quot;:&quot;4px&quot;,&quot;spread&quot;:&quot;-2px&quot;,&quot;color&quot;:&quot;rgba(0, 0, 0, 0.1)&quot;,&quot;isInset&quot;:false}],&quot;counterHoverMultiShadow&quot;:[{&quot;hOffset&quot;:&quot;0px&quot;,&quot;vOffset&quot;:&quot;10px&quot;,&quot;blur&quot;:&quot;15px&quot;,&quot;spread&quot;:&quot;-3px&quot;,&quot;color&quot;:&quot;rgba(0, 0, 0, 0.1)&quot;,&quot;isInset&quot;:false},{&quot;hOffset&quot;:&quot;0px&quot;,&quot;vOffset&quot;:&quot;4px&quot;,&quot;blur&quot;:&quot;6px&quot;,&quot;spread&quot;:&quot;-4px&quot;,&quot;color&quot;:&quot;rgba(0, 0, 0, 0.1)&quot;,&quot;isInset&quot;:false}],&quot;numberBox&quot;:[],&quot;iconContainer&quot;:{&quot;dimensions&quot;:{&quot;height&quot;:&quot;64px&quot;,&quot;width&quot;:&quot;64px&quot;}},&quot;circle&quot;:{&quot;radius&quot;:70,&quot;stroke&quot;:9},&quot;proControls&quot;:{&quot;isReverse&quot;:false,&quot;decimals&quot;:0,&quot;easing&quot;:&quot;linear&quot;,&quot;delay&quot;:0,&quot;repeatOnScroll&quot;:false,&quot;isAnimateIcon&quot;:false,&quot;animationType&quot;:&quot;classic&quot;,&quot;rollingStaggerMode&quot;:&quot;per-counter&quot;,&quot;trigger&quot;:&quot;onVisible&quot;,&quot;customTriggerSelector&quot;:&quot;&quot;}}'\r\n><\/div>\n\n\n<div style=\"height:100px\" aria-hidden=\"true\" class=\"wp-block-spacer\"><\/div>\n\n\n\n<div class=\"wp-block-media-text is-stacked-on-mobile tw-block-animation tw-animation-fade-in\" style=\"grid-template-columns:35% auto\"><figure class=\"wp-block-media-text__media\"><video controls src=\"https:\/\/site.ac-martinique.fr\/lyc-bellevue\/wp-content\/uploads\/sites\/127\/2023\/10\/WhatsApp-Video-2023-10-08-at-21.08.31.mp4\"><\/video><\/figure><div class=\"wp-block-media-text__content\">\n<h2 class=\"wp-block-heading has-text-color has-link-color wp-elements-83ada7624f9e9254677fba767fd9772c\" style=\"color:#003c85cf\">L\u2019ouverture \u00e0 l\u2019international reste un des axes forts du projet d\u2019\u00e9tablissement.<\/h2>\n\n\n\n<p>Chaque ann\u00e9e \u00e9l\u00e8ves, \u00e9tudiants et personnels du Lyc\u00e9e de Bellevue ont l&rsquo;opportunit\u00e9 de s&rsquo;immerger pour une semaine jusqu&rsquo;\u00e0 deux mois dans la culture d&rsquo;un pays europ\u00e9en dans le cadre du programme Erasmus+. Les projets p\u00e9dagogiques men\u00e9s par les professeurs de l\u2019\u00e9tablissement permettent \u00e9galement aux \u00e9l\u00e8ves et aux \u00e9tudiants de d\u00e9couvrir les \u00eeles de la Cara\u00efbe et d&rsquo;autres destinations \u00e0 travers le monde.<\/p>\n\n\n\n<p>Cette exp\u00e9rience permet \u00e0 chacun de d\u00e9couvrir de nouvelles cultures et d&rsquo;autres m\u00e9thodes p\u00e9dagogiques, de d\u00e9velopper son ouverture d&rsquo;esprit, ses comp\u00e9tences linguistiques et ses qualit\u00e9s humaines (adaptabilit\u00e9, tol\u00e9rance, cr\u00e9ativit\u00e9, &#8230;).<\/p>\n<\/div><\/div>\n\n\n\n<p><\/p>\n\n\n\n<p><\/p>\n\n\n\n<div class=\"wp-block-group alignfull is-layout-flow wp-block-group-is-layout-flow\">\n<div class=\"wp-block-media-text alignwide has-media-on-the-right is-stacked-on-mobile tw-stack-md tw-block-animation tw-animation-fade-in\" style=\"grid-template-columns:auto 30%\"><div class=\"wp-block-media-text__content\">\n<h2 class=\"wp-block-heading has-text-color\" style=\"color:#003c85cf\"><a href=\"https:\/\/site.ac-martinique.fr\/lyc-bellevue\/?page_id=1083\">ERASMUS +<\/a><\/h2>\n\n\n\n<figure class=\"wp-block-image size-full is-resized\"><img loading=\"lazy\" decoding=\"async\" width=\"275\" height=\"183\" src=\"https:\/\/site.ac-martinique.fr\/lyc-bellevue\/wp-content\/uploads\/sites\/127\/2023\/06\/erasmus-1.jpg\" alt=\"\" class=\"wp-image-804\" style=\"width:90px;height:60px\"\/><\/figure>\n\n\n\n<p>Dans le cadre du programme Erasmus+, Le Lyc\u00e9e de Bellevue a obtenu la charte 2014- 2020 puis la nouvelle Charte Erasmus pour la p\u00e9riode 2021\/2027.<\/p>\n\n\n\n<p><a href=\"https:\/\/www.instagram.com\/reel\/Cp21igCAsKM\/?igshid=Y2IzZGU1MTFhOQ==\" target=\"_blank\" rel=\"noreferrer noopener\">Voir le t\u00e9moignage de Mazarine qui a r\u00e9alis\u00e9 un trimestre en Norv\u00e8ge<\/a><\/p>\n<\/div><figure class=\"wp-block-media-text__media\"><a href=\"https:\/\/www.instagram.com\/reel\/Cp21igCAsKM\/\" target=\"_blank\" rel=\"noreferrer noopener\"><img loading=\"lazy\" decoding=\"async\" width=\"343\" height=\"541\" src=\"https:\/\/site.ac-martinique.fr\/lyc-bellevue\/wp-content\/uploads\/sites\/127\/2023\/10\/Mazarine.png\" alt=\"\" class=\"wp-image-1123 size-full\" srcset=\"https:\/\/site.ac-martinique.fr\/lyc-bellevue\/wp-content\/uploads\/sites\/127\/2023\/10\/Mazarine.png 343w, https:\/\/site.ac-martinique.fr\/lyc-bellevue\/wp-content\/uploads\/sites\/127\/2023\/10\/Mazarine-190x300.png 190w\" sizes=\"auto, (max-width: 343px) 100vw, 343px\" \/><\/a><\/figure><\/div>\n\n\n\n<p><\/p>\n\n\n\n<div class=\"wp-block-media-text alignwide is-stacked-on-mobile tw-stack-md\" style=\"grid-template-columns:35% auto\"><figure class=\"wp-block-media-text__media\"><img loading=\"lazy\" decoding=\"async\" width=\"1024\" height=\"768\" src=\"https:\/\/site.ac-martinique.fr\/lyc-bellevue\/wp-content\/uploads\/sites\/127\/2023\/06\/PHOTO-2023-01-20-10-02-09.jpg\" alt=\"\" class=\"wp-image-829 size-full\" srcset=\"https:\/\/site.ac-martinique.fr\/lyc-bellevue\/wp-content\/uploads\/sites\/127\/2023\/06\/PHOTO-2023-01-20-10-02-09.jpg 1024w, https:\/\/site.ac-martinique.fr\/lyc-bellevue\/wp-content\/uploads\/sites\/127\/2023\/06\/PHOTO-2023-01-20-10-02-09-300x225.jpg 300w, https:\/\/site.ac-martinique.fr\/lyc-bellevue\/wp-content\/uploads\/sites\/127\/2023\/06\/PHOTO-2023-01-20-10-02-09-768x576.jpg 768w\" sizes=\"auto, (max-width: 1024px) 100vw, 1024px\" \/><\/figure><div class=\"wp-block-media-text__content\">\n<h2 class=\"wp-block-heading has-text-color\" style=\"color:#003c85cf\">Mobilit\u00e9s p\u00e9dagogiques<\/h2>\n\n\n\n<p class=\"has-luminous-vivid-amber-background-color has-background\">En 2022-2023, nos \u00e9l\u00e8ves sont all\u00e9s en Croatie, Turquie, Portugal, Gr\u00e8ce, Italie, Strasbourg, Espagne, Malte, Finlande, Norv\u00e8ge, R\u00e9publique Dominicaine, et en croisi\u00e8re dans la Cara\u00efbes&#8230;<\/p>\n\n\n\n<p><a href=\"https:\/\/www.youtube.com\/watch?v=b0FvAbd0mpU\" target=\"_blank\" rel=\"noreferrer noopener\">Voir le reportage r\u00e9alis\u00e9 par nos \u00e9l\u00e8ves \u00e0 l&rsquo;issue de leur voyage en Croatie<\/a><\/p>\n<\/div><\/div>\n\n\n\n<p><\/p>\n\n\n\n<div class=\"wp-block-media-text alignwide has-media-on-the-right is-stacked-on-mobile tw-stack-md\" style=\"grid-template-columns:auto 30%\"><div class=\"wp-block-media-text__content\">\n<h2 class=\"wp-block-heading has-text-color\" style=\"color:#003c85cf\"><a href=\"https:\/\/site.ac-martinique.fr\/lyc-bellevue\/?page_id=1179\" target=\"_blank\" rel=\"noreferrer noopener\">La Maison de l&rsquo;Ouverture Carib\u00e9enne, Europ\u00e9enne et Internationale (MOCEI)<\/a><\/h2>\n\n\n\n<p>Au lyc\u00e9e, un espace entier est d\u00e9di\u00e9 \u00e0 l&rsquo;information et \u00e0 l&rsquo;accompagnement des \u00e9l\u00e8ves et personnels souhaitant partir en mobilit\u00e9. C&rsquo;est \u00e9galement l\u00e0 que se tiennent une partie des r\u00e9unions du club Bel&rsquo;Mun (Club de mod\u00e9lisation des d\u00e9bats des Nations Unies) et du Club Erasmus (Club des \u00e9l\u00e8ves int\u00e9ress\u00e9s par les mobilit\u00e9s).<\/p>\n<\/div><figure class=\"wp-block-media-text__media\"><img loading=\"lazy\" decoding=\"async\" width=\"480\" height=\"640\" src=\"https:\/\/site.ac-martinique.fr\/lyc-bellevue\/wp-content\/uploads\/sites\/127\/2023\/06\/IMG_7438-1-rotated.jpg\" alt=\"\" class=\"wp-image-876 size-full\" srcset=\"https:\/\/site.ac-martinique.fr\/lyc-bellevue\/wp-content\/uploads\/sites\/127\/2023\/06\/IMG_7438-1-rotated.jpg 480w, https:\/\/site.ac-martinique.fr\/lyc-bellevue\/wp-content\/uploads\/sites\/127\/2023\/06\/IMG_7438-1-225x300.jpg 225w\" sizes=\"auto, (max-width: 480px) 100vw, 480px\" \/><\/figure><\/div>\n<\/div>\n","protected":false},"excerpt":{"rendered":"<p>L\u2019ouverture \u00e0 l\u2019international reste un des axes forts du projet d\u2019\u00e9tablissement. Chaque ann\u00e9e \u00e9l\u00e8ves, \u00e9tudiants et personnels du Lyc\u00e9e de Bellevue ont l&rsquo;opportunit\u00e9 de s&rsquo;immerger pour une semaine jusqu&rsquo;\u00e0 deux mois dans la culture d&rsquo;un pays europ\u00e9en dans le cadre du programme Erasmus+. Les projets p\u00e9dagogiques men\u00e9s par les professeurs de l\u2019\u00e9tablissement permettent \u00e9galement aux &hellip; <\/p>\n<p class=\"link-more\"><a href=\"https:\/\/site.ac-martinique.fr\/lyc-bellevue\/?page_id=27\" class=\"more-link\">Lire la suite de<span class=\"screen-reader-text\">\u00ab\u00a0International\u00a0\u00bb<\/span><\/a><\/p>\n","protected":false},"author":417,"featured_media":1383,"parent":0,"menu_order":0,"comment_status":"closed","ping_status":"closed","template":"","meta":{"_uag_custom_page_level_css":"","inspiro_hide_title":false,"footnotes":""},"class_list":["post-27","page","type-page","status-publish","has-post-thumbnail","hentry"],"yoast_head":"<!-- This site is optimized with the Yoast SEO plugin v27.4 - https:\/\/yoast.com\/product\/yoast-seo-wordpress\/ -->\n<title>International - Bienvenue au lyc\u00e9e de Bellevue<\/title>\n<meta name=\"robots\" content=\"index, follow, max-snippet:-1, max-image-preview:large, max-video-preview:-1\" \/>\n<link rel=\"canonical\" href=\"https:\/\/site.ac-martinique.fr\/lyc-bellevue\/?page_id=27\" \/>\n<meta property=\"og:locale\" content=\"fr_FR\" \/>\n<meta property=\"og:type\" content=\"article\" \/>\n<meta property=\"og:title\" content=\"International - Bienvenue au lyc\u00e9e de Bellevue\" \/>\n<meta property=\"og:description\" content=\"L\u2019ouverture \u00e0 l\u2019international reste un des axes forts du projet d\u2019\u00e9tablissement. Chaque ann\u00e9e \u00e9l\u00e8ves, \u00e9tudiants et personnels du Lyc\u00e9e de Bellevue ont l&rsquo;opportunit\u00e9 de s&rsquo;immerger pour une semaine jusqu&rsquo;\u00e0 deux mois dans la culture d&rsquo;un pays europ\u00e9en dans le cadre du programme Erasmus+. Les projets p\u00e9dagogiques men\u00e9s par les professeurs de l\u2019\u00e9tablissement permettent \u00e9galement aux &hellip; Lire la suite de\u00ab\u00a0International\u00a0\u00bb\" \/>\n<meta property=\"og:url\" content=\"https:\/\/site.ac-martinique.fr\/lyc-bellevue\/?page_id=27\" \/>\n<meta property=\"og:site_name\" content=\"Bienvenue au lyc\u00e9e de Bellevue\" \/>\n<meta property=\"article:modified_time\" content=\"2024-10-03T05:18:48+00:00\" \/>\n<meta property=\"og:image\" content=\"https:\/\/site.ac-martinique.fr\/lyc-bellevue\/wp-content\/uploads\/sites\/127\/2023\/11\/art-2026066_1280.png\" \/>\n\t<meta property=\"og:image:width\" content=\"1280\" \/>\n\t<meta property=\"og:image:height\" content=\"640\" \/>\n\t<meta property=\"og:image:type\" content=\"image\/png\" \/>\n<meta name=\"twitter:card\" content=\"summary_large_image\" \/>\n<meta name=\"twitter:label1\" content=\"Dur\u00e9e de lecture estim\u00e9e\" \/>\n\t<meta name=\"twitter:data1\" content=\"3 minutes\" \/>\n<script type=\"application\/ld+json\" class=\"yoast-schema-graph\">{\"@context\":\"https:\\\/\\\/schema.org\",\"@graph\":[{\"@type\":\"WebPage\",\"@id\":\"https:\\\/\\\/site.ac-martinique.fr\\\/lyc-bellevue\\\/?page_id=27\",\"url\":\"https:\\\/\\\/site.ac-martinique.fr\\\/lyc-bellevue\\\/?page_id=27\",\"name\":\"International - Bienvenue au lyc\u00e9e de Bellevue\",\"isPartOf\":{\"@id\":\"https:\\\/\\\/site.ac-martinique.fr\\\/lyc-bellevue\\\/#website\"},\"primaryImageOfPage\":{\"@id\":\"https:\\\/\\\/site.ac-martinique.fr\\\/lyc-bellevue\\\/?page_id=27#primaryimage\"},\"image\":{\"@id\":\"https:\\\/\\\/site.ac-martinique.fr\\\/lyc-bellevue\\\/?page_id=27#primaryimage\"},\"thumbnailUrl\":\"https:\\\/\\\/site.ac-martinique.fr\\\/lyc-bellevue\\\/wp-content\\\/uploads\\\/sites\\\/127\\\/2023\\\/11\\\/art-2026066_1280.png\",\"datePublished\":\"2023-02-26T17:47:57+00:00\",\"dateModified\":\"2024-10-03T05:18:48+00:00\",\"breadcrumb\":{\"@id\":\"https:\\\/\\\/site.ac-martinique.fr\\\/lyc-bellevue\\\/?page_id=27#breadcrumb\"},\"inLanguage\":\"fr-FR\",\"potentialAction\":[{\"@type\":\"ReadAction\",\"target\":[\"https:\\\/\\\/site.ac-martinique.fr\\\/lyc-bellevue\\\/?page_id=27\"]}]},{\"@type\":\"ImageObject\",\"inLanguage\":\"fr-FR\",\"@id\":\"https:\\\/\\\/site.ac-martinique.fr\\\/lyc-bellevue\\\/?page_id=27#primaryimage\",\"url\":\"https:\\\/\\\/site.ac-martinique.fr\\\/lyc-bellevue\\\/wp-content\\\/uploads\\\/sites\\\/127\\\/2023\\\/11\\\/art-2026066_1280.png\",\"contentUrl\":\"https:\\\/\\\/site.ac-martinique.fr\\\/lyc-bellevue\\\/wp-content\\\/uploads\\\/sites\\\/127\\\/2023\\\/11\\\/art-2026066_1280.png\",\"width\":1280,\"height\":640},{\"@type\":\"BreadcrumbList\",\"@id\":\"https:\\\/\\\/site.ac-martinique.fr\\\/lyc-bellevue\\\/?page_id=27#breadcrumb\",\"itemListElement\":[{\"@type\":\"ListItem\",\"position\":1,\"name\":\"Accueil\",\"item\":\"https:\\\/\\\/site.ac-martinique.fr\\\/lyc-bellevue\\\/\"},{\"@type\":\"ListItem\",\"position\":2,\"name\":\"International\"}]},{\"@type\":\"WebSite\",\"@id\":\"https:\\\/\\\/site.ac-martinique.fr\\\/lyc-bellevue\\\/#website\",\"url\":\"https:\\\/\\\/site.ac-martinique.fr\\\/lyc-bellevue\\\/\",\"name\":\"Bienvenue au lyc\u00e9e de Bellevue\",\"description\":\"L&#039;Excellence dans la diversit\u00e9\",\"publisher\":{\"@id\":\"https:\\\/\\\/site.ac-martinique.fr\\\/lyc-bellevue\\\/#organization\"},\"potentialAction\":[{\"@type\":\"SearchAction\",\"target\":{\"@type\":\"EntryPoint\",\"urlTemplate\":\"https:\\\/\\\/site.ac-martinique.fr\\\/lyc-bellevue\\\/?s={search_term_string}\"},\"query-input\":{\"@type\":\"PropertyValueSpecification\",\"valueRequired\":true,\"valueName\":\"search_term_string\"}}],\"inLanguage\":\"fr-FR\"},{\"@type\":\"Organization\",\"@id\":\"https:\\\/\\\/site.ac-martinique.fr\\\/lyc-bellevue\\\/#organization\",\"name\":\"Bienvenue au lyc\u00e9e de Bellevue\",\"url\":\"https:\\\/\\\/site.ac-martinique.fr\\\/lyc-bellevue\\\/\",\"logo\":{\"@type\":\"ImageObject\",\"inLanguage\":\"fr-FR\",\"@id\":\"https:\\\/\\\/site.ac-martinique.fr\\\/lyc-bellevue\\\/#\\\/schema\\\/logo\\\/image\\\/\",\"url\":\"https:\\\/\\\/site.ac-martinique.fr\\\/lyc-bellevue\\\/wp-content\\\/uploads\\\/sites\\\/127\\\/2023\\\/05\\\/cropped-logo_bellevue_revu_bellevue_bleu_martinique_juste_les_lettres-removebg-preview-1.png\",\"contentUrl\":\"https:\\\/\\\/site.ac-martinique.fr\\\/lyc-bellevue\\\/wp-content\\\/uploads\\\/sites\\\/127\\\/2023\\\/05\\\/cropped-logo_bellevue_revu_bellevue_bleu_martinique_juste_les_lettres-removebg-preview-1.png\",\"width\":485,\"height\":513,\"caption\":\"Bienvenue au lyc\u00e9e de Bellevue\"},\"image\":{\"@id\":\"https:\\\/\\\/site.ac-martinique.fr\\\/lyc-bellevue\\\/#\\\/schema\\\/logo\\\/image\\\/\"}}]}<\/script>\n<!-- \/ Yoast SEO plugin. -->","yoast_head_json":{"title":"International - Bienvenue au lyc\u00e9e de Bellevue","robots":{"index":"index","follow":"follow","max-snippet":"max-snippet:-1","max-image-preview":"max-image-preview:large","max-video-preview":"max-video-preview:-1"},"canonical":"https:\/\/site.ac-martinique.fr\/lyc-bellevue\/?page_id=27","og_locale":"fr_FR","og_type":"article","og_title":"International - Bienvenue au lyc\u00e9e de Bellevue","og_description":"L\u2019ouverture \u00e0 l\u2019international reste un des axes forts du projet d\u2019\u00e9tablissement. Chaque ann\u00e9e \u00e9l\u00e8ves, \u00e9tudiants et personnels du Lyc\u00e9e de Bellevue ont l&rsquo;opportunit\u00e9 de s&rsquo;immerger pour une semaine jusqu&rsquo;\u00e0 deux mois dans la culture d&rsquo;un pays europ\u00e9en dans le cadre du programme Erasmus+. Les projets p\u00e9dagogiques men\u00e9s par les professeurs de l\u2019\u00e9tablissement permettent \u00e9galement aux &hellip; Lire la suite de\u00ab\u00a0International\u00a0\u00bb","og_url":"https:\/\/site.ac-martinique.fr\/lyc-bellevue\/?page_id=27","og_site_name":"Bienvenue au lyc\u00e9e de Bellevue","article_modified_time":"2024-10-03T05:18:48+00:00","og_image":[{"width":1280,"height":640,"url":"https:\/\/site.ac-martinique.fr\/lyc-bellevue\/wp-content\/uploads\/sites\/127\/2023\/11\/art-2026066_1280.png","type":"image\/png"}],"twitter_card":"summary_large_image","twitter_misc":{"Dur\u00e9e de lecture estim\u00e9e":"3 minutes"},"schema":{"@context":"https:\/\/schema.org","@graph":[{"@type":"WebPage","@id":"https:\/\/site.ac-martinique.fr\/lyc-bellevue\/?page_id=27","url":"https:\/\/site.ac-martinique.fr\/lyc-bellevue\/?page_id=27","name":"International - Bienvenue au lyc\u00e9e de Bellevue","isPartOf":{"@id":"https:\/\/site.ac-martinique.fr\/lyc-bellevue\/#website"},"primaryImageOfPage":{"@id":"https:\/\/site.ac-martinique.fr\/lyc-bellevue\/?page_id=27#primaryimage"},"image":{"@id":"https:\/\/site.ac-martinique.fr\/lyc-bellevue\/?page_id=27#primaryimage"},"thumbnailUrl":"https:\/\/site.ac-martinique.fr\/lyc-bellevue\/wp-content\/uploads\/sites\/127\/2023\/11\/art-2026066_1280.png","datePublished":"2023-02-26T17:47:57+00:00","dateModified":"2024-10-03T05:18:48+00:00","breadcrumb":{"@id":"https:\/\/site.ac-martinique.fr\/lyc-bellevue\/?page_id=27#breadcrumb"},"inLanguage":"fr-FR","potentialAction":[{"@type":"ReadAction","target":["https:\/\/site.ac-martinique.fr\/lyc-bellevue\/?page_id=27"]}]},{"@type":"ImageObject","inLanguage":"fr-FR","@id":"https:\/\/site.ac-martinique.fr\/lyc-bellevue\/?page_id=27#primaryimage","url":"https:\/\/site.ac-martinique.fr\/lyc-bellevue\/wp-content\/uploads\/sites\/127\/2023\/11\/art-2026066_1280.png","contentUrl":"https:\/\/site.ac-martinique.fr\/lyc-bellevue\/wp-content\/uploads\/sites\/127\/2023\/11\/art-2026066_1280.png","width":1280,"height":640},{"@type":"BreadcrumbList","@id":"https:\/\/site.ac-martinique.fr\/lyc-bellevue\/?page_id=27#breadcrumb","itemListElement":[{"@type":"ListItem","position":1,"name":"Accueil","item":"https:\/\/site.ac-martinique.fr\/lyc-bellevue\/"},{"@type":"ListItem","position":2,"name":"International"}]},{"@type":"WebSite","@id":"https:\/\/site.ac-martinique.fr\/lyc-bellevue\/#website","url":"https:\/\/site.ac-martinique.fr\/lyc-bellevue\/","name":"Bienvenue au lyc\u00e9e de Bellevue","description":"L&#039;Excellence dans la diversit\u00e9","publisher":{"@id":"https:\/\/site.ac-martinique.fr\/lyc-bellevue\/#organization"},"potentialAction":[{"@type":"SearchAction","target":{"@type":"EntryPoint","urlTemplate":"https:\/\/site.ac-martinique.fr\/lyc-bellevue\/?s={search_term_string}"},"query-input":{"@type":"PropertyValueSpecification","valueRequired":true,"valueName":"search_term_string"}}],"inLanguage":"fr-FR"},{"@type":"Organization","@id":"https:\/\/site.ac-martinique.fr\/lyc-bellevue\/#organization","name":"Bienvenue au lyc\u00e9e de Bellevue","url":"https:\/\/site.ac-martinique.fr\/lyc-bellevue\/","logo":{"@type":"ImageObject","inLanguage":"fr-FR","@id":"https:\/\/site.ac-martinique.fr\/lyc-bellevue\/#\/schema\/logo\/image\/","url":"https:\/\/site.ac-martinique.fr\/lyc-bellevue\/wp-content\/uploads\/sites\/127\/2023\/05\/cropped-logo_bellevue_revu_bellevue_bleu_martinique_juste_les_lettres-removebg-preview-1.png","contentUrl":"https:\/\/site.ac-martinique.fr\/lyc-bellevue\/wp-content\/uploads\/sites\/127\/2023\/05\/cropped-logo_bellevue_revu_bellevue_bleu_martinique_juste_les_lettres-removebg-preview-1.png","width":485,"height":513,"caption":"Bienvenue au lyc\u00e9e de Bellevue"},"image":{"@id":"https:\/\/site.ac-martinique.fr\/lyc-bellevue\/#\/schema\/logo\/image\/"}}]}},"uagb_featured_image_src":{"full":["https:\/\/site.ac-martinique.fr\/lyc-bellevue\/wp-content\/uploads\/sites\/127\/2023\/11\/art-2026066_1280.png",1280,640,false],"thumbnail":["https:\/\/site.ac-martinique.fr\/lyc-bellevue\/wp-content\/uploads\/sites\/127\/2023\/11\/art-2026066_1280-150x150.png",150,150,true],"medium":["https:\/\/site.ac-martinique.fr\/lyc-bellevue\/wp-content\/uploads\/sites\/127\/2023\/11\/art-2026066_1280-300x150.png",300,150,true],"medium_large":["https:\/\/site.ac-martinique.fr\/lyc-bellevue\/wp-content\/uploads\/sites\/127\/2023\/11\/art-2026066_1280-768x384.png",768,384,true],"large":["https:\/\/site.ac-martinique.fr\/lyc-bellevue\/wp-content\/uploads\/sites\/127\/2023\/11\/art-2026066_1280-1024x512.png",950,475,true],"1536x1536":["https:\/\/site.ac-martinique.fr\/lyc-bellevue\/wp-content\/uploads\/sites\/127\/2023\/11\/art-2026066_1280.png",1280,640,false],"2048x2048":["https:\/\/site.ac-martinique.fr\/lyc-bellevue\/wp-content\/uploads\/sites\/127\/2023\/11\/art-2026066_1280.png",1280,640,false],"inspiro-featured-image":["https:\/\/site.ac-martinique.fr\/lyc-bellevue\/wp-content\/uploads\/sites\/127\/2023\/11\/art-2026066_1280.png",1280,640,false],"inspiro-loop":["https:\/\/site.ac-martinique.fr\/lyc-bellevue\/wp-content\/uploads\/sites\/127\/2023\/11\/art-2026066_1280-950x320.png",950,320,true],"inspiro-loop@2x":["https:\/\/site.ac-martinique.fr\/lyc-bellevue\/wp-content\/uploads\/sites\/127\/2023\/11\/art-2026066_1280.png",1280,640,false]},"uagb_author_info":{"display_name":"Nathalie OXYBEL","author_link":"https:\/\/site.ac-martinique.fr\/lyc-bellevue\/?author=417"},"uagb_comment_info":0,"uagb_excerpt":"L\u2019ouverture \u00e0 l\u2019international reste un des axes forts du projet d\u2019\u00e9tablissement. Chaque ann\u00e9e \u00e9l\u00e8ves, \u00e9tudiants et personnels du Lyc\u00e9e de Bellevue ont l&rsquo;opportunit\u00e9 de s&rsquo;immerger pour une semaine jusqu&rsquo;\u00e0 deux mois dans la culture d&rsquo;un pays europ\u00e9en dans le cadre du programme Erasmus+. Les projets p\u00e9dagogiques men\u00e9s par les professeurs de l\u2019\u00e9tablissement permettent \u00e9galement aux\u2026","_links":{"self":[{"href":"https:\/\/site.ac-martinique.fr\/lyc-bellevue\/index.php?rest_route=\/wp\/v2\/pages\/27","targetHints":{"allow":["GET"]}}],"collection":[{"href":"https:\/\/site.ac-martinique.fr\/lyc-bellevue\/index.php?rest_route=\/wp\/v2\/pages"}],"about":[{"href":"https:\/\/site.ac-martinique.fr\/lyc-bellevue\/index.php?rest_route=\/wp\/v2\/types\/page"}],"author":[{"embeddable":true,"href":"https:\/\/site.ac-martinique.fr\/lyc-bellevue\/index.php?rest_route=\/wp\/v2\/users\/417"}],"replies":[{"embeddable":true,"href":"https:\/\/site.ac-martinique.fr\/lyc-bellevue\/index.php?rest_route=%2Fwp%2Fv2%2Fcomments&post=27"}],"version-history":[{"count":30,"href":"https:\/\/site.ac-martinique.fr\/lyc-bellevue\/index.php?rest_route=\/wp\/v2\/pages\/27\/revisions"}],"predecessor-version":[{"id":2345,"href":"https:\/\/site.ac-martinique.fr\/lyc-bellevue\/index.php?rest_route=\/wp\/v2\/pages\/27\/revisions\/2345"}],"wp:featuredmedia":[{"embeddable":true,"href":"https:\/\/site.ac-martinique.fr\/lyc-bellevue\/index.php?rest_route=\/wp\/v2\/media\/1383"}],"wp:attachment":[{"href":"https:\/\/site.ac-martinique.fr\/lyc-bellevue\/index.php?rest_route=%2Fwp%2Fv2%2Fmedia&parent=27"}],"curies":[{"name":"wp","href":"https:\/\/api.w.org\/{rel}","templated":true}]}}