{"id":307,"date":"2023-05-12T02:01:53","date_gmt":"2023-05-12T06:01:53","guid":{"rendered":"https:\/\/site.ac-martinique.fr\/lyc-bellevue\/?page_id=307"},"modified":"2026-03-26T15:32:33","modified_gmt":"2026-03-26T19:32:33","slug":"prebac","status":"publish","type":"page","link":"https:\/\/site.ac-martinique.fr\/lyc-bellevue\/?page_id=307","title":{"rendered":"Secondaire"},"content":{"rendered":"\n<p>Le second cycle accueille 1141 \u00e9l\u00e8ves r\u00e9partis sur 35 divisions. Les \u00e9l\u00e8ves sont admis \u00e0 l&rsquo;issue de la classe de troisi\u00e8me et en fonction de leurs projets d&rsquo;\u00e9tudes. Les r\u00e9sultats sont l\u00e0 : 96 % de r\u00e9ussite au baccalaur\u00e9at avec 65 % de mentions.<\/p>\n\n\n\n<p class=\"has-text-color has-medium-font-size\" style=\"color:#003c85cf\"><strong>La classe de Seconde<\/strong> (11 classes)<\/p>\n\n\n\n<figure class=\"wp-block-table is-style-regular\" style=\"font-size:clamp(14px, 0.875rem + ((1vw - 3.2px) * 0.088), 15px);\"><table><tbody><tr><td class=\"has-text-align-left\" data-align=\"left\"><strong>ENSEIGNEMENTS COMMUNS<\/strong><\/td><td><strong>OPTIONS<\/strong><\/td><\/tr><tr><td class=\"has-text-align-left\" data-align=\"left\">\u2013 \u00c9ducation Physique et Sportive<br>\u2013 Fran\u00e7ais<br>\u2013 Histoire G\u00e9ographie <br>&#8211; Enseignement Moral et Civique<br>\u2013 Math\u00e9matiques<br>\u2013 Physique-Chimie<br>\u2013 Sciences de la Vie et de la Terre<br>\u2013 Sciences \u00c9conomiques et Sociales<br><br><strong>Langues vivantes :<\/strong><br>&#8211; Anglais<br>&#8211; Espagnol <br>&#8211; Portugais<br><br><\/td><td>\u2013 Arts plastiques<br>&#8211; Brevet d&rsquo;initiation aux m\u00e9tiers de la mer<br>&#8211; Biotechnologie<br>\u2013 Cin\u00e9ma<br>&#8211; <a href=\"https:\/\/www.instagram.com\/reel\/C7cwoCGMWdc\/?utm_source=ig_web_copy_link&amp;igsh=MzRlODBiNWFlZA==\" target=\"_blank\" rel=\"noreferrer noopener\">Danse<\/a><br>-Dual Diploma<br>\u2013 Latin<br>&#8211; Management<br>&#8211; Maths-physique +<br>\u2013 Musique<br>&#8211; Portugais<br>&#8211; Sant\u00e9 et social<br>&#8211; <a href=\"https:\/\/site.ac-martinique.fr\/lyc-bellevue\/?page_id=2041\" target=\"_blank\" rel=\"noreferrer noopener\">Section europ\u00e9enne espagnol<\/a> <br>&#8211; Section europ\u00e9enne anglais (DNL Math\u00e9matiques ou Histoire-g\u00e9ographie)<br>&#8211; <a href=\"https:\/\/www.instagram.com\/reel\/C7XgGN4sd0X\/?utm_source=ig_web_copy_link&amp;igsh=MzRlODBiNWFlZA==\" target=\"_blank\" rel=\"noreferrer noopener\">Sciences politiques<\/a><br>&#8211; <a href=\"https:\/\/www.instagram.com\/reel\/C8aBS9eqbOm\/?utm_source=ig_web_copy_link&amp;igsh=MzRlODBiNWFlZA==\" target=\"_blank\" rel=\"noreferrer noopener\">Sport<\/a><br>\u2013 <a href=\"https:\/\/www.instagram.com\/reel\/CyYuWtcAsVI\/?utm_source=ig_web_copy_link&amp;igsh=MzRlODBiNWFlZA==\" target=\"_blank\" rel=\"noreferrer noopener\">Th\u00e9\u00e2tre<\/a><\/td><\/tr><\/tbody><\/table><\/figure>\n\n\n\n<p class=\"has-text-color has-medium-font-size\" style=\"color:#003c85cf\"><strong>Les classes de Premi\u00e8re et Terminale g\u00e9n\u00e9rale<\/strong> (13 classes)<\/p>\n\n\n\n<figure style=\"font-size:clamp(14px, 0.875rem + ((1vw - 3.2px) * 0.088), 15px);\" class=\"wp-block-table\"><table class=\"has-black-color has-text-color\"><tbody><tr><td class=\"has-text-align-left\" data-align=\"left\"><strong>ENSEIGNEMENTS COMMUNS<\/strong><\/td><td><strong>SP\u00c9CIALITES<\/strong><\/td><td class=\"has-text-align-left\" data-align=\"left\"><strong>OPTIONS<\/strong><\/td><\/tr><tr><td class=\"has-text-align-left\" data-align=\"left\">\u2013 \u00c9ducation Physique et Sportive<br>\u2013 Enseignement scientifique<br>\u2013 Histoire-G\u00e9ographie<br>&#8211; Enseignement Moral et Civique<br>\u2013 Fran\u00e7ais (Premi\u00e8re)<br>\u2013 Philosophie (Terminale)<br><strong>Langues vivantes :<\/strong><br>&#8211; Allemand<br>&#8211; Anglais<br>&#8211; Espagnol <br>&#8211; Portugais<br><br><\/td><td>&#8211; Histoire-G\u00e9ographie, G\u00e9opolitique et Sciences Politiques<br>&#8211; Humanit\u00e9s, Litt\u00e9rature et Philosophie<br>&#8211; Langues, Litt\u00e9rature et Cultures Etrang\u00e8res : Anglais<br>&#8211; Langues, Litt\u00e9rature et Cultures Etrang\u00e8res : Espagnol<br>&#8211; Anglais du monde contemporain<br>&#8211; Math\u00e9matiques<br>&#8211; Num\u00e9rique et Sciences Informatiques<br>&#8211; Physique-Chimie<br>&#8211; Sciences \u00c9conomiques et Sociales<br>&#8211; Sciences de la Vie et de la Terre<br>&#8211; Education physique, pratiques et cultures sportives<br>&#8211; Musique<br>&#8211; Cin\u00e9ma Audiovisuel<br>&#8211; Arts plastiques <br>&#8211; Danse<\/td><td class=\"has-text-align-left\" data-align=\"left\">\u2013 Arts plastiques <br>\u2013 Latin <br>\u2013 Musique <br>&#8211; Cin\u00e9ma audiovisuel<br>&#8211; Education physique et sportive<br><br><strong>Uniquement en Terminale :<br><\/strong>&#8211; Math\u00e9matiques Expertes <br>&#8211; Math\u00e9matiques compl\u00e9mentaires<br>&#8211; Droit et Grands enjeux du monde contemporain<br><\/td><\/tr><\/tbody><\/table><\/figure>\n\n\n\n<div class=\"wp-block-buttons has-custom-font-size has-small-font-size is-horizontal is-content-justification-right is-nowrap is-layout-flex wp-container-core-buttons-is-layout-75cb6e41 wp-block-buttons-is-layout-flex\" style=\"font-style:normal;font-weight:100;text-transform:capitalize\"><\/div>\n\n\n\n<p class=\"has-text-color has-medium-font-size\" style=\"color:#003c85cf\"><strong>Voie Technologique<\/strong><\/p>\n\n\n\n<p>S\u00e9rie STMG<\/p>\n\n\n\n<p>S\u00e9rie ST2S<\/p>\n\n\n\n<p>S\u00e9rie STL<\/p>\n\n\n\n<p><\/p>\n\n\n\n<div class=\"wp-block-buttons is-content-justification-center is-layout-flex wp-container-core-buttons-is-layout-a89b3969 wp-block-buttons-is-layout-flex\">\n<div class=\"wp-block-button is-style-outline is-style-outline--1\"><a class=\"wp-block-button__link has-text-color has-small-font-size has-text-align-center has-custom-font-size wp-element-button\" href=\"https:\/\/site.ac-martinique.fr\/lyc-bellevue\/?page_id=238(ouvre un nouvel onglet)\" style=\"color:#003c85cf\">Je m&rsquo;inscris<\/a><\/div>\n<\/div>\n","protected":false},"excerpt":{"rendered":"<p>Le second cycle accueille 1141 \u00e9l\u00e8ves r\u00e9partis sur 35 divisions. Les \u00e9l\u00e8ves sont admis \u00e0 l&rsquo;issue de la classe de troisi\u00e8me et en fonction de leurs projets d&rsquo;\u00e9tudes. Les r\u00e9sultats sont l\u00e0 : 96 % de r\u00e9ussite au baccalaur\u00e9at avec 65 % de mentions. La classe de Seconde (11 classes) ENSEIGNEMENTS COMMUNS OPTIONS \u2013 \u00c9ducation &hellip; <\/p>\n<p class=\"link-more\"><a href=\"https:\/\/site.ac-martinique.fr\/lyc-bellevue\/?page_id=307\" class=\"more-link\">Lire la suite de<span class=\"screen-reader-text\">\u00ab\u00a0Secondaire\u00a0\u00bb<\/span><\/a><\/p>\n","protected":false},"author":417,"featured_media":102,"parent":0,"menu_order":0,"comment_status":"closed","ping_status":"closed","template":"","meta":{"_uag_custom_page_level_css":"","inspiro_hide_title":false,"footnotes":""},"class_list":["post-307","page","type-page","status-publish","has-post-thumbnail","hentry"],"yoast_head":"<!-- This site is optimized with the Yoast SEO plugin v27.4 - https:\/\/yoast.com\/product\/yoast-seo-wordpress\/ -->\n<title>Secondaire - Bienvenue au lyc\u00e9e de Bellevue<\/title>\n<meta name=\"robots\" content=\"index, follow, max-snippet:-1, max-image-preview:large, max-video-preview:-1\" \/>\n<link rel=\"canonical\" href=\"https:\/\/site.ac-martinique.fr\/lyc-bellevue\/?page_id=307\" \/>\n<meta property=\"og:locale\" content=\"fr_FR\" \/>\n<meta property=\"og:type\" content=\"article\" \/>\n<meta property=\"og:title\" content=\"Secondaire - Bienvenue au lyc\u00e9e de Bellevue\" \/>\n<meta property=\"og:description\" content=\"Le second cycle accueille 1141 \u00e9l\u00e8ves r\u00e9partis sur 35 divisions. Les \u00e9l\u00e8ves sont admis \u00e0 l&rsquo;issue de la classe de troisi\u00e8me et en fonction de leurs projets d&rsquo;\u00e9tudes. Les r\u00e9sultats sont l\u00e0 : 96 % de r\u00e9ussite au baccalaur\u00e9at avec 65 % de mentions. La classe de Seconde (11 classes) ENSEIGNEMENTS COMMUNS OPTIONS \u2013 \u00c9ducation &hellip; Lire la suite de\u00ab\u00a0Secondaire\u00a0\u00bb\" \/>\n<meta property=\"og:url\" content=\"https:\/\/site.ac-martinique.fr\/lyc-bellevue\/?page_id=307\" \/>\n<meta property=\"og:site_name\" content=\"Bienvenue au lyc\u00e9e de Bellevue\" \/>\n<meta property=\"article:modified_time\" content=\"2026-03-26T19:32:33+00:00\" \/>\n<meta property=\"og:image\" content=\"https:\/\/site.ac-martinique.fr\/lyc-bellevue\/wp-content\/uploads\/sites\/127\/2023\/02\/5394aa27-c6c4-4951-bcd7-ca89af566bdd.jpg\" \/>\n\t<meta property=\"og:image:width\" content=\"1280\" \/>\n\t<meta property=\"og:image:height\" content=\"960\" \/>\n\t<meta property=\"og:image:type\" content=\"image\/jpeg\" \/>\n<meta name=\"twitter:card\" content=\"summary_large_image\" \/>\n<meta name=\"twitter:label1\" content=\"Dur\u00e9e de lecture estim\u00e9e\" \/>\n\t<meta name=\"twitter:data1\" content=\"2 minutes\" \/>\n<script type=\"application\/ld+json\" class=\"yoast-schema-graph\">{\"@context\":\"https:\\\/\\\/schema.org\",\"@graph\":[{\"@type\":\"WebPage\",\"@id\":\"https:\\\/\\\/site.ac-martinique.fr\\\/lyc-bellevue\\\/?page_id=307\",\"url\":\"https:\\\/\\\/site.ac-martinique.fr\\\/lyc-bellevue\\\/?page_id=307\",\"name\":\"Secondaire - Bienvenue au lyc\u00e9e de Bellevue\",\"isPartOf\":{\"@id\":\"https:\\\/\\\/site.ac-martinique.fr\\\/lyc-bellevue\\\/#website\"},\"primaryImageOfPage\":{\"@id\":\"https:\\\/\\\/site.ac-martinique.fr\\\/lyc-bellevue\\\/?page_id=307#primaryimage\"},\"image\":{\"@id\":\"https:\\\/\\\/site.ac-martinique.fr\\\/lyc-bellevue\\\/?page_id=307#primaryimage\"},\"thumbnailUrl\":\"https:\\\/\\\/site.ac-martinique.fr\\\/lyc-bellevue\\\/wp-content\\\/uploads\\\/sites\\\/127\\\/2023\\\/02\\\/5394aa27-c6c4-4951-bcd7-ca89af566bdd.jpg\",\"datePublished\":\"2023-05-12T06:01:53+00:00\",\"dateModified\":\"2026-03-26T19:32:33+00:00\",\"breadcrumb\":{\"@id\":\"https:\\\/\\\/site.ac-martinique.fr\\\/lyc-bellevue\\\/?page_id=307#breadcrumb\"},\"inLanguage\":\"fr-FR\",\"potentialAction\":[{\"@type\":\"ReadAction\",\"target\":[\"https:\\\/\\\/site.ac-martinique.fr\\\/lyc-bellevue\\\/?page_id=307\"]}]},{\"@type\":\"ImageObject\",\"inLanguage\":\"fr-FR\",\"@id\":\"https:\\\/\\\/site.ac-martinique.fr\\\/lyc-bellevue\\\/?page_id=307#primaryimage\",\"url\":\"https:\\\/\\\/site.ac-martinique.fr\\\/lyc-bellevue\\\/wp-content\\\/uploads\\\/sites\\\/127\\\/2023\\\/02\\\/5394aa27-c6c4-4951-bcd7-ca89af566bdd.jpg\",\"contentUrl\":\"https:\\\/\\\/site.ac-martinique.fr\\\/lyc-bellevue\\\/wp-content\\\/uploads\\\/sites\\\/127\\\/2023\\\/02\\\/5394aa27-c6c4-4951-bcd7-ca89af566bdd.jpg\",\"width\":1280,\"height\":960},{\"@type\":\"BreadcrumbList\",\"@id\":\"https:\\\/\\\/site.ac-martinique.fr\\\/lyc-bellevue\\\/?page_id=307#breadcrumb\",\"itemListElement\":[{\"@type\":\"ListItem\",\"position\":1,\"name\":\"Accueil\",\"item\":\"https:\\\/\\\/site.ac-martinique.fr\\\/lyc-bellevue\\\/\"},{\"@type\":\"ListItem\",\"position\":2,\"name\":\"Secondaire\"}]},{\"@type\":\"WebSite\",\"@id\":\"https:\\\/\\\/site.ac-martinique.fr\\\/lyc-bellevue\\\/#website\",\"url\":\"https:\\\/\\\/site.ac-martinique.fr\\\/lyc-bellevue\\\/\",\"name\":\"Bienvenue au lyc\u00e9e de Bellevue\",\"description\":\"L&#039;Excellence dans la diversit\u00e9\",\"publisher\":{\"@id\":\"https:\\\/\\\/site.ac-martinique.fr\\\/lyc-bellevue\\\/#organization\"},\"potentialAction\":[{\"@type\":\"SearchAction\",\"target\":{\"@type\":\"EntryPoint\",\"urlTemplate\":\"https:\\\/\\\/site.ac-martinique.fr\\\/lyc-bellevue\\\/?s={search_term_string}\"},\"query-input\":{\"@type\":\"PropertyValueSpecification\",\"valueRequired\":true,\"valueName\":\"search_term_string\"}}],\"inLanguage\":\"fr-FR\"},{\"@type\":\"Organization\",\"@id\":\"https:\\\/\\\/site.ac-martinique.fr\\\/lyc-bellevue\\\/#organization\",\"name\":\"Bienvenue au lyc\u00e9e de Bellevue\",\"url\":\"https:\\\/\\\/site.ac-martinique.fr\\\/lyc-bellevue\\\/\",\"logo\":{\"@type\":\"ImageObject\",\"inLanguage\":\"fr-FR\",\"@id\":\"https:\\\/\\\/site.ac-martinique.fr\\\/lyc-bellevue\\\/#\\\/schema\\\/logo\\\/image\\\/\",\"url\":\"https:\\\/\\\/site.ac-martinique.fr\\\/lyc-bellevue\\\/wp-content\\\/uploads\\\/sites\\\/127\\\/2023\\\/05\\\/cropped-logo_bellevue_revu_bellevue_bleu_martinique_juste_les_lettres-removebg-preview-1.png\",\"contentUrl\":\"https:\\\/\\\/site.ac-martinique.fr\\\/lyc-bellevue\\\/wp-content\\\/uploads\\\/sites\\\/127\\\/2023\\\/05\\\/cropped-logo_bellevue_revu_bellevue_bleu_martinique_juste_les_lettres-removebg-preview-1.png\",\"width\":485,\"height\":513,\"caption\":\"Bienvenue au lyc\u00e9e de Bellevue\"},\"image\":{\"@id\":\"https:\\\/\\\/site.ac-martinique.fr\\\/lyc-bellevue\\\/#\\\/schema\\\/logo\\\/image\\\/\"}}]}<\/script>\n<!-- \/ Yoast SEO plugin. -->","yoast_head_json":{"title":"Secondaire - Bienvenue au lyc\u00e9e de Bellevue","robots":{"index":"index","follow":"follow","max-snippet":"max-snippet:-1","max-image-preview":"max-image-preview:large","max-video-preview":"max-video-preview:-1"},"canonical":"https:\/\/site.ac-martinique.fr\/lyc-bellevue\/?page_id=307","og_locale":"fr_FR","og_type":"article","og_title":"Secondaire - Bienvenue au lyc\u00e9e de Bellevue","og_description":"Le second cycle accueille 1141 \u00e9l\u00e8ves r\u00e9partis sur 35 divisions. Les \u00e9l\u00e8ves sont admis \u00e0 l&rsquo;issue de la classe de troisi\u00e8me et en fonction de leurs projets d&rsquo;\u00e9tudes. Les r\u00e9sultats sont l\u00e0 : 96 % de r\u00e9ussite au baccalaur\u00e9at avec 65 % de mentions. La classe de Seconde (11 classes) ENSEIGNEMENTS COMMUNS OPTIONS \u2013 \u00c9ducation &hellip; Lire la suite de\u00ab\u00a0Secondaire\u00a0\u00bb","og_url":"https:\/\/site.ac-martinique.fr\/lyc-bellevue\/?page_id=307","og_site_name":"Bienvenue au lyc\u00e9e de Bellevue","article_modified_time":"2026-03-26T19:32:33+00:00","og_image":[{"width":1280,"height":960,"url":"https:\/\/site.ac-martinique.fr\/lyc-bellevue\/wp-content\/uploads\/sites\/127\/2023\/02\/5394aa27-c6c4-4951-bcd7-ca89af566bdd.jpg","type":"image\/jpeg"}],"twitter_card":"summary_large_image","twitter_misc":{"Dur\u00e9e de lecture estim\u00e9e":"2 minutes"},"schema":{"@context":"https:\/\/schema.org","@graph":[{"@type":"WebPage","@id":"https:\/\/site.ac-martinique.fr\/lyc-bellevue\/?page_id=307","url":"https:\/\/site.ac-martinique.fr\/lyc-bellevue\/?page_id=307","name":"Secondaire - Bienvenue au lyc\u00e9e de Bellevue","isPartOf":{"@id":"https:\/\/site.ac-martinique.fr\/lyc-bellevue\/#website"},"primaryImageOfPage":{"@id":"https:\/\/site.ac-martinique.fr\/lyc-bellevue\/?page_id=307#primaryimage"},"image":{"@id":"https:\/\/site.ac-martinique.fr\/lyc-bellevue\/?page_id=307#primaryimage"},"thumbnailUrl":"https:\/\/site.ac-martinique.fr\/lyc-bellevue\/wp-content\/uploads\/sites\/127\/2023\/02\/5394aa27-c6c4-4951-bcd7-ca89af566bdd.jpg","datePublished":"2023-05-12T06:01:53+00:00","dateModified":"2026-03-26T19:32:33+00:00","breadcrumb":{"@id":"https:\/\/site.ac-martinique.fr\/lyc-bellevue\/?page_id=307#breadcrumb"},"inLanguage":"fr-FR","potentialAction":[{"@type":"ReadAction","target":["https:\/\/site.ac-martinique.fr\/lyc-bellevue\/?page_id=307"]}]},{"@type":"ImageObject","inLanguage":"fr-FR","@id":"https:\/\/site.ac-martinique.fr\/lyc-bellevue\/?page_id=307#primaryimage","url":"https:\/\/site.ac-martinique.fr\/lyc-bellevue\/wp-content\/uploads\/sites\/127\/2023\/02\/5394aa27-c6c4-4951-bcd7-ca89af566bdd.jpg","contentUrl":"https:\/\/site.ac-martinique.fr\/lyc-bellevue\/wp-content\/uploads\/sites\/127\/2023\/02\/5394aa27-c6c4-4951-bcd7-ca89af566bdd.jpg","width":1280,"height":960},{"@type":"BreadcrumbList","@id":"https:\/\/site.ac-martinique.fr\/lyc-bellevue\/?page_id=307#breadcrumb","itemListElement":[{"@type":"ListItem","position":1,"name":"Accueil","item":"https:\/\/site.ac-martinique.fr\/lyc-bellevue\/"},{"@type":"ListItem","position":2,"name":"Secondaire"}]},{"@type":"WebSite","@id":"https:\/\/site.ac-martinique.fr\/lyc-bellevue\/#website","url":"https:\/\/site.ac-martinique.fr\/lyc-bellevue\/","name":"Bienvenue au lyc\u00e9e de Bellevue","description":"L&#039;Excellence dans la diversit\u00e9","publisher":{"@id":"https:\/\/site.ac-martinique.fr\/lyc-bellevue\/#organization"},"potentialAction":[{"@type":"SearchAction","target":{"@type":"EntryPoint","urlTemplate":"https:\/\/site.ac-martinique.fr\/lyc-bellevue\/?s={search_term_string}"},"query-input":{"@type":"PropertyValueSpecification","valueRequired":true,"valueName":"search_term_string"}}],"inLanguage":"fr-FR"},{"@type":"Organization","@id":"https:\/\/site.ac-martinique.fr\/lyc-bellevue\/#organization","name":"Bienvenue au lyc\u00e9e de Bellevue","url":"https:\/\/site.ac-martinique.fr\/lyc-bellevue\/","logo":{"@type":"ImageObject","inLanguage":"fr-FR","@id":"https:\/\/site.ac-martinique.fr\/lyc-bellevue\/#\/schema\/logo\/image\/","url":"https:\/\/site.ac-martinique.fr\/lyc-bellevue\/wp-content\/uploads\/sites\/127\/2023\/05\/cropped-logo_bellevue_revu_bellevue_bleu_martinique_juste_les_lettres-removebg-preview-1.png","contentUrl":"https:\/\/site.ac-martinique.fr\/lyc-bellevue\/wp-content\/uploads\/sites\/127\/2023\/05\/cropped-logo_bellevue_revu_bellevue_bleu_martinique_juste_les_lettres-removebg-preview-1.png","width":485,"height":513,"caption":"Bienvenue au lyc\u00e9e de Bellevue"},"image":{"@id":"https:\/\/site.ac-martinique.fr\/lyc-bellevue\/#\/schema\/logo\/image\/"}}]}},"uagb_featured_image_src":{"full":["https:\/\/site.ac-martinique.fr\/lyc-bellevue\/wp-content\/uploads\/sites\/127\/2023\/02\/5394aa27-c6c4-4951-bcd7-ca89af566bdd.jpg",1280,960,false],"thumbnail":["https:\/\/site.ac-martinique.fr\/lyc-bellevue\/wp-content\/uploads\/sites\/127\/2023\/02\/5394aa27-c6c4-4951-bcd7-ca89af566bdd-150x150.jpg",150,150,true],"medium":["https:\/\/site.ac-martinique.fr\/lyc-bellevue\/wp-content\/uploads\/sites\/127\/2023\/02\/5394aa27-c6c4-4951-bcd7-ca89af566bdd-300x225.jpg",300,225,true],"medium_large":["https:\/\/site.ac-martinique.fr\/lyc-bellevue\/wp-content\/uploads\/sites\/127\/2023\/02\/5394aa27-c6c4-4951-bcd7-ca89af566bdd-768x576.jpg",768,576,true],"large":["https:\/\/site.ac-martinique.fr\/lyc-bellevue\/wp-content\/uploads\/sites\/127\/2023\/02\/5394aa27-c6c4-4951-bcd7-ca89af566bdd-1024x768.jpg",950,713,true],"1536x1536":["https:\/\/site.ac-martinique.fr\/lyc-bellevue\/wp-content\/uploads\/sites\/127\/2023\/02\/5394aa27-c6c4-4951-bcd7-ca89af566bdd.jpg",1280,960,false],"2048x2048":["https:\/\/site.ac-martinique.fr\/lyc-bellevue\/wp-content\/uploads\/sites\/127\/2023\/02\/5394aa27-c6c4-4951-bcd7-ca89af566bdd.jpg",1280,960,false],"inspiro-featured-image":["https:\/\/site.ac-martinique.fr\/lyc-bellevue\/wp-content\/uploads\/sites\/127\/2023\/02\/5394aa27-c6c4-4951-bcd7-ca89af566bdd.jpg",1280,960,false],"inspiro-loop":["https:\/\/site.ac-martinique.fr\/lyc-bellevue\/wp-content\/uploads\/sites\/127\/2023\/02\/5394aa27-c6c4-4951-bcd7-ca89af566bdd-950x320.jpg",950,320,true],"inspiro-loop@2x":["https:\/\/site.ac-martinique.fr\/lyc-bellevue\/wp-content\/uploads\/sites\/127\/2023\/02\/5394aa27-c6c4-4951-bcd7-ca89af566bdd-1280x640.jpg",1280,640,true]},"uagb_author_info":{"display_name":"Nathalie OXYBEL","author_link":"https:\/\/site.ac-martinique.fr\/lyc-bellevue\/?author=417"},"uagb_comment_info":0,"uagb_excerpt":"Le second cycle accueille 1141 \u00e9l\u00e8ves r\u00e9partis sur 35 divisions. Les \u00e9l\u00e8ves sont admis \u00e0 l&rsquo;issue de la classe de troisi\u00e8me et en fonction de leurs projets d&rsquo;\u00e9tudes. Les r\u00e9sultats sont l\u00e0 : 96 % de r\u00e9ussite au baccalaur\u00e9at avec 65 % de mentions. La classe de Seconde (11 classes) ENSEIGNEMENTS COMMUNS OPTIONS \u2013 \u00c9ducation\u2026","_links":{"self":[{"href":"https:\/\/site.ac-martinique.fr\/lyc-bellevue\/index.php?rest_route=\/wp\/v2\/pages\/307","targetHints":{"allow":["GET"]}}],"collection":[{"href":"https:\/\/site.ac-martinique.fr\/lyc-bellevue\/index.php?rest_route=\/wp\/v2\/pages"}],"about":[{"href":"https:\/\/site.ac-martinique.fr\/lyc-bellevue\/index.php?rest_route=\/wp\/v2\/types\/page"}],"author":[{"embeddable":true,"href":"https:\/\/site.ac-martinique.fr\/lyc-bellevue\/index.php?rest_route=\/wp\/v2\/users\/417"}],"replies":[{"embeddable":true,"href":"https:\/\/site.ac-martinique.fr\/lyc-bellevue\/index.php?rest_route=%2Fwp%2Fv2%2Fcomments&post=307"}],"version-history":[{"count":23,"href":"https:\/\/site.ac-martinique.fr\/lyc-bellevue\/index.php?rest_route=\/wp\/v2\/pages\/307\/revisions"}],"predecessor-version":[{"id":2602,"href":"https:\/\/site.ac-martinique.fr\/lyc-bellevue\/index.php?rest_route=\/wp\/v2\/pages\/307\/revisions\/2602"}],"wp:featuredmedia":[{"embeddable":true,"href":"https:\/\/site.ac-martinique.fr\/lyc-bellevue\/index.php?rest_route=\/wp\/v2\/media\/102"}],"wp:attachment":[{"href":"https:\/\/site.ac-martinique.fr\/lyc-bellevue\/index.php?rest_route=%2Fwp%2Fv2%2Fmedia&parent=307"}],"curies":[{"name":"wp","href":"https:\/\/api.w.org\/{rel}","templated":true}]}}