{"id":565,"date":"2023-05-22T22:11:14","date_gmt":"2023-05-23T02:11:14","guid":{"rendered":"https:\/\/site.ac-martinique.fr\/lyc-bellevue\/?page_id=565"},"modified":"2025-06-24T10:32:14","modified_gmt":"2025-06-24T14:32:14","slug":"le-lycee","status":"publish","type":"page","link":"https:\/\/site.ac-martinique.fr\/lyc-bellevue\/?page_id=565","title":{"rendered":"Le Lyc\u00e9e"},"content":{"rendered":"\n<p><a href=\"https:\/\/site.ac-martinique.fr\/lyc-bellevue\/?page_id=2\">Pr\u00e9sentation<\/a><\/p>\n\n\n\n<p><a href=\"https:\/\/site.ac-martinique.fr\/lyc-bellevue\/?page_id=572\">Histoire du Lyc\u00e9e<\/a><\/p>\n\n\n\n<p><a href=\"https:\/\/site.ac-martinique.fr\/lyc-bellevue\/?page_id=576\">L&rsquo;\u00e9quipe du lyc\u00e9e<\/a><\/p>\n\n\n\n<p><a href=\"https:\/\/site.ac-martinique.fr\/lyc-bellevue\/?page_id=1017\">F\u00e9d\u00e9ration de parents d&rsquo;\u00e9l\u00e8ves<\/a><\/p>\n\n\n\n<p><a href=\"https:\/\/site.ac-martinique.fr\/lyc-bellevue\/?page_id=2472\" target=\"_blank\" rel=\"noreferrer noopener\">Inscriptions<\/a><\/p>\n\n\n\n<p><\/p>\n","protected":false},"excerpt":{"rendered":"<p>Pr\u00e9sentation Histoire du Lyc\u00e9e L&rsquo;\u00e9quipe du lyc\u00e9e F\u00e9d\u00e9ration de parents d&rsquo;\u00e9l\u00e8ves Inscriptions<\/p>\n","protected":false},"author":417,"featured_media":506,"parent":0,"menu_order":0,"comment_status":"closed","ping_status":"closed","template":"","meta":{"_uag_custom_page_level_css":"","inspiro_hide_title":false,"footnotes":""},"class_list":["post-565","page","type-page","status-publish","has-post-thumbnail","hentry"],"yoast_head":"<!-- This site is optimized with the Yoast SEO plugin v27.4 - https:\/\/yoast.com\/product\/yoast-seo-wordpress\/ -->\n<title>Le Lyc\u00e9e - Bienvenue au lyc\u00e9e de Bellevue<\/title>\n<meta name=\"robots\" content=\"index, follow, max-snippet:-1, max-image-preview:large, max-video-preview:-1\" \/>\n<link rel=\"canonical\" href=\"https:\/\/site.ac-martinique.fr\/lyc-bellevue\/?page_id=565\" \/>\n<meta property=\"og:locale\" content=\"fr_FR\" \/>\n<meta property=\"og:type\" content=\"article\" \/>\n<meta property=\"og:title\" content=\"Le Lyc\u00e9e - Bienvenue au lyc\u00e9e de Bellevue\" \/>\n<meta property=\"og:description\" content=\"Pr\u00e9sentation Histoire du Lyc\u00e9e L&rsquo;\u00e9quipe du lyc\u00e9e F\u00e9d\u00e9ration de parents d&rsquo;\u00e9l\u00e8ves Inscriptions\" \/>\n<meta property=\"og:url\" content=\"https:\/\/site.ac-martinique.fr\/lyc-bellevue\/?page_id=565\" \/>\n<meta property=\"og:site_name\" content=\"Bienvenue au lyc\u00e9e de Bellevue\" \/>\n<meta property=\"article:modified_time\" content=\"2025-06-24T14:32:14+00:00\" \/>\n<meta property=\"og:image\" content=\"https:\/\/site.ac-martinique.fr\/lyc-bellevue\/wp-content\/uploads\/sites\/127\/2023\/05\/631770c14c0cc_restructuration-lycee-bellevue-forpt-1-frame-3110.jpg\" \/>\n\t<meta property=\"og:image:width\" content=\"1200\" \/>\n\t<meta property=\"og:image:height\" content=\"1200\" \/>\n\t<meta property=\"og:image:type\" content=\"image\/jpeg\" \/>\n<meta name=\"twitter:card\" content=\"summary_large_image\" \/>\n<meta name=\"twitter:label1\" content=\"Dur\u00e9e de lecture estim\u00e9e\" \/>\n\t<meta name=\"twitter:data1\" content=\"1 minute\" \/>\n<script type=\"application\/ld+json\" class=\"yoast-schema-graph\">{\"@context\":\"https:\\\/\\\/schema.org\",\"@graph\":[{\"@type\":\"WebPage\",\"@id\":\"https:\\\/\\\/site.ac-martinique.fr\\\/lyc-bellevue\\\/?page_id=565\",\"url\":\"https:\\\/\\\/site.ac-martinique.fr\\\/lyc-bellevue\\\/?page_id=565\",\"name\":\"Le Lyc\u00e9e - Bienvenue au lyc\u00e9e de Bellevue\",\"isPartOf\":{\"@id\":\"https:\\\/\\\/site.ac-martinique.fr\\\/lyc-bellevue\\\/#website\"},\"primaryImageOfPage\":{\"@id\":\"https:\\\/\\\/site.ac-martinique.fr\\\/lyc-bellevue\\\/?page_id=565#primaryimage\"},\"image\":{\"@id\":\"https:\\\/\\\/site.ac-martinique.fr\\\/lyc-bellevue\\\/?page_id=565#primaryimage\"},\"thumbnailUrl\":\"https:\\\/\\\/site.ac-martinique.fr\\\/lyc-bellevue\\\/wp-content\\\/uploads\\\/sites\\\/127\\\/2023\\\/05\\\/631770c14c0cc_restructuration-lycee-bellevue-forpt-1-frame-3110.jpg\",\"datePublished\":\"2023-05-23T02:11:14+00:00\",\"dateModified\":\"2025-06-24T14:32:14+00:00\",\"breadcrumb\":{\"@id\":\"https:\\\/\\\/site.ac-martinique.fr\\\/lyc-bellevue\\\/?page_id=565#breadcrumb\"},\"inLanguage\":\"fr-FR\",\"potentialAction\":[{\"@type\":\"ReadAction\",\"target\":[\"https:\\\/\\\/site.ac-martinique.fr\\\/lyc-bellevue\\\/?page_id=565\"]}]},{\"@type\":\"ImageObject\",\"inLanguage\":\"fr-FR\",\"@id\":\"https:\\\/\\\/site.ac-martinique.fr\\\/lyc-bellevue\\\/?page_id=565#primaryimage\",\"url\":\"https:\\\/\\\/site.ac-martinique.fr\\\/lyc-bellevue\\\/wp-content\\\/uploads\\\/sites\\\/127\\\/2023\\\/05\\\/631770c14c0cc_restructuration-lycee-bellevue-forpt-1-frame-3110.jpg\",\"contentUrl\":\"https:\\\/\\\/site.ac-martinique.fr\\\/lyc-bellevue\\\/wp-content\\\/uploads\\\/sites\\\/127\\\/2023\\\/05\\\/631770c14c0cc_restructuration-lycee-bellevue-forpt-1-frame-3110.jpg\",\"width\":1200,\"height\":1200},{\"@type\":\"BreadcrumbList\",\"@id\":\"https:\\\/\\\/site.ac-martinique.fr\\\/lyc-bellevue\\\/?page_id=565#breadcrumb\",\"itemListElement\":[{\"@type\":\"ListItem\",\"position\":1,\"name\":\"Accueil\",\"item\":\"https:\\\/\\\/site.ac-martinique.fr\\\/lyc-bellevue\\\/\"},{\"@type\":\"ListItem\",\"position\":2,\"name\":\"Le Lyc\u00e9e\"}]},{\"@type\":\"WebSite\",\"@id\":\"https:\\\/\\\/site.ac-martinique.fr\\\/lyc-bellevue\\\/#website\",\"url\":\"https:\\\/\\\/site.ac-martinique.fr\\\/lyc-bellevue\\\/\",\"name\":\"Bienvenue au lyc\u00e9e de Bellevue\",\"description\":\"L&#039;Excellence dans la diversit\u00e9\",\"publisher\":{\"@id\":\"https:\\\/\\\/site.ac-martinique.fr\\\/lyc-bellevue\\\/#organization\"},\"potentialAction\":[{\"@type\":\"SearchAction\",\"target\":{\"@type\":\"EntryPoint\",\"urlTemplate\":\"https:\\\/\\\/site.ac-martinique.fr\\\/lyc-bellevue\\\/?s={search_term_string}\"},\"query-input\":{\"@type\":\"PropertyValueSpecification\",\"valueRequired\":true,\"valueName\":\"search_term_string\"}}],\"inLanguage\":\"fr-FR\"},{\"@type\":\"Organization\",\"@id\":\"https:\\\/\\\/site.ac-martinique.fr\\\/lyc-bellevue\\\/#organization\",\"name\":\"Bienvenue au lyc\u00e9e de Bellevue\",\"url\":\"https:\\\/\\\/site.ac-martinique.fr\\\/lyc-bellevue\\\/\",\"logo\":{\"@type\":\"ImageObject\",\"inLanguage\":\"fr-FR\",\"@id\":\"https:\\\/\\\/site.ac-martinique.fr\\\/lyc-bellevue\\\/#\\\/schema\\\/logo\\\/image\\\/\",\"url\":\"https:\\\/\\\/site.ac-martinique.fr\\\/lyc-bellevue\\\/wp-content\\\/uploads\\\/sites\\\/127\\\/2023\\\/05\\\/cropped-logo_bellevue_revu_bellevue_bleu_martinique_juste_les_lettres-removebg-preview-1.png\",\"contentUrl\":\"https:\\\/\\\/site.ac-martinique.fr\\\/lyc-bellevue\\\/wp-content\\\/uploads\\\/sites\\\/127\\\/2023\\\/05\\\/cropped-logo_bellevue_revu_bellevue_bleu_martinique_juste_les_lettres-removebg-preview-1.png\",\"width\":485,\"height\":513,\"caption\":\"Bienvenue au lyc\u00e9e de Bellevue\"},\"image\":{\"@id\":\"https:\\\/\\\/site.ac-martinique.fr\\\/lyc-bellevue\\\/#\\\/schema\\\/logo\\\/image\\\/\"}}]}<\/script>\n<!-- \/ Yoast SEO plugin. -->","yoast_head_json":{"title":"Le Lyc\u00e9e - Bienvenue au lyc\u00e9e de Bellevue","robots":{"index":"index","follow":"follow","max-snippet":"max-snippet:-1","max-image-preview":"max-image-preview:large","max-video-preview":"max-video-preview:-1"},"canonical":"https:\/\/site.ac-martinique.fr\/lyc-bellevue\/?page_id=565","og_locale":"fr_FR","og_type":"article","og_title":"Le Lyc\u00e9e - Bienvenue au lyc\u00e9e de Bellevue","og_description":"Pr\u00e9sentation Histoire du Lyc\u00e9e L&rsquo;\u00e9quipe du lyc\u00e9e F\u00e9d\u00e9ration de parents d&rsquo;\u00e9l\u00e8ves Inscriptions","og_url":"https:\/\/site.ac-martinique.fr\/lyc-bellevue\/?page_id=565","og_site_name":"Bienvenue au lyc\u00e9e de Bellevue","article_modified_time":"2025-06-24T14:32:14+00:00","og_image":[{"width":1200,"height":1200,"url":"https:\/\/site.ac-martinique.fr\/lyc-bellevue\/wp-content\/uploads\/sites\/127\/2023\/05\/631770c14c0cc_restructuration-lycee-bellevue-forpt-1-frame-3110.jpg","type":"image\/jpeg"}],"twitter_card":"summary_large_image","twitter_misc":{"Dur\u00e9e de lecture estim\u00e9e":"1 minute"},"schema":{"@context":"https:\/\/schema.org","@graph":[{"@type":"WebPage","@id":"https:\/\/site.ac-martinique.fr\/lyc-bellevue\/?page_id=565","url":"https:\/\/site.ac-martinique.fr\/lyc-bellevue\/?page_id=565","name":"Le Lyc\u00e9e - Bienvenue au lyc\u00e9e de Bellevue","isPartOf":{"@id":"https:\/\/site.ac-martinique.fr\/lyc-bellevue\/#website"},"primaryImageOfPage":{"@id":"https:\/\/site.ac-martinique.fr\/lyc-bellevue\/?page_id=565#primaryimage"},"image":{"@id":"https:\/\/site.ac-martinique.fr\/lyc-bellevue\/?page_id=565#primaryimage"},"thumbnailUrl":"https:\/\/site.ac-martinique.fr\/lyc-bellevue\/wp-content\/uploads\/sites\/127\/2023\/05\/631770c14c0cc_restructuration-lycee-bellevue-forpt-1-frame-3110.jpg","datePublished":"2023-05-23T02:11:14+00:00","dateModified":"2025-06-24T14:32:14+00:00","breadcrumb":{"@id":"https:\/\/site.ac-martinique.fr\/lyc-bellevue\/?page_id=565#breadcrumb"},"inLanguage":"fr-FR","potentialAction":[{"@type":"ReadAction","target":["https:\/\/site.ac-martinique.fr\/lyc-bellevue\/?page_id=565"]}]},{"@type":"ImageObject","inLanguage":"fr-FR","@id":"https:\/\/site.ac-martinique.fr\/lyc-bellevue\/?page_id=565#primaryimage","url":"https:\/\/site.ac-martinique.fr\/lyc-bellevue\/wp-content\/uploads\/sites\/127\/2023\/05\/631770c14c0cc_restructuration-lycee-bellevue-forpt-1-frame-3110.jpg","contentUrl":"https:\/\/site.ac-martinique.fr\/lyc-bellevue\/wp-content\/uploads\/sites\/127\/2023\/05\/631770c14c0cc_restructuration-lycee-bellevue-forpt-1-frame-3110.jpg","width":1200,"height":1200},{"@type":"BreadcrumbList","@id":"https:\/\/site.ac-martinique.fr\/lyc-bellevue\/?page_id=565#breadcrumb","itemListElement":[{"@type":"ListItem","position":1,"name":"Accueil","item":"https:\/\/site.ac-martinique.fr\/lyc-bellevue\/"},{"@type":"ListItem","position":2,"name":"Le Lyc\u00e9e"}]},{"@type":"WebSite","@id":"https:\/\/site.ac-martinique.fr\/lyc-bellevue\/#website","url":"https:\/\/site.ac-martinique.fr\/lyc-bellevue\/","name":"Bienvenue au lyc\u00e9e de Bellevue","description":"L&#039;Excellence dans la diversit\u00e9","publisher":{"@id":"https:\/\/site.ac-martinique.fr\/lyc-bellevue\/#organization"},"potentialAction":[{"@type":"SearchAction","target":{"@type":"EntryPoint","urlTemplate":"https:\/\/site.ac-martinique.fr\/lyc-bellevue\/?s={search_term_string}"},"query-input":{"@type":"PropertyValueSpecification","valueRequired":true,"valueName":"search_term_string"}}],"inLanguage":"fr-FR"},{"@type":"Organization","@id":"https:\/\/site.ac-martinique.fr\/lyc-bellevue\/#organization","name":"Bienvenue au lyc\u00e9e de Bellevue","url":"https:\/\/site.ac-martinique.fr\/lyc-bellevue\/","logo":{"@type":"ImageObject","inLanguage":"fr-FR","@id":"https:\/\/site.ac-martinique.fr\/lyc-bellevue\/#\/schema\/logo\/image\/","url":"https:\/\/site.ac-martinique.fr\/lyc-bellevue\/wp-content\/uploads\/sites\/127\/2023\/05\/cropped-logo_bellevue_revu_bellevue_bleu_martinique_juste_les_lettres-removebg-preview-1.png","contentUrl":"https:\/\/site.ac-martinique.fr\/lyc-bellevue\/wp-content\/uploads\/sites\/127\/2023\/05\/cropped-logo_bellevue_revu_bellevue_bleu_martinique_juste_les_lettres-removebg-preview-1.png","width":485,"height":513,"caption":"Bienvenue au lyc\u00e9e de Bellevue"},"image":{"@id":"https:\/\/site.ac-martinique.fr\/lyc-bellevue\/#\/schema\/logo\/image\/"}}]}},"uagb_featured_image_src":{"full":["https:\/\/site.ac-martinique.fr\/lyc-bellevue\/wp-content\/uploads\/sites\/127\/2023\/05\/631770c14c0cc_restructuration-lycee-bellevue-forpt-1-frame-3110.jpg",1200,1200,false],"thumbnail":["https:\/\/site.ac-martinique.fr\/lyc-bellevue\/wp-content\/uploads\/sites\/127\/2023\/05\/631770c14c0cc_restructuration-lycee-bellevue-forpt-1-frame-3110-150x150.jpg",150,150,true],"medium":["https:\/\/site.ac-martinique.fr\/lyc-bellevue\/wp-content\/uploads\/sites\/127\/2023\/05\/631770c14c0cc_restructuration-lycee-bellevue-forpt-1-frame-3110-300x300.jpg",300,300,true],"medium_large":["https:\/\/site.ac-martinique.fr\/lyc-bellevue\/wp-content\/uploads\/sites\/127\/2023\/05\/631770c14c0cc_restructuration-lycee-bellevue-forpt-1-frame-3110-768x768.jpg",768,768,true],"large":["https:\/\/site.ac-martinique.fr\/lyc-bellevue\/wp-content\/uploads\/sites\/127\/2023\/05\/631770c14c0cc_restructuration-lycee-bellevue-forpt-1-frame-3110-1024x1024.jpg",950,950,true],"1536x1536":["https:\/\/site.ac-martinique.fr\/lyc-bellevue\/wp-content\/uploads\/sites\/127\/2023\/05\/631770c14c0cc_restructuration-lycee-bellevue-forpt-1-frame-3110.jpg",1200,1200,false],"2048x2048":["https:\/\/site.ac-martinique.fr\/lyc-bellevue\/wp-content\/uploads\/sites\/127\/2023\/05\/631770c14c0cc_restructuration-lycee-bellevue-forpt-1-frame-3110.jpg",1200,1200,false],"inspiro-featured-image":["https:\/\/site.ac-martinique.fr\/lyc-bellevue\/wp-content\/uploads\/sites\/127\/2023\/05\/631770c14c0cc_restructuration-lycee-bellevue-forpt-1-frame-3110.jpg",1200,1200,false],"inspiro-loop":["https:\/\/site.ac-martinique.fr\/lyc-bellevue\/wp-content\/uploads\/sites\/127\/2023\/05\/631770c14c0cc_restructuration-lycee-bellevue-forpt-1-frame-3110-950x320.jpg",950,320,true],"inspiro-loop@2x":["https:\/\/site.ac-martinique.fr\/lyc-bellevue\/wp-content\/uploads\/sites\/127\/2023\/05\/631770c14c0cc_restructuration-lycee-bellevue-forpt-1-frame-3110-1200x640.jpg",1200,640,true]},"uagb_author_info":{"display_name":"Nathalie OXYBEL","author_link":"https:\/\/site.ac-martinique.fr\/lyc-bellevue\/?author=417"},"uagb_comment_info":0,"uagb_excerpt":"Pr\u00e9sentation Histoire du Lyc\u00e9e L&rsquo;\u00e9quipe du lyc\u00e9e F\u00e9d\u00e9ration de parents d&rsquo;\u00e9l\u00e8ves Inscriptions","_links":{"self":[{"href":"https:\/\/site.ac-martinique.fr\/lyc-bellevue\/index.php?rest_route=\/wp\/v2\/pages\/565","targetHints":{"allow":["GET"]}}],"collection":[{"href":"https:\/\/site.ac-martinique.fr\/lyc-bellevue\/index.php?rest_route=\/wp\/v2\/pages"}],"about":[{"href":"https:\/\/site.ac-martinique.fr\/lyc-bellevue\/index.php?rest_route=\/wp\/v2\/types\/page"}],"author":[{"embeddable":true,"href":"https:\/\/site.ac-martinique.fr\/lyc-bellevue\/index.php?rest_route=\/wp\/v2\/users\/417"}],"replies":[{"embeddable":true,"href":"https:\/\/site.ac-martinique.fr\/lyc-bellevue\/index.php?rest_route=%2Fwp%2Fv2%2Fcomments&post=565"}],"version-history":[{"count":10,"href":"https:\/\/site.ac-martinique.fr\/lyc-bellevue\/index.php?rest_route=\/wp\/v2\/pages\/565\/revisions"}],"predecessor-version":[{"id":2563,"href":"https:\/\/site.ac-martinique.fr\/lyc-bellevue\/index.php?rest_route=\/wp\/v2\/pages\/565\/revisions\/2563"}],"wp:featuredmedia":[{"embeddable":true,"href":"https:\/\/site.ac-martinique.fr\/lyc-bellevue\/index.php?rest_route=\/wp\/v2\/media\/506"}],"wp:attachment":[{"href":"https:\/\/site.ac-martinique.fr\/lyc-bellevue\/index.php?rest_route=%2Fwp%2Fv2%2Fmedia&parent=565"}],"curies":[{"name":"wp","href":"https:\/\/api.w.org\/{rel}","templated":true}]}}