{"id":686,"date":"2023-05-25T10:50:07","date_gmt":"2023-05-25T14:50:07","guid":{"rendered":"https:\/\/site.ac-martinique.fr\/lyc-bellevue\/?page_id=686"},"modified":"2023-10-09T17:06:21","modified_gmt":"2023-10-09T21:06:21","slug":"cdi","status":"publish","type":"page","link":"https:\/\/site.ac-martinique.fr\/lyc-bellevue\/?page_id=686","title":{"rendered":"CDI"},"content":{"rendered":"\n<h2 class=\"wp-block-heading has-text-color\" style=\"color:#003c85cf;font-style:normal;font-weight:100\">Le Centre de Documentation et d&rsquo;Information<\/h2>\n\n\n\n<h3 class=\"wp-block-heading\" style=\"font-style:normal;font-weight:100\">Pr\u00e9sentation du CDI<\/h3>\n\n\n\n<div class=\"wp-block-media-text is-stacked-on-mobile\"><figure class=\"wp-block-media-text__media\"><a href=\"https:\/\/www.youtube.com\/watch?v=2nJbI_fQVf4\" target=\"_blank\" rel=\"noreferrer noopener\"><img loading=\"lazy\" decoding=\"async\" width=\"1023\" height=\"583\" src=\"https:\/\/site.ac-martinique.fr\/lyc-bellevue\/wp-content\/uploads\/sites\/127\/2023\/10\/le-cdi.png\" alt=\"\" class=\"wp-image-1142 size-full\" srcset=\"https:\/\/site.ac-martinique.fr\/lyc-bellevue\/wp-content\/uploads\/sites\/127\/2023\/10\/le-cdi.png 1023w, https:\/\/site.ac-martinique.fr\/lyc-bellevue\/wp-content\/uploads\/sites\/127\/2023\/10\/le-cdi-300x171.png 300w, https:\/\/site.ac-martinique.fr\/lyc-bellevue\/wp-content\/uploads\/sites\/127\/2023\/10\/le-cdi-768x438.png 768w\" sizes=\"auto, (max-width: 1023px) 100vw, 1023px\" \/><\/a><\/figure><div class=\"wp-block-media-text__content\">\n<p><\/p>\n<\/div><\/div>\n\n\n\n<p><\/p>\n\n\n\n<p>Pour visionner la vid\u00e9o de pr\u00e9sentation du CDI du Lyc\u00e9e de Bellevue cliquez <a href=\"https:\/\/www.youtube.com\/watch?v=2nJbI_fQVf4\" target=\"_blank\" rel=\"noreferrer noopener\">ici<\/a><\/p>\n\n\n\n<div class=\"wp-block-media-text has-media-on-the-right is-stacked-on-mobile\"><div class=\"wp-block-media-text__content\">\n<p class=\"has-luminous-vivid-amber-background-color has-background\">Le catalogue ESidoc\u00a0recense l\u2019ensemble des ressources documentaires de l\u2019\u00e9tablissement. Avec de leur identifiant, \u00e9l\u00e8ves et membres de la communaut\u00e9 \u00e9ducative acc\u00e8dent \u00e0 des manuels, des livres, et des revues num\u00e9ris\u00e9es.<\/p>\n<\/div><figure class=\"wp-block-media-text__media\"><a href=\"9720003w.esidoc.fr\" target=\"_blank\" rel=\"noreferrer noopener\"><img loading=\"lazy\" decoding=\"async\" width=\"900\" height=\"311\" src=\"https:\/\/site.ac-martinique.fr\/lyc-bellevue\/wp-content\/uploads\/sites\/127\/2023\/06\/esidoc.png\" alt=\"\" class=\"wp-image-931 size-full\" srcset=\"https:\/\/site.ac-martinique.fr\/lyc-bellevue\/wp-content\/uploads\/sites\/127\/2023\/06\/esidoc.png 900w, https:\/\/site.ac-martinique.fr\/lyc-bellevue\/wp-content\/uploads\/sites\/127\/2023\/06\/esidoc-300x104.png 300w, https:\/\/site.ac-martinique.fr\/lyc-bellevue\/wp-content\/uploads\/sites\/127\/2023\/06\/esidoc-768x265.png 768w\" sizes=\"auto, (max-width: 900px) 100vw, 900px\" \/><\/a><\/figure><\/div>\n\n\n\n<p><\/p>\n\n\n\n<p>Pour acc\u00e9der au CDI en ligne du lyc\u00e9e de Bellevue cliquez <a href=\"https:\/\/9720003w.esidoc.fr\/\" target=\"_blank\" rel=\"noreferrer noopener\">ici<\/a>:<\/p>\n","protected":false},"excerpt":{"rendered":"<p>Le Centre de Documentation et d&rsquo;Information Pr\u00e9sentation du CDI Pour visionner la vid\u00e9o de pr\u00e9sentation du CDI du Lyc\u00e9e de Bellevue cliquez ici Le catalogue ESidoc\u00a0recense l\u2019ensemble des ressources documentaires de l\u2019\u00e9tablissement. Avec de leur identifiant, \u00e9l\u00e8ves et membres de la communaut\u00e9 \u00e9ducative acc\u00e8dent \u00e0 des manuels, des livres, et des revues num\u00e9ris\u00e9es. Pour acc\u00e9der &hellip; <\/p>\n<p class=\"link-more\"><a href=\"https:\/\/site.ac-martinique.fr\/lyc-bellevue\/?page_id=686\" class=\"more-link\">Lire la suite de<span class=\"screen-reader-text\">\u00ab\u00a0CDI\u00a0\u00bb<\/span><\/a><\/p>\n","protected":false},"author":417,"featured_media":951,"parent":0,"menu_order":0,"comment_status":"closed","ping_status":"closed","template":"","meta":{"_uag_custom_page_level_css":"","inspiro_hide_title":false,"footnotes":""},"class_list":["post-686","page","type-page","status-publish","has-post-thumbnail","hentry"],"yoast_head":"<!-- This site is optimized with the Yoast SEO plugin v27.4 - https:\/\/yoast.com\/product\/yoast-seo-wordpress\/ -->\n<title>CDI - Bienvenue au lyc\u00e9e de Bellevue<\/title>\n<meta name=\"robots\" content=\"index, follow, max-snippet:-1, max-image-preview:large, max-video-preview:-1\" \/>\n<link rel=\"canonical\" href=\"https:\/\/site.ac-martinique.fr\/lyc-bellevue\/?page_id=686\" \/>\n<meta property=\"og:locale\" content=\"fr_FR\" \/>\n<meta property=\"og:type\" content=\"article\" \/>\n<meta property=\"og:title\" content=\"CDI - Bienvenue au lyc\u00e9e de Bellevue\" \/>\n<meta property=\"og:description\" content=\"Le Centre de Documentation et d&rsquo;Information Pr\u00e9sentation du CDI Pour visionner la vid\u00e9o de pr\u00e9sentation du CDI du Lyc\u00e9e de Bellevue cliquez ici Le catalogue ESidoc\u00a0recense l\u2019ensemble des ressources documentaires de l\u2019\u00e9tablissement. Avec de leur identifiant, \u00e9l\u00e8ves et membres de la communaut\u00e9 \u00e9ducative acc\u00e8dent \u00e0 des manuels, des livres, et des revues num\u00e9ris\u00e9es. Pour acc\u00e9der &hellip; Lire la suite de\u00ab\u00a0CDI\u00a0\u00bb\" \/>\n<meta property=\"og:url\" content=\"https:\/\/site.ac-martinique.fr\/lyc-bellevue\/?page_id=686\" \/>\n<meta property=\"og:site_name\" content=\"Bienvenue au lyc\u00e9e de Bellevue\" \/>\n<meta property=\"article:modified_time\" content=\"2023-10-09T21:06:21+00:00\" \/>\n<meta property=\"og:image\" content=\"https:\/\/site.ac-martinique.fr\/lyc-bellevue\/wp-content\/uploads\/sites\/127\/2023\/07\/1688129475388blob.png\" \/>\n\t<meta property=\"og:image:width\" content=\"1080\" \/>\n\t<meta property=\"og:image:height\" content=\"810\" \/>\n\t<meta property=\"og:image:type\" content=\"image\/png\" \/>\n<meta name=\"twitter:card\" content=\"summary_large_image\" \/>\n<meta name=\"twitter:label1\" content=\"Dur\u00e9e de lecture estim\u00e9e\" \/>\n\t<meta name=\"twitter:data1\" content=\"1 minute\" \/>\n<script type=\"application\/ld+json\" class=\"yoast-schema-graph\">{\"@context\":\"https:\\\/\\\/schema.org\",\"@graph\":[{\"@type\":\"WebPage\",\"@id\":\"https:\\\/\\\/site.ac-martinique.fr\\\/lyc-bellevue\\\/?page_id=686\",\"url\":\"https:\\\/\\\/site.ac-martinique.fr\\\/lyc-bellevue\\\/?page_id=686\",\"name\":\"CDI - Bienvenue au lyc\u00e9e de Bellevue\",\"isPartOf\":{\"@id\":\"https:\\\/\\\/site.ac-martinique.fr\\\/lyc-bellevue\\\/#website\"},\"primaryImageOfPage\":{\"@id\":\"https:\\\/\\\/site.ac-martinique.fr\\\/lyc-bellevue\\\/?page_id=686#primaryimage\"},\"image\":{\"@id\":\"https:\\\/\\\/site.ac-martinique.fr\\\/lyc-bellevue\\\/?page_id=686#primaryimage\"},\"thumbnailUrl\":\"https:\\\/\\\/site.ac-martinique.fr\\\/lyc-bellevue\\\/wp-content\\\/uploads\\\/sites\\\/127\\\/2023\\\/07\\\/1688129475388blob.png\",\"datePublished\":\"2023-05-25T14:50:07+00:00\",\"dateModified\":\"2023-10-09T21:06:21+00:00\",\"breadcrumb\":{\"@id\":\"https:\\\/\\\/site.ac-martinique.fr\\\/lyc-bellevue\\\/?page_id=686#breadcrumb\"},\"inLanguage\":\"fr-FR\",\"potentialAction\":[{\"@type\":\"ReadAction\",\"target\":[\"https:\\\/\\\/site.ac-martinique.fr\\\/lyc-bellevue\\\/?page_id=686\"]}]},{\"@type\":\"ImageObject\",\"inLanguage\":\"fr-FR\",\"@id\":\"https:\\\/\\\/site.ac-martinique.fr\\\/lyc-bellevue\\\/?page_id=686#primaryimage\",\"url\":\"https:\\\/\\\/site.ac-martinique.fr\\\/lyc-bellevue\\\/wp-content\\\/uploads\\\/sites\\\/127\\\/2023\\\/07\\\/1688129475388blob.png\",\"contentUrl\":\"https:\\\/\\\/site.ac-martinique.fr\\\/lyc-bellevue\\\/wp-content\\\/uploads\\\/sites\\\/127\\\/2023\\\/07\\\/1688129475388blob.png\",\"width\":1080,\"height\":810},{\"@type\":\"BreadcrumbList\",\"@id\":\"https:\\\/\\\/site.ac-martinique.fr\\\/lyc-bellevue\\\/?page_id=686#breadcrumb\",\"itemListElement\":[{\"@type\":\"ListItem\",\"position\":1,\"name\":\"Accueil\",\"item\":\"https:\\\/\\\/site.ac-martinique.fr\\\/lyc-bellevue\\\/\"},{\"@type\":\"ListItem\",\"position\":2,\"name\":\"CDI\"}]},{\"@type\":\"WebSite\",\"@id\":\"https:\\\/\\\/site.ac-martinique.fr\\\/lyc-bellevue\\\/#website\",\"url\":\"https:\\\/\\\/site.ac-martinique.fr\\\/lyc-bellevue\\\/\",\"name\":\"Bienvenue au lyc\u00e9e de Bellevue\",\"description\":\"L&#039;Excellence dans la diversit\u00e9\",\"publisher\":{\"@id\":\"https:\\\/\\\/site.ac-martinique.fr\\\/lyc-bellevue\\\/#organization\"},\"potentialAction\":[{\"@type\":\"SearchAction\",\"target\":{\"@type\":\"EntryPoint\",\"urlTemplate\":\"https:\\\/\\\/site.ac-martinique.fr\\\/lyc-bellevue\\\/?s={search_term_string}\"},\"query-input\":{\"@type\":\"PropertyValueSpecification\",\"valueRequired\":true,\"valueName\":\"search_term_string\"}}],\"inLanguage\":\"fr-FR\"},{\"@type\":\"Organization\",\"@id\":\"https:\\\/\\\/site.ac-martinique.fr\\\/lyc-bellevue\\\/#organization\",\"name\":\"Bienvenue au lyc\u00e9e de Bellevue\",\"url\":\"https:\\\/\\\/site.ac-martinique.fr\\\/lyc-bellevue\\\/\",\"logo\":{\"@type\":\"ImageObject\",\"inLanguage\":\"fr-FR\",\"@id\":\"https:\\\/\\\/site.ac-martinique.fr\\\/lyc-bellevue\\\/#\\\/schema\\\/logo\\\/image\\\/\",\"url\":\"https:\\\/\\\/site.ac-martinique.fr\\\/lyc-bellevue\\\/wp-content\\\/uploads\\\/sites\\\/127\\\/2023\\\/05\\\/cropped-logo_bellevue_revu_bellevue_bleu_martinique_juste_les_lettres-removebg-preview-1.png\",\"contentUrl\":\"https:\\\/\\\/site.ac-martinique.fr\\\/lyc-bellevue\\\/wp-content\\\/uploads\\\/sites\\\/127\\\/2023\\\/05\\\/cropped-logo_bellevue_revu_bellevue_bleu_martinique_juste_les_lettres-removebg-preview-1.png\",\"width\":485,\"height\":513,\"caption\":\"Bienvenue au lyc\u00e9e de Bellevue\"},\"image\":{\"@id\":\"https:\\\/\\\/site.ac-martinique.fr\\\/lyc-bellevue\\\/#\\\/schema\\\/logo\\\/image\\\/\"}}]}<\/script>\n<!-- \/ Yoast SEO plugin. -->","yoast_head_json":{"title":"CDI - Bienvenue au lyc\u00e9e de Bellevue","robots":{"index":"index","follow":"follow","max-snippet":"max-snippet:-1","max-image-preview":"max-image-preview:large","max-video-preview":"max-video-preview:-1"},"canonical":"https:\/\/site.ac-martinique.fr\/lyc-bellevue\/?page_id=686","og_locale":"fr_FR","og_type":"article","og_title":"CDI - Bienvenue au lyc\u00e9e de Bellevue","og_description":"Le Centre de Documentation et d&rsquo;Information Pr\u00e9sentation du CDI Pour visionner la vid\u00e9o de pr\u00e9sentation du CDI du Lyc\u00e9e de Bellevue cliquez ici Le catalogue ESidoc\u00a0recense l\u2019ensemble des ressources documentaires de l\u2019\u00e9tablissement. Avec de leur identifiant, \u00e9l\u00e8ves et membres de la communaut\u00e9 \u00e9ducative acc\u00e8dent \u00e0 des manuels, des livres, et des revues num\u00e9ris\u00e9es. Pour acc\u00e9der &hellip; Lire la suite de\u00ab\u00a0CDI\u00a0\u00bb","og_url":"https:\/\/site.ac-martinique.fr\/lyc-bellevue\/?page_id=686","og_site_name":"Bienvenue au lyc\u00e9e de Bellevue","article_modified_time":"2023-10-09T21:06:21+00:00","og_image":[{"width":1080,"height":810,"url":"https:\/\/site.ac-martinique.fr\/lyc-bellevue\/wp-content\/uploads\/sites\/127\/2023\/07\/1688129475388blob.png","type":"image\/png"}],"twitter_card":"summary_large_image","twitter_misc":{"Dur\u00e9e de lecture estim\u00e9e":"1 minute"},"schema":{"@context":"https:\/\/schema.org","@graph":[{"@type":"WebPage","@id":"https:\/\/site.ac-martinique.fr\/lyc-bellevue\/?page_id=686","url":"https:\/\/site.ac-martinique.fr\/lyc-bellevue\/?page_id=686","name":"CDI - Bienvenue au lyc\u00e9e de Bellevue","isPartOf":{"@id":"https:\/\/site.ac-martinique.fr\/lyc-bellevue\/#website"},"primaryImageOfPage":{"@id":"https:\/\/site.ac-martinique.fr\/lyc-bellevue\/?page_id=686#primaryimage"},"image":{"@id":"https:\/\/site.ac-martinique.fr\/lyc-bellevue\/?page_id=686#primaryimage"},"thumbnailUrl":"https:\/\/site.ac-martinique.fr\/lyc-bellevue\/wp-content\/uploads\/sites\/127\/2023\/07\/1688129475388blob.png","datePublished":"2023-05-25T14:50:07+00:00","dateModified":"2023-10-09T21:06:21+00:00","breadcrumb":{"@id":"https:\/\/site.ac-martinique.fr\/lyc-bellevue\/?page_id=686#breadcrumb"},"inLanguage":"fr-FR","potentialAction":[{"@type":"ReadAction","target":["https:\/\/site.ac-martinique.fr\/lyc-bellevue\/?page_id=686"]}]},{"@type":"ImageObject","inLanguage":"fr-FR","@id":"https:\/\/site.ac-martinique.fr\/lyc-bellevue\/?page_id=686#primaryimage","url":"https:\/\/site.ac-martinique.fr\/lyc-bellevue\/wp-content\/uploads\/sites\/127\/2023\/07\/1688129475388blob.png","contentUrl":"https:\/\/site.ac-martinique.fr\/lyc-bellevue\/wp-content\/uploads\/sites\/127\/2023\/07\/1688129475388blob.png","width":1080,"height":810},{"@type":"BreadcrumbList","@id":"https:\/\/site.ac-martinique.fr\/lyc-bellevue\/?page_id=686#breadcrumb","itemListElement":[{"@type":"ListItem","position":1,"name":"Accueil","item":"https:\/\/site.ac-martinique.fr\/lyc-bellevue\/"},{"@type":"ListItem","position":2,"name":"CDI"}]},{"@type":"WebSite","@id":"https:\/\/site.ac-martinique.fr\/lyc-bellevue\/#website","url":"https:\/\/site.ac-martinique.fr\/lyc-bellevue\/","name":"Bienvenue au lyc\u00e9e de Bellevue","description":"L&#039;Excellence dans la diversit\u00e9","publisher":{"@id":"https:\/\/site.ac-martinique.fr\/lyc-bellevue\/#organization"},"potentialAction":[{"@type":"SearchAction","target":{"@type":"EntryPoint","urlTemplate":"https:\/\/site.ac-martinique.fr\/lyc-bellevue\/?s={search_term_string}"},"query-input":{"@type":"PropertyValueSpecification","valueRequired":true,"valueName":"search_term_string"}}],"inLanguage":"fr-FR"},{"@type":"Organization","@id":"https:\/\/site.ac-martinique.fr\/lyc-bellevue\/#organization","name":"Bienvenue au lyc\u00e9e de Bellevue","url":"https:\/\/site.ac-martinique.fr\/lyc-bellevue\/","logo":{"@type":"ImageObject","inLanguage":"fr-FR","@id":"https:\/\/site.ac-martinique.fr\/lyc-bellevue\/#\/schema\/logo\/image\/","url":"https:\/\/site.ac-martinique.fr\/lyc-bellevue\/wp-content\/uploads\/sites\/127\/2023\/05\/cropped-logo_bellevue_revu_bellevue_bleu_martinique_juste_les_lettres-removebg-preview-1.png","contentUrl":"https:\/\/site.ac-martinique.fr\/lyc-bellevue\/wp-content\/uploads\/sites\/127\/2023\/05\/cropped-logo_bellevue_revu_bellevue_bleu_martinique_juste_les_lettres-removebg-preview-1.png","width":485,"height":513,"caption":"Bienvenue au lyc\u00e9e de Bellevue"},"image":{"@id":"https:\/\/site.ac-martinique.fr\/lyc-bellevue\/#\/schema\/logo\/image\/"}}]}},"uagb_featured_image_src":{"full":["https:\/\/site.ac-martinique.fr\/lyc-bellevue\/wp-content\/uploads\/sites\/127\/2023\/07\/1688129475388blob.png",1080,810,false],"thumbnail":["https:\/\/site.ac-martinique.fr\/lyc-bellevue\/wp-content\/uploads\/sites\/127\/2023\/07\/1688129475388blob-150x150.png",150,150,true],"medium":["https:\/\/site.ac-martinique.fr\/lyc-bellevue\/wp-content\/uploads\/sites\/127\/2023\/07\/1688129475388blob-300x225.png",300,225,true],"medium_large":["https:\/\/site.ac-martinique.fr\/lyc-bellevue\/wp-content\/uploads\/sites\/127\/2023\/07\/1688129475388blob-768x576.png",768,576,true],"large":["https:\/\/site.ac-martinique.fr\/lyc-bellevue\/wp-content\/uploads\/sites\/127\/2023\/07\/1688129475388blob-1024x768.png",950,713,true],"1536x1536":["https:\/\/site.ac-martinique.fr\/lyc-bellevue\/wp-content\/uploads\/sites\/127\/2023\/07\/1688129475388blob.png",1080,810,false],"2048x2048":["https:\/\/site.ac-martinique.fr\/lyc-bellevue\/wp-content\/uploads\/sites\/127\/2023\/07\/1688129475388blob.png",1080,810,false],"inspiro-featured-image":["https:\/\/site.ac-martinique.fr\/lyc-bellevue\/wp-content\/uploads\/sites\/127\/2023\/07\/1688129475388blob.png",1080,810,false],"inspiro-loop":["https:\/\/site.ac-martinique.fr\/lyc-bellevue\/wp-content\/uploads\/sites\/127\/2023\/07\/1688129475388blob-950x320.png",950,320,true],"inspiro-loop@2x":["https:\/\/site.ac-martinique.fr\/lyc-bellevue\/wp-content\/uploads\/sites\/127\/2023\/07\/1688129475388blob-1080x640.png",1080,640,true]},"uagb_author_info":{"display_name":"Nathalie OXYBEL","author_link":"https:\/\/site.ac-martinique.fr\/lyc-bellevue\/?author=417"},"uagb_comment_info":0,"uagb_excerpt":"Le Centre de Documentation et d&rsquo;Information Pr\u00e9sentation du CDI Pour visionner la vid\u00e9o de pr\u00e9sentation du CDI du Lyc\u00e9e de Bellevue cliquez ici Le catalogue ESidoc\u00a0recense l\u2019ensemble des ressources documentaires de l\u2019\u00e9tablissement. Avec de leur identifiant, \u00e9l\u00e8ves et membres de la communaut\u00e9 \u00e9ducative acc\u00e8dent \u00e0 des manuels, des livres, et des revues num\u00e9ris\u00e9es. Pour acc\u00e9der\u2026","_links":{"self":[{"href":"https:\/\/site.ac-martinique.fr\/lyc-bellevue\/index.php?rest_route=\/wp\/v2\/pages\/686","targetHints":{"allow":["GET"]}}],"collection":[{"href":"https:\/\/site.ac-martinique.fr\/lyc-bellevue\/index.php?rest_route=\/wp\/v2\/pages"}],"about":[{"href":"https:\/\/site.ac-martinique.fr\/lyc-bellevue\/index.php?rest_route=\/wp\/v2\/types\/page"}],"author":[{"embeddable":true,"href":"https:\/\/site.ac-martinique.fr\/lyc-bellevue\/index.php?rest_route=\/wp\/v2\/users\/417"}],"replies":[{"embeddable":true,"href":"https:\/\/site.ac-martinique.fr\/lyc-bellevue\/index.php?rest_route=%2Fwp%2Fv2%2Fcomments&post=686"}],"version-history":[{"count":12,"href":"https:\/\/site.ac-martinique.fr\/lyc-bellevue\/index.php?rest_route=\/wp\/v2\/pages\/686\/revisions"}],"predecessor-version":[{"id":1152,"href":"https:\/\/site.ac-martinique.fr\/lyc-bellevue\/index.php?rest_route=\/wp\/v2\/pages\/686\/revisions\/1152"}],"wp:featuredmedia":[{"embeddable":true,"href":"https:\/\/site.ac-martinique.fr\/lyc-bellevue\/index.php?rest_route=\/wp\/v2\/media\/951"}],"wp:attachment":[{"href":"https:\/\/site.ac-martinique.fr\/lyc-bellevue\/index.php?rest_route=%2Fwp%2Fv2%2Fmedia&parent=686"}],"curies":[{"name":"wp","href":"https:\/\/api.w.org\/{rel}","templated":true}]}}