{"id":150,"date":"2014-04-09T23:14:16","date_gmt":"2014-04-09T22:14:16","guid":{"rendered":"\/lyc-dumasjeanjoseph\/?page_id=150"},"modified":"2014-04-09T23:14:16","modified_gmt":"2014-04-09T22:14:16","slug":"reglement-interieur-bts-metiers-des-services-a-lenvironnement","status":"publish","type":"page","link":"https:\/\/site.ac-martinique.fr\/lyc-dumasjeanjoseph\/?page_id=150","title":{"rendered":"R\u00e9glement int\u00e9rieur BTS M\u00e9tiers des Services \u00e0 l&rsquo;Environnement"},"content":{"rendered":"<p align=\"center\"><b>PREAMBULE<\/b><\/p>\n<p>La formation est dispens\u00e9e sur une p\u00e9riode de deux ans.<\/p>\n<p>Un suivi r\u00e9gulier assure la primaut\u00e9 de la r\u00e9ussite.<\/p>\n<p>&nbsp;<\/p>\n<p><b>OBLIGATION DES ETUDIANTS<\/b><b>\u00a0<\/b><\/p>\n<ul>\n<li>L\u2019inscription en classes BTS est un acte volontaire.<\/li>\n<\/ul>\n<ul>\n<li>Les \u00e9tudiants doivent prendre conscience que la r\u00e9ussite \u00e0 l\u2019examen national de BTS sera le fruit de leurs efforts r\u00e9partis sur les deux ann\u00e9es d\u2019\u00e9tudes.<\/li>\n<\/ul>\n<ul>\n<li>Les \u00e9tudiants s\u2019obligent \u00e0 assister \u00e0 tous les cours dispens\u00e9s dans toutes les mati\u00e8res du programme du BTS pr\u00e9par\u00e9 ainsi qu\u2019\u00e0 tous les travaux ponctuels mis en place par l\u2019\u00e9quipe p\u00e9dagogique en vue de la r\u00e9ussite au dipl\u00f4me.<\/li>\n<\/ul>\n<ul>\n<li>Les \u00e9tudiants se doivent d\u2019apporter en cours tout mat\u00e9riel exig\u00e9 par leurs professeurs.<\/li>\n<\/ul>\n<p>&nbsp;<\/p>\n<p><b>CALENDRIER SCOLAIRE<\/b><\/p>\n<ul>\n<li>Les ann\u00e9es scolaires du Brevet de Technicien Sup\u00e9rieur suivent le calendrier des \u00e9tablissements du second degr\u00e9 d\u00e9pendant du Minist\u00e8re de l\u2019Education Nationale.<\/li>\n<\/ul>\n<ul>\n<li>Des am\u00e9nagements exceptionnels pourront avoir lieu. Ainsi, pour les classes du BTS, des cours compl\u00e9mentaires pourront \u00eatre d\u00e9cid\u00e9s, afin d\u2019offrir aux \u00e9tudiants la meilleure pr\u00e9paration possible.<\/li>\n<\/ul>\n<p>&nbsp;<\/p>\n<p><b>RETARD ET ABSENCES<\/b><\/p>\n<ul>\n<li><b>Tout retard aux heures pr\u00e9cises de l\u2019emploi du temps sera consid\u00e9r\u00e9 comme une absence \u00e0 la s\u00e9ance.<\/b><\/li>\n<\/ul>\n<ul>\n<li>Tout \u00e9tudiant non admis pour indiscipline sera consid\u00e9r\u00e9 comme absent \u00e0 toute la s\u00e9ance.<\/li>\n<\/ul>\n<ul>\n<li>La pr\u00e9sence au contr\u00f4le de connaissances, aux examens, aux interventions, aux conf\u00e9rences et aux visites est obligatoire.<\/li>\n<\/ul>\n<ul>\n<li>Les absences pour cause de maladie doivent \u00eatre justifi\u00e9es par un certificat m\u00e9dical adress\u00e9 au service de scolarit\u00e9 dans un d\u00e9lai ne d\u00e9passant pas 48 heures, y compris durant les p\u00e9riodes de stage.<\/li>\n<\/ul>\n<ul>\n<li>Toute absence non justifi\u00e9e sera sanctionn\u00e9e comme suit :<\/li>\n<\/ul>\n<p>1-\u00a0\u00a0\u00a0 Rattrapage des heures concert\u00e9 avec le professeur r\u00e9f\u00e9rent.<\/p>\n<p>2-\u00a0\u00a0 Convocation devant une commission \u00e9ducative.<\/p>\n<p>3-\u00a0\u00a0 Convocation devant le conseil de discipline qui sera sanctionn\u00e9e par une exclusion d\u00e9finitive.<\/p>\n<p>&nbsp;<\/p>\n<ul>\n<li>Tout \u00e9tudiant absent \u00e0 un contr\u00f4le ou \u00e0 un examen dont l\u2019absence est justifi\u00e9e doit se mettre en rapport avec le professeur concern\u00e9 pour un \u00e9ventuel rattrapage, sans lequel la note z\u00e9ro lui sera maintenue.<\/li>\n<\/ul>\n<p>&nbsp;<\/p>\n<p><b>\u00a0<\/b><\/p>\n<p><b>CONTROLE DES ETUDES<\/b><\/p>\n<p>&nbsp;<\/p>\n<p>Les \u00e9tudiants sont astreints au cours de leur scolarit\u00e9 \u00e0 effectuer un certain nombre de rendus.<br \/>\nLes travaux, en classe ou \u00e0 la maison, font l\u2019objet d&rsquo;appr\u00e9ciations et de notations. Ces notes permettent de suivre l\u2019\u00e9volution du niveau de l\u2019\u00e9l\u00e8ve et d\u2019appr\u00e9cier le travail et l\u2019effort fournis. Tout travail non rendu dans les temps sera not\u00e9 0 (avec l\u2019incidence que cela peut avoir sur les moyennes). Toute absence non justifi\u00e9e \u00e0 un devoir pr\u00e9vu sera sanctionn\u00e9e par un \u00ab\u00a0z\u00e9ro\u00a0\u00bb.<\/p>\n<p>&nbsp;<\/p>\n<p>Pour tout \u00e9tudiant ayant accumul\u00e9 trois \u00ab\u00a0z\u00e9ro\u00a0\u00bb toutes mati\u00e8res confondues, des heures de rattrapage et des devoirs seront mis en place le mercredi apr\u00e8s-midi ou le samedi matin selon l\u2019emploi du temps.<\/p>\n<p>&nbsp;<\/p>\n<p>Une demi-journ\u00e9e, dans la semaine, sera consacr\u00e9e aux \u00e9valuations. Un planning sera remis aux \u00e9tudiants par l\u2019\u00e9quipe p\u00e9dagogique.<\/p>\n<p>&nbsp;<\/p>\n<p>Des examens blancs sont pr\u00e9vus la semaine avant les vacances de No\u00ebl et la semaine apr\u00e8s les vacances de P\u00e2ques.<\/p>\n<p><b>\u00a0<\/b><\/p>\n<p><b>CONSEIL DE CLASSE<\/b><\/p>\n<p>Un conseil de classe de fin de semestre se r\u00e9unit, sous l\u2019autorit\u00e9 du proviseur et\/ou du\u00a0 proviseur adjoint et des professeurs.<\/p>\n<p>Un ou deux d\u00e9l\u00e9gu\u00e9s \u00e9tudiants, \u00e9lus par ses camarades de classe en d\u00e9but d\u2019ann\u00e9e,\u00a0 assistent au Conseil.<\/p>\n<p>Le Conseil de Classe aborde les probl\u00e8mes g\u00e9n\u00e9raux de la classe et \u00e9tablit un bilan tant du travail que du comportement de chaque \u00e9tudiant.<\/p>\n<p>Le Conseil a tous les pouvoirs pour d\u00e9cider de toute sanction jug\u00e9e n\u00e9cessaire \u00e0 la bonne marche et \u00e0 l\u2019efficacit\u00e9 de l\u2019enseignement.<\/p>\n<p>Le bulletin, unique exemplaire original, doit \u00eatre conserv\u00e9. Aucun duplicata ne sera d\u00e9livr\u00e9.<\/p>\n<p>&nbsp;<\/p>\n<p><b>LE PASSAGE EN CLASSE SUPERIEURE<\/b><\/p>\n<p><b>\u00a0<\/b><\/p>\n<p>En fin d&rsquo;ann\u00e9e scolaire, le Chef d\u2019\u00c9tablissement, sur proposition du Conseil de classe et au vu du dossier scolaire de l&rsquo;\u00e9tudiant (motivation, r\u00e9sultats, comportement, assiduit\u00e9), prononce le passage en classe sup\u00e9rieure.<\/p>\n<p>Dans le cas contraire, il peut proposer, exceptionnellement,\u00a0 le redoublement.<\/p>\n<p>Il appartient donc \u00e0 chacun de prendre en compte les remarques faites et de fournir les efforts qui lui sont demand\u00e9s pour assurer son succ\u00e8s.<\/p>\n<p>En cas de d\u00e9mission en 2\u00e8me ann\u00e9e, l\u2019\u00e9tudiant ne peut en aucune fa\u00e7on se pr\u00e9senter \u00e0 l\u2019examen du BTS M.S.E.<\/p>\n<p><b>\u00a0<\/b><\/p>\n<p><b>SANCTIONS<\/b><\/p>\n<p><b>\u00a0<\/b><\/p>\n<p>Toute tentative de fraude lors d\u2019un contr\u00f4le ou d\u2019un devoir surveill\u00e9, sera sanctionn\u00e9e par un z\u00e9ro.<\/p>\n<p><b>\u00a0<\/b><\/p>\n<p><b>CODE DE BONNE CONDUITE<\/b><\/p>\n<p><b>\u00a0<\/b><\/p>\n<p>Les \u00e9tudiants sont tenus\u00a0:<\/p>\n<ul>\n<li>de respecter tous les membres de la communaut\u00e9 \u00e9ducative.<\/li>\n<\/ul>\n<ul>\n<li>d\u2019avoir une attitude correcte aux cours comme aux intercours<\/li>\n<\/ul>\n<ul>\n<li>de se comporter correctement au sein de l\u2019\u00e9tablissement.<\/li>\n<\/ul>\n<ul>\n<li>de laisser leur portable \u00e9teint dans leur sac durant les cours.<\/li>\n<\/ul>\n<p>Tout manquement \u00e0 cette correction est susceptible de faire l\u2019objet d\u2019une mise en garde de l\u2019\u00e9l\u00e8ve.<\/p>\n<p>&nbsp;<\/p>\n<p><b>TENUE VESTIMENTAIRE<\/b><\/p>\n<p>&nbsp;<\/p>\n<p>A l&rsquo;int\u00e9rieur comme aux abords du lyc\u00e9e et lors des d\u00e9placements \u00e0 l&rsquo;ext\u00e9rieur, une tenue correcte est exig\u00e9e\u00a0:<\/p>\n<ul>\n<li>pour les gar\u00e7ons\u00a0: chemise unie, \u00e0 rayures, \u00e0 carreaux et pantalon, jean classique (sans fantaisie ni impression) avec ceinture attach\u00e9e \u00e0 la taille. Pas de t-shirt, ni de polo.<\/li>\n<li>pour les filles\u00a0: chemise, chemisier uni, \u00e0 rayures, \u00e0 carreaux et pantalon, jean classique (sans fantaisie ni impression) ou jupe (aux genoux minimum). Pas de t-shirt, ni de polo.<\/li>\n<li>Les cheveux doivent \u00eatre propres et bien coiff\u00e9s en toute circonstance. Les nattes, les tresses sont interdites pour les gar\u00e7ons.<\/li>\n<li>Pas de locks.<\/li>\n<li>Les boucles d\u2019oreilles et autres bijoux sont interdits pour les gar\u00e7ons.<\/li>\n<li>Les casquettes et autres couvre-chefs ne sont pas autoris\u00e9s dans l\u2019enceinte de la cit\u00e9 scolaire.<\/li>\n<li>Le port de bijoux doit \u00eatre tr\u00e8s discret pour les filles<\/li>\n<li>Les piercings sont interdits<\/li>\n<li>Au cours des s\u00e9ances de TP de microbiologie, l\u2019\u00e9tudiant s\u2019engage\u00a0:\n<ul>\n<li>\u00e0 acqu\u00e9rir une blouse blanche en coton manches longues, \u00e0 la porter \u00e0 caque s\u00e9ance de TP, sinon, il sera exclu de la s\u00e9ance et envoy\u00e9 en permanence.<\/li>\n<li>\u00e0 suivre et \u00e0 respecter les consignes de s\u00e9curit\u00e9 \u00e9nonc\u00e9es par le professeur et affich\u00e9es dans la salle.<\/li>\n<li>conserver une attitude calme en salle de TP et \u00e0 ne prendre aucune initiative qui pourrait s\u2019av\u00e9rer dangereuse pour lui comme pour son entourage.<\/li>\n<\/ul>\n<\/li>\n<\/ul>\n<p>L&rsquo;acc\u00e8s aux locaux couverts n&rsquo;est autoris\u00e9 que t\u00eate nue.<\/p>\n<p>&nbsp;<\/p>\n<p><b>ETUDIANTS MINEURS ET ETUDIANTS MAJEURS<\/b><\/p>\n<p>&nbsp;<\/p>\n<p>La scolarit\u00e9 de l\u2019\u00e9l\u00e8ve mineur est du ressort exclusif des parents.<\/p>\n<p>Le r\u00e8glement s\u2019impose aussi aux \u00e9tudiants majeurs. Cependant, l\u2019\u00e9tudiant majeur peut, \u00e0 condition d\u2019en faire la demande par \u00e9crit aupr\u00e8s du chef d\u2019\u00e9tablissement, accomplir lui-m\u00eame les actes qui incombent habituellement aux parents des \u00e9tudiants mineurs (orientation, justifications d\u2019absences\u2026). Les parents de l\u2019\u00e9tudiant majeur sont inform\u00e9s de cette d\u00e9marche mais aussi des \u00e9v\u00e8nements graves (absences abusives, sanctions graves, d\u00e9mission ou accident) le concernant.<\/p>\n<p>&nbsp;<\/p>\n<p><b>MOYENS PEDAGOGIQUES<\/b><\/p>\n<p>L\u2019\u00e9tablissement met, \u00e0 disposition des \u00e9tudiants, une salle accessible entre 12h30 et 14h15 comportant du mat\u00e9riel informatique (ordinateurs portables, imprimante, acc\u00e8s internet).<\/p>\n<p>Un professeur de l\u2019\u00e9quipe p\u00e9dagogique peut permettre l\u2019acc\u00e8s \u00e0 la salle apr\u00e8s signature d\u2019une prise en charge du mat\u00e9riel par un \u00e9tudiant pr\u00e9sent.<\/p>\n<p>Les \u00e9tudiants sont responsables du mat\u00e9riel \u00e0 disposition et doivent en prendre soin.<\/p>\n<p>Un cahier de correspondance sera mis en place dans la salle afin d\u2019y noter le moindre dysfonctionnement. Il servira de liaison entre les \u00e9tudiants, l\u2019\u00e9quipe p\u00e9dagogique et l\u2019administration.<\/p>\n<p>Il est absolument interdit\u00a0 de consommer (nourriture, boisson, etc.) dans cette salle.<\/p>\n<p>Les \u00e9tudiants doivent fournir le papier pour alimenter l\u2019imprimante.<\/p>\n<p>Le mat\u00e9riel doit \u00eatre rang\u00e9 et la cl\u00e9 de la salle remise par un membre de l\u2019\u00e9quipe p\u00e9dagogique \u00e0 l\u2019administration au plus tard \u00e0 14h15.<\/p>\n<p>&nbsp;<\/p>\n<p><b>RESPONSABILITE<\/b><\/p>\n<ul>\n<li>Un exemplaire de ce R\u00e8glement est affich\u00e9 en permanence dans l\u2019\u00e9tablissement.<\/li>\n<li>Un double est remis \u00e0 chaque \u00e9tudiant au d\u00e9but de l\u2019ann\u00e9e scolaire afin qu\u2019il en prenne connaissance.<\/li>\n<li>Le pr\u00e9sent R\u00e8glement n\u2019a pas de caract\u00e8re d\u00e9finitif, il peut \u00e9voluer en fonction du d\u00e9roulement de l\u2019ann\u00e9e scolaire.<\/li>\n<li>Sa mise \u00e0 jour se fera par le biais de notes internes, \u00e0 r\u00e9gulariser par le Conseil d\u2019Administration.<\/li>\n<li>Toute d\u00e9cision d\u2019exclusion que serait amen\u00e9e \u00e0 prendre la direction, soit pour indiscipline, soit pour manque de travail, est sans appel.<\/li>\n<\/ul>\n<p>&nbsp;<\/p>\n<p>&nbsp;<\/p>\n<p><b>SIGNATURE ETUDIANT,\u00a0\u00a0\u00a0 \u00a0\u00a0\u00a0\u00a0\u00a0\u00a0\u00a0\u00a0\u00a0\u00a0\u00a0\u00a0\u00a0\u00a0\u00a0\u00a0\u00a0\u00a0\u00a0\u00a0\u00a0\u00a0\u00a0\u00a0\u00a0\u00a0 SIGNATURE PARENTS,<\/b><\/p>\n<p><b>\u00a0<\/b><\/p>\n<p>&nbsp;<\/p>\n\n<div class=\"twitter-share\"><a href=\"https:\/\/twitter.com\/intent\/tweet?via=lp_djj\" class=\"twitter-share-button\">Tweet<\/a><\/div>\n","protected":false},"excerpt":{"rendered":"<p>PREAMBULE La formation est dispens\u00e9e sur une p\u00e9riode de deux ans. Un suivi r\u00e9gulier assure la primaut\u00e9 de la r\u00e9ussite. &nbsp; OBLIGATION DES ETUDIANTS\u00a0 L\u2019inscription en classes BTS est un acte volontaire. Les \u00e9tudiants doivent prendre conscience que la r\u00e9ussite \u00e0 l\u2019examen national de BTS sera le fruit de leurs efforts r\u00e9partis sur les deux ann\u00e9es d\u2019\u00e9tudes. Les \u00e9tudiants s\u2019obligent \u00e0 assister \u00e0 tous les cours dispens\u00e9s dans toutes les mati\u00e8res du programme du BTS pr\u00e9par\u00e9 ainsi qu\u2019\u00e0 tous les travaux ponctuels mis en place par l\u2019\u00e9quipe p\u00e9dagogique en vue de la r\u00e9ussite au dipl\u00f4me. Les \u00e9tudiants se doivent d\u2019apporter en cours tout mat\u00e9riel exig\u00e9 par leurs professeurs. &nbsp; CALENDRIER SCOLAIRE Les ann\u00e9es scolaires du Brevet de Technicien Sup\u00e9rieur suivent le calendrier des \u00e9tablissements du second degr\u00e9 d\u00e9pendant du Minist\u00e8re de l\u2019Education Nationale. Des am\u00e9nagements exceptionnels pourront avoir lieu. Ainsi, pour les classes du BTS, des cours compl\u00e9mentaires pourront \u00eatre d\u00e9cid\u00e9s, afin d\u2019offrir aux \u00e9tudiants la meilleure pr\u00e9paration possible. &nbsp; RETARD ET ABSENCES Tout retard aux heures pr\u00e9cises de l\u2019emploi du temps sera consid\u00e9r\u00e9 comme une absence \u00e0 la s\u00e9ance. Tout \u00e9tudiant non admis pour indiscipline sera consid\u00e9r\u00e9 comme absent \u00e0 toute la s\u00e9ance. La pr\u00e9sence au contr\u00f4le de connaissances, aux examens, aux interventions, aux conf\u00e9rences et aux visites est obligatoire. Les absences pour cause de maladie doivent \u00eatre justifi\u00e9es par un certificat m\u00e9dical adress\u00e9 au service de scolarit\u00e9 dans un d\u00e9lai ne d\u00e9passant pas 48 heures, y compris durant les p\u00e9riodes de stage. Toute absence non justifi\u00e9e sera sanctionn\u00e9e comme suit : 1-\u00a0\u00a0\u00a0 Rattrapage des heures concert\u00e9 avec le professeur r\u00e9f\u00e9rent. 2-\u00a0\u00a0 Convocation devant une commission \u00e9ducative. 3-\u00a0\u00a0 Convocation devant le conseil de discipline qui sera sanctionn\u00e9e par une exclusion d\u00e9finitive. &nbsp; Tout \u00e9tudiant absent \u00e0 un contr\u00f4le ou \u00e0 un examen dont l\u2019absence est justifi\u00e9e doit se mettre en rapport avec le professeur concern\u00e9 pour un \u00e9ventuel rattrapage, sans lequel la note z\u00e9ro lui sera maintenue. &nbsp; \u00a0 CONTROLE DES ETUDES &nbsp; Les \u00e9tudiants sont astreints au cours de leur scolarit\u00e9 \u00e0 effectuer un certain nombre de rendus. Les travaux, en classe ou \u00e0 la maison, font l\u2019objet d&rsquo;appr\u00e9ciations et de notations. Ces notes permettent de suivre l\u2019\u00e9volution du niveau de l\u2019\u00e9l\u00e8ve et d\u2019appr\u00e9cier le travail et l\u2019effort fournis. Tout travail non rendu dans les temps sera not\u00e9 0 (avec l\u2019incidence que cela peut avoir sur les moyennes). Toute absence non justifi\u00e9e \u00e0 un devoir pr\u00e9vu sera sanctionn\u00e9e par un \u00ab\u00a0z\u00e9ro\u00a0\u00bb. &nbsp; Pour tout \u00e9tudiant ayant accumul\u00e9 trois \u00ab\u00a0z\u00e9ro\u00a0\u00bb toutes mati\u00e8res confondues, des heures de rattrapage et des devoirs seront mis en place le mercredi apr\u00e8s-midi ou le samedi matin selon l\u2019emploi du temps. &nbsp; Une demi-journ\u00e9e, dans la semaine, sera consacr\u00e9e aux \u00e9valuations. Un planning sera remis aux \u00e9tudiants par l\u2019\u00e9quipe p\u00e9dagogique. &nbsp; Des examens blancs sont pr\u00e9vus la semaine avant les vacances de No\u00ebl et la semaine apr\u00e8s les vacances de P\u00e2ques. \u00a0 CONSEIL DE CLASSE Un conseil de classe de fin de semestre se r\u00e9unit, sous l\u2019autorit\u00e9 du proviseur et\/ou du\u00a0 proviseur adjoint et des professeurs. Un ou deux d\u00e9l\u00e9gu\u00e9s \u00e9tudiants, \u00e9lus par ses camarades de classe en d\u00e9but d\u2019ann\u00e9e,\u00a0 assistent au Conseil. Le Conseil de Classe aborde les probl\u00e8mes g\u00e9n\u00e9raux de la classe et \u00e9tablit un bilan tant du travail que du comportement de chaque \u00e9tudiant. Le Conseil a tous les pouvoirs pour d\u00e9cider de toute sanction jug\u00e9e n\u00e9cessaire \u00e0 la bonne marche et \u00e0 l\u2019efficacit\u00e9 de l\u2019enseignement. Le bulletin, unique exemplaire original, doit \u00eatre conserv\u00e9. Aucun duplicata ne sera d\u00e9livr\u00e9. &nbsp; LE PASSAGE EN CLASSE SUPERIEURE \u00a0 En fin d&rsquo;ann\u00e9e scolaire, le Chef d\u2019\u00c9tablissement, sur proposition du Conseil de classe et au vu du dossier scolaire de l&rsquo;\u00e9tudiant (motivation, r\u00e9sultats, comportement, assiduit\u00e9), prononce le passage en classe sup\u00e9rieure. Dans le cas contraire, il peut proposer, exceptionnellement,\u00a0 le redoublement. Il appartient donc \u00e0 chacun de prendre en compte les remarques faites et de fournir les efforts qui lui sont demand\u00e9s pour assurer son succ\u00e8s. En cas de d\u00e9mission en 2\u00e8me ann\u00e9e, l\u2019\u00e9tudiant ne peut en aucune fa\u00e7on se pr\u00e9senter \u00e0 l\u2019examen du BTS M.S.E. \u00a0 SANCTIONS \u00a0 Toute tentative de fraude lors d\u2019un contr\u00f4le ou d\u2019un devoir surveill\u00e9, sera sanctionn\u00e9e par un z\u00e9ro. \u00a0 CODE DE BONNE CONDUITE \u00a0 Les \u00e9tudiants sont tenus\u00a0: de respecter tous les membres de la communaut\u00e9 \u00e9ducative. d\u2019avoir une attitude correcte aux cours comme aux intercours de se comporter correctement au sein de l\u2019\u00e9tablissement. de laisser leur portable \u00e9teint dans leur sac durant les cours. Tout manquement \u00e0 cette correction est susceptible de faire l\u2019objet d\u2019une mise en garde de l\u2019\u00e9l\u00e8ve. &nbsp; TENUE VESTIMENTAIRE &nbsp; A l&rsquo;int\u00e9rieur comme aux abords du lyc\u00e9e et lors des d\u00e9placements \u00e0 l&rsquo;ext\u00e9rieur, une tenue correcte est exig\u00e9e\u00a0: pour les gar\u00e7ons\u00a0: chemise unie, \u00e0 rayures, \u00e0 carreaux et pantalon, jean classique (sans fantaisie ni impression) avec ceinture attach\u00e9e \u00e0 la taille. Pas de t-shirt, ni de polo. pour les filles\u00a0: chemise, chemisier uni, \u00e0 rayures, \u00e0 carreaux et pantalon, jean classique (sans fantaisie ni impression) ou jupe (aux genoux minimum). Pas de t-shirt, ni de polo. Les cheveux doivent \u00eatre propres et bien coiff\u00e9s en toute circonstance. Les nattes, les tresses sont interdites pour les gar\u00e7ons. Pas de locks. Les boucles d\u2019oreilles et autres bijoux sont interdits pour les gar\u00e7ons. Les casquettes et autres couvre-chefs ne sont pas autoris\u00e9s dans l\u2019enceinte de la cit\u00e9 scolaire. Le port de bijoux doit \u00eatre tr\u00e8s discret pour les filles Les piercings sont interdits Au cours des s\u00e9ances de TP de microbiologie, l\u2019\u00e9tudiant s\u2019engage\u00a0: \u00e0 acqu\u00e9rir une blouse blanche en coton manches longues, \u00e0 la porter \u00e0 caque s\u00e9ance de TP, sinon, il sera exclu de la s\u00e9ance et envoy\u00e9 en permanence. \u00e0 suivre et \u00e0 respecter les consignes de s\u00e9curit\u00e9 \u00e9nonc\u00e9es par le professeur et affich\u00e9es dans la salle. conserver une attitude calme en salle de TP et \u00e0 ne prendre aucune initiative qui pourrait s\u2019av\u00e9rer dangereuse pour lui comme pour son entourage. L&rsquo;acc\u00e8s aux locaux couverts n&rsquo;est autoris\u00e9 que t\u00eate nue. &nbsp; ETUDIANTS MINEURS ET ETUDIANTS MAJEURS &nbsp; La scolarit\u00e9 de l\u2019\u00e9l\u00e8ve mineur est du ressort exclusif des parents. Le r\u00e8glement s\u2019impose aussi aux \u00e9tudiants majeurs. Cependant, l\u2019\u00e9tudiant majeur peut, \u00e0 condition d\u2019en faire la demande par \u00e9crit aupr\u00e8s du chef d\u2019\u00e9tablissement, accomplir lui-m\u00eame les actes qui incombent habituellement aux parents des \u00e9tudiants mineurs (orientation, justifications d\u2019absences\u2026). Les parents de l\u2019\u00e9tudiant majeur sont inform\u00e9s de cette d\u00e9marche mais aussi des \u00e9v\u00e8nements graves (absences abusives, sanctions graves, d\u00e9mission ou accident) le concernant. &nbsp; MOYENS PEDAGOGIQUES L\u2019\u00e9tablissement met, \u00e0 disposition des \u00e9tudiants, une salle accessible entre 12h30 et 14h15 comportant du mat\u00e9riel informatique (ordinateurs portables, imprimante, acc\u00e8s internet). Un professeur de l\u2019\u00e9quipe p\u00e9dagogique peut permettre l\u2019acc\u00e8s \u00e0 la salle apr\u00e8s signature d\u2019une prise en charge du mat\u00e9riel par un \u00e9tudiant pr\u00e9sent. Les \u00e9tudiants sont responsables du mat\u00e9riel \u00e0 disposition et doivent en prendre soin. Un cahier de correspondance sera mis en place dans la salle afin d\u2019y noter le moindre dysfonctionnement. Il servira de liaison entre les \u00e9tudiants, l\u2019\u00e9quipe p\u00e9dagogique et l\u2019administration. Il est absolument interdit\u00a0 de consommer (nourriture, boisson, etc.) dans cette salle. Les \u00e9tudiants doivent fournir le papier pour alimenter l\u2019imprimante. Le mat\u00e9riel doit \u00eatre rang\u00e9 et la cl\u00e9 de la salle remise par un membre de l\u2019\u00e9quipe p\u00e9dagogique \u00e0 l\u2019administration au plus tard \u00e0 14h15. &nbsp; RESPONSABILITE Un exemplaire de ce R\u00e8glement est affich\u00e9 en permanence dans l\u2019\u00e9tablissement. Un double est remis \u00e0 chaque \u00e9tudiant au d\u00e9but de l\u2019ann\u00e9e scolaire afin qu\u2019il en prenne connaissance. Le pr\u00e9sent R\u00e8glement n\u2019a pas de caract\u00e8re d\u00e9finitif, il peut \u00e9voluer en fonction du d\u00e9roulement de l\u2019ann\u00e9e scolaire. Sa mise \u00e0 jour se fera par le biais de notes internes, \u00e0 r\u00e9gulariser par le Conseil d\u2019Administration. Toute d\u00e9cision d\u2019exclusion que serait amen\u00e9e \u00e0 prendre la direction, soit pour indiscipline, soit pour manque de travail, est sans appel. &nbsp; &nbsp; SIGNATURE ETUDIANT,\u00a0\u00a0\u00a0 \u00a0\u00a0\u00a0\u00a0\u00a0\u00a0\u00a0\u00a0\u00a0\u00a0\u00a0\u00a0\u00a0\u00a0\u00a0\u00a0\u00a0\u00a0\u00a0\u00a0\u00a0\u00a0\u00a0\u00a0\u00a0\u00a0 SIGNATURE PARENTS, \u00a0 &nbsp;<\/p>\n","protected":false},"author":103,"featured_media":0,"parent":0,"menu_order":0,"comment_status":"closed","ping_status":"closed","template":"","meta":{"footnotes":""},"class_list":["post-150","page","type-page","status-publish","hentry"],"_links":{"self":[{"href":"https:\/\/site.ac-martinique.fr\/lyc-dumasjeanjoseph\/index.php?rest_route=\/wp\/v2\/pages\/150","targetHints":{"allow":["GET"]}}],"collection":[{"href":"https:\/\/site.ac-martinique.fr\/lyc-dumasjeanjoseph\/index.php?rest_route=\/wp\/v2\/pages"}],"about":[{"href":"https:\/\/site.ac-martinique.fr\/lyc-dumasjeanjoseph\/index.php?rest_route=\/wp\/v2\/types\/page"}],"author":[{"embeddable":true,"href":"https:\/\/site.ac-martinique.fr\/lyc-dumasjeanjoseph\/index.php?rest_route=\/wp\/v2\/users\/103"}],"replies":[{"embeddable":true,"href":"https:\/\/site.ac-martinique.fr\/lyc-dumasjeanjoseph\/index.php?rest_route=%2Fwp%2Fv2%2Fcomments&post=150"}],"version-history":[{"count":1,"href":"https:\/\/site.ac-martinique.fr\/lyc-dumasjeanjoseph\/index.php?rest_route=\/wp\/v2\/pages\/150\/revisions"}],"predecessor-version":[{"id":152,"href":"https:\/\/site.ac-martinique.fr\/lyc-dumasjeanjoseph\/index.php?rest_route=\/wp\/v2\/pages\/150\/revisions\/152"}],"wp:attachment":[{"href":"https:\/\/site.ac-martinique.fr\/lyc-dumasjeanjoseph\/index.php?rest_route=%2Fwp%2Fv2%2Fmedia&parent=150"}],"curies":[{"name":"wp","href":"https:\/\/api.w.org\/{rel}","templated":true}]}}